{"id":30238,"date":"2026-01-08T09:58:03","date_gmt":"2026-01-08T12:58:03","guid":{"rendered":"https:\/\/www.ifbaiano.edu.br\/unidades\/lapa\/?page_id=30238"},"modified":"2026-03-26T00:45:06","modified_gmt":"2026-03-26T03:45:06","slug":"edital-no-01-2026","status":"publish","type":"page","link":"https:\/\/www.ifbaiano.edu.br\/unidades\/lapa\/edital-no-01-2026\/","title":{"rendered":"EDITAL N\u00ba 01\/2026 &#8211; Para Sele\u00e7\u00e3o de vagas nos cursos Superiores de Bacharelado em Engenharia Agron\u00f4mica e Tecnologia da Gest\u00e3o da Tecnologia da Informa\u00e7\u00e3o."},"content":{"rendered":"\n<div class=\"wp-block-columns is-layout-flex wp-container-3\">\n<div class=\"wp-block-column is-layout-flow\">\n<h2 id=\"ProreitoriaMeioDireitaTitulo\" style=\"color:#00510f;text-transform:uppercase;border-top: 3px solid #00510F\" class=\"has-inline-color\">\n    Apresenta\u00e7\u00e3o\n<\/h2>\n<p>O DIRETOR-GERAL DO INSTITUTO FEDERAL DE EDUCA\u00c7\u00c3O, CI\u00caNCIA E TECNOLOGIA BAIANO (IF BAIANO)\n\u2013 CAMPUS BOM JESUS DA LAPA, no uso de suas atribui\u00e7\u00f5es delegadas pela Portaria n\u00ba 275, de 18\/03\/2022,\npublicada no DOU de 21\/03\/2022, Se\u00e7\u00e3o 2, p\u00e1gina 26, e de acordo com as disposi\u00e7\u00f5es con:das na Lei N\u00ba11.892,\nde 29 de dezembro de 2008, na Lei N\u00b0 9.394, de 20 de dezembro de 1996, alterada pela Lei n\u00ba 12.796, de 04 de\nabril de 2013 e ainda considerando a Portaria MEC n\u00ba 18, de 11 de outubro de 2012, torna p\u00fablico o presente\nEdital, para preenchimento de vagas no curso de gradua\u00e7\u00e3o Bacharelado em Engenharia Agron\u00f4mica per\u00edodo\nletivo 2025.2 e vagas no curso de Tecnologia em Gest\u00e3o da Tecnologia da Informa\u00e7\u00e3o per\u00edodo letivo 2026.1\nofertado pelo IF Baiano Campus Bom Jesus da Lapa.<\/p>\n<\/div>\n\n\n\n<div class=\"wp-block-column is-layout-flow\">\n<h2 id=\"ProreitoriaMeioDireitaTitulo\" style=\"color:#00510f;text-transform:uppercase;border-top: 3px solid #00510F\" class=\"has-inline-color\">\n\tInscri\u00e7\u00f5es\n<\/h2>\n\n<p> <strong> De 13\/01\/2026 a 04\/02\/2026.<\/strong> \n<br><br><br>\n\n<a href=\"http:\/\/opinanovo.ifbaiano.edu.br\/index.php\/845664?lang=pt-BR\" target=\"_blank\" rel=\"noopener noreferrer\">INSCREVA-SE AQUI<\/a> <\/p>\n\n<br>\n<br>\n<br>\n<br>\n<br>\n\n\n<br>\n<br>\n<br>\n<br>\n<br>\n\n\n<h2 id=\"ProreitoriaMeioDireitaTitulo\" style=\"color:#00510f;text-transform:uppercase;border-top: 3px solid #00510F\" class=\"has-inline-color\">\n\tInterposi\u00e7\u00e3o de Recurso ao Edital\n<\/h2>\n<p> De 09\/01\/2026 a 12\/01\/2026. Pelo contato: prosel.sisu@lapa.ifbaiano.edu.br<\/p>\n\n\n\n\n<br><br>\n<\/div>\n<\/div>\n\n\n\n<div class=\"wp-block-columns is-layout-flex wp-container-6\">\n<div class=\"wp-block-column is-layout-flow\">\n<h2 id=\"ProreitoriaMeioDireitaTitulo\" style=\"color:#00510f;text-transform:uppercase;border-top: 3px solid #00510F\" class=\"has-inline-color\">Editais e Documentos<\/h2>\n\n<div class=\"wp-block-file\">\n<a href=\"https:\/\/www.ifbaiano.edu.br\/unidades\/lapa\/files\/2026\/03\/Convocacao-3a-chamada-Edital-01-2026-Cursos-superiores.pdf\">\n        convoca\u00e7\u00e3o 3 chamada &#8211; Publicado em 26\/03\/2026.\n    <\/a> <br><br>\n<a href=\"https:\/\/www.ifbaiano.edu.br\/unidades\/lapa\/files\/2026\/03\/convocacao-2-chamada-assinado.pdf\">\n        convoca\u00e7\u00e3o 2 chamada &#8211; Publicado em 23\/03\/2026.\n    <\/a> <br><br>\n<a href=\"https:\/\/www.ifbaiano.edu.br\/unidades\/lapa\/files\/2026\/03\/Retificacao-No-1-do-Edital-18-2026.pdf\">\n        Retifica\u00e7\u00e3o N\u00ba 1 do Edital 18-2026 &#8211; Publicado em 23\/03\/2026.\n    <\/a> <br><br>\n<a href=\"https:\/\/www.ifbaiano.edu.br\/unidades\/lapa\/files\/2026\/03\/Convocacao-1a-chamada-Edital-01-2026-Cursos-superiores.pdf\">\n        Convoca\u00e7\u00e3o 1\u00aa chamada &#8211; Publicado em 18\/03\/2026.\n    <\/a> <br><br>\n<a href=\"https:\/\/www.ifbaiano.edu.br\/unidades\/lapa\/files\/2026\/03\/Edital-de-Matricula.pdf\">\n        Edital de Matr\u00edcula &#8211; Publicado em 12\/03\/2026.\n    <\/a> <br><br> \n<a href=\"https:\/\/www.ifbaiano.edu.br\/unidades\/lapa\/files\/2026\/03\/Resultado_Final.pdf\">\n        Resultado Final &#8211; Publicado em 12\/03\/2026.\n    <\/a> <br><br> \n<a href=\"https:\/\/www.ifbaiano.edu.br\/unidades\/lapa\/files\/2026\/03\/Resultado_Final_banca-de-heteroidentificacao_aprovados_com_ressalva.pdf\">\n        Resultado Final da banca de heteroidentifica\u00e7\u00e3o Aprovados com ressalva &#8211; Publicado em 12\/03\/2026.\n    <\/a> <br><br> \n<a href=\"https:\/\/www.ifbaiano.edu.br\/unidades\/lapa\/files\/2026\/03\/Resultado_preliminar_da_banca_-_aprovados_com_ressalva_assinado.pdf\">\n        Resultado Preliminar da Banca de Heteroidentifica\u00e7\u00e3o &#8211; Publicado em 10\/03\/2026.\n    <\/a> <br><br> \n<a href=\"https:\/\/www.ifbaiano.edu.br\/unidades\/lapa\/files\/2026\/03\/Resultado_dos_recursos_-_resultado_preliminar_assinado-1.pdf\">\n        Resultado dos Recursos &#8211; Publicado em 03\/03\/2026.\n    <\/a> <br><br> \n<a href=\"https:\/\/www.ifbaiano.edu.br\/unidades\/lapa\/files\/2026\/02\/Retificacao-4-do-Edital-1-2026-Selecao-de-candidatosas-para-preenchimento-de-vagas-nos-cursos-de-bacharelado-em-Engenharia-Agronomica-e-de-tecnologia-em-Gestao-da-Tecnologia-da-Informacao.pdf\">\n        Retifica\u00e7\u00e3o 4 &#8211; Publicado em 25\/02\/2026.\n    <\/a> <br><br> \n<a href=\"https:\/\/www.ifbaiano.edu.br\/unidades\/lapa\/files\/2026\/02\/Resultado_preliminar_-_edital_01-2026_assinado.pdf\">\n        Resultado preliminar &#8211; Publicado em 25\/02\/2026.\n    <\/a> <br><br> \n<a href=\"https:\/\/www.ifbaiano.edu.br\/unidades\/lapa\/files\/2026\/02\/Comunicado-02-Edital-01-2026.pdf\">\n        Comunicado 02 &#8211; Publicado em 24\/02\/2026.\n    <\/a> <br><br> \n<a href=\"https:\/\/www.ifbaiano.edu.br\/unidades\/lapa\/files\/2026\/02\/Retificacao-3-do-Edital-1-2026.pdf\">\n        Retifica\u00e7\u00e3o 3 &#8211; Publicado em 24\/02\/2026.\n    <\/a> <br><br>\n\n<a href=\"https:\/\/www.ifbaiano.edu.br\/unidades\/lapa\/files\/2026\/02\/Resultado_final_-_banca_heteroidenticacao_assinado.pdf\">\n        Resultado final &#8211; banca heteroidenticacao &#8211; Publicado em 24\/02\/2026.\n    <\/a> <br><br> \n <a href=\"https:\/\/www.ifbaiano.edu.br\/unidades\/lapa\/files\/2026\/02\/Resultado_dos_recursos_-_banca_heteroidenticacao_assinado.pdf\">\n        Resultado dos recursos &#8211; banca heteroidenticacao &#8211; Publicado em 24\/02\/2026.\n    <\/a> <br><br>    \n <a href=\"https:\/\/www.ifbaiano.edu.br\/unidades\/lapa\/files\/2026\/02\/Resultado_preliminar_da_banca_de_Heteroidentificacao_assinado.pdf\">\n        Resultado preliminar Banca de Heteroidentifica\u00e7\u00e3o &#8211; Publicado em 20\/02\/2026.\n    <\/a> <br><br>\n    <a href=\"https:\/\/www.ifbaiano.edu.br\/unidades\/lapa\/files\/2026\/02\/Retificacao-2-do-Edital-1-2026-Selecao-de-candidatosas-para-preenchimento-de-vagas-nos-cursos-de-bacharelado-em-Engenharia-Agronomica-e-de-tecnologia-em-Gestao-da-Tecnologia-da-Informacao.pdf\">\n        RETIFICA\u00c7\u00c3O No 2 DO EDITAL 1\/2026 &#8211; Publicado em 19\/02\/2026.\n    <\/a> <br><br>\n    <a href=\"https:\/\/www.ifbaiano.edu.br\/unidades\/lapa\/files\/2026\/02\/Comunicado-01-Edital-01-2026-Selecao-de-vagas-para-os-cursos-superiores-Campus-Lapa.pdf\">\n        Comunicado 01 &#8211; Edital 01-2026 &#8211; Sele\u00e7\u00e3o de vagas para os cursos superiores &#8211; Campus Lapa &#8211; Publicado em\n        13\/02\/2026.\n    <\/a> <br><br>\n    <a href=\"https:\/\/www.ifbaiano.edu.br\/unidades\/lapa\/files\/2026\/02\/Convocacao-para-a-banca-de-heteroidentificacaoo.pdf\">\n        Convoca\u00e7\u00e3o para a banca de heteroidentifica\u00e7\u00e3o &#8211; Publicado em 11\/02\/2026.\n    <\/a> <br><br>\n    <a href=\"https:\/\/www.ifbaiano.edu.br\/unidades\/lapa\/files\/2026\/02\/Homologacao_Final.pdf\">\n        Homologa\u00e7\u00e3o_Final das Inscri\u00e7\u00f5es &#8211; Publicado em 11\/02\/2026.\n    <\/a> <br><br>\n    <a href=\"https:\/\/www.ifbaiano.edu.br\/unidades\/lapa\/files\/2026\/02\/Homologacao-do-Resultado-dos-Recursos.pdf\">\n        Homologa\u00e7\u00e3o do Resultado dos Recursos &#8211; Publicado em 11\/02\/2026.\n    <\/a> <br><br>\n    <a href=\"https:\/\/www.ifbaiano.edu.br\/unidades\/lapa\/files\/2026\/02\/Lista-Preliminar-de-Candidatosas-Homologadosas.pdf\">\n        Lista Preliminar de Candidatos(as) Homologados(as) &#8211; Publicado em 06\/02\/2026.\n    <\/a> <br><br>\n\n    <a href=\"https:\/\/www.ifbaiano.edu.br\/unidades\/lapa\/files\/2026\/02\/Edital-de-prorrogacao-das-inscricoes.pdf\">\n        Edital de Prorroga\u00e7\u00e3o n\u00ba 6\/2026 &#8211; Publicado em 02\/02\/2026.\n    <\/a> <br><br>\n    <a href=\"https:\/\/www.ifbaiano.edu.br\/unidades\/lapa\/files\/2026\/01\/Retifica-o-Edital-no-01-2026-selecao-de-candidatosas-para-preenchimento-de-vagas-no-curso-de-graduacao-em-Engenharia-Agronomica-e-no-curso-em-Gestao-da-Tecnologia-da-Informacao.pdf\">\n        Retifica\u00e7\u00e3o do EDITAL N\u00ba 01\/2026 &#8211; Publicado em 22\/01\/2026.\n    <\/a> <br><br>\n    <a href=\"https:\/\/www.ifbaiano.edu.br\/unidades\/lapa\/files\/2026\/01\/Edital-01-2026-Para-Selecao-de-vagas-nos-cursos-Superiores-de-Bacharelado-em-Engenharia-Agronomica-e-Tecnologia-da-Gestao-da-Tecnologia-da-Informacao.pdf\">\n        EDITAL N\u00ba 01\/2026 &#8211; Para Sele\u00e7\u00e3o de vagas nos cursos Superiores de Bacharelado em Engenharia Agron\u00f4mica e\n        Tecnologia da Gest\u00e3o da Tecnologia da Informa\u00e7\u00e3o &#8211; Publicado em 08\/01\/2026.\n    <\/a> <br><br>\n\n    <br><br>\n\n\n\n\n<\/div>\n<\/div>\n\n\n\n<div class=\"wp-block-column is-layout-flow\">\n<h2 id=\"ProreitoriaMeioDireitaTitulo\" style=\"color:#00510f;text-transform:uppercase;border-top: 3px solid #00510F\" class=\"has-inline-color\">\n\tContato\n<\/h2>\n<p><b>prosel.sisu@lapa.ifbaiano.edu.br<\/b><\/p>\n<\/div>\n<\/div>\n","protected":false},"excerpt":{"rendered":"<p>Apresenta\u00e7\u00e3o O DIRETOR-GERAL DO INSTITUTO FEDERAL DE EDUCA\u00c7\u00c3O, CI\u00caNCIA E TECNOLOGIA BAIANO (IF BAIANO) \u2013 CAMPUS BOM JESUS DA LAPA, no uso de suas atribui\u00e7\u00f5es delegadas pela Portaria n\u00ba 275, de 18\/03\/2022, publicada no DOU de 21\/03\/2022, Se\u00e7\u00e3o 2, p\u00e1gina 26, e de acordo com as disposi\u00e7\u00f5es con:das na Lei N\u00ba11.892, de 29 de dezembro [&hellip;]<\/p>\n","protected":false},"author":181,"featured_media":0,"parent":0,"menu_order":0,"comment_status":"closed","ping_status":"closed","template":"","meta":[],"_links":{"self":[{"href":"https:\/\/www.ifbaiano.edu.br\/unidades\/lapa\/wp-json\/wp\/v2\/pages\/30238"}],"collection":[{"href":"https:\/\/www.ifbaiano.edu.br\/unidades\/lapa\/wp-json\/wp\/v2\/pages"}],"about":[{"href":"https:\/\/www.ifbaiano.edu.br\/unidades\/lapa\/wp-json\/wp\/v2\/types\/page"}],"author":[{"embeddable":true,"href":"https:\/\/www.ifbaiano.edu.br\/unidades\/lapa\/wp-json\/wp\/v2\/users\/181"}],"replies":[{"embeddable":true,"href":"https:\/\/www.ifbaiano.edu.br\/unidades\/lapa\/wp-json\/wp\/v2\/comments?post=30238"}],"version-history":[{"count":29,"href":"https:\/\/www.ifbaiano.edu.br\/unidades\/lapa\/wp-json\/wp\/v2\/pages\/30238\/revisions"}],"predecessor-version":[{"id":30485,"href":"https:\/\/www.ifbaiano.edu.br\/unidades\/lapa\/wp-json\/wp\/v2\/pages\/30238\/revisions\/30485"}],"wp:attachment":[{"href":"https:\/\/www.ifbaiano.edu.br\/unidades\/lapa\/wp-json\/wp\/v2\/media?parent=30238"}],"curies":[{"name":"wp","href":"https:\/\/api.w.org\/{rel}","templated":true}]}}