{"id":30462,"date":"2026-03-23T16:49:02","date_gmt":"2026-03-23T19:49:02","guid":{"rendered":"https:\/\/www.ifbaiano.edu.br\/unidades\/lapa\/?page_id=30462"},"modified":"2026-04-17T09:14:27","modified_gmt":"2026-04-17T12:14:27","slug":"edital-no-24-2026","status":"publish","type":"page","link":"https:\/\/www.ifbaiano.edu.br\/unidades\/lapa\/edital-no-24-2026\/","title":{"rendered":"EDITAL N\u00ba 24\/2026 &#8211; Processo Seletivo de vagas remanescentes para ingresso de estudantes no curso de Gest\u00e3o da Tecnologia ds Informa\u00e7\u00e3o, modalidade presencial &#8211; Semestre Letivo 2026.1"},"content":{"rendered":"\n<div class=\"wp-block-columns is-layout-flex wp-container-3\">\n<div class=\"wp-block-column is-layout-flow\">\n<h2 id=\"ProreitoriaMeioDireitaTitulo\" style=\"color:#00510f;text-transform:uppercase;border-top: 3px solid #00510F\" class=\"has-inline-color\">\n    Apresenta\u00e7\u00e3o\n<\/h2>\n<p>O DIRETOR-GERAL DO INSTITUTO FEDERAL DE EDUCA\u00c7\u00c3O, CI\u00caNCIA E TECNOLOGIA BAIANO &#8211; CAMPUS\nBOM JESUS DA LAPA, no uso de suas atribui\u00e7\u00f5es legais conferidas pela Portaria n\u00ba 310, de 19\/03\/2026, publicada\nno DOU de 23\/03\/2026, Se\u00e7\u00e3o 2, p\u00e1ginas 16\/17, e de acordo com as disposi\u00e7\u00f5es contidas na Lei n\u00ba 11.892, de\n29\/12\/2008, no Regimento Geral do IF Baiano e na Portaria Normativava 13\/2022 &#8211; RET-GAB\/RET\/IFBAIANO, de 11\nde mar\u00e7o de 2022, e suas altera\u00e7\u00f5es, torna p\u00fablica a abertura de inscri\u00e7\u00f5es para VAGAS REMANESCENTES\noriundas do Processo Seletivo para ingresso de estudantes no semestre letivo 2026.1, do curso de tecnologia em\nGest\u00e3o da Tecnologia da Informa\u00e7\u00e3o, modalidade presencial &#8211; para o Campus Bom Jesus da Lapa, por meio de\nmanifesta\u00e7\u00e3o de interesse na vaga, seguindo as condi\u00e7\u00f5es e o cronograma indicados no subitem 5.1 deste Edital.<\/p>\n<\/div>\n\n\n\n<div class=\"wp-block-column is-layout-flow\">\n<h2 id=\"ProreitoriaMeioDireitaTitulo\" style=\"color:#00510f;text-transform:uppercase;border-top: 3px solid #00510F\" class=\"has-inline-color\">\n\tInscri\u00e7\u00f5es\n<\/h2>\n\n<p> <strong> De 25\/03\/2026 a 10\/04\/2026.<\/strong> \n<br><br><br>\n<p> <strong>Presencialmente <\/strong>na Secretaria de Registros\nAcad\u00eamicos Campus Bom Jesus da Lapa &#8211; Instituto\nFederal de Educa\u00e7\u00e3o, Ci\u00eancia e Tecnologia Baiano &#8211;\nCampus Bom Jesus da Lapa\ndas <strong>8h00min \u00e0s 12h00min e das 13h00min \u00e0s\n16h00min<\/strong><\/p>\n <\/p>\n\n<br>\n<br>\n<br>\n<br>\n<br>\n\n\n<br>\n<br>\n<br>\n<br>\n<br>\n\n\n<h2 id=\"ProreitoriaMeioDireitaTitulo\" style=\"color:#00510f;text-transform:uppercase;border-top: 3px solid #00510F\" class=\"has-inline-color\">\n\tInterposi\u00e7\u00e3o de Recurso ao Edital\n<\/h2>\n<p> Dia 24\/03\/2026. Pelo contato: prosel.sisu@lapa.ifbaiano.edu.br<\/p>\n\n\n\n\n<br><br>\n<\/div>\n<\/div>\n\n\n\n<div class=\"wp-block-columns is-layout-flex wp-container-6\">\n<div class=\"wp-block-column is-layout-flow\">\n<h2 id=\"ProreitoriaMeioDireitaTitulo\" style=\"color:#00510f;text-transform:uppercase;border-top: 3px solid #00510F\" class=\"has-inline-color\">Editais e Documentos<\/h2>\n\n<div class=\"wp-block-file\">\n<a href=\"https:\/\/www.ifbaiano.edu.br\/unidades\/lapa\/files\/2026\/04\/Resultado_Final_-_edital_24_2026_assinado.pdf\">\n        Resultado_Final &#8211; Publicado em 17\/04\/2026.\n    <\/a> <br><br>\n<a href=\"https:\/\/www.ifbaiano.edu.br\/unidades\/lapa\/files\/2026\/04\/Candidatos_Inscritos_-_Classificacao_preliminar_-_edital_24_2026_assinado.pdf\">\n        Lista Preliminar de Matriculados &#8211; Publicado em 13\/04\/2026.\n    <\/a> <br><br>\n<a href=\"https:\/\/www.ifbaiano.edu.br\/unidades\/lapa\/files\/2026\/04\/Retificacao-n-1-do-Edital-n-24-2026.pdf\">\n        Retifica\u00e7\u00e3o n\u00ba1 do Edital n\u00ba 24\/2026, 23 de mar\u00e7o de 2026 &#8211; Publicado em 06\/04\/2026.\n    <\/a> <br><br>\n\n<a href=\"https:\/\/www.ifbaiano.edu.br\/unidades\/lapa\/files\/2026\/03\/Edital-no-24-2026-23-de-marco-de-2026.pdf\">\n        Edital n\u00ba 24\/2026, 23 de mar\u00e7o de 2026 &#8211; Publicado em 23\/03\/2026.\n    <\/a> <br><br>\n  \n\n    <br><br>\n\n\n\n\n<\/div>\n<\/div>\n\n\n\n<div class=\"wp-block-column is-layout-flow\">\n<h2 id=\"ProreitoriaMeioDireitaTitulo\" style=\"color:#00510f;text-transform:uppercase;border-top: 3px solid #00510F\" class=\"has-inline-color\">\n\tContato\n<\/h2>\n<p><b>prosel.sisu@lapa.ifbaiano.edu.br<\/b><\/p>\n<\/div>\n<\/div>\n","protected":false},"excerpt":{"rendered":"<p>Apresenta\u00e7\u00e3o O DIRETOR-GERAL DO INSTITUTO FEDERAL DE EDUCA\u00c7\u00c3O, CI\u00caNCIA E TECNOLOGIA BAIANO &#8211; CAMPUS BOM JESUS DA LAPA, no uso de suas atribui\u00e7\u00f5es legais conferidas pela Portaria n\u00ba 310, de 19\/03\/2026, publicada no DOU de 23\/03\/2026, Se\u00e7\u00e3o 2, p\u00e1ginas 16\/17, e de acordo com as disposi\u00e7\u00f5es contidas na Lei n\u00ba 11.892, de 29\/12\/2008, no Regimento [&hellip;]<\/p>\n","protected":false},"author":181,"featured_media":0,"parent":0,"menu_order":0,"comment_status":"closed","ping_status":"closed","template":"","meta":[],"_links":{"self":[{"href":"https:\/\/www.ifbaiano.edu.br\/unidades\/lapa\/wp-json\/wp\/v2\/pages\/30462"}],"collection":[{"href":"https:\/\/www.ifbaiano.edu.br\/unidades\/lapa\/wp-json\/wp\/v2\/pages"}],"about":[{"href":"https:\/\/www.ifbaiano.edu.br\/unidades\/lapa\/wp-json\/wp\/v2\/types\/page"}],"author":[{"embeddable":true,"href":"https:\/\/www.ifbaiano.edu.br\/unidades\/lapa\/wp-json\/wp\/v2\/users\/181"}],"replies":[{"embeddable":true,"href":"https:\/\/www.ifbaiano.edu.br\/unidades\/lapa\/wp-json\/wp\/v2\/comments?post=30462"}],"version-history":[{"count":12,"href":"https:\/\/www.ifbaiano.edu.br\/unidades\/lapa\/wp-json\/wp\/v2\/pages\/30462\/revisions"}],"predecessor-version":[{"id":30551,"href":"https:\/\/www.ifbaiano.edu.br\/unidades\/lapa\/wp-json\/wp\/v2\/pages\/30462\/revisions\/30551"}],"wp:attachment":[{"href":"https:\/\/www.ifbaiano.edu.br\/unidades\/lapa\/wp-json\/wp\/v2\/media?parent=30462"}],"curies":[{"name":"wp","href":"https:\/\/api.w.org\/{rel}","templated":true}]}}