{"id":430,"date":"2012-09-27T21:32:19","date_gmt":"2012-09-27T23:32:19","guid":{"rendered":"http:\/\/www.ifbaiano.edu.br\/unidades\/lapa\/?page_id=430"},"modified":"2017-08-03T10:30:20","modified_gmt":"2017-08-03T13:30:20","slug":"como-chegar-2","status":"publish","type":"page","link":"https:\/\/www.ifbaiano.edu.br\/unidades\/lapa\/como-chegar-2\/","title":{"rendered":"Como Chegar"},"content":{"rendered":"<p>Os mapas s\u00e3o importantes instrumentos de orienta\u00e7\u00e3o e localiza\u00e7\u00e3o no espa\u00e7o geogr\u00e1fico. Atrav\u00e9s deles, podemos obter diversas informa\u00e7\u00f5es referentes n\u00e3o somente \u00e0 localiza\u00e7\u00e3o, mas tamb\u00e9m sobre o relevo de uma regi\u00e3o, o clima, o tipo de vegeta\u00e7\u00e3o, a economia, a demografia de um lugar, a hidrografia entre tantas outras.<\/p>\n<p>&nbsp;<\/p>\n<p>&nbsp;<\/p>\n<p><a title=\"Google Maps\" href=\"https:\/\/www.google.com.br\/maps\/dir\/\/-13.2629154,-43.5474294\/@-13.2638474,-43.5480141,18z\" target=\"_blank\">Clique aqui para tra\u00e7ar sua rota.<\/a><a href=\"http:\/\/www.ifbaiano.edu.br\/unidades\/lapa\/files\/2012\/09\/mapa.png\"><br \/>\n<\/a><\/p>\n","protected":false},"excerpt":{"rendered":"<p>Os mapas s\u00e3o importantes instrumentos de orienta\u00e7\u00e3o e localiza\u00e7\u00e3o no espa\u00e7o geogr\u00e1fico. Atrav\u00e9s deles, podemos obter diversas informa\u00e7\u00f5es referentes n\u00e3o somente \u00e0 localiza\u00e7\u00e3o, mas tamb\u00e9m sobre o relevo de uma regi\u00e3o, o clima, o tipo de vegeta\u00e7\u00e3o, a economia, a demografia de um lugar, a hidrografia entre tantas outras. &nbsp; &nbsp; Clique aqui para tra\u00e7ar [&hellip;]<\/p>\n","protected":false},"author":23,"featured_media":0,"parent":0,"menu_order":0,"comment_status":"open","ping_status":"open","template":"","meta":[],"_links":{"self":[{"href":"https:\/\/www.ifbaiano.edu.br\/unidades\/lapa\/wp-json\/wp\/v2\/pages\/430"}],"collection":[{"href":"https:\/\/www.ifbaiano.edu.br\/unidades\/lapa\/wp-json\/wp\/v2\/pages"}],"about":[{"href":"https:\/\/www.ifbaiano.edu.br\/unidades\/lapa\/wp-json\/wp\/v2\/types\/page"}],"author":[{"embeddable":true,"href":"https:\/\/www.ifbaiano.edu.br\/unidades\/lapa\/wp-json\/wp\/v2\/users\/23"}],"replies":[{"embeddable":true,"href":"https:\/\/www.ifbaiano.edu.br\/unidades\/lapa\/wp-json\/wp\/v2\/comments?post=430"}],"version-history":[{"count":14,"href":"https:\/\/www.ifbaiano.edu.br\/unidades\/lapa\/wp-json\/wp\/v2\/pages\/430\/revisions"}],"predecessor-version":[{"id":7994,"href":"https:\/\/www.ifbaiano.edu.br\/unidades\/lapa\/wp-json\/wp\/v2\/pages\/430\/revisions\/7994"}],"wp:attachment":[{"href":"https:\/\/www.ifbaiano.edu.br\/unidades\/lapa\/wp-json\/wp\/v2\/media?parent=430"}],"curies":[{"name":"wp","href":"https:\/\/api.w.org\/{rel}","templated":true}]}}