{"id":452,"date":"2012-09-27T21:51:18","date_gmt":"2012-09-27T23:51:18","guid":{"rendered":"http:\/\/www.ifbaiano.edu.br\/unidades\/lapa\/?page_id=452"},"modified":"2012-10-24T18:01:07","modified_gmt":"2012-10-24T20:01:07","slug":"documentos-2","status":"publish","type":"page","link":"https:\/\/www.ifbaiano.edu.br\/unidades\/lapa\/documentos-2\/","title":{"rendered":"Documentos"},"content":{"rendered":"<p>Formul\u00e1rios e Documentos dispon\u00edveis:<\/p>\n<p>&nbsp;<\/p>\n<p>Aux\u00edlio Transporte &#8211; Acesse <a href=\"http:\/\/www.ifbaiano.edu.br\/unidades\/lapa\/files\/2012\/09\/requerimento_auxilio_transporte.pdf\">aqui<\/a><\/p>\n<p>Incentivo \u00e0 Qualifica\u00e7\u00e3o &#8211; Acesse <a href=\"http:\/\/www.ifbaiano.edu.br\/unidades\/lapa\/files\/2012\/09\/incentivo.pdf\">aqui<\/a><\/p>\n<p>Manual do Servidor &#8211; Acesse <a href=\"http:\/\/www.ifbaiano.edu.br\/unidades\/lapa\/files\/2012\/09\/manual_servidor.pdf\">aqui<\/a><\/p>\n<p>F\u00e9rias &#8211; Acesse <a href=\"http:\/\/www.ifbaiano.edu.br\/unidades\/lapa\/files\/2012\/09\/ferias.pdf\">aqui<\/a><\/p>\n<p>Requerimento de Direitos e Vantagens &#8211; Acesse <a href=\"http:\/\/www.ifbaiano.edu.br\/unidades\/lapa\/files\/2012\/09\/rbdv.pdf\">aqui<\/a><\/p>\n<p>&nbsp;<\/p>\n<p>&nbsp;<\/p>\n<p>&nbsp;<\/p>\n<p>&nbsp;<\/p>\n","protected":false},"excerpt":{"rendered":"<p>Formul\u00e1rios e Documentos dispon\u00edveis: &nbsp; Aux\u00edlio Transporte &#8211; Acesse aqui Incentivo \u00e0 Qualifica\u00e7\u00e3o &#8211; Acesse aqui Manual do Servidor &#8211; Acesse aqui F\u00e9rias &#8211; Acesse aqui Requerimento de Direitos e Vantagens &#8211; Acesse aqui &nbsp; &nbsp; &nbsp; &nbsp;<\/p>\n","protected":false},"author":23,"featured_media":0,"parent":0,"menu_order":0,"comment_status":"open","ping_status":"open","template":"","meta":[],"_links":{"self":[{"href":"https:\/\/www.ifbaiano.edu.br\/unidades\/lapa\/wp-json\/wp\/v2\/pages\/452"}],"collection":[{"href":"https:\/\/www.ifbaiano.edu.br\/unidades\/lapa\/wp-json\/wp\/v2\/pages"}],"about":[{"href":"https:\/\/www.ifbaiano.edu.br\/unidades\/lapa\/wp-json\/wp\/v2\/types\/page"}],"author":[{"embeddable":true,"href":"https:\/\/www.ifbaiano.edu.br\/unidades\/lapa\/wp-json\/wp\/v2\/users\/23"}],"replies":[{"embeddable":true,"href":"https:\/\/www.ifbaiano.edu.br\/unidades\/lapa\/wp-json\/wp\/v2\/comments?post=452"}],"version-history":[{"count":6,"href":"https:\/\/www.ifbaiano.edu.br\/unidades\/lapa\/wp-json\/wp\/v2\/pages\/452\/revisions"}],"predecessor-version":[{"id":682,"href":"https:\/\/www.ifbaiano.edu.br\/unidades\/lapa\/wp-json\/wp\/v2\/pages\/452\/revisions\/682"}],"wp:attachment":[{"href":"https:\/\/www.ifbaiano.edu.br\/unidades\/lapa\/wp-json\/wp\/v2\/media?parent=452"}],"curies":[{"name":"wp","href":"https:\/\/api.w.org\/{rel}","templated":true}]}}