{"id":4902,"date":"2015-12-16T11:24:08","date_gmt":"2015-12-16T13:24:08","guid":{"rendered":"http:\/\/www.ifbaiano.edu.br\/unidades\/lapa\/?page_id=4902"},"modified":"2019-06-10T16:25:48","modified_gmt":"2019-06-10T19:25:48","slug":"cursos-a-distancia","status":"publish","type":"page","link":"https:\/\/www.ifbaiano.edu.br\/unidades\/lapa\/cursos-a-distancia\/","title":{"rendered":"Coordena\u00e7\u00e3o do P\u00f3lo"},"content":{"rendered":"<p style=\"text-align: center\"><strong>Coordenador do P\u00f3lo<\/strong><\/p>\n<p>Professor \u00c1kila Luz Fernandes<strong>\u00a0<\/strong><\/p>\n<p>e-mail:<a href=\"http:\/\/ifbaiano.edu.br\/\">polo.lapa@ifbaiano.edu.br<\/a><\/p>\n<p>Para saber qualquer informa\u00e7\u00e3o sobre os cursos a distancia do Instituto Federal Baiano,<strong>acesse <a href=\"http:\/\/diretorias.ifbaiano.edu.br\/portal\/ead\/\">aqui!<\/a>\u00a0<\/strong><\/p>\n<p>Acesso ao Sistema Moodle<\/p>\n<p><a href=\"http:\/\/moodle.lapa.ifbaiano.edu.br\">FORA DO CAMPUS\u00a0 \u00a0\u00a0<\/a> \u00a0\u00a0 \u00a0\u00a0 \u00a0\u00a0 \u00a0\u00a0 \u00a0\u00a0 \u00a0\u00a0<a href=\"http:\/\/10.20.100.28\">\u00a0 DENTRO DO CAMPUS<\/a><\/p>\n<p>.<\/p>\n<p style=\"text-align: center\"><strong>Cursos ofertados.<\/strong><\/p>\n<p style=\"text-align: center\"><span style=\"text-decoration: underline\"><strong>ETec Idiomas<\/strong><\/span><\/p>\n<p>Curso de Espanhol;<\/p>\n<p>Curso de Ingl\u00eas.<\/p>\n<div style=\"text-align: center\"><span style=\"text-decoration: underline\"><strong>Pr\u00f3-funcion\u00e1rio<\/strong><\/span><\/div>\n<div>Curso T\u00e9cnico de Secretario Escolar.<\/div>\n<div>Para acessar o Ato Autorizativo do curso,<strong><a href=\"http:\/\/www.ifbaiano.edu.br\/unidades\/lapa\/files\/2015\/12\/ppc.pdf\">clique aqui!<\/a><\/strong><\/div>\n","protected":false},"excerpt":{"rendered":"<p>Coordenador do P\u00f3lo Professor \u00c1kila Luz Fernandes\u00a0 e-mail:polo.lapa@ifbaiano.edu.br Para saber qualquer informa\u00e7\u00e3o sobre os cursos a distancia do Instituto Federal Baiano,acesse aqui!\u00a0 Acesso ao Sistema Moodle FORA DO CAMPUS\u00a0 \u00a0\u00a0 \u00a0\u00a0 \u00a0\u00a0 \u00a0\u00a0 \u00a0\u00a0 \u00a0\u00a0 \u00a0\u00a0\u00a0 DENTRO DO CAMPUS . Cursos ofertados. ETec Idiomas Curso de Espanhol; Curso de Ingl\u00eas. Pr\u00f3-funcion\u00e1rio Curso T\u00e9cnico de Secretario [&hellip;]<\/p>\n","protected":false},"author":36,"featured_media":0,"parent":0,"menu_order":0,"comment_status":"open","ping_status":"open","template":"","meta":[],"_links":{"self":[{"href":"https:\/\/www.ifbaiano.edu.br\/unidades\/lapa\/wp-json\/wp\/v2\/pages\/4902"}],"collection":[{"href":"https:\/\/www.ifbaiano.edu.br\/unidades\/lapa\/wp-json\/wp\/v2\/pages"}],"about":[{"href":"https:\/\/www.ifbaiano.edu.br\/unidades\/lapa\/wp-json\/wp\/v2\/types\/page"}],"author":[{"embeddable":true,"href":"https:\/\/www.ifbaiano.edu.br\/unidades\/lapa\/wp-json\/wp\/v2\/users\/36"}],"replies":[{"embeddable":true,"href":"https:\/\/www.ifbaiano.edu.br\/unidades\/lapa\/wp-json\/wp\/v2\/comments?post=4902"}],"version-history":[{"count":24,"href":"https:\/\/www.ifbaiano.edu.br\/unidades\/lapa\/wp-json\/wp\/v2\/pages\/4902\/revisions"}],"predecessor-version":[{"id":13210,"href":"https:\/\/www.ifbaiano.edu.br\/unidades\/lapa\/wp-json\/wp\/v2\/pages\/4902\/revisions\/13210"}],"wp:attachment":[{"href":"https:\/\/www.ifbaiano.edu.br\/unidades\/lapa\/wp-json\/wp\/v2\/media?parent=4902"}],"curies":[{"name":"wp","href":"https:\/\/api.w.org\/{rel}","templated":true}]}}