{"id":516,"date":"2012-09-28T16:30:01","date_gmt":"2012-09-28T18:30:01","guid":{"rendered":"http:\/\/www.ifbaiano.edu.br\/unidades\/lapa\/?page_id=516"},"modified":"2026-01-29T10:24:16","modified_gmt":"2026-01-29T13:24:16","slug":"almoxarifado","status":"publish","type":"page","link":"https:\/\/www.ifbaiano.edu.br\/unidades\/lapa\/almoxarifado\/","title":{"rendered":"Almoxarifado"},"content":{"rendered":"\n<p><p style=\"text-transform:uppercase;font-weight:bold\">Respons\u00e1veis pelo Almoxarifado<\/p><\/p>\n\n\n\n<p>Jo\u00e3o Bastos Rocha<br>Edna Souza Costa<\/p>\n\n\n\n<p>email: almoxarifado@lapa.ifbaiano.edu.br<\/p>\n\n\n\n<p style=\"text-transform:uppercase;font-weight: bold\">Atribui\u00e7\u00f5es Gerais:<\/p>\n\n\n\n<ol>\n<li>Receber, examinar e conferir o material adquirido, juntamente com o setor\/servidor solicitante, de acordo com a nota de empenho ou documento equivalente, podendo, quando for o caso solicitar exame dos setores t\u00e9cnicos especializados;<\/li>\n\n\n\n<li>Atender as requisi\u00e7\u00f5es de material do Campus, bem como exercer o controle f\u00edsico e financeiro do material em estoque, com vistas a prevenir faltas ou excessos;<\/li>\n\n\n\n<li>Manter atualizados os sistemas de controle dos estoques e os de registros de entrada e sa\u00edda de material;<\/li>\n\n\n\n<li>Proceder a levantamentos e promover estudos junto a se\u00e7\u00e3o de compras para fixar e manter o estoque m\u00ednimo dos materiais de uso comum;<\/li>\n\n\n\n<li> Elaborar relat\u00f3rio de movimenta\u00e7\u00e3o do estoque quando solicitado;<\/li>\n\n\n\n<li>Comunicar ao setor interessado quando da chegada do material;<\/li>\n\n\n\n<li>Prestar assist\u00eancia \u00e0 comiss\u00e3o de invent\u00e1rio dos bens e material em estoque;<\/li>\n\n\n\n<li>Organizar o almoxarifado de forma a garantir o armazenamento adequado e a seguran\u00e7a do material em estoque;<\/li>\n\n\n\n<li>Realizar concilia\u00e7\u00f5es junto \u00e0 Coordena\u00e7\u00e3o de Or\u00e7amento e Finan\u00e7as, quanto \u00e0s contas de almoxarifado e controles pr\u00f3prios do setor;<\/li>\n\n\n\n<li>Realizar outras atividades correlatas e afins.\n<\/li>\n<\/ol>\n\n\n\n\n\n<p><a href=\"https:\/\/www.ifbaiano.edu.br\/unidades\/lapa\/files\/2026\/01\/MANUAL-DE-SOLICITACAO-DE-MATERIAIS-NO-SIGA-ALMOXARIFADO.pdf\" target=\"_blank\" rel=\"noreferrer noopener\">Manual de solicita\u00e7\u00e3o de material SIGA Almoxarifado<\/a><\/p>\n","protected":false},"excerpt":{"rendered":"<p>Respons\u00e1veis pelo Almoxarifado Jo\u00e3o Bastos RochaEdna Souza Costa email: almoxarifado@lapa.ifbaiano.edu.br Atribui\u00e7\u00f5es Gerais: Manual de solicita\u00e7\u00e3o de material SIGA Almoxarifado<\/p>\n","protected":false},"author":23,"featured_media":0,"parent":0,"menu_order":0,"comment_status":"open","ping_status":"open","template":"","meta":[],"_links":{"self":[{"href":"https:\/\/www.ifbaiano.edu.br\/unidades\/lapa\/wp-json\/wp\/v2\/pages\/516"}],"collection":[{"href":"https:\/\/www.ifbaiano.edu.br\/unidades\/lapa\/wp-json\/wp\/v2\/pages"}],"about":[{"href":"https:\/\/www.ifbaiano.edu.br\/unidades\/lapa\/wp-json\/wp\/v2\/types\/page"}],"author":[{"embeddable":true,"href":"https:\/\/www.ifbaiano.edu.br\/unidades\/lapa\/wp-json\/wp\/v2\/users\/23"}],"replies":[{"embeddable":true,"href":"https:\/\/www.ifbaiano.edu.br\/unidades\/lapa\/wp-json\/wp\/v2\/comments?post=516"}],"version-history":[{"count":16,"href":"https:\/\/www.ifbaiano.edu.br\/unidades\/lapa\/wp-json\/wp\/v2\/pages\/516\/revisions"}],"predecessor-version":[{"id":30281,"href":"https:\/\/www.ifbaiano.edu.br\/unidades\/lapa\/wp-json\/wp\/v2\/pages\/516\/revisions\/30281"}],"wp:attachment":[{"href":"https:\/\/www.ifbaiano.edu.br\/unidades\/lapa\/wp-json\/wp\/v2\/media?parent=516"}],"curies":[{"name":"wp","href":"https:\/\/api.w.org\/{rel}","templated":true}]}}