{"id":7430,"date":"2017-03-27T12:32:43","date_gmt":"2017-03-27T14:32:43","guid":{"rendered":"http:\/\/www.ifbaiano.edu.br\/unidades\/lapa\/?page_id=7430"},"modified":"2020-11-25T15:45:07","modified_gmt":"2020-11-25T18:45:07","slug":"formulario-de-requerimento-discente","status":"publish","type":"page","link":"https:\/\/www.ifbaiano.edu.br\/unidades\/lapa\/formulario-de-requerimento-discente\/","title":{"rendered":"Formul\u00e1rio de Requerimento Discente"},"content":{"rendered":"<p>Acesse no link abaixo o formul\u00e1rio de requerimento do estudante.<\/p>\n<p style=\"padding-left: 30px\"><a href=\"http:\/\/www.ifbaiano.edu.br\/unidades\/lapa\/files\/2017\/03\/Formul\u00e1rio-de-Requerimento-2017.pdf\" target=\"_blank\" rel=\"noopener noreferrer\">Formul\u00e1rio de Requerimento Discente (Documento pdf, abre em nova aba)<\/a><\/p>\n\n\n<div class=\"wp-block-file\" style=\"padding-left: 30px\"><a href=\"https:\/\/www.ifbaiano.edu.br\/unidades\/lapa\/files\/2020\/11\/requerimento-discente-editavel.odt\" target=\"_blank\" rel=\"noreferrer noopener\">Formul\u00e1rio edit\u00e1vel para requerimentos no per\u00edodo do APNP (Documento odt, Tamanho 43 KB)<\/a><\/div>\n","protected":false},"excerpt":{"rendered":"<p>Acesse no link abaixo o formul\u00e1rio de requerimento do estudante. Formul\u00e1rio de Requerimento Discente (Documento pdf, abre em nova aba) Formul\u00e1rio edit\u00e1vel para requerimentos no per\u00edodo do APNP (Documento odt, Tamanho 43 KB)<\/p>\n","protected":false},"author":65,"featured_media":0,"parent":0,"menu_order":0,"comment_status":"closed","ping_status":"closed","template":"","meta":[],"_links":{"self":[{"href":"https:\/\/www.ifbaiano.edu.br\/unidades\/lapa\/wp-json\/wp\/v2\/pages\/7430"}],"collection":[{"href":"https:\/\/www.ifbaiano.edu.br\/unidades\/lapa\/wp-json\/wp\/v2\/pages"}],"about":[{"href":"https:\/\/www.ifbaiano.edu.br\/unidades\/lapa\/wp-json\/wp\/v2\/types\/page"}],"author":[{"embeddable":true,"href":"https:\/\/www.ifbaiano.edu.br\/unidades\/lapa\/wp-json\/wp\/v2\/users\/65"}],"replies":[{"embeddable":true,"href":"https:\/\/www.ifbaiano.edu.br\/unidades\/lapa\/wp-json\/wp\/v2\/comments?post=7430"}],"version-history":[{"count":5,"href":"https:\/\/www.ifbaiano.edu.br\/unidades\/lapa\/wp-json\/wp\/v2\/pages\/7430\/revisions"}],"predecessor-version":[{"id":18263,"href":"https:\/\/www.ifbaiano.edu.br\/unidades\/lapa\/wp-json\/wp\/v2\/pages\/7430\/revisions\/18263"}],"wp:attachment":[{"href":"https:\/\/www.ifbaiano.edu.br\/unidades\/lapa\/wp-json\/wp\/v2\/media?parent=7430"}],"curies":[{"name":"wp","href":"https:\/\/api.w.org\/{rel}","templated":true}]}}