{"id":10129,"date":"2018-04-25T12:38:15","date_gmt":"2018-04-25T15:38:15","guid":{"rendered":"http:\/\/www.ifbaiano.edu.br\/unidades\/santaines\/?page_id=10129"},"modified":"2018-09-10T15:40:05","modified_gmt":"2018-09-10T18:40:05","slug":"modalidade-dispensa-de-licitacao2018","status":"publish","type":"page","link":"https:\/\/www.ifbaiano.edu.br\/unidades\/santaines\/modalidade-dispensa-de-licitacao2018\/","title":{"rendered":"Modalidade: DISPENSA DE LICITA\u00c7\u00c3O\/2018"},"content":{"rendered":"<hr \/>\n<p style=\"text-align: justify\"><strong><span style=\"text-decoration: underline\">Chamada P\u00fablica n\u00ba 01\/2018<\/span><\/strong>\u00a0&#8211;\u00a0Aquisi\u00e7\u00e3o de alimentos de agricultores familiares e demais\u00a0benefici\u00e1rios que se enquadrem nas disposi\u00e7\u00f5es da Lei n\u00ba 11.326, de 2006, por meio da modalidade Compra\u00a0Institucional, do PAA.<\/p>\n<p style=\"text-align: justify\"><a href=\"http:\/\/www.ifbaiano.edu.br\/unidades\/santaines\/files\/2018\/04\/Edital_Chamada-P\u00fablica-01-2018-PAA.pdf\">Edital Chamada P\u00fablica 01-2018<\/a>.<\/p>\n<p style=\"text-align: justify\"><a href=\"http:\/\/www.ifbaiano.edu.br\/unidades\/santaines\/files\/2018\/06\/Resultado-Chamada-P\u00fablica-n\u00ba-01-2018-PAA.pdf\">Resultado Chamada P\u00fablica 01-2018.<\/a><\/p>\n<hr \/>\n<p style=\"text-align: justify\">\n<p style=\"text-align: justify\"><strong><span style=\"text-decoration: underline\">Chamada P\u00fablica n\u00ba 02\/2018<\/span><\/strong>\u00a0&#8211;\u00a0Aquisi\u00e7\u00e3o de g\u00eaneros aliment\u00edcios da agricultura familiar para o atendimento ao Programa Nacional de Alimenta\u00e7\u00e3o Escolar \u2013 PNAE<\/p>\n<p style=\"text-align: justify\"><a href=\"http:\/\/www.ifbaiano.edu.br\/unidades\/santaines\/files\/2018\/08\/Edital-Chamada-P\u00fablica-02-2018-PNAE.pdf\">Edital Chamada P\u00fablica 02-2018.<\/a><\/p>\n<p style=\"text-align: justify\"><a href=\"http:\/\/www.ifbaiano.edu.br\/unidades\/santaines\/files\/2018\/09\/Resultado-da-Chamada-P\u00fablica-02-2018.pdf\">Resultado Chamada P\u00fablica 02-2018.<\/a><\/p>\n<hr \/>\n<p>&nbsp;<\/p>\n","protected":false},"excerpt":{"rendered":"<p>Chamada P\u00fablica n\u00ba 01\/2018\u00a0&#8211;\u00a0Aquisi\u00e7\u00e3o de alimentos de agricultores familiares e demais\u00a0benefici\u00e1rios que se enquadrem nas disposi\u00e7\u00f5es da Lei n\u00ba 11.326, de 2006, por meio da modalidade Compra\u00a0Institucional, do PAA. Edital Chamada P\u00fablica 01-2018. Resultado Chamada P\u00fablica 01-2018. Chamada P\u00fablica n\u00ba 02\/2018\u00a0&#8211;\u00a0Aquisi\u00e7\u00e3o de g\u00eaneros aliment\u00edcios da agricultura familiar para o atendimento ao Programa Nacional de Alimenta\u00e7\u00e3o [&hellip;]<\/p>\n","protected":false},"author":86,"featured_media":0,"parent":0,"menu_order":0,"comment_status":"closed","ping_status":"closed","template":"","meta":[],"_links":{"self":[{"href":"https:\/\/www.ifbaiano.edu.br\/unidades\/santaines\/wp-json\/wp\/v2\/pages\/10129"}],"collection":[{"href":"https:\/\/www.ifbaiano.edu.br\/unidades\/santaines\/wp-json\/wp\/v2\/pages"}],"about":[{"href":"https:\/\/www.ifbaiano.edu.br\/unidades\/santaines\/wp-json\/wp\/v2\/types\/page"}],"author":[{"embeddable":true,"href":"https:\/\/www.ifbaiano.edu.br\/unidades\/santaines\/wp-json\/wp\/v2\/users\/86"}],"replies":[{"embeddable":true,"href":"https:\/\/www.ifbaiano.edu.br\/unidades\/santaines\/wp-json\/wp\/v2\/comments?post=10129"}],"version-history":[{"count":3,"href":"https:\/\/www.ifbaiano.edu.br\/unidades\/santaines\/wp-json\/wp\/v2\/pages\/10129\/revisions"}],"predecessor-version":[{"id":10770,"href":"https:\/\/www.ifbaiano.edu.br\/unidades\/santaines\/wp-json\/wp\/v2\/pages\/10129\/revisions\/10770"}],"wp:attachment":[{"href":"https:\/\/www.ifbaiano.edu.br\/unidades\/santaines\/wp-json\/wp\/v2\/media?parent=10129"}],"curies":[{"name":"wp","href":"https:\/\/api.w.org\/{rel}","templated":true}]}}