{"id":10276,"date":"2018-05-21T09:59:22","date_gmt":"2018-05-21T12:59:22","guid":{"rendered":"http:\/\/www.ifbaiano.edu.br\/unidades\/santaines\/?page_id=10276"},"modified":"2018-06-06T15:45:21","modified_gmt":"2018-06-06T18:45:21","slug":"carga-horaria-docente","status":"publish","type":"page","link":"https:\/\/www.ifbaiano.edu.br\/unidades\/santaines\/carga-horaria-docente\/","title":{"rendered":"Carga Hor\u00e1ria Docente"},"content":{"rendered":"<hr \/>\n<p>Para ter acesso a distribui\u00e7\u00e3o da Carga Hor\u00e1ria Docente, Salas de Aula, Atividades de Apoio e Organiza\u00e7\u00e3o ao Ensino, Pesquisa, Extens\u00e3o, Capacita\u00e7\u00e3o, Representa\u00e7\u00e3o, entre outras, acesse a planilha abaixo.<\/p>\n<p><a href=\"http:\/\/www.ifbaiano.edu.br\/unidades\/santaines\/files\/2018\/06\/Carga_Horaria_Docente.ods\">Carga Hor\u00e1ria Docente &#8211; Arquivo em Libre Office<\/a> (ODS)<\/p>\n<hr \/>\n<p>Informamos que esta planilha \u00e9 provis\u00f3ria. Nova planilha est\u00e1 sendo elaborada para melhor visualiza\u00e7\u00e3o.<\/p>\n<hr \/>\n<p>&nbsp;<\/p>\n","protected":false},"excerpt":{"rendered":"<p>Para ter acesso a distribui\u00e7\u00e3o da Carga Hor\u00e1ria Docente, Salas de Aula, Atividades de Apoio e Organiza\u00e7\u00e3o ao Ensino, Pesquisa, Extens\u00e3o, Capacita\u00e7\u00e3o, Representa\u00e7\u00e3o, entre outras, acesse a planilha abaixo. Carga Hor\u00e1ria Docente &#8211; Arquivo em Libre Office (ODS) Informamos que esta planilha \u00e9 provis\u00f3ria. Nova planilha est\u00e1 sendo elaborada para melhor visualiza\u00e7\u00e3o. &nbsp;<\/p>\n","protected":false},"author":7,"featured_media":0,"parent":0,"menu_order":0,"comment_status":"closed","ping_status":"closed","template":"","meta":[],"_links":{"self":[{"href":"https:\/\/www.ifbaiano.edu.br\/unidades\/santaines\/wp-json\/wp\/v2\/pages\/10276"}],"collection":[{"href":"https:\/\/www.ifbaiano.edu.br\/unidades\/santaines\/wp-json\/wp\/v2\/pages"}],"about":[{"href":"https:\/\/www.ifbaiano.edu.br\/unidades\/santaines\/wp-json\/wp\/v2\/types\/page"}],"author":[{"embeddable":true,"href":"https:\/\/www.ifbaiano.edu.br\/unidades\/santaines\/wp-json\/wp\/v2\/users\/7"}],"replies":[{"embeddable":true,"href":"https:\/\/www.ifbaiano.edu.br\/unidades\/santaines\/wp-json\/wp\/v2\/comments?post=10276"}],"version-history":[{"count":11,"href":"https:\/\/www.ifbaiano.edu.br\/unidades\/santaines\/wp-json\/wp\/v2\/pages\/10276\/revisions"}],"predecessor-version":[{"id":10385,"href":"https:\/\/www.ifbaiano.edu.br\/unidades\/santaines\/wp-json\/wp\/v2\/pages\/10276\/revisions\/10385"}],"wp:attachment":[{"href":"https:\/\/www.ifbaiano.edu.br\/unidades\/santaines\/wp-json\/wp\/v2\/media?parent=10276"}],"curies":[{"name":"wp","href":"https:\/\/api.w.org\/{rel}","templated":true}]}}