{"id":11634,"date":"2019-03-19T13:09:02","date_gmt":"2019-03-19T16:09:02","guid":{"rendered":"http:\/\/www.ifbaiano.edu.br\/unidades\/santaines\/?page_id=11634"},"modified":"2024-08-09T11:58:31","modified_gmt":"2024-08-09T14:58:31","slug":"modalidade-pregao-eletronico-2019","status":"publish","type":"page","link":"https:\/\/www.ifbaiano.edu.br\/unidades\/santaines\/modalidade-pregao-eletronico-2019\/","title":{"rendered":"Modalidade &#8211; Preg\u00e3o Eletr\u00f4nico 2019"},"content":{"rendered":"\n<p><strong>Preg\u00e3o 01\/2019<\/strong>&nbsp;&#8211;&nbsp;Registro de pre\u00e7o para eventual aquisi\u00e7\u00e3o de materiais de expediente para suprir o estoque do Almoxarifado do Instituto Federal de Educa\u00e7\u00e3o, Ci\u00eancia e Tecnologia Baiano Campus Santa In\u00eas.<\/p>\n\n\n\n<p><a href=\"http:\/\/www.comprasnet.gov.br\/ConsultaLicitacoes\/Download\/Download.asp?coduasg=158277&amp;numprp=12019&amp;modprp=5\">Edital Preg\u00e3o Eletr\u00f4nico 01\/2019<\/a><\/p>\n\n\n\n<p><a href=\"http:\/\/www.comprasnet.gov.br\/livre\/pregao\/ata2.asp?co_no_uasg=158277&amp;numprp=12019&amp;Seq=1\">Resultado por Fornecedor<\/a><\/p>\n\n\n\n<hr class=\"wp-block-separator has-css-opacity\" \/>\n\n\n\n<p><strong>Preg\u00e3o 02\/2019<\/strong>&nbsp;&#8211; Registro de pre\u00e7o para eventual aquisi\u00e7\u00e3o de materiais de limpeza e descart\u00e1veis para atender demanda da Coordena\u00e7\u00e3o de Assuntos Estudantis, Refeit\u00f3rio e Alojamento Estudantil do Instituto Federal de Educa\u00e7\u00e3o, Ci\u00eancia e Tecnologia Baiano Campus Santa In\u00eas.<\/p>\n\n\n\n<p><a href=\"http:\/\/www.comprasnet.gov.br\/ConsultaLicitacoes\/Download\/Download.asp?coduasg=158277&amp;numprp=22019&amp;modprp=5\">Edital Preg\u00e3o Eletr\u00f4nico 02\/2019<\/a><\/p>\n\n\n\n<p><a href=\"http:\/\/www.comprasnet.gov.br\/livre\/pregao\/ata2.asp?co_no_uasg=158277&amp;numprp=22019&amp;Seq=1\">Resultado por Fornecedor<\/a><\/p>\n\n\n\n<hr class=\"wp-block-separator has-css-opacity\" \/>\n\n\n\n<p><strong>Preg\u00e3o 03\/2019<\/strong> &#8211; aquisi\u00e7\u00e3o de utens\u00edlios para atender a demanda do N\u00facleo de Nutri\u00e7\u00e3o e Sa\u00fade durante o ano letivo de 2019 do Instituto Federal de Educa\u00e7\u00e3o, Ci\u00eancia e Tecnologia Baiano Campus Santa In\u00eas.<\/p>\n\n\n\n<p><a href=\"http:\/\/www.comprasnet.gov.br\/ConsultaLicitacoes\/Download\/Download.asp?coduasg=158277&amp;numprp=32019&amp;modprp=5\">Edital Preg\u00e3o Eletr\u00f4nico 03\/2019<\/a><\/p>\n\n\n\n<p><a href=\"http:\/\/www.comprasnet.gov.br\/livre\/pregao\/ata2.asp?co_no_uasg=158277&amp;numprp=32019&amp;Seq=1\">Resultado por Fornecedor<\/a><\/p>\n\n\n\n<hr class=\"wp-block-separator has-css-opacity\" \/>\n\n\n\n<p><strong>Preg\u00e3o 04\/2019<\/strong> &#8211; Aquisi\u00e7\u00e3o de materiais diversos para atender demanda de audiovisual, do N\u00facleo de Atendimento \u00e0s Pessoas com Necessidades Espec\u00edficas e do N\u00facleo de Comunica\u00e7\u00e3o e Eventos do Instituto Federal de Educa\u00e7\u00e3o, Ci\u00eancia e Tecnologia Baiano Campus Santa In\u00eas.<\/p>\n\n\n\n<p><a href=\"http:\/\/www.comprasnet.gov.br\/ConsultaLicitacoes\/Download\/Download.asp?coduasg=158277&amp;numprp=42019&amp;modprp=5\">Edital Preg\u00e3o Eletr\u00f4nico 04\/2019<\/a><\/p>\n\n\n\n<p><a href=\"http:\/\/www.comprasnet.gov.br\/livre\/pregao\/ata2.asp?co_no_uasg=158277&amp;numprp=42019&amp;Seq=1\">Resultado por Fornecedor<\/a><\/p>\n\n\n\n<hr class=\"wp-block-separator has-css-opacity\" \/>\n\n\n\n<p> <strong>Preg\u00e3o 05\/2019<\/strong> &#8211; Registro de pre\u00e7o para eventual aquisi\u00e7\u00e3o de G\u00eaneros<br>Aliment\u00edcios para atender a demanda do N\u00facleo de Nutri\u00e7\u00e3o e Sa\u00fade do Instituto Federal de Educa\u00e7\u00e3o, Ci\u00eancia e Tecnologia Baiano Campus Santa In\u00eas<\/p>\n\n\n\n<p><a href=\"http:\/\/www.comprasnet.gov.br\/ConsultaLicitacoes\/Download\/Download.asp?coduasg=158277&amp;numprp=52019&amp;modprp=5\">Edital Preg\u00e3o Eletr\u00f4nico 05\/2019<\/a><\/p>\n\n\n\n<p><a href=\"http:\/\/www.comprasnet.gov.br\/livre\/pregao\/ata2.asp?co_no_uasg=158277&amp;numprp=52019&amp;Seq=1\">Resultado por Fornecedor<\/a><\/p>\n\n\n\n<hr class=\"wp-block-separator has-css-opacity\" \/>\n\n\n\n<p><strong>Preg\u00e3o 06\/2019<\/strong> &#8211; Registro de pre\u00e7os para eventual aquisi\u00e7\u00e3o de ra\u00e7\u00e3o, suplementos, feno e pintos de corte para atender a demanda da Coordena\u00e7\u00e3o das Unidades Educativas de Campo &#8211; CUEC do Instituto Federal<br> de Educa\u00e7\u00e3o, ci\u00eancia e Tecnologia Baiano &#8211; Campus Santa In\u00eas<\/p>\n\n\n\n<p><a href=\"http:\/\/www.comprasnet.gov.br\/ConsultaLicitacoes\/Download\/Download.asp?coduasg=158277&amp;numprp=62019&amp;modprp=5\">Edital Preg\u00e3o Eletr\u00f4nico 06\/2019<\/a><\/p>\n\n\n\n<p><a href=\"http:\/\/www.comprasnet.gov.br\/livre\/pregao\/ata2.asp?co_no_uasg=158277&amp;numprp=62019&amp;Seq=1\">Resultado por Fornecedor<\/a><\/p>\n\n\n\n<hr class=\"wp-block-separator has-css-opacity\" \/>\n\n\n\n<p><strong>Preg\u00e3o 07\/2019<\/strong> &#8211; Registro de pre\u00e7o para eventual aquisi\u00e7\u00e3o de materiais para a manuten\u00e7\u00e3o e conserva\u00e7\u00e3o da estrutura f\u00edsica do Instituto Federal de Educa\u00e7\u00e3o, Ci\u00eancia e Tecnologia Baiano Campus Santa In\u00eas.<\/p>\n\n\n\n<p><a href=\"http:\/\/www.comprasnet.gov.br\/ConsultaLicitacoes\/Download\/Download.asp?coduasg=158277&amp;numprp=000072019&amp;modprp=5&amp;bidbird=N\">Edital Preg\u00e3o Eletr\u00f4nico 07\/2019<\/a><\/p>\n\n\n\n<p><a href=\"http:\/\/www.comprasnet.gov.br\/livre\/pregao\/ata2.asp?co_no_uasg=158277&amp;numprp=72019&amp;Seq=1\">Resultado por Fornecedor<\/a><\/p>\n\n\n\n<hr class=\"wp-block-separator has-css-opacity\" \/>\n\n\n\n<p><strong>Preg\u00e3o 08\/2019<\/strong> &#8211;  Escolha da proposta mais vantajosa para a Contrata\u00e7\u00e3o de<br>empresa especializada em presta\u00e7\u00e3o de servi\u00e7os de outsourcing de impress\u00e3o na modalidade franquia de p\u00e1ginas mais excedente, compreendendo a cess\u00e3o de direito de uso de equipamentos, incluindo a<br>presta\u00e7\u00e3o de servi\u00e7os de manuten\u00e7\u00e3o preventiva e corretiva com o fornecimento e instala\u00e7\u00e3o de ferramentas de gest\u00e3o, monitoramento on-line, fornecimento de pe\u00e7as e suprimentos necess\u00e1rios (incluindo papel), conforme condi\u00e7\u00f5es, quantidades e exig\u00eancias estabelecidas em Edital e seus anexos.<\/p>\n\n\n\n<p><a href=\"http:\/\/www.comprasnet.gov.br\/ConsultaLicitacoes\/Download\/Download.asp?coduasg=158277&amp;numprp=82019&amp;modprp=5\">Edital Preg\u00e3o Eletr\u00f4nico 08\/2019<\/a><\/p>\n\n\n\n<p><a href=\"http:\/\/www.comprasnet.gov.br\/livre\/pregao\/ata2.asp?co_no_uasg=158277&amp;numprp=82019&amp;Seq=1\">Resultado por Fornecedor<\/a><\/p>\n\n\n\n<p><a href=\"https:\/\/www.ifbaiano.edu.br\/unidades\/santaines\/files\/2020\/10\/Contrato-11.2019-Qualycopy.pdf\">Contrato 11.2019<\/a><\/p>\n\n\n\n<p><a href=\"https:\/\/www.ifbaiano.edu.br\/unidades\/santaines\/files\/2020\/10\/Publicacao-DOU-Qualycopy.pdf\">Publica\u00e7\u00e3o DOU &#8211; Contrato 11.2019<\/a><\/p>\n\n\n\n<p><a href=\"https:\/\/www.ifbaiano.edu.br\/unidades\/santaines\/files\/2020\/10\/Termo-Aditivo-Qualycopy.pdf\">1\u00ba Termo Aditivo ao Contrato 11.2019<\/a><\/p>\n\n\n\n<p><a href=\"https:\/\/www.ifbaiano.edu.br\/unidades\/santaines\/files\/2020\/10\/Extrato-DOU-do-1o-Termo-Aditivo-ao-contrato-11.2019-QUALYCOPY.pdf\">Publica\u00e7\u00e3o DOU &#8211; 1\u00ba Aditivo ao contrato 11.2019<\/a><\/p>\n\n\n\n<p><a href=\"https:\/\/www.ifbaiano.edu.br\/unidades\/santaines\/files\/2021\/08\/2o-Termo-Aditivo-ao-Contrato-11.2019-Prorrogacao-QUALYCOPY-2021.pdf\">2\u00ba Termo Aditivo ao Contrato 11.2019<\/a><\/p>\n\n\n\n<p><a href=\"https:\/\/www.ifbaiano.edu.br\/unidades\/santaines\/files\/2021\/08\/DOU-2-TERMO-ADITIVO-QUALYCOPY-11.2019.pdf\">Publica\u00e7\u00e3o DOU  2\u00ba Aditivo ao contrato 11.2019<\/a> <\/p>\n\n\n\n<p><a href=\"https:\/\/www.ifbaiano.edu.br\/unidades\/santaines\/files\/2022\/08\/3-Termo-Aditivo-ao-Contrato-11.2019-Qualycopy-Assinado.pdf\">3\u00ba Termo Aditivo ao Contrato 11.2019<\/a><\/p>\n\n\n\n<p><a href=\"https:\/\/www.ifbaiano.edu.br\/unidades\/santaines\/files\/2022\/08\/DOU-3-Termo-Aditivo-ao-contrato-11.2019-QUALYCOPY.pdf\">DOU do 3\u00ba Termo Aditivo ao contrato 11.2019<\/a><\/p>\n\n\n\n<p><a href=\"https:\/\/www.ifbaiano.edu.br\/unidades\/santaines\/files\/2023\/07\/4-Termo-Aditivo-ao-contrato-11.2019.pdf\">4\u00ba termo Aditivo ao Contrato 11.2019<\/a><\/p>\n\n\n\n<p><a href=\"https:\/\/www.ifbaiano.edu.br\/unidades\/santaines\/files\/2023\/07\/Publicacao-DOU-4-Termo-Aditivo.pdf\">DOU do 4\u00ba Termo Aditivo ao contrato 11.2019<\/a><\/p>\n\n\n\n<p><a href=\"https:\/\/www.ifbaiano.edu.br\/unidades\/santaines\/files\/2024\/08\/5-Termo-Aditivo-Contrato-11.2019-QUALYCOPY-Prorrogacao-Excepcional.pdf\">5\u00ba termo Aditivo ao Contrato 11.2019 &#8211; Prorroga\u00e7\u00e3o Excepcional<\/a><\/p>\n\n\n\n<p><a href=\"https:\/\/www.ifbaiano.edu.br\/unidades\/santaines\/files\/2024\/08\/Extrato-DOU-5-Termo-Aditivo-Qualycopy.pdf\">Extrato DOU &#8211; 5\u00ba Termo Aditivo\u00a0QUALYCOPY<\/a><\/p>\n\n\n\n<hr class=\"wp-block-separator has-css-opacity\" \/>\n\n\n\n<p><strong>Preg\u00e3o 09\/2019<\/strong> &#8211; Registro de pre\u00e7os para eventual aquisi\u00e7\u00e3o de g\u00e1s (GLP) P-45 para atender a demanda do N\u00facleo de Nutri\u00e7\u00e3o e Sa\u00fade do IF Baiano Campus Santa In\u00eas.<\/p>\n\n\n\n<p><a href=\"http:\/\/www.comprasnet.gov.br\/acesso.asp?url=\/edital-158277-5-00009-2019\">Edital Preg\u00e3o Eletr\u00f4nico 09\/2019<\/a><\/p>\n\n\n\n<p><a href=\"http:\/\/www.comprasnet.gov.br\/livre\/pregao\/ata2.asp?co_no_uasg=158277&amp;numprp=92019&amp;Seq=1\">Resultado por Fornecedor<\/a><\/p>\n\n\n\n<hr class=\"wp-block-separator has-css-opacity\" \/>\n","protected":false},"excerpt":{"rendered":"<p>Preg\u00e3o 01\/2019&nbsp;&#8211;&nbsp;Registro de pre\u00e7o para eventual aquisi\u00e7\u00e3o de materiais de expediente para suprir o estoque do Almoxarifado do Instituto Federal de Educa\u00e7\u00e3o, Ci\u00eancia e Tecnologia Baiano Campus Santa In\u00eas. Edital Preg\u00e3o Eletr\u00f4nico 01\/2019 Resultado por Fornecedor Preg\u00e3o 02\/2019&nbsp;&#8211; Registro de pre\u00e7o para eventual aquisi\u00e7\u00e3o de materiais de limpeza e descart\u00e1veis para atender demanda da Coordena\u00e7\u00e3o [&hellip;]<\/p>\n","protected":false},"author":86,"featured_media":0,"parent":0,"menu_order":0,"comment_status":"closed","ping_status":"closed","template":"","meta":[],"_links":{"self":[{"href":"https:\/\/www.ifbaiano.edu.br\/unidades\/santaines\/wp-json\/wp\/v2\/pages\/11634"}],"collection":[{"href":"https:\/\/www.ifbaiano.edu.br\/unidades\/santaines\/wp-json\/wp\/v2\/pages"}],"about":[{"href":"https:\/\/www.ifbaiano.edu.br\/unidades\/santaines\/wp-json\/wp\/v2\/types\/page"}],"author":[{"embeddable":true,"href":"https:\/\/www.ifbaiano.edu.br\/unidades\/santaines\/wp-json\/wp\/v2\/users\/86"}],"replies":[{"embeddable":true,"href":"https:\/\/www.ifbaiano.edu.br\/unidades\/santaines\/wp-json\/wp\/v2\/comments?post=11634"}],"version-history":[{"count":24,"href":"https:\/\/www.ifbaiano.edu.br\/unidades\/santaines\/wp-json\/wp\/v2\/pages\/11634\/revisions"}],"predecessor-version":[{"id":21836,"href":"https:\/\/www.ifbaiano.edu.br\/unidades\/santaines\/wp-json\/wp\/v2\/pages\/11634\/revisions\/21836"}],"wp:attachment":[{"href":"https:\/\/www.ifbaiano.edu.br\/unidades\/santaines\/wp-json\/wp\/v2\/media?parent=11634"}],"curies":[{"name":"wp","href":"https:\/\/api.w.org\/{rel}","templated":true}]}}