{"id":11948,"date":"2019-05-06T11:39:31","date_gmt":"2019-05-06T14:39:31","guid":{"rendered":"http:\/\/www.ifbaiano.edu.br\/unidades\/santaines\/?page_id=11948"},"modified":"2019-07-11T09:18:54","modified_gmt":"2019-07-11T12:18:54","slug":"dispensa-de-licitacao-2019","status":"publish","type":"page","link":"https:\/\/www.ifbaiano.edu.br\/unidades\/santaines\/dispensa-de-licitacao-2019\/","title":{"rendered":"DISPENSA DE LICITA\u00c7\u00c3O\/2019"},"content":{"rendered":"\n<p><\/p>\n\n\n\n<hr class=\"wp-block-separator\" \/>\n\n\n\n<p><strong>Chamada P\u00fablica n\u00ba 01\/2019<\/strong> \u2013&nbsp; Aquisi\u00e7\u00e3o de alimentos de agricultores familiares e demais benefici\u00e1rios que se enquadrem nas disposi\u00e7\u00f5es da Lei n\u00ba 11.326, de 2006, por meio da modalidade Compra Institucional, do PAA. <\/p>\n\n\n\n<p><a href=\"http:\/\/www.ifbaiano.edu.br\/unidades\/santaines\/files\/2019\/05\/Edital-Chamada-P\u00fablica-01-2019-PAA.pdf\">Edital Chamada P\u00fablica 01-2019.<\/a><\/p>\n\n\n\n<p><a href=\"http:\/\/www.ifbaiano.edu.br\/unidades\/santaines\/files\/2019\/06\/Resultado-da-Chamada-Publica-01-2019-PAA.pdf\">Resultado por Fornecedor<\/a><\/p>\n\n\n<hr \/>\n<p><\/p>\n<p><strong>Chamada P\u00fablica n\u00ba 02\/2019<\/strong> \u2013 Aquisi\u00e7\u00e3o de g\u00eaneros aliment\u00edcios da agricultura familiar para o atendimento ao Programa Nacional de Alimenta\u00e7\u00e3o Escolar \u2013 PNAE<\/p>\n<p> <\/p>\n<p><a href=\"http:\/\/www.ifbaiano.edu.br\/unidades\/santaines\/files\/2019\/06\/Edital-Chamada-P\u00fablica-02-2019-PNAE.pdf\">Edital Chamada P\u00fablica 02-2019.<\/a><\/p>\n<p> <\/p>\n<p><a href=\"http:\/\/www.ifbaiano.edu.br\/unidades\/santaines\/files\/2019\/07\/Resultado-por-Fornecedor-Chamada-P\u00fablica-02-2019-PNAE.pdf\">Resultado por Fornecedor<\/a><\/p>\n<p><\/p>\n\n<hr \/>\n<p>\u00a0<\/p>\n\n","protected":false},"excerpt":{"rendered":"<p>Chamada P\u00fablica n\u00ba 01\/2019 \u2013&nbsp; Aquisi\u00e7\u00e3o de alimentos de agricultores familiares e demais benefici\u00e1rios que se enquadrem nas disposi\u00e7\u00f5es da Lei n\u00ba 11.326, de 2006, por meio da modalidade Compra Institucional, do PAA. Edital Chamada P\u00fablica 01-2019. Resultado por Fornecedor Chamada P\u00fablica n\u00ba 02\/2019 \u2013 Aquisi\u00e7\u00e3o de g\u00eaneros aliment\u00edcios da agricultura familiar para o atendimento [&hellip;]<\/p>\n","protected":false},"author":86,"featured_media":0,"parent":0,"menu_order":0,"comment_status":"closed","ping_status":"closed","template":"","meta":[],"_links":{"self":[{"href":"https:\/\/www.ifbaiano.edu.br\/unidades\/santaines\/wp-json\/wp\/v2\/pages\/11948"}],"collection":[{"href":"https:\/\/www.ifbaiano.edu.br\/unidades\/santaines\/wp-json\/wp\/v2\/pages"}],"about":[{"href":"https:\/\/www.ifbaiano.edu.br\/unidades\/santaines\/wp-json\/wp\/v2\/types\/page"}],"author":[{"embeddable":true,"href":"https:\/\/www.ifbaiano.edu.br\/unidades\/santaines\/wp-json\/wp\/v2\/users\/86"}],"replies":[{"embeddable":true,"href":"https:\/\/www.ifbaiano.edu.br\/unidades\/santaines\/wp-json\/wp\/v2\/comments?post=11948"}],"version-history":[{"count":6,"href":"https:\/\/www.ifbaiano.edu.br\/unidades\/santaines\/wp-json\/wp\/v2\/pages\/11948\/revisions"}],"predecessor-version":[{"id":12229,"href":"https:\/\/www.ifbaiano.edu.br\/unidades\/santaines\/wp-json\/wp\/v2\/pages\/11948\/revisions\/12229"}],"wp:attachment":[{"href":"https:\/\/www.ifbaiano.edu.br\/unidades\/santaines\/wp-json\/wp\/v2\/media?parent=11948"}],"curies":[{"name":"wp","href":"https:\/\/api.w.org\/{rel}","templated":true}]}}