{"id":123,"date":"2011-05-19T16:44:12","date_gmt":"2011-05-19T19:44:12","guid":{"rendered":"http:\/\/localhost\/unidades\/bonfim\/?page_id=123"},"modified":"2022-10-05T14:01:47","modified_gmt":"2022-10-05T17:01:47","slug":"alunos-estagio","status":"publish","type":"page","link":"https:\/\/www.ifbaiano.edu.br\/unidades\/santaines\/alunos-estagio\/","title":{"rendered":"Est\u00e1gio"},"content":{"rendered":"<hr \/>\n<p style=\"text-align: justify\"><span style=\"color: #000000\"><span style=\"font-family: Arial, sans-serif\"><span style=\"font-size: medium\">Est\u00e1gio \u00e9 ato educativo escolar supervisionado, desenvolvido no ambiente de trabalho, que visa \u00e0 prepara\u00e7\u00e3o para o trabalho produtivo de educandos que estejam freq<\/span><span style=\"font-size: medium\">u<\/span><span style=\"font-size: medium\">entando o ensino regular em institui\u00e7\u00f5es de educa\u00e7\u00e3o superior, de educa\u00e7\u00e3o profissional, de ensino m\u00e9dio, da educa\u00e7\u00e3o especial e dos anos finais do ensino fundamental, na modalidade profissional da educa\u00e7\u00e3o de jovens e adultos (Lei 11.788, de 25 de setembro de 2008).<\/span><\/span><\/span><\/p>\n<p style=\"text-align: justify\"><span style=\"color: #000000\"><span style=\"font-family: Arial, sans-serif\"><span style=\"font-size: medium\">O est\u00e1gio faz parte do Projeto Pedag\u00f3gico do Curso, podendo ser obrigat\u00f3rio, cuja carga hor\u00e1ria \u00e9 requisito para a aprova\u00e7\u00e3o e obten\u00e7\u00e3o do diploma e tamb\u00e9m existe o est\u00e1gio n\u00e3o obrigat\u00f3rio, desenvolvido como atividade opcional acrescida a atividade obrigat\u00f3ria.<\/span><\/span><\/span><\/p>\n<p style=\"text-align: justify\"><strong><span style=\"color: #000000\"><span style=\"font-family: Arial, sans-serif\"><span style=\"font-size: medium\"><u><b>OBJETIVO DO EST\u00c1GIO<\/b><\/u><\/span><\/span><\/span><\/strong><\/p>\n<p style=\"text-align: justify\"><span style=\"color: #000000\"><span style=\"font-family: Arial, sans-serif\"><span style=\"font-size: medium\">O objetivo do est\u00e1gio curricular \u00e9 oferecer aos estudantes a experi\u00eancia do aprender fazendo, no campo profissional, propiciando a complementa\u00e7\u00e3o do ensino ministrado na Institui\u00e7\u00e3o de Ensino, contribuindo assim na prepara\u00e7\u00e3o do estudante para o in\u00edcio de suas atividades profissionais, oferecendo-lhe oportunidades de executar tarefas relacionadas com sua \u00e1rea de interesse.<\/span><\/span><\/span><\/p>\n<p style=\"text-align: justify\"><strong><span style=\"color: #000000\"><span style=\"font-family: Arial, sans-serif\"><span style=\"font-size: medium\"><u><b>ACOMPANHAMENTO DO EST\u00c1GIO<\/b><\/u><\/span><\/span><\/span><\/strong><\/p>\n<p style=\"text-align: justify\"><span style=\"color: #000000\"><span style=\"font-family: Arial, sans-serif\"><span style=\"font-size: medium\">O est\u00e1gio como ato educativo escolar \u00e9 orientado, supervisionado e avaliado tanto pela empresa que recebe o estudante (Supervisor), quanto pelo Instituto atrav\u00e9s de seu Corpo Docente (Professores Orientadores e Avaliadores)<\/span><\/span><\/span><\/p>\n<p style=\"text-align: justify\"><span style=\"color: #000000\"><span style=\"font-family: Arial, sans-serif\"><span style=\"font-size: medium\">A Chefia do N\u00facleo de Rela\u00e7\u00f5es Institucionais \u2013 NRI, participa no processo de aperfei\u00e7oamento do compromisso do est\u00e1gio. Cabe \u00e0 NRI identificar as oportunidades de est\u00e1gio, fazer o acompanhamento administrativo, cadastrar os estudantes, organizar os cadastros das partes concedentes, viabilizar os Conv\u00eanios de Est\u00e1gio, dentre outras fun\u00e7\u00f5es.<\/span><\/span><\/span><\/p>\n<p style=\"text-align: justify\"><strong><span style=\"color: #000000\"><span style=\"font-family: Arial, sans-serif\"><span style=\"font-size: medium\"><u><b>CARGA HOR\u00c1RIA M\u00cdNIMA DE EST\u00c1GIO PARA CONCLUS\u00c3O DO CURSO:<\/b><\/u><\/span><\/span><\/span><\/strong><\/p>\n<p style=\"text-align: justify\"><span style=\"color: #000000\"><span style=\"font-family: Arial, sans-serif\"><span style=\"font-size: medium\">Curso T\u00e9cnico em Inform\u00e1tica: 150 horas.<\/span><\/span><\/span><\/p>\n<p style=\"text-align: justify\"><span style=\"color: #000000\"><span style=\"font-family: Arial, sans-serif\"><span style=\"font-size: medium\">Curso T\u00e9cnico em Alimentos: 150 horas.<\/span><\/span><\/span><\/p>\n<p style=\"text-align: justify\"><span style=\"color: #000000\"><span style=\"font-family: Arial, sans-serif\"><span style=\"font-size: medium\">Curso T\u00e9cnico em Agropecu\u00e1ria: 150 horas.<\/span><\/span><\/span><\/p>\n<p style=\"text-align: justify\"><span style=\"color: #000000\"><span style=\"font-family: Arial, sans-serif\"><span style=\"font-size: medium\">Curso T\u00e9cnico em Zootecnia: 150 horas.<\/span><\/span><\/span><\/p>\n<p style=\"text-align: justify\"><strong><span style=\"font-family: Arial, sans-serif\"><span style=\"font-size: medium\"><u><b>PRAZOS REFERENTE AO EST\u00c1GIO<\/b><\/u><\/span><\/span><\/strong><\/p>\n<p style=\"text-align: justify\"><strong><span style=\"font-family: Arial, sans-serif\"><span style=\"font-size: medium\">1 \u2013<\/span><\/span><\/strong><b> <\/b><strong><span style=\"font-family: Arial, sans-serif\"><span style=\"font-size: medium\"><u><b>Est\u00e1gios realizados antes da conclus\u00e3o do 3\u00aa Ano<\/b><\/u><\/span><\/span><\/strong><\/p>\n<p style=\"text-align: justify\"><span style=\"font-family: Arial, sans-serif\"><span style=\"font-size: medium\">Os discente<\/span><\/span><span style=\"font-family: Arial, sans-serif\"><span style=\"font-size: medium\">s<\/span><\/span><span style=\"font-family: Arial, sans-serif\"><span style=\"font-size: medium\"> que optarem por realizar o est\u00e1gio durante o curso, ter<\/span><\/span><span style=\"font-family: Arial, sans-serif\"><span style=\"font-size: medium\">\u00e3o 90 dias <\/span><\/span><span style=\"font-family: Arial, sans-serif\"><span style=\"font-size: medium\">p<\/span><\/span><span style=\"font-family: Arial, sans-serif\"><span style=\"font-size: medium\">ara defender o est\u00e1gio e 15 dias, ap\u00f3s defesa, para entrega do relat\u00f3rio corrigido, impresso, encadernado e assinado pelos membros da banca.<\/span><\/span><\/p>\n<p style=\"text-align: justify\"><strong><span style=\"font-family: Arial, sans-serif\"><span style=\"font-size: medium\">2 <\/span><\/span><\/strong><strong><span style=\"font-family: Arial, sans-serif\"><span style=\"font-size: medium\">&#8211; <\/span><\/span><\/strong><strong><span style=\"font-family: Arial, sans-serif\"><span style=\"font-size: medium\"><u><b>Est\u00e1gios realizados ap\u00f3s conclus\u00e3o do 3\u00ba Ano<\/b><\/u><\/span><\/span><\/strong><\/p>\n<p style=\"text-align: justify\"><span style=\"font-family: Arial, sans-serif\"><span style=\"font-size: medium\">Os discentes que optarem por realizar o est\u00e1gio ap\u00f3s o <\/span><\/span><span style=\"font-family: Arial, sans-serif\"><span style=\"font-size: medium\">t\u00e9rmino do<\/span><\/span><span style=\"font-family: Arial, sans-serif\"><span style=\"font-size: medium\"> 3\u00ba ano ou tiverem alguma carga hor\u00e1ria para <\/span><\/span><span style=\"font-family: Arial, sans-serif\"><span style=\"font-size: medium\">cumprir<\/span><\/span><span style=\"font-family: Arial, sans-serif\"><span style=\"font-size: medium\">, ter\u00e3o 90 dia<\/span><\/span><span style=\"font-family: Arial, sans-serif\"><span style=\"font-size: medium\">s para<\/span><\/span> <span style=\"font-family: Arial, sans-serif\"><span style=\"font-size: medium\">finalizar a carga hor\u00e1ria do est\u00e1gio e defender, <\/span><\/span><span style=\"font-family: Arial, sans-serif\"><span style=\"font-size: medium\">15 dias ap\u00f3s defesa para entrega do relat\u00f3rio corrigido, impresso, encadernado e assinado pelos membros da banca.<\/span><\/span><\/p>\n<p style=\"text-align: justify\"><span style=\"font-family: Arial, sans-serif\"><span style=\"font-size: medium\"><strong>Obs.:<\/strong> Em todas as situa\u00e7\u00f5es acima, o discente tem direito a prorrogar o prazo por mais 30 dias, atrav\u00e9s do requerimento feito na Secretaria de Registro Acad\u00eamico &#8211; SRA o qual, ao chegar a NRI o Orientador ser\u00e1 consultado para parecer.<\/span><\/span><\/p>\n<p style=\"text-align: justify\"><strong><span style=\"color: #000000\"><span style=\"font-family: Arial, sans-serif\"><span style=\"font-size: medium\"><u><b>DOCUMENTOS PARA EST\u00c1GIO:<\/b><\/u><\/span><\/span><\/span><\/strong><\/p>\n<p style=\"text-align: justify\"><span style=\"color: #000000\"><span style=\"font-family: Arial, sans-serif\"><span style=\"font-size: medium\">1 &#8211; <a href=\"http:\/\/www.ifbaiano.edu.br\/unidades\/santaines\/files\/2011\/05\/Formulario-de-Cadastro-para-Convenio.pdf\" target=\"_blank\" rel=\"noopener noreferrer\"><u><b>Formul\u00e1rio de Cadastro para Conv\u00eanio<\/b><\/u><\/a><b>:<\/b> esse documento \u00e9 destinado \u00e0s Empresas\/Fazendas que tem interesse em disponibilizar est\u00e1gio aos alunos do IF Baiano. O mesmo dever\u00e1 ser preenchido e encaminhado impresso ou por e-mail para que a NRI providencie a formaliza\u00e7\u00e3o do Conv\u00eanio;<\/span><\/span><\/span><\/p>\n<p style=\"text-align: justify\"><span style=\"color: #000000\"><span style=\"font-family: Arial, sans-serif\"><span style=\"font-size: medium\">2 &#8211; <\/span><\/span><\/span><a href=\"http:\/\/www.ifbaiano.edu.br\/unidades\/santaines\/files\/2011\/05\/Termo-de-Convenio-de-estagio.pdf\" target=\"_blank\" rel=\"noopener noreferrer\"><span style=\"color: #000000\"><span style=\"font-family: Arial, sans-serif\"><span style=\"font-size: medium\"><u><b>Termo de Conv\u00eanio de Est\u00e1gio Curricular Supervisionado<\/b><\/u><\/span><\/span><\/span><\/a><span style=\"color: #000000\"><span style=\"font-family: Arial, sans-serif\"><span style=\"font-size: medium\"><b>:<\/b><\/span><\/span><\/span> <span style=\"color: #000000\"><span style=\"font-family: Arial, sans-serif\"><span style=\"font-size: medium\">(<\/span><\/span><\/span><strong><span style=\"color: #000000\"><span style=\"font-family: Arial, sans-serif\"><span style=\"font-size: medium\">documento somente para consulta<\/span><\/span><\/span><\/strong><strong><span style=\"color: #000000\"><span style=\"font-family: Arial, sans-serif\"><span style=\"font-size: medium\">)<\/span><\/span><\/span><\/strong><span style=\"color: #000000\"><span style=\"font-family: Arial, sans-serif\"><span style=\"font-size: medium\">.<\/span><\/span><\/span><span style=\"color: #000000\"><span style=\"font-family: Arial, sans-serif\"><span style=\"font-size: medium\"> Destina-se a empresas com interesse em disponibilizar est\u00e1gio. Para formaliza\u00e7\u00e3o, dever\u00e1 ser preenchido o formul\u00e1rio acima (item 1) e encaminhar impresso ou por e-mail \u00e0 NRI;<\/span><\/span><\/span><\/p>\n<p style=\"text-align: justify\"><span style=\"color: #000000\"><span style=\"font-family: Arial, sans-serif\"><span style=\"font-size: medium\">3 &#8211; <\/span><\/span><\/span><a href=\"http:\/\/www.ifbaiano.edu.br\/unidades\/santaines\/files\/2011\/05\/Ficha-de-inscricao-de-estagio.pdf\" target=\"_blank\" rel=\"noopener noreferrer\"><span style=\"color: #000000\"><span style=\"font-family: Arial, sans-serif\"><span style=\"font-size: medium\"><u><b>Ficha de Inscri\u00e7\u00e3o de Est\u00e1gio<\/b><\/u><\/span><\/span><\/span><\/a><span style=\"color: #000000\"><span style=\"font-family: Arial, sans-serif\"><span style=\"font-size: medium\"><b>: <\/b><\/span><\/span><\/span><span style=\"color: #000000\"><span style=\"font-family: Arial, sans-serif\"><span style=\"font-size: medium\">esse documento \u00e9 destinado aos discentes. S\u00f3 poder\u00e1 ser feita de <\/span><\/span><\/span><strong><span style=\"color: #000000\"><span style=\"font-family: Arial, sans-serif\"><span style=\"font-size: medium\"><b>forma presencial <\/b><\/span><\/span><\/span><\/strong><span style=\"color: #000000\"><span style=\"font-family: Arial, sans-serif\"><span style=\"font-size: medium\">na NRI ap\u00f3s definir o local de est\u00e1gio. Esta ficha deve ser preenchida na \u00edntegra, havendo a obrigatoriedade da entrega de uma c\u00f3pia do RG e do CPF;<\/span><\/span><\/span><\/p>\n<p style=\"text-align: justify\"><span style=\"color: #000000\"><span style=\"font-family: Arial, sans-serif\"><span style=\"font-size: medium\">4 &#8211; <\/span><\/span><\/span><a href=\"http:\/\/www.ifbaiano.edu.br\/unidades\/santaines\/files\/2011\/05\/Plano-de-atividades.pdf\" target=\"_blank\" rel=\"noopener noreferrer\"><span style=\"color: #000000\"><span style=\"font-family: Arial, sans-serif\"><span style=\"font-size: medium\"><u><b>Plano de Atividades de Est\u00e1gio<\/b><\/u><\/span><\/span><\/span><\/a><span style=\"color: #000000\"><span style=\"font-family: Arial, sans-serif\"><span style=\"font-size: medium\"><b>:<\/b><\/span><\/span><\/span><span style=\"color: #000000\"><span style=\"font-family: Arial, sans-serif\"><span style=\"font-size: medium\"> trata-se de uma previs\u00e3o das atividades que ser\u00e3o desenvolvidas em determinado per\u00edodo. O documento dever\u00e1 ser entregue no Setor de Est\u00e1gios (j\u00e1 assinado pelas partes) antes de iniciar o est\u00e1gio. <\/span><\/span><\/span><strong><span style=\"color: #000000\"><span style=\"font-family: Arial, sans-serif\"><span style=\"font-size: medium\"><b>O ESTAGI\u00c1RIO N\u00c3O PODER\u00c1 INICIAR <\/b><\/span><\/span><\/span><\/strong><span style=\"color: #000000\"><span style=\"font-family: Arial, sans-serif\"><span style=\"font-size: medium\">O EST\u00c1GIO ANTES QUE O REFERIDO DOCUMENTO ESTEJA <\/span><\/span><\/span><strong><span style=\"color: #000000\"><span style=\"font-family: Arial, sans-serif\"><span style=\"font-size: medium\"><b>COMPLETAMENTE PREENCHIDO <\/b><\/span><\/span><\/span><\/strong><span style=\"color: #000000\"><span style=\"font-family: Arial, sans-serif\"><span style=\"font-size: medium\">E DEVIDAMENTE <\/span><\/span><\/span><strong><span style=\"color: #000000\"><span style=\"font-family: Arial, sans-serif\"><span style=\"font-size: medium\"><b>ASSINADO POR TODOS OS RESPONS\u00c1VEIS<\/b><\/span><\/span><\/span><\/strong><span style=\"color: #000000\"><span style=\"font-family: Arial, sans-serif\"><span style=\"font-size: medium\">;<\/span><\/span><\/span><\/p>\n<p style=\"text-align: justify\"><span style=\"color: #000000\"><span style=\"font-family: Arial, sans-serif\"><span style=\"font-size: medium\">5 &#8211; <\/span><\/span><\/span><span style=\"color: #000000\"><span style=\"font-family: Arial, sans-serif\"><span style=\"font-size: medium\"><u><b><a href=\"http:\/\/www.ifbaiano.edu.br\/unidades\/santaines\/files\/2011\/05\/Termo-de-compromisso-de-estagio.pdf\" target=\"_blank\" rel=\"noopener noreferrer\">Termo de Compromisso de Est\u00e1gio Curricular Supervisionado (TCE)<\/a><\/b><\/u><\/span><\/span><\/span><span style=\"color: #000000\"><span style=\"font-family: Arial, sans-serif\"><span style=\"font-size: medium\"><b>: <\/b><\/span><\/span><\/span><span style=\"color: #000000\"><span style=\"font-family: Arial, sans-serif\"><span style=\"font-size: medium\">(<\/span><\/span><\/span><strong><span style=\"color: #000000\"><span style=\"font-family: Arial, sans-serif\"><span style=\"font-size: medium\">documento somente para consulta<\/span><\/span><\/span><\/strong><strong><span style=\"color: #000000\"><span style=\"font-family: Arial, sans-serif\"><span style=\"font-size: medium\">)<\/span><\/span><\/span><\/strong><span style=\"color: #000000\"><span style=\"font-family: Arial, sans-serif\"><span style=\"font-size: medium\">. <\/span><\/span><\/span><em><span style=\"color: #000000\"><span style=\"font-family: Arial, sans-serif\"><span style=\"font-size: medium\">O aluno deve apresentar o Plano de Est\u00e1gio citado (item 4)<\/span><\/span><\/span><\/em><span style=\"color: #000000\"><span style=\"font-family: Arial, sans-serif\"><span style=\"font-size: medium\">. O TCE dever\u00e1 ser retirado na NRI em tr\u00eas vias de igual teor, antes do in\u00edcio das atividades de est\u00e1gio. \u00c9 o documento que formaliza e comprova a realiza\u00e7\u00e3o do est\u00e1gio pelo discente e ser\u00e1 assinado pela Unidade Concedente (Empresa\/Fazenda), pelo Discente\/Estagi\u00e1rio e pelo seu Respons\u00e1vel Legal (Para menores de dezoito anos) e pela Institui\u00e7\u00e3o de Ensino (IF Baiano Campus Santa In\u00eas). <\/span><\/span><\/span><strong><span style=\"color: #000000\"><span style=\"font-family: Arial, sans-serif\"><span style=\"font-size: medium\"><b>O ESTAGI\u00c1RIO N\u00c3O PODER\u00c1 INICIAR <\/b><\/span><\/span><\/span><\/strong><span style=\"color: #000000\"><span style=\"font-family: Arial, sans-serif\"><span style=\"font-size: medium\">O EST\u00c1GIO ANTES QUE O REFERIDO DOCUMENTO ESTEJA <\/span><\/span><\/span><strong><span style=\"color: #000000\"><span style=\"font-family: Arial, sans-serif\"><span style=\"font-size: medium\"><b>COMPLETAMENTE PREENCHIDO <\/b><\/span><\/span><\/span><\/strong><span style=\"color: #000000\"><span style=\"font-family: Arial, sans-serif\"><span style=\"font-size: medium\">E DEVIDAMENTE <\/span><\/span><\/span><strong><span style=\"color: #000000\"><span style=\"font-family: Arial, sans-serif\"><span style=\"font-size: medium\"><b>ASSINADO POR TODOS OS RESPONS\u00c1VEIS<\/b><\/span><\/span><\/span><\/strong><span style=\"color: #000000\"><span style=\"font-family: Arial, sans-serif\"><span style=\"font-size: medium\">. Uma via deve permanecer na institui\u00e7\u00e3o (CEE), <\/span><\/span><\/span><span style=\"color: #000000\"><span style=\"font-family: Arial, sans-serif\"><span style=\"font-size: medium\">acompanhado de<\/span><\/span><\/span><span style=\"color: #000000\"><span style=\"font-family: Arial, sans-serif\"><span style=\"font-size: medium\"> uma via do plano de atividades para que sejam tomadas as provid\u00eancias para encaminhamento do Discente\/Estagi\u00e1rio para o est\u00e1gio;<\/span><\/span><\/span><\/p>\n<p style=\"text-align: justify\"><span style=\"color: #000000\"><span style=\"font-family: Arial, sans-serif\"><span style=\"font-size: medium\">6 &#8211; <\/span><a href=\"http:\/\/www.ifbaiano.edu.br\/unidades\/santaines\/files\/2011\/05\/Folha-de-frequencia.pdf\" target=\"_blank\" rel=\"noopener noreferrer\"><span style=\"font-size: medium\"><u><b>Folha de Frequ\u00eancia<\/b><\/u><\/span><\/a><span style=\"font-size: medium\"><b>:<\/b><\/span><span style=\"font-size: medium\"> Documento que registra diariamente a <\/span><span style=\"font-size: medium\">frequ\u00eancia<\/span><span style=\"font-size: medium\"> do discente\/estagi\u00e1rio no decorrer do est\u00e1gio. Esse registro ser\u00e1 utilizado para contabilizar as horas de est\u00e1gio realizadas;<\/span><\/span><\/span><\/p>\n<p style=\"text-align: justify\"><span style=\"color: #000000\"><span style=\"font-family: Arial, sans-serif\"><span style=\"font-size: medium\">7 &#8211; <a href=\"http:\/\/www.ifbaiano.edu.br\/unidades\/santaines\/files\/2011\/05\/Declaracao-da-Unidade-Concedente.pdf\" target=\"_blank\" rel=\"noopener noreferrer\"><u><b>Declara\u00e7\u00e3o da Unidade Concedente<\/b><\/u><\/a><b>: <\/b>esse documento \u00e9 destinado ao Supervisor de Est\u00e1gio e ser\u00e1 preenchido ao t\u00e9rmino do est\u00e1gio;<\/span><\/span><\/span><\/p>\n<p style=\"text-align: justify\"><span style=\"color: #000000\"><span style=\"font-family: Arial, sans-serif\"><span style=\"font-size: medium\">8 &#8211; <a href=\"http:\/\/www.ifbaiano.edu.br\/unidades\/santaines\/files\/2011\/05\/Ficha-de-Avaliacao-de-Estagio.pdf\" target=\"_blank\" rel=\"noopener noreferrer\"><u><b>Ficha de Avalia\u00e7\u00e3o de Est\u00e1gio<\/b><\/u><\/a> (Avalia\u00e7\u00e3o do Estagi\u00e1rio pela Unidade Concedente): esse documento \u00e9 destinado ao Supervisor de Est\u00e1gio na Unidade Concedente e ser\u00e1 preenchido ao t\u00e9rmino do est\u00e1gio. \u00c9 uma avalia\u00e7\u00e3o do desempenho do discente\/estagi\u00e1rio, sendo crit\u00e9rio avaliativo e imprescind\u00edvel para a aprova\u00e7\u00e3o do est\u00e1gio;<\/span><\/span><\/span><\/p>\n<p style=\"text-align: justify\"><span style=\"color: #000000\"><span style=\"font-family: Arial, sans-serif\"><span style=\"font-size: medium\">9 &#8211; <a href=\"http:\/\/www.ifbaiano.edu.br\/unidades\/santaines\/files\/2011\/05\/Declaracao-do-Professor-Orientador1.pdf\" target=\"_blank\" rel=\"noopener noreferrer\"><u><b>Declara\u00e7\u00e3o do Professor Orientador<\/b><\/u><\/a><b>:<\/b> esse documento \u00e9 destinado ao Professor Orientador (do IF Baiano Campus Santa In\u00eas). Dever\u00e1 ser entregue juntamente com o relat\u00f3rio, autorizando o discente entregar o mesmo e a realizar a Apresenta\u00e7\u00e3o Oral sobre o est\u00e1gio;<\/span><\/span><\/span><\/p>\n<p style=\"text-align: justify\"><span style=\"color: #000000\"><span style=\"font-family: Arial, sans-serif\"><span style=\"font-size: medium\">10 &#8211; <\/span><\/span><a href=\"http:\/\/www.ifbaiano.edu.br\/unidades\/santaines\/files\/2011\/05\/Termo-de-rescisao.pdf\" target=\"_blank\" rel=\"noopener noreferrer\"><span style=\"font-family: Arial, sans-serif\"><span style=\"font-size: medium\"><u><b>Termo de Rescis\u00e3o<\/b><\/u><\/span><\/span><\/a><span style=\"font-family: Arial, sans-serif\"><span style=\"font-size: medium\"><b>:<\/b><\/span><\/span><span style=\"font-family: Arial, sans-serif\"><span style=\"font-size: medium\"> esse documento refere-se \u00e0 rescis\u00e3o do est\u00e1gio, quando houver antes do per\u00edodo estipulado no Termo de Compromisso de Est\u00e1gio. Esse documento dever\u00e1 ser preenchido e assinado por todas as partes, em tr\u00eas vias e encaminhado \u00e0 NRI.<\/span><\/span><\/span><\/p>\n<p style=\"text-align: justify\"><strong><span style=\"text-decoration: underline\">Saiba mais:<\/span><\/strong><\/p>\n<ol style=\"text-align: justify\">\n<li><a href=\"http:\/\/www.ifbaiano.edu.br\/unidades\/santaines\/files\/2011\/05\/Normas-para-elaboracao-do-relatorio-de-estagio.pdf\">Normas para elabora\u00e7\u00e3o do relat\u00f3rio de Est\u00e1gio;<\/a><\/li>\n<li><a href=\"http:\/\/www.ifbaiano.edu.br\/unidades\/santaines\/files\/2018\/10\/Reformula\u00e7\u00e3o-de-Normas-e-Procedimentos-Relat\u00f3rio-de-Est\u00e1gio.pdf\">Normas para Elabora\u00e7\u00e3o do Relat\u00f3rio de Est\u00e1gio &#8211; Reformula\u00e7\u00e3o<\/a><\/li>\n<li><a href=\"http:\/\/www.ifbaiano.edu.br\/unidades\/santaines\/files\/2011\/05\/Manual-do-Estagiario.pdf\">Manual do estagi\u00e1rio;<\/a><\/li>\n<li><a href=\"http:\/\/www.ifbaiano.edu.br\/unidades\/santaines\/files\/2011\/05\/LEI-N-11.788-DE-25-DE-SETEMBRO-DE-2008..pdf\">Lei 11.788 de 25 de setembro de 2008 (Lei do Est\u00e1gio);<\/a><\/li>\n<li><a href=\"http:\/\/www.ifbaiano.edu.br\/unidades\/santaines\/files\/2011\/05\/REGULAMENTO-PROVISoRIO-DE-ESTaGIO-DO-IF-BAIANO.pdf\">Regulamento Provis\u00f3rio de Est\u00e1gio do IF Baiano;<\/a><\/li>\n<li><a href=\"http:\/\/www.ifbaiano.edu.br\/unidades\/santaines\/files\/2011\/05\/Ficha-Cadastral-do-Estagiario-e-Local-do-Estagio.pdf\" target=\"_blank\" rel=\"noopener noreferrer\">Ficha Cadastral do Estagi\u00e1rio e Local do Est\u00e1gio.<\/a><\/li>\n<\/ol>\n<hr \/>\n<p style=\"text-align: center\"><strong><b>Senhor Empres\u00e1rio e\/ou Propriet\u00e1rio rural<\/b><\/strong>,<\/p>\n<p style=\"text-align: justify\">Caso haja interesse em contratar um profissional qualificado ofere\u00e7a-lhe um est\u00e1gio, pois futuramente, este poder\u00e1 ser o profissional que sua Empresa\/Fazenda necessita. Contate-nos pelo telefone (73) 3536-1210 ou e-mail abaixo que providenciaremos seu cadastro e colocaremos sua oferta em nosso sistema.<\/p>\n<hr \/>\n<p style=\"text-align: justify\"><strong>Entre em contato conosco:<\/strong><\/p>\n<p style=\"text-align: justify\"><strong><b>N\u00facleo de Rela\u00e7\u00f5es Institucionais \u2013 NRI<\/b><\/strong><\/p>\n<p style=\"text-align: justify\"><strong><b>Tarcizio Vilas Boas Santos Silva<\/b><\/strong><\/p>\n<p style=\"text-align: justify\"><strong><b>Fone: (73)3536-1210 &#8211; Ramal 58<\/b><\/strong><\/p>\n","protected":false},"excerpt":{"rendered":"<p>Est\u00e1gio \u00e9 ato educativo escolar supervisionado, desenvolvido no ambiente de trabalho, que visa \u00e0 prepara\u00e7\u00e3o para o trabalho produtivo de educandos que estejam frequentando o ensino regular em institui\u00e7\u00f5es de educa\u00e7\u00e3o superior, de educa\u00e7\u00e3o profissional, de ensino m\u00e9dio, da educa\u00e7\u00e3o especial e dos anos finais do ensino fundamental, na modalidade profissional da educa\u00e7\u00e3o de jovens [&hellip;]<\/p>\n","protected":false},"author":1,"featured_media":0,"parent":0,"menu_order":0,"comment_status":"closed","ping_status":"closed","template":"","meta":[],"_links":{"self":[{"href":"https:\/\/www.ifbaiano.edu.br\/unidades\/santaines\/wp-json\/wp\/v2\/pages\/123"}],"collection":[{"href":"https:\/\/www.ifbaiano.edu.br\/unidades\/santaines\/wp-json\/wp\/v2\/pages"}],"about":[{"href":"https:\/\/www.ifbaiano.edu.br\/unidades\/santaines\/wp-json\/wp\/v2\/types\/page"}],"author":[{"embeddable":true,"href":"https:\/\/www.ifbaiano.edu.br\/unidades\/santaines\/wp-json\/wp\/v2\/users\/1"}],"replies":[{"embeddable":true,"href":"https:\/\/www.ifbaiano.edu.br\/unidades\/santaines\/wp-json\/wp\/v2\/comments?post=123"}],"version-history":[{"count":19,"href":"https:\/\/www.ifbaiano.edu.br\/unidades\/santaines\/wp-json\/wp\/v2\/pages\/123\/revisions"}],"predecessor-version":[{"id":17443,"href":"https:\/\/www.ifbaiano.edu.br\/unidades\/santaines\/wp-json\/wp\/v2\/pages\/123\/revisions\/17443"}],"wp:attachment":[{"href":"https:\/\/www.ifbaiano.edu.br\/unidades\/santaines\/wp-json\/wp\/v2\/media?parent=123"}],"curies":[{"name":"wp","href":"https:\/\/api.w.org\/{rel}","templated":true}]}}