{"id":125,"date":"2011-05-19T16:44:38","date_gmt":"2011-05-19T19:44:38","guid":{"rendered":"http:\/\/localhost\/unidades\/bonfim\/?page_id=125"},"modified":"2019-03-18T12:53:23","modified_gmt":"2019-03-18T15:53:23","slug":"alunos-assistencia-estudantil","status":"publish","type":"page","link":"https:\/\/www.ifbaiano.edu.br\/unidades\/santaines\/alunos-assistencia-estudantil\/","title":{"rendered":"Assist\u00eancia Estudantil"},"content":{"rendered":"<hr \/>\n<table width=\"100%\" cellspacing=\"0\" cellpadding=\"4\">\n<colgroup>\n<col width=\"256*\" \/> <\/colgroup>\n<tbody>\n<tr>\n<td valign=\"top\" width=\"100%\">\u00a0<img decoding=\"async\" loading=\"lazy\" class=\"alignnone wp-image-9187\" src=\"http:\/\/www.ifbaiano.edu.br\/unidades\/santaines\/files\/2011\/05\/Assist\u00eancia-Estudantil1-1.jpg\" alt=\"Assist\u00eancia Estudantil1\" width=\"796\" height=\"296\" \/><\/td>\n<\/tr>\n<\/tbody>\n<\/table>\n<hr \/>\n<p style=\"text-align: justify\">A Assist\u00eancia Estudantil vislumbra o desenvolvimento de programas e linhas de a\u00e7\u00f5es, com vistas \u00e0 implementa\u00e7\u00e3o de uma Pol\u00edtica de Assist\u00eancia Estudantil que assegure ao estudante do IF Baiano acesso, perman\u00eancia e \u00eaxito no seu percurso educacional, enquanto cidad\u00e3o em processo de desenvolvimento, propiciando-lhe o exerc\u00edcio pleno de sua cidadania.<\/p>\n<p style=\"text-align: justify\">Conhe\u00e7a a\u00a0<a href=\"http:\/\/ifbaiano.edu.br\/portal\/ensino\/wp-content\/uploads\/sites\/2\/2017\/01\/Resolu%C3%A7%C3%A3o-64-2016_Aprova-a-Institui%C3%A7%C3%A3o-da-Pol%C3%ADtica-Estudantil.pdf\" target=\"_blank\">Pol\u00edtica de Assist\u00eancia Estudantil<\/a>\u00a0do IF Baiano.<\/p>\n<hr \/>\n<p style=\"text-align: justify\"><a href=\"http:\/\/www.ifbaiano.edu.br\/unidades\/santaines\/files\/2019\/03\/RECURSO-ASSIST\u00caNCIA-ESTUDANTIL-2019.pdf\"><span style=\"text-decoration: underline\">RECURSOS DE ASSIST\u00caNCIA ESTUDANTIL &#8211; ANO 2019<\/span><\/a><\/p>\n<hr \/>\n<p>Fonte:\u00a0http:\/\/ifbaiano.edu.br\/portal\/estudante\/assistencia-estudantil\/<\/p>\n<hr \/>\n<p><a href=\"http:\/\/www.ifbaiano.edu.br\/unidades\/santaines\/files\/2017\/08\/Perguntas-e-Respostas-LIVRO-pdf.pdf\" target=\"_blank\">Perguntas frequentes sobre Pol\u00edtica de Assist\u00eancia Estudantil<\/a><\/p>\n<h3>Fique por dentro dos Programas de Assist\u00eancia ao Estudante ofertados pelo IF Baiano Campus Santa In\u00eas:<\/h3>\n<p><a href=\"http:\/\/www.ifbaiano.edu.br\/unidades\/santaines\/programa-de-assistencia-e-inclusao-social-do-estudante-paise\/\" target=\"_blank\">Programa de Assist\u00eancia e Inclus\u00e3o Social do Estudante (PAISE);<\/a><br \/>\n<a href=\"http:\/\/www.ifbaiano.edu.br\/unidades\/santaines\/programa-de-incentivo-a-participacao-politico-academica-propac\/\" target=\"_blank\">Programa de Incentivo \u00e0 Participa\u00e7\u00e3o Pol\u00edtico Acad\u00eamica (PROPAC);<\/a><br \/>\n<a href=\"http:\/\/www.ifbaiano.edu.br\/unidades\/santaines\/programa-de-incentivo-a-cultura-esporte-e-lazer-pincel\/\" target=\"_blank\">Programa de Incentivo \u00e0 Cultura, Esporte e Lazer (PINCEL);<\/a><br \/>\n<a href=\"http:\/\/www.ifbaiano.edu.br\/unidades\/santaines\/programa-de-prevencao-e-assistencia-a-saude-pro-saude\/\" target=\"_blank\">Programa de Preven\u00e7\u00e3o e Assist\u00eancia \u00e0 Sa\u00fade (PR\u00d3-SA\u00daDE);<\/a><br \/>\n<a href=\"http:\/\/www.ifbaiano.edu.br\/unidades\/santaines\/programa-de-acompanhamento-psicossocial-e-pedagogico-proap\/\" target=\"_blank\">Programa de Acompanhamento Psicossocial e Pedag\u00f3gico (PROAP);<\/a><br \/>\n<a href=\"http:\/\/www.ifbaiano.edu.br\/unidades\/santaines\/residencia-estudantil\/\" target=\"_blank\">Programa de Resid\u00eancia Estudantil;<\/a><br \/>\n<a href=\"http:\/\/www.ifbaiano.edu.br\/unidades\/santaines\/programa-de-alimentacao-estudantil\/\" target=\"_blank\">Programa de Alimenta\u00e7\u00e3o Estudantil.<\/a><\/p>\n<hr \/>\n<p>Entre em contato com a Coordena\u00e7\u00e3o de Assuntos Estudantis &#8211; CAE &#8211;\u00a0Campus Santa In\u00eas<\/p>\n<p>Coordenador: \u00c2ngelo Francisco de Souza Andrade<\/p>\n<p>Telefone: (73) 3536-1210 &#8211; Ramal: 17<\/p>\n<p>E-mail:\u00a0 cae@si.ifbaiano.edu.br<\/p>\n<hr \/>\n<p style=\"text-align: justify\">\n","protected":false},"excerpt":{"rendered":"<p>\u00a0 A Assist\u00eancia Estudantil vislumbra o desenvolvimento de programas e linhas de a\u00e7\u00f5es, com vistas \u00e0 implementa\u00e7\u00e3o de uma Pol\u00edtica de Assist\u00eancia Estudantil que assegure ao estudante do IF Baiano acesso, perman\u00eancia e \u00eaxito no seu percurso educacional, enquanto cidad\u00e3o em processo de desenvolvimento, propiciando-lhe o exerc\u00edcio pleno de sua cidadania. Conhe\u00e7a a\u00a0Pol\u00edtica de Assist\u00eancia [&hellip;]<\/p>\n","protected":false},"author":1,"featured_media":0,"parent":0,"menu_order":0,"comment_status":"closed","ping_status":"closed","template":"","meta":[],"_links":{"self":[{"href":"https:\/\/www.ifbaiano.edu.br\/unidades\/santaines\/wp-json\/wp\/v2\/pages\/125"}],"collection":[{"href":"https:\/\/www.ifbaiano.edu.br\/unidades\/santaines\/wp-json\/wp\/v2\/pages"}],"about":[{"href":"https:\/\/www.ifbaiano.edu.br\/unidades\/santaines\/wp-json\/wp\/v2\/types\/page"}],"author":[{"embeddable":true,"href":"https:\/\/www.ifbaiano.edu.br\/unidades\/santaines\/wp-json\/wp\/v2\/users\/1"}],"replies":[{"embeddable":true,"href":"https:\/\/www.ifbaiano.edu.br\/unidades\/santaines\/wp-json\/wp\/v2\/comments?post=125"}],"version-history":[{"count":17,"href":"https:\/\/www.ifbaiano.edu.br\/unidades\/santaines\/wp-json\/wp\/v2\/pages\/125\/revisions"}],"predecessor-version":[{"id":16884,"href":"https:\/\/www.ifbaiano.edu.br\/unidades\/santaines\/wp-json\/wp\/v2\/pages\/125\/revisions\/16884"}],"wp:attachment":[{"href":"https:\/\/www.ifbaiano.edu.br\/unidades\/santaines\/wp-json\/wp\/v2\/media?parent=125"}],"curies":[{"name":"wp","href":"https:\/\/api.w.org\/{rel}","templated":true}]}}