{"id":12826,"date":"2019-11-04T14:28:28","date_gmt":"2019-11-04T17:28:28","guid":{"rendered":"http:\/\/www.ifbaiano.edu.br\/unidades\/santaines\/?page_id=12826"},"modified":"2021-05-27T19:32:15","modified_gmt":"2021-05-27T22:32:15","slug":"modalidade-tomada-de-precos-2019","status":"publish","type":"page","link":"https:\/\/www.ifbaiano.edu.br\/unidades\/santaines\/modalidade-tomada-de-precos-2019\/","title":{"rendered":"Modalidade &#8211; Tomada de Pre\u00e7os 2019"},"content":{"rendered":"\n<p><strong>Tomada de Pre\u00e7os 01\/2018 &#8211;<\/strong> Contrata\u00e7\u00e3o de empresa especializada para execu\u00e7\u00e3o de servi\u00e7os, incluindo todos os materiais, m\u00e3o de obra e equipamentos necess\u00e1rios, para reforma e adequa\u00e7\u00f5es de acessibilidades nos ambientes e edifica\u00e7\u00f5es existentes no Instituto Federal de Educa\u00e7\u00e3o, Ci\u00eancia e Tecnologia Baiano &#8211; Campus Santa In\u00eas, mediante regime Empreitada por Pre\u00e7o Unit\u00e1rio, conforme especifica\u00e7\u00f5es constantes no Projeto B\u00e1sico. <\/p>\n\n\n\n<p><a href=\"http:\/\/www.comprasnet.gov.br\/acesso.asp?url=\/edital-158277-2-00001-2018\">Edital Tomada de Pre\u00e7os 01-2018.<\/a><\/p>\n\n\n\n<p><a href=\"https:\/\/www2.comprasnet.gov.br\/siasgnet-sp\/cabecalhoLicitacao.do?method=visualizarLicitacao&amp;codigoLicitacao=36724\">Resultado<\/a><\/p>\n\n\n\n<p><a href=\"https:\/\/www.ifbaiano.edu.br\/unidades\/santaines\/files\/2021\/05\/Contrato-14.2019-Ribeiro-Reis.pdf\">Contrato 14\/2019 &#8211; Ribeiro Reis<\/a><\/p>\n\n\n\n<p><a href=\"https:\/\/www.ifbaiano.edu.br\/unidades\/santaines\/files\/2021\/05\/1o-Termo-Aditivo-ao-Contrato-14.2019-RIBEIRO-REIS.pdf\">1\u00ba Termo Aditivo ao Contrato 14\/2019 &#8211; Ribeiro Reis<\/a><\/p>\n\n\n\n<p><a href=\"https:\/\/www.ifbaiano.edu.br\/unidades\/santaines\/files\/2021\/05\/2o-Termo-Aditivo-contrato-14.2019-RIBEIRO-REIS.pdf\">2\u00ba Termo Aditivo ao Contrato 14\/2019 &#8211; Ribeiro Reis<\/a><\/p>\n\n\n\n<p><a href=\"https:\/\/www.ifbaiano.edu.br\/unidades\/santaines\/files\/2021\/05\/Extrato-de-Aditivo-no-02-Ribeiro-reis.pdf\">Extrato de Aditivo n\u00ba 02 &#8211;\u00a0Ribeiro Reis<\/a><\/p>\n\n\n\n<hr class=\"wp-block-separator\" \/>\n","protected":false},"excerpt":{"rendered":"<p>Tomada de Pre\u00e7os 01\/2018 &#8211; Contrata\u00e7\u00e3o de empresa especializada para execu\u00e7\u00e3o de servi\u00e7os, incluindo todos os materiais, m\u00e3o de obra e equipamentos necess\u00e1rios, para reforma e adequa\u00e7\u00f5es de acessibilidades nos ambientes e edifica\u00e7\u00f5es existentes no Instituto Federal de Educa\u00e7\u00e3o, Ci\u00eancia e Tecnologia Baiano &#8211; Campus Santa In\u00eas, mediante regime Empreitada por Pre\u00e7o Unit\u00e1rio, conforme especifica\u00e7\u00f5es [&hellip;]<\/p>\n","protected":false},"author":86,"featured_media":0,"parent":0,"menu_order":0,"comment_status":"closed","ping_status":"closed","template":"","meta":[],"_links":{"self":[{"href":"https:\/\/www.ifbaiano.edu.br\/unidades\/santaines\/wp-json\/wp\/v2\/pages\/12826"}],"collection":[{"href":"https:\/\/www.ifbaiano.edu.br\/unidades\/santaines\/wp-json\/wp\/v2\/pages"}],"about":[{"href":"https:\/\/www.ifbaiano.edu.br\/unidades\/santaines\/wp-json\/wp\/v2\/types\/page"}],"author":[{"embeddable":true,"href":"https:\/\/www.ifbaiano.edu.br\/unidades\/santaines\/wp-json\/wp\/v2\/users\/86"}],"replies":[{"embeddable":true,"href":"https:\/\/www.ifbaiano.edu.br\/unidades\/santaines\/wp-json\/wp\/v2\/comments?post=12826"}],"version-history":[{"count":3,"href":"https:\/\/www.ifbaiano.edu.br\/unidades\/santaines\/wp-json\/wp\/v2\/pages\/12826\/revisions"}],"predecessor-version":[{"id":15079,"href":"https:\/\/www.ifbaiano.edu.br\/unidades\/santaines\/wp-json\/wp\/v2\/pages\/12826\/revisions\/15079"}],"wp:attachment":[{"href":"https:\/\/www.ifbaiano.edu.br\/unidades\/santaines\/wp-json\/wp\/v2\/media?parent=12826"}],"curies":[{"name":"wp","href":"https:\/\/api.w.org\/{rel}","templated":true}]}}