{"id":13239,"date":"2020-02-20T13:14:04","date_gmt":"2020-02-20T16:14:04","guid":{"rendered":"https:\/\/www.ifbaiano.edu.br\/unidades\/santaines\/?page_id=13239"},"modified":"2025-12-09T07:53:15","modified_gmt":"2025-12-09T10:53:15","slug":"curso-tecnico-em-agropecuaria","status":"publish","type":"page","link":"https:\/\/www.ifbaiano.edu.br\/unidades\/santaines\/curso-tecnico-em-agropecuaria\/","title":{"rendered":"Curso T\u00e9cnico em Agropecu\u00e1ria"},"content":{"rendered":"\n<p class=\"has-background has-medium-font-size\" style=\"background-color:#ebebeb;border-top:4px solid #36b139\"><strong>Sobre<\/strong><\/p>\n\n\n\n<p>O Curso T\u00e9cnico em Agropecu\u00e1ria tem o objetivo de formar profissionais t\u00e9cnicos de n\u00edvel m\u00e9dio da \u00e1rea Profissional Agropecu\u00e1ria, de acordo com as tend\u00eancias da regi\u00e3o e em conson\u00e2ncia com as demandas dos setores produtivos, com compet\u00eancias e habilidades voltadas para o desenvolvimento e oferta de solu\u00e7\u00f5es no seu contexto de trabalho, considerando os diferentes patamares tecnol\u00f3gicos, orientando atividades agropecu\u00e1rias economicamente vi\u00e1veis e de menor impacto ambiental, garantindo assim a sustentabilidade dos sistemas produtivos e promo\u00e7\u00e3o do desenvolvimento rural.<\/p>\n\n\n\n<p>O curso ocorre na modalidade presencial, funcionando no per\u00edodo diurno integral, com carga hor\u00e1ria total de 3.510 horas, com dura\u00e7\u00e3o m\u00ednima de 3 anos. <\/p>\n\n\n\n<p>Possui um corpo docente e de t\u00e9cnico-administrativos de excel\u00eancia.<\/p>\n\n\n\n<hr class=\"wp-block-separator has-css-opacity\" \/>\n\n\n\n<p class=\"has-background has-medium-font-size\" style=\"background-color:#ebebeb;border-top:4px solid #36b139\"><strong>Informes<\/strong><\/p>\n\n\n<p>.<\/p>\n\n\n<hr class=\"wp-block-separator has-css-opacity\" \/>\n\n\n\n<p class=\"has-background has-medium-font-size\" style=\"background-color:#ebebeb;border-top:4px solid #36b139\"><strong>Documentos<\/strong><\/p>\n\n\n\n<ul>\n<li><a href=\"https:\/\/www.ifbaiano.edu.br\/unidades\/santaines\/files\/2022\/09\/PPC-AGROPECUARIA.pdf\">Projeto Pedag\u00f3gico do Curso &#8211; PPC<\/a><\/li>\n\n\n\n<li><a href=\"https:\/\/www.ifbaiano.edu.br\/unidades\/santaines\/base-juridica-da-estrutura-organizacional-e-das-competencias\/\">Regulamentos Institucionais<\/a><\/li>\n\n\n\n<li><a href=\"https:\/\/www.ifbaiano.edu.br\/unidades\/santaines\/ce-coordenacao-de-ensino\/\">Calend\u00e1rio Acad\u00eamicos<\/a><\/li>\n\n\n\n<li><a href=\"https:\/\/www.ifbaiano.edu.br\/unidades\/santaines\/files\/2025\/07\/Horario-Turmas-Agropecuaria.pdf\">Hor\u00e1rios de Aulas<\/a><\/li>\n<\/ul>\n\n\n<hr>\n\n\n<p class=\"has-background has-medium-font-size\" style=\"background-color:#ebebeb;border-top:4px solid #36b139\"><strong>Contato<\/strong><\/p>\n\n\n\n<p><br><strong>HILDON OLIVEIRA SANTIAGO CARADE<\/strong><\/p>\n\n\n\n<p><strong>Coordena\u00e7\u00e3o do Curso&nbsp;\u2013&nbsp;Campus Santa In\u00eas<\/strong><\/p>\n\n\n\n<p>E-mail: integrado.agropecuaria@si.ifbaiano.edu.br<\/p>\n","protected":false},"excerpt":{"rendered":"<p>Sobre O Curso T\u00e9cnico em Agropecu\u00e1ria tem o objetivo de formar profissionais t\u00e9cnicos de n\u00edvel m\u00e9dio da \u00e1rea Profissional Agropecu\u00e1ria, de acordo com as tend\u00eancias da regi\u00e3o e em conson\u00e2ncia com as demandas dos setores produtivos, com compet\u00eancias e habilidades voltadas para o desenvolvimento e oferta de solu\u00e7\u00f5es no seu contexto de trabalho, considerando os [&hellip;]<\/p>\n","protected":false},"author":86,"featured_media":0,"parent":0,"menu_order":0,"comment_status":"closed","ping_status":"closed","template":"","meta":[],"_links":{"self":[{"href":"https:\/\/www.ifbaiano.edu.br\/unidades\/santaines\/wp-json\/wp\/v2\/pages\/13239"}],"collection":[{"href":"https:\/\/www.ifbaiano.edu.br\/unidades\/santaines\/wp-json\/wp\/v2\/pages"}],"about":[{"href":"https:\/\/www.ifbaiano.edu.br\/unidades\/santaines\/wp-json\/wp\/v2\/types\/page"}],"author":[{"embeddable":true,"href":"https:\/\/www.ifbaiano.edu.br\/unidades\/santaines\/wp-json\/wp\/v2\/users\/86"}],"replies":[{"embeddable":true,"href":"https:\/\/www.ifbaiano.edu.br\/unidades\/santaines\/wp-json\/wp\/v2\/comments?post=13239"}],"version-history":[{"count":40,"href":"https:\/\/www.ifbaiano.edu.br\/unidades\/santaines\/wp-json\/wp\/v2\/pages\/13239\/revisions"}],"predecessor-version":[{"id":26546,"href":"https:\/\/www.ifbaiano.edu.br\/unidades\/santaines\/wp-json\/wp\/v2\/pages\/13239\/revisions\/26546"}],"wp:attachment":[{"href":"https:\/\/www.ifbaiano.edu.br\/unidades\/santaines\/wp-json\/wp\/v2\/media?parent=13239"}],"curies":[{"name":"wp","href":"https:\/\/api.w.org\/{rel}","templated":true}]}}