{"id":13248,"date":"2020-02-20T11:36:14","date_gmt":"2020-02-20T14:36:14","guid":{"rendered":"https:\/\/www.ifbaiano.edu.br\/unidades\/santaines\/?page_id=13248"},"modified":"2020-06-23T15:52:07","modified_gmt":"2020-06-23T18:52:07","slug":"cursos-ead","status":"publish","type":"page","link":"https:\/\/www.ifbaiano.edu.br\/unidades\/santaines\/cursos-ead\/","title":{"rendered":"Cursos de Educa\u00e7\u00e3o \u00e0 Dist\u00e2ncia &#8211; EaD"},"content":{"rendered":"\n<p>Os cursos de Educa\u00e7\u00e3o \u00e0 dist\u00e2ncia (EaD) no Campus Santa In\u00eas seguem as diretrizes da Diretoria de Educa\u00e7\u00e3o \u00e0 Dist\u00e2ncia do IF Baiano, por este motivo a oferta de novas turma segue um calend\u00e1rio unificado para todos os Polos (Local onde est\u00e1 a turma EaD).<\/p>\n\n\n\n<p>Todos os Polos s\u00e3o vinculados a um Campus de origem. Exemplo: &nbsp;o Polo Santa In\u00eas e o Polo Marac\u00e1s respondem ao Campus Santa In\u00eas<\/p>\n\n\n\n<p><strong>Em 2019 foram ofertados os seguintes cursos:<\/strong><\/p>\n\n\n\n<p class=\"has-text-color has-vivid-cyan-blue-color\">Clique na respectiva imagem para saber mais sobre o curso.<\/p>\n\n\n\n<figure class=\"wp-block-image size-large\"><a href=\"https:\/\/www.ifbaiano.edu.br\/unidades\/santaines\/curso-tecnico-subsequente-em-secretaria-escolar-ead\/\"><img decoding=\"async\" loading=\"lazy\" width=\"800\" height=\"200\" src=\"https:\/\/www.ifbaiano.edu.br\/unidades\/santaines\/files\/2020\/06\/imagem-destaque-secretaria-escolar-santa-ines.png\" alt=\"\" class=\"wp-image-13712\" \/><\/a><figcaption> <strong>Curso T\u00e9cnico Subsequente em Secretaria Escolar<\/strong> <\/figcaption><\/figure>\n\n\n<hr>\n\n\n<figure class=\"wp-block-image size-large\"><a href=\"https:\/\/www.ifbaiano.edu.br\/unidades\/santaines\/cursos-de-educacao-a-distancia-ead\/\"><img decoding=\"async\" loading=\"lazy\" width=\"800\" height=\"200\" src=\"https:\/\/www.ifbaiano.edu.br\/unidades\/santaines\/files\/2020\/06\/imagem-destaque-vendas-santa-ines-1.png\" alt=\"\" class=\"wp-image-13711\" \/><\/a><figcaption> <strong>Curso&nbsp; T\u00e9cnico em Vendas<\/strong> <\/figcaption><\/figure>\n","protected":false},"excerpt":{"rendered":"<p>Os cursos de Educa\u00e7\u00e3o \u00e0 dist\u00e2ncia (EaD) no Campus Santa In\u00eas seguem as diretrizes da Diretoria de Educa\u00e7\u00e3o \u00e0 Dist\u00e2ncia do IF Baiano, por este motivo a oferta de novas turma segue um calend\u00e1rio unificado para todos os Polos (Local onde est\u00e1 a turma EaD). Todos os Polos s\u00e3o vinculados a um Campus de origem. [&hellip;]<\/p>\n","protected":false},"author":7,"featured_media":0,"parent":0,"menu_order":0,"comment_status":"closed","ping_status":"closed","template":"","meta":[],"_links":{"self":[{"href":"https:\/\/www.ifbaiano.edu.br\/unidades\/santaines\/wp-json\/wp\/v2\/pages\/13248"}],"collection":[{"href":"https:\/\/www.ifbaiano.edu.br\/unidades\/santaines\/wp-json\/wp\/v2\/pages"}],"about":[{"href":"https:\/\/www.ifbaiano.edu.br\/unidades\/santaines\/wp-json\/wp\/v2\/types\/page"}],"author":[{"embeddable":true,"href":"https:\/\/www.ifbaiano.edu.br\/unidades\/santaines\/wp-json\/wp\/v2\/users\/7"}],"replies":[{"embeddable":true,"href":"https:\/\/www.ifbaiano.edu.br\/unidades\/santaines\/wp-json\/wp\/v2\/comments?post=13248"}],"version-history":[{"count":6,"href":"https:\/\/www.ifbaiano.edu.br\/unidades\/santaines\/wp-json\/wp\/v2\/pages\/13248\/revisions"}],"predecessor-version":[{"id":26494,"href":"https:\/\/www.ifbaiano.edu.br\/unidades\/santaines\/wp-json\/wp\/v2\/pages\/13248\/revisions\/26494"}],"wp:attachment":[{"href":"https:\/\/www.ifbaiano.edu.br\/unidades\/santaines\/wp-json\/wp\/v2\/media?parent=13248"}],"curies":[{"name":"wp","href":"https:\/\/api.w.org\/{rel}","templated":true}]}}