{"id":13346,"date":"2020-03-11T10:27:24","date_gmt":"2020-03-11T13:27:24","guid":{"rendered":"https:\/\/www.ifbaiano.edu.br\/unidades\/santaines\/?page_id=13346"},"modified":"2025-10-07T17:11:36","modified_gmt":"2025-10-07T20:11:36","slug":"modalidade-pregao-eletronico-2020","status":"publish","type":"page","link":"https:\/\/www.ifbaiano.edu.br\/unidades\/santaines\/modalidade-pregao-eletronico-2020\/","title":{"rendered":"Modalidade \u2013 Preg\u00e3o Eletr\u00f4nico 2020"},"content":{"rendered":"\n<p><\/p>\n\n\n\n<hr class=\"wp-block-separator has-css-opacity\" \/>\n\n\n\n<p><strong>Preg\u00e3o 01\/2020<\/strong>&nbsp;\u2013&nbsp; Registro de pre\u00e7os para eventual contrata\u00e7\u00e3o de empresa especializada na  presta\u00e7\u00e3o de servi\u00e7os de recarga e revalida\u00e7\u00e3o dos extintores de  inc\u00eandio do Instituto Federal de Educa\u00e7\u00e3o, Ci\u00eancia e Tecnologia Baiano &#8211;  Campus Santa In\u00eas <\/p>\n\n\n\n<p><a href=\"http:\/\/www.comprasnet.gov.br\/acesso.asp?url=\/edital-158277-5-00001-2020\">Edital Preg\u00e3o Eletr\u00f4nico 01\/2020<\/a><\/p>\n\n\n\n<p><a href=\"http:\/\/www.comprasnet.gov.br\/livre\/pregao\/ata2.asp?co_no_uasg=158277&amp;numprp=12020&amp;Seq=1\">Resultado por Fornecedor<\/a><\/p>\n\n\n\n<p><a href=\"https:\/\/www.ifbaiano.edu.br\/unidades\/santaines\/files\/2020\/07\/Ata-de-Registro-de-Precos-_-Pregao-01-2020.pdf\">Ata de Registro de Pre\u00e7os<\/a><\/p>\n\n\n\n<p><a href=\"https:\/\/www.ifbaiano.edu.br\/unidades\/santaines\/files\/2020\/07\/Nota-de-Empenho-Pregao-01_2020.pdf\">Nota de Empenho<\/a><\/p>\n\n\n\n<p><a href=\"https:\/\/www.ifbaiano.edu.br\/unidades\/santaines\/files\/2020\/07\/Contrato-Preg\u00e3o-0_2020.pdf\">Contrato<\/a><\/p>\n\n\n\n<hr class=\"wp-block-separator has-css-opacity\" \/>\n\n\n<p><!--StartFragment--><\/p>\n\n\n<p><strong>Preg\u00e3o 02\/2020<\/strong>&nbsp;\u2013&nbsp;  Aquisi\u00e7\u00e3o de equipamentos para atender a demanda do Instituto Federal Baiano &#8211; Campus Santa In\u00eas. <\/p>\n\n\n\n<p><a href=\"http:\/\/www.comprasnet.gov.br\/acesso.asp?url=\/edital-158277-5-00002-2020\">Edital Preg\u00e3o Eletr\u00f4nico 02\/2020<\/a><\/p>\n\n\n\n<p><a href=\"http:\/\/www.comprasnet.gov.br\/livre\/pregao\/ata2.asp?co_no_uasg=158277&amp;numprp=22020&amp;Seq=1\">Resultado por Fornecedor<\/a><\/p>\n\n\n\n<hr class=\"wp-block-separator has-css-opacity\" \/>\n\n\n<p><!--EndFragment--><\/p>\n\n\n<p><strong>Preg\u00e3o 03\/2020<\/strong>&nbsp;\u2013&nbsp;   Registro de pre\u00e7os para eventual aquisi\u00e7\u00e3o de equipamentos de cozinha industrial para atender a demanda do N\u00facleo de Nutri\u00e7\u00e3o e Sa\u00fade do Instituto Federal Baiano &#8211; Campus Santa In\u00eas. <\/p>\n\n\n\n<p><a href=\"http:\/\/www.comprasnet.gov.br\/acesso.asp?url=\/edital-158277-5-00003-2020\">Edital de Preg\u00e3o Eletr\u00f4nico 03\/2020<\/a>  <\/p>\n\n\n\n<p><a href=\"http:\/\/www.comprasnet.gov.br\/livre\/pregao\/ata2.asp?co_no_uasg=158277&amp;numprp=32020&amp;Seq=1\">Resultado por Fornecedor<\/a><\/p>\n\n\n\n<p> <a href=\"https:\/\/www.ifbaiano.edu.br\/unidades\/santaines\/files\/2020\/10\/Extrato-Atas-Preg\u00e3o-03.2020.pdf\">Extrato de Registro de Pre\u00e7os <\/a><\/p>\n\n\n\n<p><a href=\"https:\/\/www.ifbaiano.edu.br\/unidades\/santaines\/files\/2020\/10\/Ata-de-Registro-de-Pre\u00e7os-02.2020-DANFESSI.pdf\">Ata de Registro de Pre\u00e7os n\u00ba 02<\/a><\/p>\n\n\n\n<p> <a href=\"https:\/\/www.ifbaiano.edu.br\/unidades\/santaines\/files\/2020\/10\/Ata-de-Registro-de-Pre\u00e7os-03.2020-VALDANHA.pdf\">Ata de Registro de Pre\u00e7os n\u00ba 03 <\/a><\/p>\n\n\n\n<p> <a href=\"http:\/\/Ata de Registro de Pre\u00e7os 04.2020 - SIS COMERCIO\">Ata de Registro de Pre\u00e7os n\u00ba 04 <\/a><\/p>\n\n\n\n<p> <a href=\"https:\/\/www.ifbaiano.edu.br\/unidades\/santaines\/files\/2020\/10\/Ata-de-Registro-de-Pre\u00e7os-05.2020-OMEGA.pdf\">Ata de Registro de Pre\u00e7os n\u00ba 05 <\/a><\/p>\n\n\n\n<p><a href=\"https:\/\/www.ifbaiano.edu.br\/unidades\/santaines\/files\/2020\/10\/Ata-de-Registro-de-Pre\u00e7os-06.2020-ARIANE.pdf\">Ata de Registro de Pre\u00e7os n\u00ba 06 <\/a><\/p>\n\n\n\n<p> <a href=\"https:\/\/www.ifbaiano.edu.br\/unidades\/santaines\/files\/2020\/10\/Ata-de-Registro-de-Pre\u00e7os-07.2020-CIRURGICAS-MULLET.pdf\">Ata de Registro de Pre\u00e7os n\u00ba 07<\/a><\/p>\n\n\n\n<p> <a href=\"https:\/\/www.ifbaiano.edu.br\/unidades\/santaines\/files\/2020\/10\/Ata-de-Registro-de-Pre\u00e7os-08.2020-ARTFRIO.pdf\">Ata de Registro de Pre\u00e7os n\u00ba 08<\/a> <\/p>\n\n\n\n<hr class=\"wp-block-separator has-css-opacity\" \/>\n\n\n\n<p><strong>Preg\u00e3o 04\/2020<\/strong>&nbsp;\u2013&nbsp;    Registro de pre\u00e7os para eventual aquisi\u00e7\u00e3o de computadores e nobreaks destinados aos laborat\u00f3rios de aulas do Curso T\u00e9cnico em Inform\u00e1tica do IF Baiano Campus Santa In\u00eas.  <\/p>\n\n\n\n<p><a href=\"http:\/\/www.comprasnet.gov.br\/acesso.asp?url=\/edital-158277-5-00004-2020\">Edital de Preg\u00e3o Eletr\u00f4nico 04\/2020<\/a> <\/p>\n\n\n\n<p><a href=\"https:\/\/www.ifbaiano.edu.br\/unidades\/santaines\/files\/2020\/07\/Documento-de-Oficializacao-da-Demanda_17_10_2019.pdf\">Documento de Oficializa\u00e7\u00e3o da Demanda<\/a><\/p>\n\n\n\n<p><a href=\"https:\/\/www.ifbaiano.edu.br\/unidades\/santaines\/files\/2020\/07\/Estudo-Tecnico-Preliminar-da-Contratacao_29_06_2020.pdf\">Estudo T\u00e9cnico Preliminar<\/a><\/p>\n\n\n\n<p><a href=\"https:\/\/comprasnet.gov.br\/livre\/Pregao\/FornecedorResultadoDecreto.asp?prgcod=862687&amp;f_lstSrp=&amp;f_Uf=&amp;f_numPrp=42020&amp;f_coduasg=158277&amp;f_codMod=5&amp;f_tpPregao=E&amp;f_lstICMS=&amp;f_dtAberturaIni=&amp;f_dtAberturaFim=\">Resultado por Fornecedor<\/a> <\/p>\n\n\n\n<p><a href=\"https:\/\/www.ifbaiano.edu.br\/unidades\/santaines\/files\/2025\/10\/EXTRATO-DE-REGISTRO-DE-PRECOS-UASG-158277-DOU-Imprensa-Nacional.pdf\">Extrato de Registro de Pre\u00e7os<\/a><\/p>\n\n\n\n<p><a href=\"https:\/\/www.ifbaiano.edu.br\/unidades\/santaines\/files\/2020\/10\/Ata-de-Registro-de-Pre\u00e7os-09.2020-INFORMATICA.pdf\">Ata de Registro de Pre\u00e7os n\u00ba 09<\/a> <\/p>\n\n\n\n<p><a href=\"https:\/\/www.ifbaiano.edu.br\/unidades\/santaines\/files\/2020\/10\/Ata-de-Registro-de-Pre\u00e7os-10.2020-INFORMATICA.pdf\">Ata de Registro de Pre\u00e7os n\u00ba 10<\/a><\/p>\n\n\n\n<p><a href=\"http:\/\/Ata de Registro de Pre\u00e7os 11.2020 - MIDAS INFORMATICA\">Ata de Registro de Pre\u00e7os n\u00ba 11<\/a><\/p>\n\n\n\n<hr class=\"wp-block-separator has-css-opacity\" \/>\n\n\n\n<p><strong><br>Preg\u00e3o 05\/2020<\/strong>&nbsp;\u2013&nbsp;    Aquisi\u00e7\u00e3o com instala\u00e7\u00e3o de janelas de vidro para os alojamentos masculino e feminino, assim como substitui\u00e7\u00e3o de janelas dos blocos de salas de aula do IF Baiano &#8211; Campus Santa In\u00eas. <\/p>\n\n\n\n<p><a href=\"http:\/\/comprasnet.gov.br\/ConsultaLicitacoes\/download\/download_editais_detalhe.asp?coduasg=158277&amp;modprp=5&amp;numprp=52020\">Edital de Preg\u00e3o Eletr\u00f4nico 05\/2020  <\/a><\/p>\n\n\n\n<p><a href=\"http:\/\/comprasnet.gov.br\/livre\/pregao\/ata2.asp?co_no_uasg=158277&amp;numprp=52020&amp;f_lstSrp=&amp;f_Uf=&amp;f_numPrp=52020&amp;f_codUasg=158277&amp;f_tpPregao=E&amp;f_lstICMS=&amp;f_dtAberturaIni=&amp;f_dtAberturaFim=\">Resultado por Fornecedor<\/a><\/p>\n\n\n\n<hr class=\"wp-block-separator has-css-opacity\" \/>\n\n\n\n<p><strong>Preg\u00e3o 06\/2020<\/strong>&nbsp;\u2013&nbsp;Registro de pre\u00e7os para eventual aquisi\u00e7\u00e3o de ra\u00e7\u00e3o, suplemento e feno para atender a demanda de alimenta\u00e7\u00e3o animal da Coordena\u00e7\u00e3o das Unidades Educativas de Campo &#8211; CUEC do Instituto Federal de Educa\u00e7\u00e3o, Ci\u00eancia e Tecnologia Baiano &#8211; Campus Santa In\u00eas.  <\/p>\n\n\n\n<p><a href=\"http:\/\/comprasnet.gov.br\/ConsultaLicitacoes\/download\/download_editais_detalhe.asp?coduasg=158277&amp;modprp=5&amp;numprp=62020\">Edital de Preg\u00e3o Eletr\u00f4nico 06\/2020<\/a>  <\/p>\n\n\n\n<p><a href=\"http:\/\/comprasnet.gov.br\/livre\/pregao\/ata2.asp?co_no_uasg=158277&amp;numprp=000062020&amp;f_lstSrp=&amp;f_Uf=&amp;f_numPrp=&amp;f_coduasg=&amp;f_tpPregao=&amp;f_lstICMS=&amp;f_dtAberturaIni=&amp;f_dtAberturaFim=\">Resultado por Fornecedor<\/a><\/p>\n\n\n\n<p><a href=\"https:\/\/www.ifbaiano.edu.br\/unidades\/santaines\/files\/2020\/11\/Aa-de-Registro-de-Preco-12.2020-MANAIM.pdf\">Ata de Registro de Pre\u00e7os n\u00ba 12\/2020<\/a><\/p>\n\n\n\n<p><a href=\"https:\/\/www.ifbaiano.edu.br\/unidades\/santaines\/files\/2020\/11\/Ata-de-Registro-de-Preco13.2020-REND-BRASIL.pdf\">Ata de Registro de Pre\u00e7os n\u00ba 13\/2020<\/a><\/p>\n\n\n\n<p><a href=\"https:\/\/www.ifbaiano.edu.br\/unidades\/santaines\/files\/2020\/11\/Ata-de-Registro-de-Preco14.2020-AGROTOP.pdf\">Ata de Registro de Pre\u00e7os n\u00ba 14\/2020<\/a><\/p>\n\n\n\n<p><a href=\"https:\/\/www.ifbaiano.edu.br\/unidades\/santaines\/files\/2020\/11\/Ata-de-Registro-de-Preco15.2020-AGROWAL.pdf\">Ata de Registro de Pre\u00e7os n\u00ba 15\/2020<\/a><\/p>\n\n\n\n<hr class=\"wp-block-separator has-css-opacity\" \/>\n\n\n\n<p><strong>Preg\u00e3o 07\/2020<\/strong>&nbsp;\u2013&nbsp; Aquisi\u00e7\u00e3o de materiais e uniformes esportivos para atender a demanda da \u00e1rea de Educa\u00e7\u00e3o F\u00edsica do Instituto Federal de Educa\u00e7\u00e3o, Ci\u00eancia e Tecnologia Baiano &#8211; Campus Santa In\u00eas.  <\/p>\n\n\n\n<p><a href=\"http:\/\/www.comprasnet.gov.br\/acesso.asp?url=\/edital-158277-5-00007-2020\">Edital de Preg\u00e3o Eletr\u00f4nico 07\/2020 <\/a> <\/p>\n\n\n\n<p><a href=\"http:\/\/comprasnet.gov.br\/livre\/pregao\/ata2.asp?co_no_uasg=158277&amp;numprp=000072020\">Resultado por Fornecedor<\/a><\/p>\n\n\n\n<hr class=\"wp-block-separator has-css-opacity\" \/>\n\n\n\n<p><strong>Preg\u00e3o 08\/2020<\/strong>&nbsp;\u2013&nbsp;Aquisi\u00e7\u00e3o de equipamentos de cozinha industrial para atender a demanda do N\u00facleo de Nutri\u00e7\u00e3o e Sa\u00fade do Instituto Federal Baiano &#8211; Campus Santa In\u00eas.   <\/p>\n\n\n\n<p><a href=\"http:\/\/www.comprasnet.gov.br\/acesso.asp?url=\/edital-158277-5-00008-2020\">Edital de Preg\u00e3o Eletr\u00f4nico 08\/2020<\/a><\/p>\n\n\n\n<p><a href=\"http:\/\/comprasnet.gov.br\/livre\/pregao\/ata2.asp?co_no_uasg=158277&amp;numprp=000082020\">Resultado por Fornecedor<\/a><\/p>\n\n\n\n<hr class=\"wp-block-separator has-css-opacity\" \/>\n\n\n\n<p><strong>Preg\u00e3o 09\/2020<\/strong>&nbsp;\u2013 Registro de pre\u00e7os para eventual aquisi\u00e7\u00e3o de reagentes para a realiza\u00e7\u00e3o de aulas e atividades pr\u00e1ticas nos laborat\u00f3rios do Instituto Federal de Educa\u00e7\u00e3o, Ci\u00eancia e Tecnologia Baiano &#8211; Campus Santa In\u00eas.   <\/p>\n\n\n\n<p><a href=\"http:\/\/www.comprasnet.gov.br\/acesso.asp?url=\/edital-158277-5-00009-2020\">Edital de Preg\u00e3o Eletr\u00f4nico 09\/2020<\/a><\/p>\n\n\n\n<p><a href=\"http:\/\/comprasnet.gov.br\/livre\/pregao\/ata2.asp?co_no_uasg=158277&amp;numprp=92020\">Resultado por Fornecedor<\/a><\/p>\n\n\n\n<p><a href=\"https:\/\/www.ifbaiano.edu.br\/unidades\/santaines\/files\/2021\/05\/ARP-01.2021-CARLOS-PATRICIO.pdf\">Ata de Registro de Pre\u00e7os 01\/2021 &#8211; CARLOS PATRICIO CAMUSSETTI MUNOZ<\/a><\/p>\n\n\n\n<p><a href=\"https:\/\/www.ifbaiano.edu.br\/unidades\/santaines\/files\/2021\/05\/ARP-02.2021-FORMIS.pdf\">Ata de registro de Pre\u00e7os&nbsp;02\/2021 &#8211; FORMIS<\/a><\/p>\n\n\n\n<p><a href=\"https:\/\/www.ifbaiano.edu.br\/unidades\/santaines\/files\/2021\/05\/ARP-03.2021-GLASSAB.pdf\">Ata de Registro de Pre\u00e7os&nbsp; 03\/2021 &#8211; GLASSAB<\/a><\/p>\n\n\n\n<p><a href=\"https:\/\/www.ifbaiano.edu.br\/unidades\/santaines\/files\/2021\/05\/ARP-04.2021-LILIANE-ALARCAO.pdf\">Ata de Registro de Pre\u00e7os&nbsp; 04\/2021 &#8211; LILIANE ALARCAO<\/a><\/p>\n\n\n\n<p><a href=\"https:\/\/www.ifbaiano.edu.br\/unidades\/santaines\/files\/2021\/05\/ARP-05.2021-SAINT-VALLEN.pdf\">Ata de Registro de Pre\u00e7os&nbsp; 05\/2021 &#8211; SAINT VALLEN<\/a><\/p>\n\n\n\n<p><a href=\"https:\/\/www.ifbaiano.edu.br\/unidades\/santaines\/files\/2021\/05\/ARP-06.2021-BLL.pdf\">Ata de Registro de Pre\u00e7os&nbsp; 06\/2021 &#8211; BLL<\/a><\/p>\n\n\n\n<p><a href=\"https:\/\/www.ifbaiano.edu.br\/unidades\/santaines\/files\/2021\/05\/Extrato-de-Registro-de-Precos-PR-09.2020.pdf\">Extrato de Registro de pre\u00e7os &#8211; DOU<\/a><\/p>\n\n\n\n<hr class=\"wp-block-separator has-css-opacity\" \/>\n\n\n\n<p><strong>Preg\u00e3o 10\/2020<\/strong>&nbsp;\u2013&nbsp;  Registro de pre\u00e7os para eventual aquisi\u00e7\u00e3o de ra\u00e7\u00e3o para atender a demanda de alimenta\u00e7\u00e3o animal da Coordena\u00e7\u00e3o das Unidades Educativas de Campo &#8211; CUEC do IF Baiano &#8211; Campus Santa In\u00eas.   <\/p>\n\n\n\n<p><a href=\"http:\/\/www.comprasnet.gov.br\/acesso.asp?url=\/edital-158277-5-00010-2020\">Edital de Preg\u00e3o Eletr\u00f4nico 10\/2020<\/a><\/p>\n\n\n\n<p><a href=\"http:\/\/comprasnet.gov.br\/livre\/pregao\/ata2.asp?co_no_uasg=158277&amp;numprp=102020\">Resultado por Fornecedor<\/a><\/p>\n\n\n\n<p><a href=\"https:\/\/www.ifbaiano.edu.br\/unidades\/santaines\/files\/2021\/01\/ARP-16.2020-COMERCIAL-COIMBRENSE.pdf\">Ata de Registro de Pre\u00e7os 16\/2020 &#8211; COIMBRENSE<\/a><\/p>\n\n\n\n<p><a href=\"https:\/\/www.ifbaiano.edu.br\/unidades\/santaines\/files\/2021\/01\/ARP-17.2020-GALLUS.pdf\">Ata de registro de Pre\u00e7os 17\/2020 &#8211; GALLUS<\/a><\/p>\n\n\n\n<p><a href=\"https:\/\/www.ifbaiano.edu.br\/unidades\/santaines\/files\/2021\/01\/Extrato-da-Ata-de-Registro-de-Precos-PR10.2020.pdf\">Extrato de Registro de Pre\u00e7os PR 10\/2020<\/a><\/p>\n\n\n\n<hr class=\"wp-block-separator has-css-opacity\" \/>\n\n\n\n<p><\/p>\n","protected":false},"excerpt":{"rendered":"<p>Preg\u00e3o 01\/2020&nbsp;\u2013&nbsp; Registro de pre\u00e7os para eventual contrata\u00e7\u00e3o de empresa especializada na presta\u00e7\u00e3o de servi\u00e7os de recarga e revalida\u00e7\u00e3o dos extintores de inc\u00eandio do Instituto Federal de Educa\u00e7\u00e3o, Ci\u00eancia e Tecnologia Baiano &#8211; Campus Santa In\u00eas Edital Preg\u00e3o Eletr\u00f4nico 01\/2020 Resultado por Fornecedor Ata de Registro de Pre\u00e7os Nota de Empenho Contrato Preg\u00e3o 02\/2020&nbsp;\u2013&nbsp; Aquisi\u00e7\u00e3o [&hellip;]<\/p>\n","protected":false},"author":86,"featured_media":0,"parent":0,"menu_order":0,"comment_status":"closed","ping_status":"closed","template":"","meta":[],"_links":{"self":[{"href":"https:\/\/www.ifbaiano.edu.br\/unidades\/santaines\/wp-json\/wp\/v2\/pages\/13346"}],"collection":[{"href":"https:\/\/www.ifbaiano.edu.br\/unidades\/santaines\/wp-json\/wp\/v2\/pages"}],"about":[{"href":"https:\/\/www.ifbaiano.edu.br\/unidades\/santaines\/wp-json\/wp\/v2\/types\/page"}],"author":[{"embeddable":true,"href":"https:\/\/www.ifbaiano.edu.br\/unidades\/santaines\/wp-json\/wp\/v2\/users\/86"}],"replies":[{"embeddable":true,"href":"https:\/\/www.ifbaiano.edu.br\/unidades\/santaines\/wp-json\/wp\/v2\/comments?post=13346"}],"version-history":[{"count":35,"href":"https:\/\/www.ifbaiano.edu.br\/unidades\/santaines\/wp-json\/wp\/v2\/pages\/13346\/revisions"}],"predecessor-version":[{"id":25800,"href":"https:\/\/www.ifbaiano.edu.br\/unidades\/santaines\/wp-json\/wp\/v2\/pages\/13346\/revisions\/25800"}],"wp:attachment":[{"href":"https:\/\/www.ifbaiano.edu.br\/unidades\/santaines\/wp-json\/wp\/v2\/media?parent=13346"}],"curies":[{"name":"wp","href":"https:\/\/api.w.org\/{rel}","templated":true}]}}