{"id":13477,"date":"2020-05-20T14:46:43","date_gmt":"2020-05-20T17:46:43","guid":{"rendered":"https:\/\/www.ifbaiano.edu.br\/unidades\/santaines\/?page_id=13477"},"modified":"2022-07-07T08:58:33","modified_gmt":"2022-07-07T11:58:33","slug":"dispensa-de-licitacao-2020","status":"publish","type":"page","link":"https:\/\/www.ifbaiano.edu.br\/unidades\/santaines\/dispensa-de-licitacao-2020\/","title":{"rendered":"Dispensa de Licita\u00e7\u00e3o\/2020"},"content":{"rendered":"<p><!--StartFragment--><\/p>\n\n\n<p><strong>Dispensa de Licita\u00e7\u00e3o n\u00ba 02\/2020<\/strong> &#8211; Processo n\u00ba&nbsp;23332.250757.2020-48<\/p>\n\n\n\n<p><strong>Objeto:<\/strong>&nbsp;Aquisi\u00e7\u00e3o de \u00e1lcool em gel destinado ao enfrentamento da emerg\u00eancia de sa\u00fade p\u00fablica decorrente do coronav\u00edrus, para o IF Baiano &#8211; Campus Santa In\u00eas. <\/p>\n\n\n\n<p><strong><a href=\"https:\/\/www.ifbaiano.edu.br\/unidades\/santaines\/files\/2020\/05\/Resultado-Dispensa-02_2020.pdf\">Resultado Dispensa 02\/2020<\/a><\/strong><\/p>\n\n\n<hr>\n<p><!--EndFragment--><\/p>\n\n\n<p><strong>Dispensa de Licita\u00e7\u00e3o n\u00ba 05\/2020<\/strong> &#8211; Processo n\u00ba&nbsp;23332.251094.2020-89<\/p>\n\n\n\n<p><strong>Objeto:<\/strong>&nbsp;Aquisi\u00e7\u00e3o de insumos para a produ\u00e7\u00e3o de \u00e1lcool em gel e produtos de higiene, para desenvolvimento de a\u00e7\u00f5es de enfrentamento ao COVID-19.<\/p>\n\n\n\n<p> <strong><a href=\"https:\/\/www.ifbaiano.edu.br\/unidades\/santaines\/files\/2020\/07\/EXTRATO-DE-DISPENSA-DE-LICITACAO-5_2020.pdf\">Resultado Dispensa 05\/2020<\/a><\/strong> <\/p>\n\n\n<hr>\n\n\n<p><strong>Dispensa de Licita\u00e7\u00e3o n\u00ba 07\/2020<\/strong> &#8211; Processo n\u00ba&nbsp;23332.251504.2020-91<\/p>\n\n\n\n<p><\/p>\n\n\n\n<p><strong>Objeto:<\/strong>&nbsp;Aquisi\u00e7\u00e3o de insumos para a produ\u00e7\u00e3o de \u00e1lcool em gel e produtos de higiene, para desenvolvimento de a\u00e7\u00f5es de enfrentamento ao COVID-19 no IF Baiano &#8211; Campus Santa In\u00eas. <\/p>\n\n\n\n<p> <strong><a href=\"https:\/\/www.ifbaiano.edu.br\/unidades\/santaines\/files\/2020\/09\/EXTRATO-DE-DISPENSA-DE-LICITACAO-N\u00ba-7_2020.pdf\">Resultado Dispensa 07\/2020<\/a><\/strong>  <\/p>\n\n\n<hr>\n\n\n<p><strong>Chamada P\u00fablica n\u00ba 01\/2020<\/strong>: Processo n\u00ba 23332.251547.2020-77 <\/p>\n\n\n\n<p><strong>Objeto: <\/strong>Aquisi\u00e7\u00e3o de g\u00eaneros aliment\u00edcios da agricultura familiar para o atendimento ao Programa Nacional de Alimenta\u00e7\u00e3o Escolar \u2013 PNAE. <\/p>\n\n\n\n<p><a href=\"https:\/\/www.ifbaiano.edu.br\/unidades\/santaines\/files\/2020\/09\/Edital-Chamada-Publica-PNAE-01-2020.pdf\"><strong>Edital Chamada P\u00fablica 01\/2020<\/strong> <\/a><\/p>\n\n\n\n<p><strong><a href=\"https:\/\/www.ifbaiano.edu.br\/unidades\/santaines\/files\/2020\/10\/Ata-da-Chamada-Publica-01.pdf\">Ata da Chamada P\u00fablica<\/a><\/strong>  <\/p>\n\n\n\n<p><strong><a href=\"https:\/\/www.ifbaiano.edu.br\/unidades\/santaines\/files\/2020\/10\/Termo-de-Homologacao.pdf\">Termo de Homologa\u00e7\u00e3o<\/a><\/strong><\/p>\n\n\n\n<p><a href=\"https:\/\/www.ifbaiano.edu.br\/unidades\/santaines\/files\/2020\/11\/Contrato-04.2020-COOAMA.pdf\"><strong>Contrato 04.2020<\/strong><\/a><\/p>\n\n\n\n<p><a href=\"https:\/\/www.ifbaiano.edu.br\/unidades\/santaines\/files\/2020\/11\/Publicacao-DOU-Contrato-04.2020-COOAMA.pdf\"><strong>Publica\u00e7\u00e3o DOU &#8211; Contrato 04.2020<\/strong><\/a><\/p>\n\n\n<hr>\n<p><!--EndFragment--><\/p>\n\n\n<p><br><\/p>\n","protected":false},"excerpt":{"rendered":"<p>Dispensa de Licita\u00e7\u00e3o n\u00ba 02\/2020 &#8211; Processo n\u00ba&nbsp;23332.250757.2020-48 Objeto:&nbsp;Aquisi\u00e7\u00e3o de \u00e1lcool em gel destinado ao enfrentamento da emerg\u00eancia de sa\u00fade p\u00fablica decorrente do coronav\u00edrus, para o IF Baiano &#8211; Campus Santa In\u00eas. Resultado Dispensa 02\/2020 Dispensa de Licita\u00e7\u00e3o n\u00ba 05\/2020 &#8211; Processo n\u00ba&nbsp;23332.251094.2020-89 Objeto:&nbsp;Aquisi\u00e7\u00e3o de insumos para a produ\u00e7\u00e3o de \u00e1lcool em gel e produtos [&hellip;]<\/p>\n","protected":false},"author":86,"featured_media":0,"parent":0,"menu_order":0,"comment_status":"closed","ping_status":"closed","template":"","meta":[],"_links":{"self":[{"href":"https:\/\/www.ifbaiano.edu.br\/unidades\/santaines\/wp-json\/wp\/v2\/pages\/13477"}],"collection":[{"href":"https:\/\/www.ifbaiano.edu.br\/unidades\/santaines\/wp-json\/wp\/v2\/pages"}],"about":[{"href":"https:\/\/www.ifbaiano.edu.br\/unidades\/santaines\/wp-json\/wp\/v2\/types\/page"}],"author":[{"embeddable":true,"href":"https:\/\/www.ifbaiano.edu.br\/unidades\/santaines\/wp-json\/wp\/v2\/users\/86"}],"replies":[{"embeddable":true,"href":"https:\/\/www.ifbaiano.edu.br\/unidades\/santaines\/wp-json\/wp\/v2\/comments?post=13477"}],"version-history":[{"count":13,"href":"https:\/\/www.ifbaiano.edu.br\/unidades\/santaines\/wp-json\/wp\/v2\/pages\/13477\/revisions"}],"predecessor-version":[{"id":16731,"href":"https:\/\/www.ifbaiano.edu.br\/unidades\/santaines\/wp-json\/wp\/v2\/pages\/13477\/revisions\/16731"}],"wp:attachment":[{"href":"https:\/\/www.ifbaiano.edu.br\/unidades\/santaines\/wp-json\/wp\/v2\/media?parent=13477"}],"curies":[{"name":"wp","href":"https:\/\/api.w.org\/{rel}","templated":true}]}}