{"id":13665,"date":"2020-06-10T14:35:17","date_gmt":"2020-06-10T17:35:17","guid":{"rendered":"https:\/\/www.ifbaiano.edu.br\/unidades\/santaines\/?page_id=13665"},"modified":"2024-04-11T10:23:55","modified_gmt":"2024-04-11T13:23:55","slug":"cursos-de-educacao-a-distancia-ead","status":"publish","type":"page","link":"https:\/\/www.ifbaiano.edu.br\/unidades\/santaines\/cursos-de-educacao-a-distancia-ead\/","title":{"rendered":"Curso T\u00e9cnico em Vendas &#8211; EaD"},"content":{"rendered":"\n<hr class=\"wp-block-separator has-css-opacity\" \/>\n\n\n\n<figure class=\"wp-block-image\"><img decoding=\"async\" src=\"https:\/\/www.ifbaiano.edu.br\/unidades\/santaines\/files\/2020\/06\/Sobre.jpg\" alt=\"O atributo alt desta imagem est\u00e1 vazio. O nome do arquivo \u00e9 Sobre.jpg\" \/><\/figure>\n\n\n<p>\u00a0<\/p>\n<hr \/>\n<p>O Curso<strong>\u00a0 T\u00e9cnico em Vendas<\/strong> \u00e9 um curso semipresencial, com um encontro semanal presencial. Aberto ao p\u00fablico em geral, foi ofertado pela <span id=\"OBJ_PREFIX_DWT627_com_zimbra_date\" class=\"Object\" role=\"link\"><span id=\"OBJ_PREFIX_DWT658_com_zimbra_date\" class=\"Object\" role=\"link\">segunda<\/span><\/span> vez no Campus e tem 1 ano de dura\u00e7\u00e3o.<\/p>\n<p><a href=\"https:\/\/www.ifbaiano.edu.br\/unidades\/santaines\/files\/2020\/06\/S\u00cdNTESE-SOBRE-O-CURSO-VENDAS.pdf\"><strong>Saiba mais sobre esse curso<\/strong><\/a><\/p>\n<hr \/>\n<p><a href=\"http:\/\/diretorias.ifbaiano.edu.br\/portal\/ead\/\"><strong>CLIQUE AQUI<\/strong><\/a> para acessar os Cursos EaD ofertados no IF Baiano.<\/p>\n<p><a href=\"https:\/\/moodle.ifbaiano.edu.br\/moodle\/login\/index.php\"><strong>O Ambiente Virtual de Aprendizagem<\/strong><\/a> pode ser acessado, mesmo por quem n\u00e3o estiver matriculado em um curso EaD. Estes podem acessar partes do Ambiente, como por exemplo, a Midiateca, com conte\u00fados sobre:<br \/>&#8211; Sa\u00fade Emocional<br \/>&#8211; Motiva\u00e7\u00e3o<br \/>&#8211; Gest\u00e3o do Tempo<br \/>&#8211; Forma\u00e7\u00f5es Complementares<\/p>\n<p>Tamb\u00e9m \u00e9 ofertado para os alunos dos Cursos EaD, como optativo, o <a href=\"https:\/\/moodle.ifbaiano.edu.br\/moodle\/course\/index.php?categoryid=83\"><strong>Curso de Nivelamento em L\u00edngua Portuguesa<\/strong><\/a>.\u00a0<\/p>\n\n\n<hr class=\"wp-block-separator has-css-opacity\" \/>\n\n\n\n<figure class=\"wp-block-image\"><img decoding=\"async\" src=\"https:\/\/www.ifbaiano.edu.br\/unidades\/santaines\/files\/2020\/06\/Informes.jpg\" alt=\"O atributo alt desta imagem est\u00e1 vazio. O nome do arquivo \u00e9 Informes.jpg\" \/><\/figure>\n\n\n\n<p>Neste momento de isolamento social em raz\u00e3o da pandemia da Covid-19, est\u00e3o sendo disponibilizados apenas os conte\u00fados e atividades virtuais no ambiente Moodle.<\/p>\n\n\n\n<hr class=\"wp-block-separator has-css-opacity\" \/>\n\n\n\n<figure class=\"wp-block-image\"><img decoding=\"async\" src=\"https:\/\/www.ifbaiano.edu.br\/unidades\/santaines\/files\/2020\/06\/Documentos.jpg\" alt=\"O atributo alt desta imagem est\u00e1 vazio. O nome do arquivo \u00e9 Documentos.jpg\" \/><\/figure>\n\n\n<p>&#8211; <a href=\"https:\/\/www.ifbaiano.edu.br\/unidades\/santaines\/files\/2020\/06\/CALENDARIO-DETALHADO-CURSOS-EAD-2019.pdf\"><strong>Calend\u00e1rio Acad\u00eamico<\/strong><\/a><strong> &#8211; 2019<\/strong><br data-rich-text-line-break=\"true\">&#8211; <a href=\"https:\/\/www.ifbaiano.edu.br\/unidades\/santaines\/files\/2020\/06\/CALENDARIO-EaD-2020.pdf\"><strong>Calend\u00e1rio Acad\u00eamico<\/strong><\/a><strong> &#8211; 2020<\/strong><\/p>\n<p>&#8211; <strong><a href=\"https:\/\/www.ifbaiano.edu.br\/unidades\/santaines\/files\/2020\/06\/PPC-CURSO-TECNICO-EM-VENDAS-EAD.pdf\">Projeto Pol\u00edtico Pedag\u00f3gico&nbsp;<\/a><\/strong><\/p>\n<p>&#8211; <a href=\"https:\/\/www.ifbaiano.edu.br\/unidades\/santaines\/documentos-e-regulamentos-institucionais\/\"><strong>Regulamentos Institucionais<\/strong><\/a><\/p>\n\n\n<hr class=\"wp-block-separator has-css-opacity\" \/>\n\n\n<p><strong>Equipe no Campus Santa In\u00eas:<\/strong><\/p>\n<p><strong>Mediadores Presenciais:<\/strong> &nbsp;\u00c9merson Pires da Silva e William da Silva Melo<br><strong>Mediadores a Dist\u00e2ncia:<\/strong> Emerson Pires, Silvia Pereira dos Santos e Antonio Santos Souza<\/p>\n<p><strong>CL\u00c1UDIA BOCCHESE DE LIMA &#8211;<\/strong> <strong style=\"font-size: inherit\">Coordena\u00e7\u00e3o do Curso<\/strong><\/p>\n<p>Fone: (73) 3536-1210 \u2013 Ramal: &#8230;<\/p>\n<p>E-mail: claudia.lima@ifbaiano.edu.br<\/p>\n<p><!--EndFragment--><\/p>\n<p><!--EndFragment--><\/p>","protected":false},"excerpt":{"rendered":"<p>\u00a0 O Curso\u00a0 T\u00e9cnico em Vendas \u00e9 um curso semipresencial, com um encontro semanal presencial. Aberto ao p\u00fablico em geral, foi ofertado pela segunda vez no Campus e tem 1 ano de dura\u00e7\u00e3o. Saiba mais sobre esse curso CLIQUE AQUI para acessar os Cursos EaD ofertados no IF Baiano. O Ambiente Virtual de Aprendizagem pode [&hellip;]<\/p>\n","protected":false},"author":86,"featured_media":0,"parent":0,"menu_order":0,"comment_status":"closed","ping_status":"closed","template":"","meta":[],"_links":{"self":[{"href":"https:\/\/www.ifbaiano.edu.br\/unidades\/santaines\/wp-json\/wp\/v2\/pages\/13665"}],"collection":[{"href":"https:\/\/www.ifbaiano.edu.br\/unidades\/santaines\/wp-json\/wp\/v2\/pages"}],"about":[{"href":"https:\/\/www.ifbaiano.edu.br\/unidades\/santaines\/wp-json\/wp\/v2\/types\/page"}],"author":[{"embeddable":true,"href":"https:\/\/www.ifbaiano.edu.br\/unidades\/santaines\/wp-json\/wp\/v2\/users\/86"}],"replies":[{"embeddable":true,"href":"https:\/\/www.ifbaiano.edu.br\/unidades\/santaines\/wp-json\/wp\/v2\/comments?post=13665"}],"version-history":[{"count":9,"href":"https:\/\/www.ifbaiano.edu.br\/unidades\/santaines\/wp-json\/wp\/v2\/pages\/13665\/revisions"}],"predecessor-version":[{"id":21037,"href":"https:\/\/www.ifbaiano.edu.br\/unidades\/santaines\/wp-json\/wp\/v2\/pages\/13665\/revisions\/21037"}],"wp:attachment":[{"href":"https:\/\/www.ifbaiano.edu.br\/unidades\/santaines\/wp-json\/wp\/v2\/media?parent=13665"}],"curies":[{"name":"wp","href":"https:\/\/api.w.org\/{rel}","templated":true}]}}