{"id":13719,"date":"2020-06-22T19:53:48","date_gmt":"2020-06-22T22:53:48","guid":{"rendered":"https:\/\/www.ifbaiano.edu.br\/unidades\/santaines\/?page_id=13719"},"modified":"2020-06-22T19:53:48","modified_gmt":"2020-06-22T22:53:48","slug":"curso-tecnico-subsequente-em-secretaria-escolar-ead","status":"publish","type":"page","link":"https:\/\/www.ifbaiano.edu.br\/unidades\/santaines\/curso-tecnico-subsequente-em-secretaria-escolar-ead\/","title":{"rendered":"Curso T\u00e9cnico Subsequente em Secretaria Escolar &#8211; EaD"},"content":{"rendered":"\n<figure class=\"wp-block-image size-large\"><img decoding=\"async\" loading=\"lazy\" width=\"773\" height=\"46\" src=\"https:\/\/www.ifbaiano.edu.br\/unidades\/santaines\/files\/2020\/06\/Sobre.jpg\" alt=\"\" class=\"wp-image-13643\" \/><\/figure>\n\n\n\n<p>O Curso<strong> T\u00e9cnico Subsequente em Secretaria Escolar<\/strong>, voltado para funcion\u00e1rios de escolas p\u00fablicas e particulares. Tem dura\u00e7\u00e3o de 1,5 ano e est\u00e1 sendo ofertado pela\u00a0segunda\u00a0vez no Campus. Possui duas turmas, uma turma em Santa In\u00eas, com alunos de oriundos de Cravol\u00e2ndia, Santa In\u00eas, Uba\u00edra, Mutu\u00edpe e Laje e outra turma em Marac\u00e1s, em conv\u00eanio com a Prefeitura Municipal daquela cidade.<\/p>\n\n\n\n<p><strong><a href=\"https:\/\/www.ifbaiano.edu.br\/unidades\/santaines\/files\/2020\/06\/SINTESE-SOBRE-O-CURSO-SECRETARIA-ESCOLAR-EAD.pdf\">Saiba mais sobre esse curso<\/a>&nbsp;<\/strong><\/p>\n\n\n\n<hr class=\"wp-block-separator\" \/>\n\n\n\n<p>Os cursos da modalidade EAD s\u00e3o semi-presenciais,\ncom um encontro semanal presencial.<br>\n<a href=\"http:\/\/diretorias.ifbaiano.edu.br\/portal\/ead\/\"><strong>CLIQUE AQUI<\/strong><\/a>&nbsp;para acessar os Cursos\nEAD ofertados no IF Baiano.<\/p>\n\n\n\n<hr class=\"wp-block-separator\" \/>\n\n\n\n<p><a href=\"https:\/\/moodle.ifbaiano.edu.br\/moodle\/login\/index.php\"><strong>O Ambiente Virtual de Aprendizagem<\/strong><\/a>&nbsp;pode\nser acessado, mesmo por quem n\u00e3o estiver matriculado em um curso EaD. Estes\npodem acessar partes do Ambiente, como por exemplo, a Midiateca, com conte\u00fados\nsobre:<br>\n&#8211; Sa\u00fade Emocional<br>\n&#8211; Motiva\u00e7\u00e3o<br>\n&#8211; Gest\u00e3o do Tempo<br>\n&#8211; Forma\u00e7\u00f5es Complementares<\/p>\n\n\n\n<p>Tamb\u00e9m \u00e9 ofertado para os alunos dos Cursos EaD,\ncomo optativo, o&nbsp;<a href=\"https:\/\/moodle.ifbaiano.edu.br\/moodle\/course\/index.php?categoryid=83\"><strong>Curso de Nivelamento em L\u00edngua Portuguesa<\/strong><\/a>.&nbsp;<\/p>\n\n\n\n<hr class=\"wp-block-separator\" \/>\n\n\n\n<figure class=\"wp-block-image size-large\"><img decoding=\"async\" loading=\"lazy\" width=\"773\" height=\"46\" src=\"https:\/\/www.ifbaiano.edu.br\/unidades\/santaines\/files\/2020\/06\/Informes.jpg\" alt=\"\" class=\"wp-image-13644\" \/><\/figure>\n\n\n\n<p>Neste momento de isolamento social em raz\u00e3o da\npandemia da Covid-19, est\u00e3o sendo disponibilizados apenas os conte\u00fados e\natividades virtuais no ambiente Moodle.<\/p>\n\n\n\n<hr class=\"wp-block-separator\" \/>\n\n\n\n<figure class=\"wp-block-image size-large\"><img decoding=\"async\" loading=\"lazy\" width=\"773\" height=\"46\" src=\"https:\/\/www.ifbaiano.edu.br\/unidades\/santaines\/files\/2020\/06\/Documentos.jpg\" alt=\"\" class=\"wp-image-13645\" \/><\/figure>\n\n\n\n<p>&#8211;&nbsp;<a href=\"https:\/\/www.ifbaiano.edu.br\/unidades\/santaines\/files\/2020\/06\/CALENDARIO-DETALHADO-CURSOS-EAD-2019.pdf\"><strong>Calend\u00e1rio Acad\u00eamico<\/strong><\/a><strong>&nbsp;&#8211; 2019<\/strong><br>\n&#8211;&nbsp;<a href=\"https:\/\/www.ifbaiano.edu.br\/unidades\/santaines\/files\/2020\/06\/CALENDARIO-EaD-2020.pdf\"><strong>Calend\u00e1rio Acad\u00eamico<\/strong><\/a><strong>&nbsp;&#8211; 2020<\/strong><\/p>\n\n\n\n<p>&#8211;\u00a0<strong><a href=\"https:\/\/www.ifbaiano.edu.br\/unidades\/santaines\/files\/2020\/06\/PPC-DO-CURSO-TECNICO-EM-SECRETARIA.pdf\">Projeto Pol\u00edtico Pedag\u00f3gico<\/a><\/strong><\/p>\n\n\n\n<p>&#8211;&nbsp;<a href=\"https:\/\/www.ifbaiano.edu.br\/unidades\/santaines\/documentos-e-regulamentos-institucionais\/\"><strong>Regulamentos Institucionais<\/strong><\/a><\/p>\n\n\n\n<hr class=\"wp-block-separator\" \/>\n\n\n\n<p><strong>Equipe no Campus Santa In\u00eas:<\/strong><\/p>\n\n\n\n<p><strong>Mediadores Presenciais:<\/strong>&nbsp;&nbsp;\u00c9merson Pires da Silva e William da\nSilva Melo<br>\n<strong>Mediadores a Dist\u00e2ncia:<\/strong>&nbsp;Emerson Pires, Silvia Pereira dos Santos e\nAntonio Santos Souza<\/p>\n\n\n\n<p><strong>CL\u00c1UDIA BOCCHESE DE LIMA &#8211;<\/strong>&nbsp;<strong>Coordena\u00e7\u00e3o do Curso<\/strong><\/p>\n\n\n\n<p>Fone: (73) 3536-1210 \u2013 Ramal: &#8230;<\/p>\n\n\n\n<p>E-mail: claudia.lima@ifbaiano.edu.br<\/p>\n","protected":false},"excerpt":{"rendered":"<p>O Curso T\u00e9cnico Subsequente em Secretaria Escolar, voltado para funcion\u00e1rios de escolas p\u00fablicas e particulares. Tem dura\u00e7\u00e3o de 1,5 ano e est\u00e1 sendo ofertado pela\u00a0segunda\u00a0vez no Campus. Possui duas turmas, uma turma em Santa In\u00eas, com alunos de oriundos de Cravol\u00e2ndia, Santa In\u00eas, Uba\u00edra, Mutu\u00edpe e Laje e outra turma em Marac\u00e1s, em conv\u00eanio com [&hellip;]<\/p>\n","protected":false},"author":86,"featured_media":0,"parent":0,"menu_order":0,"comment_status":"closed","ping_status":"closed","template":"","meta":[],"_links":{"self":[{"href":"https:\/\/www.ifbaiano.edu.br\/unidades\/santaines\/wp-json\/wp\/v2\/pages\/13719"}],"collection":[{"href":"https:\/\/www.ifbaiano.edu.br\/unidades\/santaines\/wp-json\/wp\/v2\/pages"}],"about":[{"href":"https:\/\/www.ifbaiano.edu.br\/unidades\/santaines\/wp-json\/wp\/v2\/types\/page"}],"author":[{"embeddable":true,"href":"https:\/\/www.ifbaiano.edu.br\/unidades\/santaines\/wp-json\/wp\/v2\/users\/86"}],"replies":[{"embeddable":true,"href":"https:\/\/www.ifbaiano.edu.br\/unidades\/santaines\/wp-json\/wp\/v2\/comments?post=13719"}],"version-history":[{"count":1,"href":"https:\/\/www.ifbaiano.edu.br\/unidades\/santaines\/wp-json\/wp\/v2\/pages\/13719\/revisions"}],"predecessor-version":[{"id":13721,"href":"https:\/\/www.ifbaiano.edu.br\/unidades\/santaines\/wp-json\/wp\/v2\/pages\/13719\/revisions\/13721"}],"wp:attachment":[{"href":"https:\/\/www.ifbaiano.edu.br\/unidades\/santaines\/wp-json\/wp\/v2\/media?parent=13719"}],"curies":[{"name":"wp","href":"https:\/\/api.w.org\/{rel}","templated":true}]}}