{"id":13851,"date":"2020-08-06T14:29:25","date_gmt":"2020-08-06T17:29:25","guid":{"rendered":"https:\/\/www.ifbaiano.edu.br\/unidades\/santaines\/?page_id=13851"},"modified":"2025-10-20T20:41:45","modified_gmt":"2025-10-20T23:41:45","slug":"comissao-propria-de-avaliacao","status":"publish","type":"page","link":"https:\/\/www.ifbaiano.edu.br\/unidades\/santaines\/comissao-propria-de-avaliacao\/","title":{"rendered":"Comiss\u00e3o Pr\u00f3pria de Avalia\u00e7\u00e3o"},"content":{"rendered":"\n<p>Comiss\u00e3o Pr\u00f3pria de Avalia\u00e7\u00e3o, institu\u00edda pelo <strong>Sistema Nacional de Avalia\u00e7\u00e3o da Educa\u00e7\u00e3o Superior<\/strong> \u2013 SINAES, conforme previsto lei n\u00ba 10861\/2004, tendo como uma das suas principais atribui\u00e7\u00f5es a implanta\u00e7\u00e3o e o desenvolvimento de processos de avalia\u00e7\u00e3o institucional.<\/p>\n\n\n\n<p>Suas atividades de avalia\u00e7\u00e3o s\u00e3o realizadas contemplando a an\u00e1lise geral e integrada, considerando obrigatoriamente os cinco eixos que s\u00e3o:<\/p>\n\n\n\n<ul>\n<li>Planejamento e Avalia\u00e7\u00e3o Institucional;<\/li>\n\n\n\n<li>Desenvolvimento Institucional;<\/li>\n\n\n\n<li>Pol\u00edticas Acad\u00eamicas;<\/li>\n\n\n\n<li>Pol\u00edticas de Gest\u00e3o;<\/li>\n\n\n\n<li>Infraestrutura<\/li>\n<\/ul>\n\n\n\n<p><strong>DOCUMENTOS<\/strong><\/p>\n\n\n\n<ul>\n<li><a rel=\"noreferrer noopener\" aria-label=\"Lei n\u00ba 10861 de 14 de abril de 2004 (abre numa nova aba)\" href=\"https:\/\/www.ifbaiano.edu.br\/unidades\/santaines\/files\/2020\/08\/Lei-n\u00ba-10861-de-14-de-abril-de-2004.pdf\" target=\"_blank\">Lei n\u00ba 10861 de 14 de abril de 2004<\/a><\/li>\n\n\n\n<li><a rel=\"noreferrer noopener\" aria-label=\"Portaria n\u00ba 2051 - SINAES (abre numa nova aba)\" href=\"https:\/\/www.ifbaiano.edu.br\/unidades\/santaines\/files\/2020\/08\/Portaria-n\u00ba-2051-SINAES.pdf\" target=\"_blank\">Portaria n\u00ba 2051 &#8211; SINAES<\/a><\/li>\n\n\n\n<li><a href=\"https:\/\/www.ifbaiano.edu.br\/unidades\/santaines\/files\/2020\/11\/Portaria-1440-constituicao-da-CPA.pdf\">Portaria n\u00ba 1.440\/2018 &#8211; Constitui\u00e7\u00e3o CPA<\/a> <\/li>\n\n\n\n<li><a href=\"https:\/\/www.ifbaiano.edu.br\/unidades\/santaines\/files\/2020\/11\/Portaria-No-053-Comissao-Propria-de-Avaliacao_CPA.pdf\">Portaria n\u00ba 053\/2018 &#8211; Composi\u00e7\u00e3o CPA Campus Santa In\u00eas<\/a><\/li>\n\n\n\n<li><a href=\"https:\/\/www.ifbaiano.edu.br\/unidades\/santaines\/files\/2020\/11\/PORTARIA-99_2020-Altera-composicao-da-Comissao-Propria-de-Avaliacao-CPA.pdf\">Portaria n\u00ba 99\/2020 &#8211; Altera\u00e7\u00e3o Composi\u00e7\u00e3o CPA Campus Santa In\u00eas<\/a><\/li>\n\n\n\n<li><a rel=\"noreferrer noopener\" aria-label=\"Projeto de Autoavalia\u00e7\u00e3o Institucional - 2018 - 2020 (abre numa nova aba)\" href=\"https:\/\/www.ifbaiano.edu.br\/unidades\/santaines\/files\/2020\/08\/Projeto-de-Autoavalia\u00e7\u00e3o-Institucional-2018-2020.pdf\" target=\"_blank\">Projeto de Autoavalia\u00e7\u00e3o Institucional &#8211; 2018 &#8211; 2020<\/a><\/li>\n\n\n\n<li><a rel=\"noreferrer noopener\" aria-label=\"Relat\u00f3rio AutoAvalia\u00e7\u00e3o - IF Baiano 2019 (abre numa nova aba)\" href=\"https:\/\/www.ifbaiano.edu.br\/unidades\/santaines\/files\/2020\/08\/Relat\u00f3rio-AutoAvalia\u00e7\u00e3o-IF-Baiano-2019.pdf\" target=\"_blank\">Relat\u00f3rio Autoavalia\u00e7\u00e3o &#8211; IF Baiano 2019<\/a><\/li>\n\n\n\n<li><a rel=\"noreferrer noopener\" aria-label=\"Relat\u00f3rio AutoAvalia\u00e7\u00e3o - IF Baiano 2020 (abre numa nova aba)\" href=\"https:\/\/www.ifbaiano.edu.br\/unidades\/santaines\/files\/2020\/08\/Relat\u00f3rio-AutoAvalia\u00e7\u00e3o-IF-Baiano-2020.pdf\" target=\"_blank\">Relat\u00f3rio Autoavalia\u00e7\u00e3o &#8211; IF Baiano 2020<\/a><\/li>\n\n\n\n<li><a rel=\"noreferrer noopener\" aria-label=\"Resolu\u00e7\u00e3o n\u00ba 14 de 2015 - Regimento do CPA (abre numa nova aba)\" href=\"https:\/\/www.ifbaiano.edu.br\/unidades\/santaines\/files\/2020\/08\/Resolu\u00e7\u00e3o-n\u00ba-14-de-2015-Regimento-do-CPA.pdf\" target=\"_blank\">Resolu\u00e7\u00e3o n\u00ba 14 de 2015 &#8211; Regimento do CPA<\/a><\/li>\n\n\n\n<li><a href=\"https:\/\/www.ifbaiano.edu.br\/unidades\/santaines\/files\/2021\/07\/RELATORIO-FINAL-DE-AUTOAVALIACAO-INSTITUCIONAL-2018-2020.pdf\">Relat\u00f3rio Final de Autoavalia\u00e7\u00e3o Institucional (2018-2021)<\/a> <\/li>\n\n\n\n<li><a href=\"https:\/\/www.ifbaiano.edu.br\/unidades\/santaines\/files\/2022\/05\/RELATORIO-PARCIAL-DE-AUTOAVALIACAO-INSTITUCIONAL-2021.pdf\">Relat\u00f3rio Parcial de Autoavalia\u00e7\u00e3o Institucional 2021<\/a> <\/li>\n\n\n\n<li><a href=\"https:\/\/www.ifbaiano.edu.br\/unidades\/santaines\/files\/2022\/05\/CPA-CENTRAL-2022-2024.pdf\">PORTARIA N\u00ba 46\/2022 &#8211; Constitui\u00e7\u00e3o da CPA central<\/a> <\/li>\n\n\n\n<li><a href=\"https:\/\/www.ifbaiano.edu.br\/unidades\/santaines\/files\/2022\/05\/Portaria-14-2022-CPA-2022-2024.pdf\">PORTARIA N\u00ba 14\/2022 &#8211; Constitui\u00e7\u00e3o das CPAs locais<\/a> <\/li>\n\n\n\n<li><a rel=\"noreferrer noopener\" href=\"https:\/\/www.ifbaiano.edu.br\/unidades\/santaines\/files\/2023\/03\/RELATORIO-DE-AUTOAVALIACAO-INSTITUCIONAL-2022-_-29032023.pdf\" data-type=\"URL\" data-id=\"https:\/\/www.ifbaiano.edu.br\/unidades\/santaines\/files\/2023\/03\/RELATORIO-DE-AUTOAVALIACAO-INSTITUCIONAL-2022-_-29032023.pdf\" target=\"_blank\">Relat\u00f3rio Parcial de Autoavalia\u00e7\u00e3o Institucional 2022<\/a><\/li>\n\n\n\n<li><a href=\"https:\/\/www.ifbaiano.edu.br\/unidades\/santaines\/files\/2025\/10\/Altera-a-composicao-da-Comissao-Propria-de-Avaliacao-CPA-Campus-Santa-Ines.pdf\">Portaria n\u00ba 101\/2025 &#8211; Altera composi\u00e7\u00e3o da CPA, Campus Santa In\u00eas<\/a> &#8211; (NOVO)<\/li>\n<\/ul>\n\n\n\n<hr class=\"wp-block-separator has-css-opacity\" \/>\n\n\n\n<p><\/p>\n","protected":false},"excerpt":{"rendered":"<p>Comiss\u00e3o Pr\u00f3pria de Avalia\u00e7\u00e3o, institu\u00edda pelo Sistema Nacional de Avalia\u00e7\u00e3o da Educa\u00e7\u00e3o Superior \u2013 SINAES, conforme previsto lei n\u00ba 10861\/2004, tendo como uma das suas principais atribui\u00e7\u00f5es a implanta\u00e7\u00e3o e o desenvolvimento de processos de avalia\u00e7\u00e3o institucional. Suas atividades de avalia\u00e7\u00e3o s\u00e3o realizadas contemplando a an\u00e1lise geral e integrada, considerando obrigatoriamente os cinco eixos que [&hellip;]<\/p>\n","protected":false},"author":74,"featured_media":0,"parent":0,"menu_order":0,"comment_status":"closed","ping_status":"closed","template":"","meta":[],"_links":{"self":[{"href":"https:\/\/www.ifbaiano.edu.br\/unidades\/santaines\/wp-json\/wp\/v2\/pages\/13851"}],"collection":[{"href":"https:\/\/www.ifbaiano.edu.br\/unidades\/santaines\/wp-json\/wp\/v2\/pages"}],"about":[{"href":"https:\/\/www.ifbaiano.edu.br\/unidades\/santaines\/wp-json\/wp\/v2\/types\/page"}],"author":[{"embeddable":true,"href":"https:\/\/www.ifbaiano.edu.br\/unidades\/santaines\/wp-json\/wp\/v2\/users\/74"}],"replies":[{"embeddable":true,"href":"https:\/\/www.ifbaiano.edu.br\/unidades\/santaines\/wp-json\/wp\/v2\/comments?post=13851"}],"version-history":[{"count":13,"href":"https:\/\/www.ifbaiano.edu.br\/unidades\/santaines\/wp-json\/wp\/v2\/pages\/13851\/revisions"}],"predecessor-version":[{"id":26043,"href":"https:\/\/www.ifbaiano.edu.br\/unidades\/santaines\/wp-json\/wp\/v2\/pages\/13851\/revisions\/26043"}],"wp:attachment":[{"href":"https:\/\/www.ifbaiano.edu.br\/unidades\/santaines\/wp-json\/wp\/v2\/media?parent=13851"}],"curies":[{"name":"wp","href":"https:\/\/api.w.org\/{rel}","templated":true}]}}