{"id":13962,"date":"2020-09-09T16:07:24","date_gmt":"2020-09-09T19:07:24","guid":{"rendered":"https:\/\/www.ifbaiano.edu.br\/unidades\/santaines\/?page_id=13962"},"modified":"2023-06-15T10:15:20","modified_gmt":"2023-06-15T13:15:20","slug":"page_fullinfos","status":"publish","type":"page","link":"https:\/\/www.ifbaiano.edu.br\/unidades\/santaines\/page_fullinfos\/","title":{"rendered":"Nota de esclarecimento &#8211; Programa de Assist\u00eancia e Inclus\u00e3o Social do Estudante (PAISE) 2023"},"content":{"rendered":"\n<p>A comiss\u00e3o local de Assist\u00eancia Estudantil &#8211; CLAE do IF Baiano &#8211; <em>Campus<\/em> Santa In\u00eas, divulgaram nesta quinta-feira, dia\u00a015 de junho, uma nota de esclarecimento \u00e0 comunidade.<\/p>\n\n\n\n<p>Em resposta \u00e0 nota divulgada pelo Centro Acad\u00eamico Milton Santos em 13 de junho de 2023, na qual afirma que a CLAE \u201cexcluiu\u201d os\/as estudantes dos cursos superiores e t\u00e9cnicos subsequentes do Programa de Assist\u00eancia e Inclus\u00e3o Social do Estudante (PAISE) 2023, a Comiss\u00e3o Local de Assist\u00eancia Estudantil (CLAE) do IF Baiano campus Santa In\u00eas vem por meio desta nota:<\/p>\n\n\n\n<p>\u25cfExpressar o seu rep\u00fadio \u00e0 <strong>afirma\u00e7\u00e3o infundada<\/strong> <strong>e <\/strong><strong>irrespons\u00e1vel<\/strong>, cujo objetivo \u00e9 desqualificar o trabalho s\u00e9rio e comprometido da comiss\u00e3o, que busca garantir o acesso e a perman\u00eancia dos estudantes em situa\u00e7\u00e3o de vulnerabilidade socioecon\u00f4mica.<\/p>\n\n\n\n<p>\u25cfEsclarecer que o processo seletivo obedeceu \u00e0s regras e crit\u00e9rios do Edital n\u00ba 11 de 23 de mar\u00e7o de 2023. Este edital foi publicado no site oficial do IF Baiano campus Santa In\u00eas e amplamente divulgado.<\/p>\n\n\n\n<p>\u25cfInformar que todos os\/as estudantes que cumpriram as exig\u00eancias do edital foram convocados para a entrevista com a Assistente Social. A entrevista \u00e9 uma etapa essencial para a avalia\u00e7\u00e3o da situa\u00e7\u00e3o socioecon\u00f4mica dos\/as estudantes, pois permite verificar a veracidade das informa\u00e7\u00f5es prestadas no ato da inscri\u00e7\u00e3o, bem como identificar as suas demandas e necessidades.<\/p>\n\n\n\n<p>\u25cfLamentar que alguns estudantes n\u00e3o tenham comparecido \u00e0 entrevista, <strong>nem<\/strong> <strong>apresentado <\/strong><strong>justificativa <\/strong><strong>no <\/strong><strong>prazo <\/strong><strong>previsto <\/strong><strong>no <\/strong><strong>edital<\/strong>, o que resultou na desclassifica\u00e7\u00e3o do processo seletivo, conforme previsto no referido documento que \u00e9 p\u00fablico e oficial, cabendo a cada estudante ter conhecimento de suas normas e prazos.<\/p>\n\n\n\n<p>\u25cfInformar que os\/as estudantes desclassificados\/as <strong>ter\u00e3o a oportunidade de participar <\/strong><strong>do <\/strong><strong>processo <\/strong><strong>seletivo <\/strong><strong>para <\/strong><strong>as <\/strong><strong>vagas <\/strong><strong>remanescentes.<\/strong><\/p>\n\n\n\n<p>A CLAE reafirma o seu compromisso com a transpar\u00eancia e a legalidade de suas a\u00e7\u00f5es, bem como com o respeito e a \u00e9tica no trato com todos\/as os\/as estudantes e demais membros da comunidade acad\u00eamica. Coloca-se tamb\u00e9m \u00e0 disposi\u00e7\u00e3o para esclarecer quaisquer d\u00favidas sobre o processo seletivo do PAISE 2023 ou sobre a Pol\u00edtica de Assist\u00eancia Estudantil do IF Baiano.<\/p>\n\n\n\n<p>A CLAE destaca ainda que todos os\/as servidores\/as envolvidos no PAISE 2023 trabalharam incansavelmente fora do hor\u00e1rio de expediente, inclusive nos fins de semana e feriados, para garantir os aux\u00edlios aos\/\u00e0s estudantes. Assim como os membros discentes da comiss\u00e3o, que foram fundamentais na divulga\u00e7\u00e3o, orienta\u00e7\u00e3o e media\u00e7\u00e3o durante todo o processo seletivo. Nesse sentido, reconhece o esfor\u00e7o e a dedica\u00e7\u00e3o de todos integrantes da comiss\u00e3o, pois demonstram compromisso com a educa\u00e7\u00e3o p\u00fablica e com o bem-estar dos estudantes.<\/p>\n\n\n\n<hr class=\"wp-block-separator has-alpha-channel-opacity\" \/>\n\n\n\n<p><a href=\"https:\/\/www.ifbaiano.edu.br\/unidades\/santaines\/files\/2023\/06\/NOTA-DE-ESCLARECIMENTO-N-012023_14-DE-JUNHO-DE-2023.pdf\">Documento assinado<\/a><\/p>\n\n\n\n<hr class=\"wp-block-separator has-alpha-channel-opacity\" \/>\n","protected":false},"excerpt":{"rendered":"<p>A comiss\u00e3o local de Assist\u00eancia Estudantil &#8211; CLAE do IF Baiano &#8211; Campus Santa In\u00eas, divulgaram nesta quinta-feira, dia\u00a015 de junho, uma nota de esclarecimento \u00e0 comunidade. Em resposta \u00e0 nota divulgada pelo Centro Acad\u00eamico Milton Santos em 13 de junho de 2023, na qual afirma que a CLAE \u201cexcluiu\u201d os\/as estudantes dos cursos superiores [&hellip;]<\/p>\n","protected":false},"author":74,"featured_media":0,"parent":0,"menu_order":0,"comment_status":"closed","ping_status":"closed","template":"page_fullinfos.php","meta":[],"_links":{"self":[{"href":"https:\/\/www.ifbaiano.edu.br\/unidades\/santaines\/wp-json\/wp\/v2\/pages\/13962"}],"collection":[{"href":"https:\/\/www.ifbaiano.edu.br\/unidades\/santaines\/wp-json\/wp\/v2\/pages"}],"about":[{"href":"https:\/\/www.ifbaiano.edu.br\/unidades\/santaines\/wp-json\/wp\/v2\/types\/page"}],"author":[{"embeddable":true,"href":"https:\/\/www.ifbaiano.edu.br\/unidades\/santaines\/wp-json\/wp\/v2\/users\/74"}],"replies":[{"embeddable":true,"href":"https:\/\/www.ifbaiano.edu.br\/unidades\/santaines\/wp-json\/wp\/v2\/comments?post=13962"}],"version-history":[{"count":3,"href":"https:\/\/www.ifbaiano.edu.br\/unidades\/santaines\/wp-json\/wp\/v2\/pages\/13962\/revisions"}],"predecessor-version":[{"id":18763,"href":"https:\/\/www.ifbaiano.edu.br\/unidades\/santaines\/wp-json\/wp\/v2\/pages\/13962\/revisions\/18763"}],"wp:attachment":[{"href":"https:\/\/www.ifbaiano.edu.br\/unidades\/santaines\/wp-json\/wp\/v2\/media?parent=13962"}],"curies":[{"name":"wp","href":"https:\/\/api.w.org\/{rel}","templated":true}]}}