{"id":14184,"date":"2020-10-29T10:12:33","date_gmt":"2020-10-29T13:12:33","guid":{"rendered":"https:\/\/www.ifbaiano.edu.br\/unidades\/santaines\/?page_id=14184"},"modified":"2021-05-27T19:46:12","modified_gmt":"2021-05-27T22:46:12","slug":"modalidade-pregao-eletronico-2016","status":"publish","type":"page","link":"https:\/\/www.ifbaiano.edu.br\/unidades\/santaines\/modalidade-pregao-eletronico-2016\/","title":{"rendered":"Modalidade: PREG\u00c3O ELETR\u00d4NICO \/2016"},"content":{"rendered":"\n<hr class=\"wp-block-separator\" \/>\n\n\n\n<p><strong>Preg\u00e3o 01\/2016<\/strong>&nbsp;\u2013&nbsp;Aquisi\u00e7\u00e3o de materiais de expediente para suprir o estoque do almoxarifado do Instituto Federal de Educa\u00e7\u00e3o, Ci\u00eancia e Tecnologia Baiano &#8211; Campus Santa In\u00eas.<\/p>\n\n\n\n<p><a href=\"http:\/\/www.comprasnet.gov.br\/acesso.asp?url=\/edital-158277-5-1-2016\">Edital-Preg\u00e3o Eletr\u00f4nico 01-2016<\/a><\/p>\n\n\n\n<p><a href=\"http:\/\/comprasnet.gov.br\/livre\/pregao\/ata2.asp?co_no_uasg=158277&amp;numprp=12016\">Resultado por Fornecedor<\/a><\/p>\n\n\n\n<hr class=\"wp-block-separator\" \/>\n\n\n\n<p><strong>Preg\u00e3o 02\/2016<\/strong>&nbsp;\u2013&nbsp;Registro de pre\u00e7os para eventuais aquisi\u00e7\u00f5es de g\u00e1s GLP P-45, que ser\u00e1 utilizado para atender a demanda do N\u00facleo de Nutri\u00e7\u00e3o e Sa\u00fade do IF Baiano &#8211; Campus Santa In\u00eas.<\/p>\n\n\n\n<p><a href=\"http:\/\/www.comprasnet.gov.br\/acesso.asp?url=\/edital-158277-5-2-2016\">Edital-Preg\u00e3o Eletr\u00f4nico 02-2016<\/a><\/p>\n\n\n\n<p><a href=\"http:\/\/comprasnet.gov.br\/livre\/pregao\/ata2.asp?co_no_uasg=158277&amp;numprp=22016\">Resultado por Fornecedor<\/a><\/p>\n\n\n\n<hr class=\"wp-block-separator\" \/>\n\n\n\n<p id=\"block-f7647c5e-6957-45e8-bb1a-8906e4ff5582\"><strong>Preg\u00e3o 03\/2016<\/strong>&nbsp;\u2013&nbsp;Aquisi\u00e7\u00e3o de materiais de consumo diversos para suprir o estoque do Almoxarifado do Instituto Federal de Educa\u00e7\u00e3o, Ci\u00eancia e Tecnologia Baiano &#8211; Campus Santa In\u00eas.<\/p>\n\n\n\n<p id=\"block-be5356be-78e2-42ff-a9ab-9685a8325e2d\"><a href=\"http:\/\/www.comprasnet.gov.br\/acesso.asp?url=\/edital-158277-5-3-2016\">Edital-Preg\u00e3o Eletr\u00f4nico 03-2016<\/a><\/p>\n\n\n\n<p id=\"block-440d41c7-40cc-46bd-91a0-a611ae05ac6c\"><a href=\"http:\/\/comprasnet.gov.br\/livre\/pregao\/ata2.asp?co_no_uasg=158277&amp;numprp=32016\">Resultado por Fornecedor<\/a><\/p>\n\n\n\n<hr class=\"wp-block-separator\" \/>\n\n\n\n<p id=\"block-f7647c5e-6957-45e8-bb1a-8906e4ff5582\"><strong>Preg\u00e3o 04\/2016<\/strong>&nbsp;\u2013&nbsp;Registro de pre\u00e7os para eventual aquisi\u00e7\u00e3o de G\u00eaneros Aliment\u00edcios para atender a demanda do N\u00facleo de Nutri\u00e7\u00e3o e Sa\u00fade do Instituto Federal de Educa\u00e7\u00e3o, Ci\u00eancia e Tecnologia Baiano &#8211; Campus Santa In\u00eas, durante o ano letivo de 2016.<\/p>\n\n\n\n<p id=\"block-be5356be-78e2-42ff-a9ab-9685a8325e2d\"><a href=\"http:\/\/www.comprasnet.gov.br\/acesso.asp?url=\/edital-158277-5-4-2016\">Edital-Preg\u00e3o Eletr\u00f4nico 04-2016<\/a><\/p>\n\n\n\n<p id=\"block-440d41c7-40cc-46bd-91a0-a611ae05ac6c\"><a href=\"http:\/\/comprasnet.gov.br\/livre\/pregao\/ata2.asp?co_no_uasg=158277&amp;numprp=42016\">Resultado por Fornecedor<\/a><\/p>\n\n\n\n<hr class=\"wp-block-separator\" \/>\n\n\n\n<p id=\"block-f7647c5e-6957-45e8-bb1a-8906e4ff5582\"><strong>Preg\u00e3o 05\/2016<\/strong>&nbsp;\u2013&nbsp;Aquisi\u00e7\u00e3o de cadeiras pl\u00e1sticas destinadas para atender demanda com reuni\u00e3o de pais e outros eventos de natureza similar que acontecem no IF Baiano &#8211; Campus Santa In\u00eas.<\/p>\n\n\n\n<p id=\"block-be5356be-78e2-42ff-a9ab-9685a8325e2d\"><a href=\"http:\/\/www.comprasnet.gov.br\/acesso.asp?url=\/edital-158277-5-5-2016\">Edital-Preg\u00e3o Eletr\u00f4nico 05-2016<\/a><\/p>\n\n\n\n<p id=\"block-440d41c7-40cc-46bd-91a0-a611ae05ac6c\"><a href=\"http:\/\/comprasnet.gov.br\/livre\/pregao\/ata2.asp?co_no_uasg=158277&amp;numprp=52016\">Resultado por Fornecedor<\/a><\/p>\n\n\n\n<hr class=\"wp-block-separator\" \/>\n\n\n\n<p id=\"block-f7647c5e-6957-45e8-bb1a-8906e4ff5582\"><strong>Preg\u00e3o 06\/2016<\/strong>&nbsp;\u2013&nbsp;Aquisi\u00e7\u00e3o de materiais de limpeza, descart\u00e1veis e utens\u00edlios para serem utilizados no refeit\u00f3rio e alojamento dos estudantes do IF Baiano &#8211; Campus Santa In\u00eas.<\/p>\n\n\n\n<p id=\"block-be5356be-78e2-42ff-a9ab-9685a8325e2d\"><a href=\"http:\/\/www.comprasnet.gov.br\/acesso.asp?url=\/edital-158277-5-6-2016\">Edital-Preg\u00e3o Eletr\u00f4nico 06-2016<\/a><\/p>\n\n\n\n<p id=\"block-440d41c7-40cc-46bd-91a0-a611ae05ac6c\"><a href=\"http:\/\/comprasnet.gov.br\/livre\/pregao\/ata2.asp?co_no_uasg=158277&amp;numprp=62016\">Resultado por Fornecedor<\/a><\/p>\n\n\n\n<hr class=\"wp-block-separator\" \/>\n\n\n\n<p id=\"block-f7647c5e-6957-45e8-bb1a-8906e4ff5582\"><strong>Preg\u00e3o 07\/2016<\/strong>&nbsp;\u2013&nbsp;Aquisi\u00e7\u00e3o de bandejas de papel\u00e3o para acondicionamento de ovos de galinha visando atender a demanda da Coordena\u00e7\u00e3o das Unidades Educativas de Campo do Instituto Federal de Educa\u00e7\u00e3o, Ci\u00eancia e Tecnologia Baiano &#8211; Campus Santa In\u00eas<\/p>\n\n\n\n<p id=\"block-be5356be-78e2-42ff-a9ab-9685a8325e2d\"><a href=\"http:\/\/www.comprasnet.gov.br\/acesso.asp?url=\/edital-158277-5-7-2016\">Edital-Preg\u00e3o Eletr\u00f4nico 07-2016<\/a><\/p>\n\n\n\n<p id=\"block-440d41c7-40cc-46bd-91a0-a611ae05ac6c\"><a href=\"http:\/\/comprasnet.gov.br\/livre\/pregao\/ata2.asp?co_no_uasg=158277&amp;numprp=72016\">Resultado por Fornecedor<\/a><\/p>\n\n\n\n<hr class=\"wp-block-separator\" \/>\n\n\n\n<p id=\"block-f7647c5e-6957-45e8-bb1a-8906e4ff5582\"><strong>Preg\u00e3o 08\/2016<\/strong>&nbsp;\u2013&nbsp;Registro de pre\u00e7os para eventuais aquisi\u00e7\u00f5es de g\u00e1s (GLP) P-13 que ser\u00e3o utilizados para atender a demanda dos setores de Avicultura, Suinocultura, Bovinocultura e Agroind\u00fastria do Instituto Federal de Educa\u00e7\u00e3o, Ci\u00eancia e Tecnologia Baiano &#8211; Campus Santa In\u00eas.<\/p>\n\n\n\n<p id=\"block-be5356be-78e2-42ff-a9ab-9685a8325e2d\"><a href=\"http:\/\/www.comprasnet.gov.br\/acesso.asp?url=\/edital-158277-5-8-2016\">Edital-Preg\u00e3o Eletr\u00f4nico 08-2016<\/a><\/p>\n\n\n\n<p id=\"block-440d41c7-40cc-46bd-91a0-a611ae05ac6c\"><a href=\"http:\/\/comprasnet.gov.br\/livre\/pregao\/ata2.asp?co_no_uasg=158277&amp;numprp=82016\">Resultado por Fornecedor<\/a><\/p>\n\n\n\n<hr class=\"wp-block-separator\" \/>\n\n\n\n<p id=\"block-f7647c5e-6957-45e8-bb1a-8906e4ff5582\"><strong>Preg\u00e3o 09\/2016<\/strong>&nbsp;\u2013&nbsp;Aquisi\u00e7\u00e3o de su\u00ednos para atender a demanda do Setor de Suinocultura do Instituto Federal de Educa\u00e7\u00e3o, Ci\u00eancia e Tecnologia Baiano &#8211; Campus Santa In\u00eas<\/p>\n\n\n\n<p id=\"block-be5356be-78e2-42ff-a9ab-9685a8325e2d\"><a href=\"http:\/\/www.comprasnet.gov.br\/acesso.asp?url=\/edital-158277-5-9-2016\">Edital-Preg\u00e3o Eletr\u00f4nico 09-2016<\/a><\/p>\n\n\n\n<p id=\"block-440d41c7-40cc-46bd-91a0-a611ae05ac6c\"><a href=\"http:\/\/comprasnet.gov.br\/livre\/pregao\/ata2.asp?co_no_uasg=158277&amp;numprp=92016\">Resultado por Fornecedor<\/a><\/p>\n\n\n\n<hr class=\"wp-block-separator\" \/>\n\n\n\n<p id=\"block-f7647c5e-6957-45e8-bb1a-8906e4ff5582\"><strong>Preg\u00e3o 10\/2016<\/strong>&nbsp;\u2013&nbsp;Registro de pre\u00e7os para futura aquisi\u00e7\u00e3o de ra\u00e7\u00e3o, suplemento e feno destinados a atender a demanda da Coordena\u00e7\u00e3o das Unidades Educativas de Campo ? CUEC na alimenta\u00e7\u00e3o de animais do Instituto Federal de Educa\u00e7\u00e3o, Ci\u00eancia e Tecnologia Baiano &#8211; Campus Santa In\u00eas..<\/p>\n\n\n\n<p id=\"block-be5356be-78e2-42ff-a9ab-9685a8325e2d\"><a href=\"http:\/\/www.comprasnet.gov.br\/acesso.asp?url=\/edital-158277-5-10-2016\">Edital-Preg\u00e3o Eletr\u00f4nico 10-2016<\/a><\/p>\n\n\n\n<p id=\"block-440d41c7-40cc-46bd-91a0-a611ae05ac6c\"><a href=\"http:\/\/comprasnet.gov.br\/livre\/pregao\/ata2.asp?co_no_uasg=158277&amp;numprp=102016\">Resultado por Fornecedor<\/a><\/p>\n\n\n\n<hr class=\"wp-block-separator\" \/>\n\n\n\n<p id=\"block-f7647c5e-6957-45e8-bb1a-8906e4ff5582\"><strong>Preg\u00e3o 11\/2016<\/strong>&nbsp;\u2013&nbsp;Registro de pre\u00e7os para eventual contrata\u00e7\u00e3o de empresa para presta\u00e7\u00e3o de servi\u00e7os na confec\u00e7\u00e3o de materiais gr\u00e1ficos e elabora\u00e7\u00e3o de artes gr\u00e1ficas do Instituto Federal de Educa\u00e7\u00e3o, Ci\u00eancia e Tecnologia Baiano &#8211; Campus Santa In\u00eas.<\/p>\n\n\n\n<p id=\"block-be5356be-78e2-42ff-a9ab-9685a8325e2d\"><a href=\"http:\/\/www.comprasnet.gov.br\/acesso.asp?url=\/edital-158277-5-11-2016\">Edital-Preg\u00e3o Eletr\u00f4nico 11-2016<\/a><\/p>\n\n\n\n<p id=\"block-440d41c7-40cc-46bd-91a0-a611ae05ac6c\"><a href=\"http:\/\/comprasnet.gov.br\/livre\/pregao\/ata2.asp?co_no_uasg=158277&amp;numprp=112016\">Resultado por Fornecedor<\/a><\/p>\n\n\n\n<hr class=\"wp-block-separator\" \/>\n\n\n\n<p id=\"block-f7647c5e-6957-45e8-bb1a-8906e4ff5582\"><strong>Preg\u00e3o 12\/2016<\/strong>&nbsp;\u2013&nbsp;Contrata\u00e7\u00e3o de empresa especializada para presta\u00e7\u00e3o de servi\u00e7os de recarga e revalida\u00e7\u00e3o dos extintores de inc\u00eandio do Instituto Federal de Educa\u00e7\u00e3o, Ci\u00eancia e Tecnologia Baiano &#8211; Campus Santa In\u00eas.<\/p>\n\n\n\n<p id=\"block-be5356be-78e2-42ff-a9ab-9685a8325e2d\"><a href=\"http:\/\/www.comprasnet.gov.br\/acesso.asp?url=\/edital-158277-5-12-2016\">Edital-Preg\u00e3o Eletr\u00f4nico 12-2016<\/a><\/p>\n\n\n\n<p id=\"block-440d41c7-40cc-46bd-91a0-a611ae05ac6c\"><a href=\"http:\/\/comprasnet.gov.br\/livre\/pregao\/ata2.asp?co_no_uasg=158277&amp;numprp=122016\">Resultado por Fornecedor<\/a><\/p>\n\n\n\n<hr class=\"wp-block-separator\" \/>\n\n\n\n<p id=\"block-f7647c5e-6957-45e8-bb1a-8906e4ff5582\"><strong>Preg\u00e3o 13\/2016<\/strong>&nbsp;\u2013&nbsp;Registro de pre\u00e7os para eventuais aquisi\u00e7\u00f5es de g\u00e1s (GLP) P-13 que ser\u00e3o utilizados para atender a demanda dos setores de Avicultura, Suinocultura, Bovinocultura e Agroind\u00fastria do Instituto Federal de Educa\u00e7\u00e3o, Ci\u00eancia e Tecnologia Baiano ? Campus Santa In\u00eas.<\/p>\n\n\n\n<p id=\"block-be5356be-78e2-42ff-a9ab-9685a8325e2d\"><a href=\"http:\/\/www.comprasnet.gov.br\/acesso.asp?url=\/edital-158277-5-13-2016\">Edital-Preg\u00e3o Eletr\u00f4nico 13-2016<\/a><\/p>\n\n\n\n<p id=\"block-440d41c7-40cc-46bd-91a0-a611ae05ac6c\"><a href=\"http:\/\/comprasnet.gov.br\/livre\/pregao\/ata2.asp?co_no_uasg=158277&amp;numprp=132016\">Resultado por Fornecedor<\/a><\/p>\n\n\n\n<hr class=\"wp-block-separator\" \/>\n\n\n\n<p id=\"block-f7647c5e-6957-45e8-bb1a-8906e4ff5582\"><strong>Preg\u00e3o 14\/2016<\/strong>&nbsp;\u2013&nbsp;Aquisi\u00e7\u00e3o de carteiras escolares para discentes visando atender a demanda da Diretoria Acad\u00eamica do Instituto Federal de Educa\u00e7\u00e3o, Ci\u00eancia e Tecnologia Baiano &#8211; Campus Santa In\u00eas.<\/p>\n\n\n\n<p id=\"block-be5356be-78e2-42ff-a9ab-9685a8325e2d\"><a href=\"http:\/\/www.comprasnet.gov.br\/acesso.asp?url=\/edital-158277-5-14-2016\">Edital-Preg\u00e3o Eletr\u00f4nico 14-2016<\/a><\/p>\n\n\n\n<p id=\"block-440d41c7-40cc-46bd-91a0-a611ae05ac6c\"><a href=\"http:\/\/comprasnet.gov.br\/livre\/pregao\/ata2.asp?co_no_uasg=158277&amp;numprp=142016\">Resultado por Fornecedor<\/a><\/p>\n\n\n\n<hr class=\"wp-block-separator\" \/>\n\n\n\n<p id=\"block-f7647c5e-6957-45e8-bb1a-8906e4ff5582\"><strong>Preg\u00e3o 15\/2016<\/strong>&nbsp;\u2013&nbsp;Aquisi\u00e7\u00e3o de materiais visando atender a demanda do Setor de \u00c1udio Visual do IF Baiano &#8211; Campus Santa In\u00eas.<\/p>\n\n\n\n<p id=\"block-be5356be-78e2-42ff-a9ab-9685a8325e2d\"><a href=\"http:\/\/www.comprasnet.gov.br\/acesso.asp?url=\/edital-158277-5-15-2016\">Edital-Preg\u00e3o Eletr\u00f4nico 15-2016<\/a><\/p>\n\n\n\n<p id=\"block-440d41c7-40cc-46bd-91a0-a611ae05ac6c\"><a href=\"http:\/\/comprasnet.gov.br\/livre\/pregao\/ata2.asp?co_no_uasg=158277&amp;numprp=152016\">Resultado por Fornecedor<\/a><\/p>\n\n\n\n<hr class=\"wp-block-separator\" \/>\n\n\n\n<p id=\"block-f7647c5e-6957-45e8-bb1a-8906e4ff5582\"><strong>Preg\u00e3o 16\/2016<\/strong>&nbsp;\u2013&nbsp;Concess\u00e3o administrativa de uso, das depend\u00eancias do IF Baiano Campus Santa In\u00eas para fins de explora\u00e7\u00e3o comercial dos servi\u00e7os da cantina.<\/p>\n\n\n\n<p id=\"block-be5356be-78e2-42ff-a9ab-9685a8325e2d\"><a href=\"http:\/\/www.comprasnet.gov.br\/acesso.asp?url=\/edital-158277-5-16-2016\">Edital-Preg\u00e3o Eletr\u00f4nico 16-2016<\/a><\/p>\n\n\n\n<p id=\"block-440d41c7-40cc-46bd-91a0-a611ae05ac6c\"><a href=\"http:\/\/comprasnet.gov.br\/livre\/pregao\/ata2.asp?co_no_uasg=158277&amp;numprp=162016\">Resultado por Fornecedor<\/a><\/p>\n\n\n\n<hr class=\"wp-block-separator\" \/>\n\n\n\n<p id=\"block-f7647c5e-6957-45e8-bb1a-8906e4ff5582\"><strong>Preg\u00e3o 17\/2016<\/strong>&nbsp;\u2013&nbsp;Aquisi\u00e7\u00e3o de medicamentos veterin\u00e1rios destinados para atender a Coordena\u00e7\u00e3o das Unidades Educativas do Campo &#8211; CUEC do Instituto Federal de Educa\u00e7\u00e3o, Ci\u00eancia e Tecnologia Baiano &#8211; Campus Santa In\u00eas.<\/p>\n\n\n\n<p id=\"block-be5356be-78e2-42ff-a9ab-9685a8325e2d\"><a href=\"http:\/\/www.comprasnet.gov.br\/acesso.asp?url=\/edital-158277-5-17-2016\">Edital-Preg\u00e3o Eletr\u00f4nico 17-2016<\/a><\/p>\n\n\n\n<p id=\"block-440d41c7-40cc-46bd-91a0-a611ae05ac6c\"><a href=\"http:\/\/comprasnet.gov.br\/livre\/pregao\/ata2.asp?co_no_uasg=158277&amp;numprp=172016\">Resultado por Fornecedor<\/a><\/p>\n\n\n\n<hr class=\"wp-block-separator\" \/>\n\n\n\n<p id=\"block-59d86586-ee4d-42ee-adc9-9fdb5a248ac5\"><strong><br>Preg\u00e3o 18\/2016<\/strong>&nbsp;\u2013&nbsp;Aquisi\u00e7\u00e3o de materiais veterin\u00e1rios destinados para atender a Coordena\u00e7\u00e3o das Unidades Educativas do Campo &#8211; CUEC do Instituto Federal de Educa\u00e7\u00e3o, Ci\u00eancia e Tecnologia Baiano &#8211; Campus Santa In\u00eas.<\/p>\n\n\n\n<p id=\"block-9dcc02e8-ab7f-44f7-a44b-e75d1b794679\"><a href=\"http:\/\/www.comprasnet.gov.br\/acesso.asp?url=\/edital-158277-5-18-2016\">Edital-Preg\u00e3o Eletr\u00f4nico 18-2016<\/a><\/p>\n\n\n\n<p id=\"block-2b73f14b-212b-49fa-8a18-6a1a3189a700\"><a href=\"http:\/\/comprasnet.gov.br\/livre\/pregao\/ata2.asp?co_no_uasg=158277&amp;numprp=182016\">Resultado por Fornecedor<\/a><\/p>\n\n\n\n<hr class=\"wp-block-separator\" \/>\n\n\n\n<p id=\"block-59d86586-ee4d-42ee-adc9-9fdb5a248ac5\"><strong>Preg\u00e3o 19\/2016<\/strong>&nbsp;\u2013&nbsp;Aquisi\u00e7\u00e3o de g\u00eaneros aliment\u00edcios para atendimento ao Programa Nacional de Alimenta\u00e7\u00e3o Escolar &#8211; PNAE, para atender a demanda do N\u00facleo de Nutri\u00e7\u00e3o e Sa\u00fade do Instituto Federal de Educa\u00e7\u00e3o, Ci\u00eancia e Tecnologia Baiano &#8211; Campus Santa In\u00eas.<\/p>\n\n\n\n<p id=\"block-9dcc02e8-ab7f-44f7-a44b-e75d1b794679\"><a href=\"http:\/\/www.comprasnet.gov.br\/acesso.asp?url=\/edital-158277-5-19-2016\">Edital-Preg\u00e3o Eletr\u00f4nico 19-2016<\/a><\/p>\n\n\n\n<p id=\"block-2b73f14b-212b-49fa-8a18-6a1a3189a700\"><a href=\"http:\/\/comprasnet.gov.br\/livre\/pregao\/ata2.asp?co_no_uasg=158277&amp;numprp=192016\">Resultado por Fornecedor<\/a><\/p>\n\n\n\n<hr class=\"wp-block-separator\" \/>\n\n\n\n<p id=\"block-59d86586-ee4d-42ee-adc9-9fdb5a248ac5\"><strong>Preg\u00e3o 20\/2016<\/strong>&nbsp;\u2013&nbsp;Aquisi\u00e7\u00e3o de livros destinados a atualizar o acervo bibliogr\u00e1fico do Instituto Federal de Educa\u00e7\u00e3o, Ci\u00eancia e Tecnologia Baiano &#8211; Campus Santa In\u00eas.<\/p>\n\n\n\n<p id=\"block-9dcc02e8-ab7f-44f7-a44b-e75d1b794679\"><a href=\"http:\/\/www.comprasnet.gov.br\/acesso.asp?url=\/edital-158277-5-20-2016\">Edital-Preg\u00e3o Eletr\u00f4nico 20-2016<\/a><\/p>\n\n\n\n<p id=\"block-2b73f14b-212b-49fa-8a18-6a1a3189a700\"><a href=\"http:\/\/comprasnet.gov.br\/livre\/pregao\/ata2.asp?co_no_uasg=158277&amp;numprp=202016\">Resultado por Fornecedor<\/a><\/p>\n\n\n\n<hr class=\"wp-block-separator\" \/>\n\n\n\n<p id=\"block-59d86586-ee4d-42ee-adc9-9fdb5a248ac5\"><strong>Preg\u00e3o 21\/2016<\/strong>&nbsp;\u2013&nbsp;O objeto do presente certame \u00e9 o registro de pre\u00e7o para eventual contrata\u00e7\u00e3o de empresa especializada para organiza\u00e7\u00e3o e ornamenta\u00e7\u00e3o de eventos por meio de cerimonial promovidos pelo IF Baiano Campus Santa In\u00eas.<\/p>\n\n\n\n<p id=\"block-9dcc02e8-ab7f-44f7-a44b-e75d1b794679\"><a href=\"http:\/\/www.comprasnet.gov.br\/acesso.asp?url=\/edital-158277-5-21-2016\">Edital-Preg\u00e3o Eletr\u00f4nico 21-2016<\/a><\/p>\n\n\n\n<p id=\"block-2b73f14b-212b-49fa-8a18-6a1a3189a700\"><a href=\"http:\/\/comprasnet.gov.br\/livre\/pregao\/ata2.asp?co_no_uasg=158277&amp;numprp=212016\">Resultado por Fornecedor<\/a><\/p>\n\n\n\n<hr class=\"wp-block-separator\" \/>\n\n\n\n<p id=\"block-59d86586-ee4d-42ee-adc9-9fdb5a248ac5\"><strong>Preg\u00e3o 22\/2016<\/strong>&nbsp;\u2013&nbsp;Contrata\u00e7\u00e3o de Empresa especializada na presta\u00e7\u00e3o de servi\u00e7os terceirizados, de natureza cont\u00ednua, servi\u00e7os de apoio para atender demanda do Instituto Federal de Educa\u00e7\u00e3o, Ci\u00eancia e Tecnologia Baiano &#8211; Campus Santa In\u00eas.<\/p>\n\n\n\n<p id=\"block-9dcc02e8-ab7f-44f7-a44b-e75d1b794679\"><a href=\"http:\/\/www.comprasnet.gov.br\/acesso.asp?url=\/edital-158277-5-22-2016\">Edital-Preg\u00e3o Eletr\u00f4nico 22-2016<\/a><\/p>\n\n\n\n<p id=\"block-2b73f14b-212b-49fa-8a18-6a1a3189a700\"><a href=\"http:\/\/comprasnet.gov.br\/livre\/pregao\/ata2.asp?co_no_uasg=158277&amp;numprp=222016\">Resultado por Fornecedor<\/a><\/p>\n\n\n\n<p id=\"block-2b73f14b-212b-49fa-8a18-6a1a3189a700\"><a href=\"https:\/\/www.ifbaiano.edu.br\/unidades\/santaines\/files\/2021\/05\/Contrato-01.2017-ATITUDE.pdf\">Contrato 01\/2017 &#8211; ATITUDE<\/a><\/p>\n\n\n\n<p id=\"block-2b73f14b-212b-49fa-8a18-6a1a3189a700\"><a href=\"https:\/\/www.ifbaiano.edu.br\/unidades\/santaines\/files\/2021\/05\/1-termo-Aditivo-Contrato-01.2017.pdf\">1\u00ba Termo Aditivo &#8211; Contrato\u00a001\/2017<\/a><\/p>\n\n\n\n<p id=\"block-2b73f14b-212b-49fa-8a18-6a1a3189a700\"><a href=\"https:\/\/www.ifbaiano.edu.br\/unidades\/santaines\/files\/2021\/05\/1-Termo-de-Apostilamento-Contrato-01.2017.pdf\">1\u00ba Termo de Apostilamento &#8211; Contrato 01\/2017<\/a><\/p>\n\n\n\n<p id=\"block-2b73f14b-212b-49fa-8a18-6a1a3189a700\"><a href=\"https:\/\/www.ifbaiano.edu.br\/unidades\/santaines\/files\/2021\/05\/2-Termo-Aditivo-Contrato-01.2017.pdf\">2\u00ba Termo Aditivo &#8211; Contrato\u00a001\/2017<\/a><\/p>\n\n\n\n<p id=\"block-2b73f14b-212b-49fa-8a18-6a1a3189a700\"><a href=\"https:\/\/www.ifbaiano.edu.br\/unidades\/santaines\/files\/2021\/05\/2-Termo-de-Apostilamento-Contrato-01.2017.pdf\">2\u00ba Termo de Apostilamento &#8211; Contrato 01\/2017<\/a><\/p>\n\n\n\n<p id=\"block-2b73f14b-212b-49fa-8a18-6a1a3189a700\"><a href=\"https:\/\/www.ifbaiano.edu.br\/unidades\/santaines\/files\/2021\/05\/3-Termo-Aditivo-Contrato-01.2017.pdf\">3\u00ba Termo Aditivo &#8211; Contrato\u00a001\/2017<\/a><\/p>\n\n\n\n<p id=\"block-2b73f14b-212b-49fa-8a18-6a1a3189a700\"><a href=\"https:\/\/www.ifbaiano.edu.br\/unidades\/santaines\/files\/2021\/05\/3-termo-de-Apostilamento-Contrato-01.2017.pdf\">3\u00ba Termo de Apostilamento &#8211; Contrato 01\/2017<\/a><\/p>\n\n\n\n<p id=\"block-2b73f14b-212b-49fa-8a18-6a1a3189a700\"><a href=\"https:\/\/www.ifbaiano.edu.br\/unidades\/santaines\/files\/2021\/05\/4-Termo-Aditivo-Contrato-01.2017.pdf\">4\u00ba Termo Aditivo &#8211; Contrato\u00a001\/2017<\/a><\/p>\n\n\n\n<p id=\"block-2b73f14b-212b-49fa-8a18-6a1a3189a700\"><a href=\"https:\/\/www.ifbaiano.edu.br\/unidades\/santaines\/files\/2021\/05\/5-termo-Aditivo-Contrato-01.2017.pdf\">5\u00ba Termo Aditivo &#8211; Contrato\u00a001\/2017<\/a><\/p>\n\n\n\n<p id=\"block-2b73f14b-212b-49fa-8a18-6a1a3189a700\"><a href=\"https:\/\/www.ifbaiano.edu.br\/unidades\/santaines\/files\/2021\/05\/6-Termo-Aditivo-Contrato-01.2017.pdf\">6\u00ba Termo Aditivo &#8211; Contrato\u00a001\/2017<\/a><\/p>\n\n\n\n<p id=\"block-2b73f14b-212b-49fa-8a18-6a1a3189a700\"><a href=\"https:\/\/www.ifbaiano.edu.br\/unidades\/santaines\/files\/2021\/05\/7-Termo-Aditivo-Contrato-01.2017.pdf\">7\u00ba Termo Aditivo &#8211; Contrato\u00a001\/2017<\/a><\/p>\n\n\n\n<p id=\"block-2b73f14b-212b-49fa-8a18-6a1a3189a700\"><a href=\"https:\/\/www.ifbaiano.edu.br\/unidades\/santaines\/files\/2021\/05\/8-Termo-Aditivo-Contrato-01.2017.pdf\">8\u00ba Termo Aditivo &#8211; Contrato\u00a001\/2017<\/a><\/p>\n\n\n\n<p id=\"block-2b73f14b-212b-49fa-8a18-6a1a3189a700\"><a href=\"https:\/\/www.ifbaiano.edu.br\/unidades\/santaines\/files\/2021\/05\/9-Termo-Aditivo-Contrato-01.2017.pdf\">9\u00ba Termo Aditivo &#8211; Contrato\u00a001\/2017<\/a><\/p>\n\n\n\n<p id=\"block-2b73f14b-212b-49fa-8a18-6a1a3189a700\"><a href=\"https:\/\/www.ifbaiano.edu.br\/unidades\/santaines\/files\/2021\/05\/10-Termo-Aditivo-Contrato-01.2017.pdf\">10\u00ba Termo Aditivo &#8211; Contrato 01\/2017<\/a><\/p>\n\n\n\n<p id=\"block-2b73f14b-212b-49fa-8a18-6a1a3189a700\"><a href=\"https:\/\/www.ifbaiano.edu.br\/unidades\/santaines\/files\/2021\/05\/11-termo-Aditivo-ATITUDE-ASSINADO.pdf\">11\u00ba Termo Aditivo &#8211; Contrato 01\/2017<\/a><\/p>\n\n\n\n<hr class=\"wp-block-separator\" \/>\n\n\n\n<p><\/p>\n","protected":false},"excerpt":{"rendered":"<p>Preg\u00e3o 01\/2016&nbsp;\u2013&nbsp;Aquisi\u00e7\u00e3o de materiais de expediente para suprir o estoque do almoxarifado do Instituto Federal de Educa\u00e7\u00e3o, Ci\u00eancia e Tecnologia Baiano &#8211; Campus Santa In\u00eas. Edital-Preg\u00e3o Eletr\u00f4nico 01-2016 Resultado por Fornecedor Preg\u00e3o 02\/2016&nbsp;\u2013&nbsp;Registro de pre\u00e7os para eventuais aquisi\u00e7\u00f5es de g\u00e1s GLP P-45, que ser\u00e1 utilizado para atender a demanda do N\u00facleo de Nutri\u00e7\u00e3o e Sa\u00fade [&hellip;]<\/p>\n","protected":false},"author":86,"featured_media":0,"parent":0,"menu_order":0,"comment_status":"closed","ping_status":"closed","template":"","meta":[],"_links":{"self":[{"href":"https:\/\/www.ifbaiano.edu.br\/unidades\/santaines\/wp-json\/wp\/v2\/pages\/14184"}],"collection":[{"href":"https:\/\/www.ifbaiano.edu.br\/unidades\/santaines\/wp-json\/wp\/v2\/pages"}],"about":[{"href":"https:\/\/www.ifbaiano.edu.br\/unidades\/santaines\/wp-json\/wp\/v2\/types\/page"}],"author":[{"embeddable":true,"href":"https:\/\/www.ifbaiano.edu.br\/unidades\/santaines\/wp-json\/wp\/v2\/users\/86"}],"replies":[{"embeddable":true,"href":"https:\/\/www.ifbaiano.edu.br\/unidades\/santaines\/wp-json\/wp\/v2\/comments?post=14184"}],"version-history":[{"count":2,"href":"https:\/\/www.ifbaiano.edu.br\/unidades\/santaines\/wp-json\/wp\/v2\/pages\/14184\/revisions"}],"predecessor-version":[{"id":15096,"href":"https:\/\/www.ifbaiano.edu.br\/unidades\/santaines\/wp-json\/wp\/v2\/pages\/14184\/revisions\/15096"}],"wp:attachment":[{"href":"https:\/\/www.ifbaiano.edu.br\/unidades\/santaines\/wp-json\/wp\/v2\/media?parent=14184"}],"curies":[{"name":"wp","href":"https:\/\/api.w.org\/{rel}","templated":true}]}}