{"id":14189,"date":"2020-10-29T11:44:10","date_gmt":"2020-10-29T14:44:10","guid":{"rendered":"https:\/\/www.ifbaiano.edu.br\/unidades\/santaines\/?page_id=14189"},"modified":"2020-10-29T11:44:10","modified_gmt":"2020-10-29T14:44:10","slug":"modalidade-pregao-eletronico-2015","status":"publish","type":"page","link":"https:\/\/www.ifbaiano.edu.br\/unidades\/santaines\/modalidade-pregao-eletronico-2015\/","title":{"rendered":"Modalidade &#8211; PREG\u00c3O ELETR\u00d4NICO 2015"},"content":{"rendered":"\n<hr class=\"wp-block-separator\" \/>\n\n\n\n<p id=\"block-b92fb020-be40-4452-bd8b-6b2a5fab45cf\"><strong>Preg\u00e3o 01\/2015<\/strong>\u00a0\u2013\u00a0Registro de pre\u00e7os para eventuais aquisi\u00e7\u00f5es de g\u00e1s (GLP) P-13 e P- 45 que ser\u00e3o utilizados para atender a demanda dos setores da Coordena\u00e7\u00e3o das Unidades Educativas de Campo e o Setor de Alimenta\u00e7\u00e3o e Nutri\u00e7\u00e3o respectivamente, durante o ano letivo de 2015 do Instituto Federal de Educa\u00e7\u00e3o, Ci\u00eancia e Tecnologia Baiano Campus Santa In\u00eas.<\/p>\n\n\n\n<p id=\"block-f99ba56f-844c-472c-b0af-2f8e49730292\"><a href=\"http:\/\/www.comprasnet.gov.br\/acesso.asp?url=\/edital-158277-5-1-2015\">Edital-Preg\u00e3o Eletr\u00f4nico 01-2015<\/a><\/p>\n\n\n\n<p id=\"block-ee6885ab-f514-48cc-b04c-d853166fad5f\"><a href=\"http:\/\/comprasnet.gov.br\/livre\/pregao\/ata2.asp?co_no_uasg=158277&amp;numprp=12015\">Resultado por Fornecedor<\/a><\/p>\n\n\n\n<hr class=\"wp-block-separator\" \/>\n\n\n\n<p id=\"block-f7647c5e-6957-45e8-bb1a-8906e4ff5582\"><strong>Preg\u00e3o 02\/2015<\/strong>\u00a0\u2013\u00a0\u00a0Aquisi\u00e7\u00e3o de materiais de expediente para suprir o estoque do Almoxarifado do Instituto Federal de Educa\u00e7\u00e3o, Ci\u00eancia e Tecnologia Baiano &#8211; Campus Santa In\u00eas.<\/p>\n\n\n\n<p id=\"block-f99ba56f-844c-472c-b0af-2f8e49730292\"><a href=\"http:\/\/www.comprasnet.gov.br\/acesso.asp?url=\/edital-158277-5-2-2015\">Edital-Preg\u00e3o Eletr\u00f4nico 02-2015<\/a><\/p>\n\n\n\n<p id=\"block-ee6885ab-f514-48cc-b04c-d853166fad5f\"><a href=\"http:\/\/comprasnet.gov.br\/livre\/pregao\/ata2.asp?co_no_uasg=158277&amp;numprp=22015\">Resultado por Fornecedor<\/a><\/p>\n\n\n\n<hr class=\"wp-block-separator\" \/>\n\n\n\n<p id=\"block-6fa16ec5-b980-4adc-8c10-ef1b58dda053\"><strong>Preg\u00e3o 03\/2015<\/strong>\u00a0\u2013\u00a0Aquisi\u00e7\u00e3o de materiais diversos para suprir o estoque do Almoxarifado do Instituto Federal de Educa\u00e7\u00e3o, Ci\u00eancia e Tecnologia Baiano &#8211; Campus Santa In\u00eas.<\/p>\n\n\n\n<p id=\"block-1de4fd8a-fba9-4817-bbc4-1fdc8042ca60\"><a href=\"http:\/\/www.comprasnet.gov.br\/acesso.asp?url=\/edital-158277-5-3-2015\">Edital-Preg\u00e3o Eletr\u00f4nico 03-2015<\/a><\/p>\n\n\n\n<p id=\"block-fd265978-796c-47f4-b656-640a01e11695\"><a href=\"http:\/\/comprasnet.gov.br\/livre\/pregao\/ata2.asp?co_no_uasg=158277&amp;numprp=32015\">Resultado por Fornecedor<\/a><\/p>\n\n\n\n<hr class=\"wp-block-separator\" \/>\n\n\n\n<p id=\"block-6ba74c87-a323-407a-8980-76c26385e786\"><strong>Preg\u00e3o 04\/2015<\/strong>\u00a0\u2013\u00a0Aquisi\u00e7\u00e3o de materiais de limpeza destinados para atender o refeit\u00f3rio e os alojamentos do Instituto Geral de Educa\u00e7\u00e3o, Ci\u00eancia e Tecnologia Baiano &#8211; Campus Santa In\u00eas.<\/p>\n\n\n\n<p id=\"block-687e2b87-1a63-4cd8-831e-a74dd5635c0d\"><a href=\"http:\/\/www.comprasnet.gov.br\/acesso.asp?url=\/edital-158277-5-4-2015\">Edital-Preg\u00e3o Eletr\u00f4nico 04-2015<\/a><\/p>\n\n\n\n<p id=\"block-d03ece20-5d49-4cd8-8ce7-3d9fc0d5221c\"><a href=\"http:\/\/comprasnet.gov.br\/livre\/pregao\/ata2.asp?co_no_uasg=158277&amp;numprp=42015\">Resultado por Fornecedor<\/a><\/p>\n\n\n\n<hr class=\"wp-block-separator\" \/>\n\n\n\n<p id=\"block-6fa16ec5-b980-4adc-8c10-ef1b58dda053\"><strong>Preg\u00e3o 05\/2015<\/strong>\u00a0\u2013\u00a0Aquisi\u00e7\u00e3o de materiais descart\u00e1veis e utens\u00edlios para atender a demanda do Refeit\u00f3rio do Instituto Federal de Educa\u00e7\u00e3o, Ci\u00eancia e Tecnologia Baiano &#8211; Campus Santa In\u00eas.<\/p>\n\n\n\n<p id=\"block-1de4fd8a-fba9-4817-bbc4-1fdc8042ca60\"><a href=\"http:\/\/www.comprasnet.gov.br\/acesso.asp?url=\/edital-158277-5-5-2015\">Edital-Preg\u00e3o Eletr\u00f4nico 05-2015<\/a><\/p>\n\n\n\n<p id=\"block-fd265978-796c-47f4-b656-640a01e11695\"><a href=\"http:\/\/comprasnet.gov.br\/livre\/pregao\/ata2.asp?co_no_uasg=158277&amp;numprp=52015\">Resultado por Fornecedor<\/a><\/p>\n\n\n\n<hr class=\"wp-block-separator\" \/>\n\n\n\n<p id=\"block-6ba74c87-a323-407a-8980-76c26385e786\"><strong>Preg\u00e3o 06\/2015<\/strong>\u00a0\u2013\u00a0Registro de pre\u00e7os para eventual aquisi\u00e7\u00e3o de G\u00eaneros Aliment\u00edcios destinados para atender a demanda do N\u00facleo de Nutri\u00e7\u00e3o e Sa\u00fade do Instituto Federal de Educa\u00e7\u00e3o, Ci\u00eancia e Tecnologia Baiano &#8211; Campus Santa In\u00eas durante o ano letivo de 2015.<\/p>\n\n\n\n<p id=\"block-687e2b87-1a63-4cd8-831e-a74dd5635c0d\"><a href=\"http:\/\/www.comprasnet.gov.br\/acesso.asp?url=\/edital-158277-5-6-2015\">Edital-Preg\u00e3o Eletr\u00f4nico 06-2015<\/a><\/p>\n\n\n\n<p id=\"block-d03ece20-5d49-4cd8-8ce7-3d9fc0d5221c\"><a href=\"http:\/\/comprasnet.gov.br\/livre\/pregao\/ata2.asp?co_no_uasg=158277&amp;numprp=62015\">Resultado por Fornecedor<\/a><\/p>\n\n\n\n<hr class=\"wp-block-separator\" \/>\n\n\n\n<p id=\"block-6fa16ec5-b980-4adc-8c10-ef1b58dda053\"><strong>Preg\u00e3o 07\/2015<\/strong>\u00a0\u2013\u00a0Registro de pre\u00e7os para futura aquisi\u00e7\u00e3o de ra\u00e7\u00e3o, suplemento e feno destinados a atender a demanda da Coordena\u00e7\u00e3o das Unidades Educativas de Campo CUEC na alimenta\u00e7\u00e3o de animais do Instituto Federal de Educa\u00e7\u00e3o, Ci\u00eancia e Tecnologia Baiano Campus Santa In\u00eas.<\/p>\n\n\n\n<p id=\"block-1de4fd8a-fba9-4817-bbc4-1fdc8042ca60\"><a href=\"http:\/\/www.comprasnet.gov.br\/acesso.asp?url=\/edital-158277-5-7-2015\">Edital-Preg\u00e3o Eletr\u00f4nico 07-2015<\/a><\/p>\n\n\n\n<p id=\"block-fd265978-796c-47f4-b656-640a01e11695\"><a href=\"http:\/\/comprasnet.gov.br\/livre\/pregao\/ata2.asp?co_no_uasg=158277&amp;numprp=72015\">Resultado por Fornecedor<\/a><\/p>\n\n\n\n<hr class=\"wp-block-separator\" \/>\n\n\n\n<p id=\"block-6ba74c87-a323-407a-8980-76c26385e786\"><strong>Preg\u00e3o 08\/2015<\/strong>\u00a0\u2013\u00a0Aquisi\u00e7\u00e3o de hortifrut\u00edcolas e contimentos destinados para atender a demanda do Refeit\u00f3rio do Instituto Federal de Educa\u00e7\u00e3o, Ci\u00eancia e Tecnologia Baiano Campus Santa In\u00eas, durante o ano letivo de 2015.<\/p>\n\n\n\n<p id=\"block-687e2b87-1a63-4cd8-831e-a74dd5635c0d\"><a href=\"http:\/\/www.comprasnet.gov.br\/acesso.asp?url=\/edital-158277-5-8-2015\">Edital-Preg\u00e3o Eletr\u00f4nico 08-2015<\/a><\/p>\n\n\n\n<p id=\"block-d03ece20-5d49-4cd8-8ce7-3d9fc0d5221c\"><a href=\"http:\/\/comprasnet.gov.br\/livre\/pregao\/ata2.asp?co_no_uasg=158277&amp;numprp=82015\">Resultado por Fornecedor<\/a><\/p>\n\n\n\n<hr class=\"wp-block-separator\" \/>\n\n\n\n<p id=\"block-6fa16ec5-b980-4adc-8c10-ef1b58dda053\"><strong>Preg\u00e3o 09\/2015<\/strong>\u00a0\u2013\u00a0Aquisi\u00e7\u00e3o de lumin\u00e1rias de emerg\u00eancia e de geradores de energia el\u00e9trica para atender a demanda da Coordena\u00e7\u00e3o de Assist\u00eancia Estudantil do Instituto Federal de Educa\u00e7\u00e3o, Ci\u00eancia e Tecnologia Baiano &#8211; Campus Santa In\u00eas.<\/p>\n\n\n\n<p id=\"block-1de4fd8a-fba9-4817-bbc4-1fdc8042ca60\"><a href=\"http:\/\/www.comprasnet.gov.br\/acesso.asp?url=\/edital-158277-5-9-2015\">Edital-Preg\u00e3o Eletr\u00f4nico 09-2015<\/a><\/p>\n\n\n\n<p id=\"block-fd265978-796c-47f4-b656-640a01e11695\"><a href=\"http:\/\/comprasnet.gov.br\/livre\/pregao\/ata2.asp?co_no_uasg=158277&amp;numprp=92015\">Resultado por Fornecedor<\/a><\/p>\n\n\n\n<hr class=\"wp-block-separator\" \/>\n\n\n\n<p id=\"block-6ba74c87-a323-407a-8980-76c26385e786\"><strong>Preg\u00e3o 10\/2015<\/strong>\u00a0\u2013\u00a0Contrata\u00e7\u00e3o de empresa especializada em Presta\u00e7\u00e3o de Servi\u00e7os Outsourcing de ambiente de Tecnologia da Informa\u00e7\u00e3o compreendendo a cess\u00e3o de direito de uso de equipamentos, incluindo a presta\u00e7\u00e3o de servi\u00e7os de manuten\u00e7\u00e3o preventiva e corretiva com o fornecimento e instala\u00e7\u00e3o de ferramentas de gest\u00e3o, monitoramento on-line, fornecimento de pe\u00e7as e suprimentos necess\u00e1rios (INCLUINDO PAPEL).<\/p>\n\n\n\n<p id=\"block-687e2b87-1a63-4cd8-831e-a74dd5635c0d\"><a href=\"http:\/\/www.comprasnet.gov.br\/acesso.asp?url=\/edital-158277-5-10-2015\">Edital-Preg\u00e3o Eletr\u00f4nico 10-2015<\/a><\/p>\n\n\n\n<p id=\"block-d03ece20-5d49-4cd8-8ce7-3d9fc0d5221c\"><a href=\"http:\/\/comprasnet.gov.br\/livre\/pregao\/ata2.asp?co_no_uasg=158277&amp;numprp=102015\">Resultado por Fornecedor<\/a><\/p>\n\n\n\n<hr class=\"wp-block-separator\" \/>\n\n\n\n<p id=\"block-b92fb020-be40-4452-bd8b-6b2a5fab45cf\"><strong>Preg\u00e3o 11\/2015<\/strong>\u00a0\u2013\u00a0Aquisi\u00e7\u00e3o de ferramentas e materiais diversos para atender a demanda da Coordena\u00e7\u00e3o das Unidades Educativas do Campo, do Instituto Federal de Educa\u00e7\u00e3o, Ci\u00eancia e Tecnologia Baiano &#8211; Campus Santa In\u00eas.<\/p>\n\n\n\n<p id=\"block-f99ba56f-844c-472c-b0af-2f8e49730292\"><a href=\"http:\/\/www.comprasnet.gov.br\/acesso.asp?url=\/edital-158277-5-11-2015\">Edital-Preg\u00e3o Eletr\u00f4nico 11-2015<\/a><\/p>\n\n\n\n<p id=\"block-ee6885ab-f514-48cc-b04c-d853166fad5f\"><a href=\"http:\/\/comprasnet.gov.br\/livre\/pregao\/ata2.asp?co_no_uasg=158277&amp;numprp=112015\">Resultado por Fornecedor<\/a><\/p>\n\n\n\n<hr class=\"wp-block-separator\" \/>\n\n\n\n<p id=\"block-f7647c5e-6957-45e8-bb1a-8906e4ff5582\"><strong>Preg\u00e3o 12\/2015<\/strong>\u00a0\u2013\u00a0Aquisi\u00e7\u00e3o de equipamentos para atender a demanda da Coordena\u00e7\u00e3o das Unidades Educativas do Campo do Instituto Federal de Educa\u00e7\u00e3o, Ci\u00eancia e Tecnologia Baiano &#8211; Campus Santa In\u00eas.<\/p>\n\n\n\n<p id=\"block-f99ba56f-844c-472c-b0af-2f8e49730292\"><a href=\"http:\/\/www.comprasnet.gov.br\/acesso.asp?url=\/edital-158277-5-12-2015\">Edital-Preg\u00e3o Eletr\u00f4nico 12-2015<\/a><\/p>\n\n\n\n<p id=\"block-ee6885ab-f514-48cc-b04c-d853166fad5f\"><a href=\"http:\/\/comprasnet.gov.br\/livre\/pregao\/ata2.asp?co_no_uasg=158277&amp;numprp=122015\">Resultado por Fornecedor<\/a><\/p>\n\n\n\n<hr class=\"wp-block-separator\" \/>\n\n\n\n<p id=\"block-6fa16ec5-b980-4adc-8c10-ef1b58dda053\"><strong>Preg\u00e3o 13\/2015<\/strong>\u00a0\u2013\u00a0O objeto do presente certame \u00e9 o registro de pre\u00e7os para eventuais fornecimentos de Combust\u00edveis, \u00d3leo Diesel, Gasolina Comum, \u00d3leo Diesel S-10 e Arla 32 , atendendo \u00e0 solicita\u00e7\u00e3o do Setor de Oficina, para o abastecimento dos ve\u00edculos do IF Baiano &#8211; Campus Santa In\u00eas.<\/p>\n\n\n\n<p id=\"block-1de4fd8a-fba9-4817-bbc4-1fdc8042ca60\"><a href=\"http:\/\/www.comprasnet.gov.br\/acesso.asp?url=\/edital-158277-5-13-2015\">Edital-Preg\u00e3o Eletr\u00f4nico 13-2015<\/a><\/p>\n\n\n\n<p id=\"block-fd265978-796c-47f4-b656-640a01e11695\"><a href=\"http:\/\/comprasnet.gov.br\/livre\/pregao\/ata2.asp?co_no_uasg=158277&amp;numprp=132015\">Resultado por Fornecedor<\/a><\/p>\n\n\n\n<hr class=\"wp-block-separator\" \/>\n\n\n\n<p id=\"block-6ba74c87-a323-407a-8980-76c26385e786\"><strong>Preg\u00e3o 14\/2015<\/strong>\u00a0\u2013\u00a0Aquisi\u00e7\u00e3o de materiais de consumo para atender a demanda da Coordena\u00e7\u00e3o das Unidades Educativas do Campo do Instituto Federal de Educa\u00e7\u00e3o, Ci\u00eancia e Tecnologia Baiano &#8211; Campus Santa In\u00eas<\/p>\n\n\n\n<p id=\"block-687e2b87-1a63-4cd8-831e-a74dd5635c0d\"><a href=\"http:\/\/www.comprasnet.gov.br\/acesso.asp?url=\/edital-158277-5-14-2015\">Edital-Preg\u00e3o Eletr\u00f4nico 14-2015<\/a><\/p>\n\n\n\n<p id=\"block-d03ece20-5d49-4cd8-8ce7-3d9fc0d5221c\"><a href=\"http:\/\/comprasnet.gov.br\/livre\/pregao\/ata2.asp?co_no_uasg=158277&amp;numprp=142015\">Resultado por Fornecedor<\/a><\/p>\n\n\n\n<hr class=\"wp-block-separator\" \/>\n\n\n\n<p id=\"block-6fa16ec5-b980-4adc-8c10-ef1b58dda053\"><strong>Preg\u00e3o 15\/2015<\/strong>\u00a0\u2013\u00a0Aquisi\u00e7\u00e3o de materiais, medicamento e equipamentos para atender demanda da enfermaria do Instituto Federal de Educa\u00e7\u00e3o, Ci\u00eancia e Tecnologia Baiano &#8211; Campus Santa In\u00eas.<\/p>\n\n\n\n<p id=\"block-1de4fd8a-fba9-4817-bbc4-1fdc8042ca60\"><a href=\"http:\/\/www.comprasnet.gov.br\/acesso.asp?url=\/edital-158277-5-15-2015\">Edital-Preg\u00e3o Eletr\u00f4nico 15-2015<\/a><\/p>\n\n\n\n<p id=\"block-fd265978-796c-47f4-b656-640a01e11695\"><a href=\"http:\/\/comprasnet.gov.br\/livre\/pregao\/ata2.asp?co_no_uasg=158277&amp;numprp=152015\">Resultado por Fornecedor<\/a><\/p>\n\n\n\n<hr class=\"wp-block-separator\" \/>\n\n\n\n<p id=\"block-6ba74c87-a323-407a-8980-76c26385e786\"><strong>Preg\u00e3o 16\/2015<\/strong>\u00a0\u2013\u00a0Registro de pre\u00e7o para eventual contrata\u00e7\u00e3o de empresa especializada para organiza\u00e7\u00e3o e ornamenta\u00e7\u00e3o de eventos por meio de cerimonial promovidos pelo IF Baiano &#8211; Campus Santa In\u00eas.<\/p>\n\n\n\n<p id=\"block-687e2b87-1a63-4cd8-831e-a74dd5635c0d\"><a href=\"http:\/\/www.comprasnet.gov.br\/acesso.asp?url=\/edital-158277-5-16-2015\">Edital-Preg\u00e3o Eletr\u00f4nico 16-2015<\/a><\/p>\n\n\n\n<p id=\"block-d03ece20-5d49-4cd8-8ce7-3d9fc0d5221c\"><a href=\"http:\/\/comprasnet.gov.br\/livre\/pregao\/ata2.asp?co_no_uasg=158277&amp;numprp=162015\">Resultado por Fornecedor<\/a><\/p>\n\n\n\n<hr class=\"wp-block-separator\" \/>\n\n\n\n<p id=\"block-6fa16ec5-b980-4adc-8c10-ef1b58dda053\"><strong>Preg\u00e3o 17\/2015<\/strong>\u00a0\u2013\u00a0Aquisi\u00e7\u00e3o de materiais e medicamentos para atender demanda do consult\u00f3rio odontol\u00f3gico do Instituto Federal de Educa\u00e7\u00e3o, Ci\u00eancia e Tecnologia Baiano &#8211; Campus Santa In\u00eas.<\/p>\n\n\n\n<p id=\"block-1de4fd8a-fba9-4817-bbc4-1fdc8042ca60\"><a href=\"http:\/\/www.comprasnet.gov.br\/acesso.asp?url=\/edital-158277-5-17-2015\">Edital-Preg\u00e3o Eletr\u00f4nico 17-2015<\/a><\/p>\n\n\n\n<p id=\"block-fd265978-796c-47f4-b656-640a01e11695\"><a href=\"http:\/\/comprasnet.gov.br\/livre\/pregao\/ata2.asp?co_no_uasg=158277&amp;numprp=172015\">Resultado por Fornecedor<\/a><\/p>\n\n\n\n<hr class=\"wp-block-separator\" \/>\n\n\n\n<p id=\"block-6ba74c87-a323-407a-8980-76c26385e786\"><strong>Preg\u00e3o 18\/2015 <\/strong>\u2013\u00a0Aquisi\u00e7\u00e3o de materiais de constru\u00e7\u00e3o para atender a demanda da Coordena\u00e7\u00e3o das Unidades Educativas do Campo do Instituto Federal de Educa\u00e7\u00e3o, Ci\u00eancia e Tecnologia Baiano &#8211; Campus Santa In\u00eas.<\/p>\n\n\n\n<p id=\"block-687e2b87-1a63-4cd8-831e-a74dd5635c0d\"><a href=\"http:\/\/www.comprasnet.gov.br\/acesso.asp?url=\/edital-158277-5-18-2015\">Edital-Preg\u00e3o Eletr\u00f4nico 18-2015<\/a><\/p>\n\n\n\n<p id=\"block-d03ece20-5d49-4cd8-8ce7-3d9fc0d5221c\"><a href=\"http:\/\/comprasnet.gov.br\/livre\/pregao\/ata2.asp?co_no_uasg=158277&amp;numprp=182015\">Resultado por Fornecedor<\/a><\/p>\n\n\n\n<hr class=\"wp-block-separator\" \/>\n\n\n\n<p id=\"block-6fa16ec5-b980-4adc-8c10-ef1b58dda053\"><strong>Preg\u00e3o 19\/2015<\/strong>\u00a0\u2013\u00a0Aquisi\u00e7\u00e3o de livros destinados a ampliar o acervo bibliogr\u00e1fico do Instituto Federal de Educa\u00e7\u00e3o, Ci\u00eancia e Tecnologia Baiano &#8211; Campus Santa In\u00eas.<\/p>\n\n\n\n<p id=\"block-1de4fd8a-fba9-4817-bbc4-1fdc8042ca60\"><a href=\"http:\/\/www.comprasnet.gov.br\/acesso.asp?url=\/edital-158277-5-20-2015\">Edital-Preg\u00e3o Eletr\u00f4nico 19-2015<\/a><\/p>\n\n\n\n<p id=\"block-fd265978-796c-47f4-b656-640a01e11695\"><a href=\"http:\/\/comprasnet.gov.br\/livre\/pregao\/ata2.asp?co_no_uasg=158277&amp;numprp=192015\">Resultado por Fornecedor<\/a><\/p>\n\n\n\n<hr class=\"wp-block-separator\" \/>\n\n\n\n<p id=\"block-b92fb020-be40-4452-bd8b-6b2a5fab45cf\"><strong>Preg\u00e3o 20\/2015<\/strong>\u00a0\u2013\u00a0Aquisi\u00e7\u00e3o de medicamentos veterin\u00e1rios e de materiais agropecu\u00e1rios para atender a demanda da Coordena\u00e7\u00e3o das Unidades Educativas do Campo do Instituto Federal de Educa\u00e7\u00e3o, Ci\u00eancia e Tecnologia Baiano &#8211; Campus Santa In\u00eas.<\/p>\n\n\n\n<p id=\"block-f99ba56f-844c-472c-b0af-2f8e49730292\"><a href=\"http:\/\/www.comprasnet.gov.br\/acesso.asp?url=\/edital-158277-5-20-2015\">Edital-Preg\u00e3o Eletr\u00f4nico 20-2015<\/a><\/p>\n\n\n\n<p id=\"block-ee6885ab-f514-48cc-b04c-d853166fad5f\"><a href=\"http:\/\/comprasnet.gov.br\/livre\/pregao\/ata2.asp?co_no_uasg=158277&amp;numprp=202015\">Resultado por Fornecedor<\/a><\/p>\n\n\n\n<hr class=\"wp-block-separator\" \/>\n\n\n\n<p id=\"block-f7647c5e-6957-45e8-bb1a-8906e4ff5582\"><strong>Preg\u00e3o 21\/2015<\/strong>\u00a0\u2013\u00a0Aquisi\u00e7\u00e3o de cart\u00f5es de PVC, kits de limpeza e ribbons coloridos para a impressora de cart\u00e3o modelo IITA CTC 940-BR, para atender a demanda do N\u00facleo de Gest\u00e3o de Tecnologia da Informa\u00e7\u00e3o do Instituto Federal de Educa\u00e7\u00e3o, Ci\u00eancia e Tecnologia Baiano &#8211; Campus Santa In\u00eas.<\/p>\n\n\n\n<p id=\"block-f99ba56f-844c-472c-b0af-2f8e49730292\"><a href=\"http:\/\/www.comprasnet.gov.br\/acesso.asp?url=\/edital-158277-5-21-2015\">Edital-Preg\u00e3o Eletr\u00f4nico 21-2015<\/a><\/p>\n\n\n\n<p id=\"block-ee6885ab-f514-48cc-b04c-d853166fad5f\"><a href=\"http:\/\/comprasnet.gov.br\/livre\/pregao\/ata2.asp?co_no_uasg=158277&amp;numprp=212015\">Resultado por Fornecedor<\/a><\/p>\n\n\n\n<hr class=\"wp-block-separator\" \/>\n\n\n\n<p><\/p>\n","protected":false},"excerpt":{"rendered":"<p>Preg\u00e3o 01\/2015\u00a0\u2013\u00a0Registro de pre\u00e7os para eventuais aquisi\u00e7\u00f5es de g\u00e1s (GLP) P-13 e P- 45 que ser\u00e3o utilizados para atender a demanda dos setores da Coordena\u00e7\u00e3o das Unidades Educativas de Campo e o Setor de Alimenta\u00e7\u00e3o e Nutri\u00e7\u00e3o respectivamente, durante o ano letivo de 2015 do Instituto Federal de Educa\u00e7\u00e3o, Ci\u00eancia e Tecnologia Baiano Campus Santa [&hellip;]<\/p>\n","protected":false},"author":86,"featured_media":0,"parent":0,"menu_order":0,"comment_status":"closed","ping_status":"closed","template":"","meta":[],"_links":{"self":[{"href":"https:\/\/www.ifbaiano.edu.br\/unidades\/santaines\/wp-json\/wp\/v2\/pages\/14189"}],"collection":[{"href":"https:\/\/www.ifbaiano.edu.br\/unidades\/santaines\/wp-json\/wp\/v2\/pages"}],"about":[{"href":"https:\/\/www.ifbaiano.edu.br\/unidades\/santaines\/wp-json\/wp\/v2\/types\/page"}],"author":[{"embeddable":true,"href":"https:\/\/www.ifbaiano.edu.br\/unidades\/santaines\/wp-json\/wp\/v2\/users\/86"}],"replies":[{"embeddable":true,"href":"https:\/\/www.ifbaiano.edu.br\/unidades\/santaines\/wp-json\/wp\/v2\/comments?post=14189"}],"version-history":[{"count":1,"href":"https:\/\/www.ifbaiano.edu.br\/unidades\/santaines\/wp-json\/wp\/v2\/pages\/14189\/revisions"}],"predecessor-version":[{"id":14190,"href":"https:\/\/www.ifbaiano.edu.br\/unidades\/santaines\/wp-json\/wp\/v2\/pages\/14189\/revisions\/14190"}],"wp:attachment":[{"href":"https:\/\/www.ifbaiano.edu.br\/unidades\/santaines\/wp-json\/wp\/v2\/media?parent=14189"}],"curies":[{"name":"wp","href":"https:\/\/api.w.org\/{rel}","templated":true}]}}