{"id":14191,"date":"2020-10-29T11:46:26","date_gmt":"2020-10-29T14:46:26","guid":{"rendered":"https:\/\/www.ifbaiano.edu.br\/unidades\/santaines\/?page_id=14191"},"modified":"2020-10-29T11:46:26","modified_gmt":"2020-10-29T14:46:26","slug":"2015-2","status":"publish","type":"page","link":"https:\/\/www.ifbaiano.edu.br\/unidades\/santaines\/2015-2\/","title":{"rendered":"2015"},"content":{"rendered":"\n<figure class=\"wp-block-image\" id=\"block-0e069020-54d2-41bd-b7a7-0e7d610a4279\"><img decoding=\"async\" src=\"http:\/\/www.ifbaiano.edu.br\/unidades\/santaines\/files\/2017\/08\/Licita%C3%A7%C3%A3o1-2.jpg\" alt=\"Licita\u00e7\u00e3o1\" \/><\/figure>\n\n\n\n<hr class=\"wp-block-separator\" \/>\n\n\n\n<figure class=\"wp-block-image\" id=\"block-a4ad817c-43f6-42c6-adf8-7862bd82b946\"><img decoding=\"async\" src=\"https:\/\/www.ifbaiano.edu.br\/unidades\/santaines\/files\/2020\/03\/Escolha-a-Modalidade-de-Licita%C3%A7%C3%A3o.jpg\" alt=\"O atributo alt desta imagem est\u00e1 vazio. O nome do arquivo \u00e9 Escolha-a-Modalidade-de-Licita\u00e7\u00e3o.jpg\" \/><\/figure>\n\n\n\n<ul id=\"block-32bbaa66-e467-4acf-8916-2064db075733\"><li>Convite<\/li><li>Tomada de Pre\u00e7os<\/li><li>Concorr\u00eancia<\/li><li>Leil\u00e3o<\/li><li><a href=\"https:\/\/www.ifbaiano.edu.br\/unidades\/santaines\/modalidade-pregao-eletronico-2015\/\">Preg\u00e3o Eletr\u00f4nico<\/a><\/li><li>Regime Diferenciado de Contrata\u00e7\u00e3o &#8211; RDC<\/li><li>Dispensa de Licita\u00e7\u00e3o<\/li><li>Inexigibilidade de Licita\u00e7\u00e3o<\/li><li>Ades\u00e3o \u00e0 Ata de Registro de Pre\u00e7os<\/li><\/ul>\n\n\n\n<hr class=\"wp-block-separator\" \/>\n\n\n\n<p id=\"block-dafd834b-aa19-4f0d-84a0-309d3022c3d4\"><strong>Contato:<\/strong><\/p>\n\n\n\n<p id=\"block-40a169b7-ecf2-45cb-a4c0-c02d8526f783\"><strong>E-mail:<\/strong>&nbsp;compras@si.ifbaiano.edu.br<\/p>\n\n\n\n<p id=\"block-e3ac722c-9d51-4c56-a38d-5a2c2dc2c4f4\"><strong>Telefone:<\/strong>\u00a0(73) 3536- 1212 \/ (73) 3536-1210 \u2013 Ramal: 43<\/p>\n\n\n\n<hr class=\"wp-block-separator\" \/>\n\n\n\n<p><\/p>\n","protected":false},"excerpt":{"rendered":"<p>Convite Tomada de Pre\u00e7os Concorr\u00eancia Leil\u00e3o Preg\u00e3o Eletr\u00f4nico Regime Diferenciado de Contrata\u00e7\u00e3o &#8211; RDC Dispensa de Licita\u00e7\u00e3o Inexigibilidade de Licita\u00e7\u00e3o Ades\u00e3o \u00e0 Ata de Registro de Pre\u00e7os Contato: E-mail:&nbsp;compras@si.ifbaiano.edu.br Telefone:\u00a0(73) 3536- 1212 \/ (73) 3536-1210 \u2013 Ramal: 43<\/p>\n","protected":false},"author":86,"featured_media":0,"parent":0,"menu_order":0,"comment_status":"closed","ping_status":"closed","template":"","meta":[],"_links":{"self":[{"href":"https:\/\/www.ifbaiano.edu.br\/unidades\/santaines\/wp-json\/wp\/v2\/pages\/14191"}],"collection":[{"href":"https:\/\/www.ifbaiano.edu.br\/unidades\/santaines\/wp-json\/wp\/v2\/pages"}],"about":[{"href":"https:\/\/www.ifbaiano.edu.br\/unidades\/santaines\/wp-json\/wp\/v2\/types\/page"}],"author":[{"embeddable":true,"href":"https:\/\/www.ifbaiano.edu.br\/unidades\/santaines\/wp-json\/wp\/v2\/users\/86"}],"replies":[{"embeddable":true,"href":"https:\/\/www.ifbaiano.edu.br\/unidades\/santaines\/wp-json\/wp\/v2\/comments?post=14191"}],"version-history":[{"count":1,"href":"https:\/\/www.ifbaiano.edu.br\/unidades\/santaines\/wp-json\/wp\/v2\/pages\/14191\/revisions"}],"predecessor-version":[{"id":14192,"href":"https:\/\/www.ifbaiano.edu.br\/unidades\/santaines\/wp-json\/wp\/v2\/pages\/14191\/revisions\/14192"}],"wp:attachment":[{"href":"https:\/\/www.ifbaiano.edu.br\/unidades\/santaines\/wp-json\/wp\/v2\/media?parent=14191"}],"curies":[{"name":"wp","href":"https:\/\/api.w.org\/{rel}","templated":true}]}}