{"id":14293,"date":"2020-11-16T09:15:56","date_gmt":"2020-11-16T12:15:56","guid":{"rendered":"https:\/\/www.ifbaiano.edu.br\/unidades\/santaines\/?page_id=14293"},"modified":"2020-11-16T09:29:43","modified_gmt":"2020-11-16T12:29:43","slug":"modalidade-tomada-de-precos-2014","status":"publish","type":"page","link":"https:\/\/www.ifbaiano.edu.br\/unidades\/santaines\/modalidade-tomada-de-precos-2014\/","title":{"rendered":"Modalidade \u2013 Tomada de Pre\u00e7os 2014"},"content":{"rendered":"\n<p><strong>Tomada de Pre\u00e7os 01\/2014 \u2013<\/strong>\u00a0Contrata\u00e7\u00e3o de Pessoa Jur\u00eddica especializada em Obras e Servi\u00e7os de Engenharia para Constru\u00e7\u00e3o do sistema de capta\u00e7\u00e3o de \u00e1guas pluviais e amplia\u00e7\u00e3o do sistema de reserva de \u00e1gua do Instituto Federal de Educa\u00e7\u00e3o, Ci\u00eancia e Tecnologia Baiano Campus Santa In\u00eas.<\/p>\n\n\n\n<p><a href=\"http:\/\/www.comprasnet.gov.br\/acesso.asp?url=\/edital-158277-2-1-2014\">Edital Tomada de Pre\u00e7os 01-2014<\/a><\/p>\n\n\n\n<p><a href=\"https:\/\/www.ifbaiano.edu.br\/unidades\/santaines\/files\/2020\/11\/Resultado-Tomada-de-Precos-1-2014.pdf\">Resultado<\/a><\/p>\n\n\n\n<hr class=\"wp-block-separator\" \/>\n\n\n\n<p><strong>Tomada de Pre\u00e7os 02\/2014 \u2013<\/strong>\u00a0Contrata\u00e7\u00e3o de Pessoa Jur\u00eddica para Constru\u00e7\u00e3o de Gabinetes dos Professores do IF Baiano, Campus Santa In\u00eas.                         <\/p>\n\n\n\n<p><a href=\"http:\/\/www.comprasnet.gov.br\/acesso.asp?url=\/edital-158277-2-2-2014\">Edital Tomada de Pre\u00e7os 02-2014<\/a><\/p>\n\n\n\n<p><a href=\"https:\/\/www.ifbaiano.edu.br\/unidades\/santaines\/files\/2020\/11\/Resultado-Tomada-de-Precos-2-2014.pdf\">Resultado<\/a><\/p>\n\n\n\n<hr class=\"wp-block-separator\" \/>\n\n\n\n<p><\/p>\n","protected":false},"excerpt":{"rendered":"<p>Tomada de Pre\u00e7os 01\/2014 \u2013\u00a0Contrata\u00e7\u00e3o de Pessoa Jur\u00eddica especializada em Obras e Servi\u00e7os de Engenharia para Constru\u00e7\u00e3o do sistema de capta\u00e7\u00e3o de \u00e1guas pluviais e amplia\u00e7\u00e3o do sistema de reserva de \u00e1gua do Instituto Federal de Educa\u00e7\u00e3o, Ci\u00eancia e Tecnologia Baiano Campus Santa In\u00eas. Edital Tomada de Pre\u00e7os 01-2014 Resultado Tomada de Pre\u00e7os 02\/2014 \u2013\u00a0Contrata\u00e7\u00e3o [&hellip;]<\/p>\n","protected":false},"author":86,"featured_media":0,"parent":0,"menu_order":0,"comment_status":"closed","ping_status":"closed","template":"","meta":[],"_links":{"self":[{"href":"https:\/\/www.ifbaiano.edu.br\/unidades\/santaines\/wp-json\/wp\/v2\/pages\/14293"}],"collection":[{"href":"https:\/\/www.ifbaiano.edu.br\/unidades\/santaines\/wp-json\/wp\/v2\/pages"}],"about":[{"href":"https:\/\/www.ifbaiano.edu.br\/unidades\/santaines\/wp-json\/wp\/v2\/types\/page"}],"author":[{"embeddable":true,"href":"https:\/\/www.ifbaiano.edu.br\/unidades\/santaines\/wp-json\/wp\/v2\/users\/86"}],"replies":[{"embeddable":true,"href":"https:\/\/www.ifbaiano.edu.br\/unidades\/santaines\/wp-json\/wp\/v2\/comments?post=14293"}],"version-history":[{"count":2,"href":"https:\/\/www.ifbaiano.edu.br\/unidades\/santaines\/wp-json\/wp\/v2\/pages\/14293\/revisions"}],"predecessor-version":[{"id":14301,"href":"https:\/\/www.ifbaiano.edu.br\/unidades\/santaines\/wp-json\/wp\/v2\/pages\/14293\/revisions\/14301"}],"wp:attachment":[{"href":"https:\/\/www.ifbaiano.edu.br\/unidades\/santaines\/wp-json\/wp\/v2\/media?parent=14293"}],"curies":[{"name":"wp","href":"https:\/\/api.w.org\/{rel}","templated":true}]}}