{"id":14353,"date":"2020-11-18T16:46:13","date_gmt":"2020-11-18T19:46:13","guid":{"rendered":"https:\/\/www.ifbaiano.edu.br\/unidades\/santaines\/?page_id=14353"},"modified":"2025-07-24T12:29:29","modified_gmt":"2025-07-24T15:29:29","slug":"horarios-de-aulas-cursos-tecnicos","status":"publish","type":"page","link":"https:\/\/www.ifbaiano.edu.br\/unidades\/santaines\/horarios-de-aulas-cursos-tecnicos\/","title":{"rendered":"Hor\u00e1rios de Aulas &#8211; Cursos T\u00e9cnicos"},"content":{"rendered":"<hr \/>\n<ul>\n<li><a href=\"https:\/\/www.ifbaiano.edu.br\/unidades\/santaines\/files\/2025\/07\/Horario-Turmas-Agropecuaria.pdf\"><strong>Curso T\u00e9cnico em Agropecu\u00e1ria Integrado ao Ensino M\u00e9dio<\/strong><\/a><\/li>\n<li><a href=\"https:\/\/www.ifbaiano.edu.br\/unidades\/santaines\/files\/2025\/07\/Horario-Presencial-Proeja-Modulo-III.pdf\"><strong>Curso T\u00e9cnico em Agropecu\u00e1ria Integrado ao Ensino M\u00e9dio \u2013 PROEJA<\/strong><\/a><\/li>\n<li><a href=\"https:\/\/www.ifbaiano.edu.br\/unidades\/santaines\/files\/2025\/07\/Horario-Turmas-Alimentos.pdf\"><strong data-rich-text-format-boundary=\"true\">Curso T\u00e9cnico em Alimentos Integrado ao Ensino M\u00e9dio<\/strong><\/a><\/li>\n<li><a href=\"https:\/\/www.ifbaiano.edu.br\/unidades\/santaines\/files\/2025\/07\/Horario-Turma-Informatica.pdf\"><strong style=\"color: revert;font-size: revert\">Curso T\u00e9cnico em Inform\u00e1tica Integrado ao Ensino M\u00e9dio<\/strong><\/a><\/li>\n<li><a href=\"https:\/\/www.ifbaiano.edu.br\/unidades\/santaines\/files\/2025\/07\/Horario-Turmas-Zootecnia.pdf\"><strong>Curso T\u00e9cnico em Zootecnia Integrado ao Ensino M\u00e9dio<\/strong><\/a><\/li>\n<li><strong><a href=\"https:\/\/www.ifbaiano.edu.br\/unidades\/santaines\/files\/2025\/07\/Horario-Subsequente-de-Informatica_segundo-Semestre-2025.pdf\">Curso T\u00e9cnico em Inform\u00e1tica &#8211; Subsequente<\/a><\/strong><\/li>\n<\/ul>\n\n\n<hr class=\"wp-block-separator has-alpha-channel-opacity\" \/>\n","protected":false},"excerpt":{"rendered":"<p>Curso T\u00e9cnico em Agropecu\u00e1ria Integrado ao Ensino M\u00e9dio Curso T\u00e9cnico em Agropecu\u00e1ria Integrado ao Ensino M\u00e9dio \u2013 PROEJA Curso T\u00e9cnico em Alimentos Integrado ao Ensino M\u00e9dio Curso T\u00e9cnico em Inform\u00e1tica Integrado ao Ensino M\u00e9dio Curso T\u00e9cnico em Zootecnia Integrado ao Ensino M\u00e9dio Curso T\u00e9cnico em Inform\u00e1tica &#8211; Subsequente<\/p>\n","protected":false},"author":86,"featured_media":0,"parent":0,"menu_order":0,"comment_status":"closed","ping_status":"closed","template":"","meta":[],"_links":{"self":[{"href":"https:\/\/www.ifbaiano.edu.br\/unidades\/santaines\/wp-json\/wp\/v2\/pages\/14353"}],"collection":[{"href":"https:\/\/www.ifbaiano.edu.br\/unidades\/santaines\/wp-json\/wp\/v2\/pages"}],"about":[{"href":"https:\/\/www.ifbaiano.edu.br\/unidades\/santaines\/wp-json\/wp\/v2\/types\/page"}],"author":[{"embeddable":true,"href":"https:\/\/www.ifbaiano.edu.br\/unidades\/santaines\/wp-json\/wp\/v2\/users\/86"}],"replies":[{"embeddable":true,"href":"https:\/\/www.ifbaiano.edu.br\/unidades\/santaines\/wp-json\/wp\/v2\/comments?post=14353"}],"version-history":[{"count":8,"href":"https:\/\/www.ifbaiano.edu.br\/unidades\/santaines\/wp-json\/wp\/v2\/pages\/14353\/revisions"}],"predecessor-version":[{"id":24690,"href":"https:\/\/www.ifbaiano.edu.br\/unidades\/santaines\/wp-json\/wp\/v2\/pages\/14353\/revisions\/24690"}],"wp:attachment":[{"href":"https:\/\/www.ifbaiano.edu.br\/unidades\/santaines\/wp-json\/wp\/v2\/media?parent=14353"}],"curies":[{"name":"wp","href":"https:\/\/api.w.org\/{rel}","templated":true}]}}