{"id":1445,"date":"2012-03-22T16:56:07","date_gmt":"2012-03-22T19:56:07","guid":{"rendered":"http:\/\/www.ifbaiano.edu.br\/unidades\/santaines\/?page_id=1445"},"modified":"2022-03-04T10:18:39","modified_gmt":"2022-03-04T13:18:39","slug":"agenda-do-diretor-geral","status":"publish","type":"page","link":"https:\/\/www.ifbaiano.edu.br\/unidades\/santaines\/agenda-do-diretor-geral\/","title":{"rendered":"Confira a Agenda do Diretor Geral"},"content":{"rendered":"\n<p class=\"has-large-font-size\"><\/p>\n\n\n\n\n<h1>Ano 2017<\/h1>\n<p><strong>JANEIRO &#8211; FEVEREIRO &#8211; <a href=\"http:\/\/www.ifbaiano.edu.br\/unidades\/santaines\/files\/2012\/03\/AGENDA-DO-DIRETOR-GERAL-MARCO.pdf\">MAR\u00c7O<\/a> &#8211; <a href=\"http:\/\/www.ifbaiano.edu.br\/unidades\/santaines\/files\/2012\/03\/AGENDA-DO-DIRETOR-GERAL-ABRIL-1.pdf\">ABRIL<\/a> &#8211; <a href=\"http:\/\/www.ifbaiano.edu.br\/unidades\/santaines\/files\/2012\/03\/AGENDA-DO-DIRETOR-GERAL-MAIO-1.pdf\">MAIO<\/a> &#8211; <a href=\"http:\/\/www.ifbaiano.edu.br\/unidades\/santaines\/files\/2012\/03\/AGENDA-DO-DIRETOR-GERAL-JUNHO.pdf\">JUNHO<\/a><\/strong><\/p>\n<p><strong>JULHO &#8211; <a href=\"http:\/\/www.ifbaiano.edu.br\/unidades\/santaines\/files\/2012\/03\/AGENDA-DO-DIRETOR-GERAL-AGOSTO.pdf\">AGOSTO<\/a> &#8211; <a href=\"http:\/\/www.ifbaiano.edu.br\/unidades\/santaines\/files\/2012\/03\/AGENDA-DO-DIRETOR-GERAL-SETEMBRO.pdf\">SETEMBRO<\/a> &#8211; OUTUBRO &#8211; NOVEMBRO &#8211; DEZEMBRO<\/strong><\/p>\n<hr>\n<h1>Ano 2018<\/h1>\n<p><strong>JANEIRO &#8211; FEVEREIRO &#8211; MAR\u00c7O &#8211; <a href=\"http:\/\/www.ifbaiano.edu.br\/unidades\/santaines\/files\/2018\/05\/AGENDA-DO-DIRETOR-GERAL-ABRIL-2018.pdf\">ABRIL<\/a> &#8211; <a href=\"http:\/\/www.ifbaiano.edu.br\/unidades\/santaines\/files\/2018\/08\/Agenda-do-Diretor-Geral_-Maio-2018.pdf\">MAIO <\/a>&#8211; <a href=\"http:\/\/www.ifbaiano.edu.br\/unidades\/santaines\/files\/2018\/08\/Agenda-do-Diretor-Geral_-Junho-2018.pdf\">JUNHO<\/a><\/strong><\/p>\n<p><strong><a href=\"http:\/\/www.ifbaiano.edu.br\/unidades\/santaines\/files\/2018\/08\/AGENDA-DO-DIRETOR-GERAL_JULHO-2018.pd\">JULHO<\/a> &#8211; <a href=\"http:\/\/www.ifbaiano.edu.br\/unidades\/santaines\/files\/2018\/11\/AGENDA-DO-DIRETOR-GERAL-AGOSTO-2018.pdf\">AGOSTO<\/a> &#8211; <a href=\"http:\/\/www.ifbaiano.edu.br\/unidades\/santaines\/files\/2018\/11\/AGENDA-DO-DIRETOR-GERAL-SETEMBRO-2018.pdf\">SETEMBRO<\/a> &#8211; <a href=\"http:\/\/www.ifbaiano.edu.br\/unidades\/santaines\/files\/2018\/11\/AGENDA-DO-DIRETOR-GERAL-OUTUBRO-2018.pdf\">OUTUBRO<\/a> &#8211; <a href=\"http:\/\/www.ifbaiano.edu.br\/unidades\/santaines\/files\/2018\/12\/AGENDA-DO-DIRETOR-GERAL-NOVEMBRO.pdf\">NOVEMBRO<\/a> &#8211; DEZEMBRO<\/strong><\/p>\n<hr>\n<h1>Ano 2019<\/h1>\n<p><strong><a href=\"http:\/\/www.ifbaiano.edu.br\/unidades\/santaines\/files\/2019\/03\/AGENDA-DO-DIRETOR-GERAL-JANEIRO-2019.pdf\">JANEIRO<\/a> &#8211; <a href=\"http:\/\/www.ifbaiano.edu.br\/unidades\/santaines\/files\/2019\/03\/AGENDA-DO-DIRETOR-GERAL-FEVEREIRO-2019.pdf\">FEVEREIRO<\/a> &#8211; <a href=\"http:\/\/www.ifbaiano.edu.br\/unidades\/santaines\/files\/2019\/04\/AGENDA-DO-DIRETOR-GERAL-MAR%C3%87O-2019.pdf\">MAR\u00c7O<\/a> &#8211; <a href=\"http:\/\/www.ifbaiano.edu.br\/unidades\/santaines\/files\/2019\/06\/AGENDA-DO-DIRETOR-GERAL-ABRIL-2019.pdf\">ABRIL<\/a> &#8211; <a href=\"http:\/\/www.ifbaiano.edu.br\/unidades\/santaines\/files\/2019\/06\/AGENDA-DO-DIRETOR-GERAL-MAIO-2019.pdf\">MAIO<\/a> &#8211; <a href=\"http:\/\/www.ifbaiano.edu.br\/unidades\/santaines\/files\/2019\/08\/AGENDA-DO-DIRETOR-GERAL-JUNHO-2019.pdf\">JUNHO<\/a><\/strong><\/p>\n<p><strong><a href=\"http:\/\/www.ifbaiano.edu.br\/unidades\/santaines\/files\/2019\/08\/AGENDA-DO-DIRETOR-GERAL-JULHO-2019.pdf\">JULHO<\/a> &#8211; <a href=\"http:\/\/www.ifbaiano.edu.br\/unidades\/santaines\/files\/2019\/09\/AGENDA-DO-DIRETOR-GERAL-AGOSTO-2019.pdf\">AGOSTO<\/a> &#8211; <a href=\"http:\/\/www.ifbaiano.edu.br\/unidades\/santaines\/files\/2019\/10\/AGENDA-DO-DIRETOR-GERAL-SETEMBRO-2019.pdf\">SETEMBRO<\/a> &#8211; <a href=\"http:\/\/www.ifbaiano.edu.br\/unidades\/santaines\/files\/2019\/10\/AGENDA-DO-DIRETOR-GERAL-OUTUBRO-2019.pdf\">OUTUBRO<\/a> &#8211; <a href=\"http:\/\/www.ifbaiano.edu.br\/unidades\/santaines\/files\/2019\/12\/AGENDA-DO-DIRETOR-GERAL-NOVEMBRO-2019.pdf\">NOVEMBRO<\/a> &#8211; DEZEMBRO<\/strong><\/p>\n<hr>\n<h1>Ano 2020<\/h1>\n<p><strong>JANEIRO &#8211; FEVEREIRO &#8211; MAR\u00c7O &#8211; ABRIL &#8211; MAIO &#8211; JUNHO<\/strong><\/p>\n<p><strong>JULHO &#8211; AGOSTO &#8211; SETEMBRO &#8211; OUTUBRO &#8211; NOVEMBRO &#8211; DEZEMBRO<\/strong><\/p>\n<hr>\n<h1>Ano 2021<\/h1>\n<h2><a href=\"https:\/\/www.ifbaiano.edu.br\/unidades\/santaines\/files\/2021\/03\/Orientacoes-agenda-de-compromissos-publicos-if-baiano.pdf\" data-rich-text-format-boundary=\"true\">ORIENTA\u00c7\u00d5ES &#8211; Agenda de Compromissos P\u00fablicos<\/a><\/h2>\n<h3>AGENDA DO DIRETOR GERAL POR PER\u00cdODO:<\/h3>\n<ul>\n<li>\n<h4><a href=\"https:\/\/www.ifbaiano.edu.br\/unidades\/santaines\/files\/2021\/03\/Agenda-do-Diretor-Geral-29-de-marco-a-01-de-abril-convertido.pdf\" data-rich-text-format-boundary=\"true\">Per\u00edodo: 29 de mar\u00e7o a 01 de abril de 2021<\/a><\/h4>\n<\/li>\n<li>\n<h4><a href=\"https:\/\/www.ifbaiano.edu.br\/unidades\/santaines\/files\/2021\/04\/Agenda-do-Diretor-Geral-05-a-09-de-abril.pdf\">Per\u00edodo: 05 a 09 de abril de 2021<\/a><\/h4>\n<\/li>\n<li>\n<h4><a href=\"https:\/\/www.ifbaiano.edu.br\/unidades\/santaines\/files\/2021\/04\/Agenda-do-Diretor-Geral-12-a-16-de-abril.pdf\">Per\u00edodo: 12 a 16 de abril de 2021<\/a><\/h4>\n<\/li>\n<li>\n<h4><a href=\"https:\/\/www.ifbaiano.edu.br\/unidades\/santaines\/files\/2021\/04\/Agenda-do-Diretor-Geral-26-a-30-de-abril-1.pdf\">Per\u00edodo: 26 a 30 de abril de 2021<\/a><\/h4>\n<\/li>\n<li>\n<h4><a href=\"https:\/\/www.ifbaiano.edu.br\/unidades\/santaines\/files\/2021\/05\/Agenda-do-Diretor-Geral-17-a-21-de-maio-convertido.pdf\">Per\u00edodo: 17 a 21 de maio de 2021<\/a><\/h4>\n<\/li>\n<li>\n<h4><a href=\"https:\/\/www.ifbaiano.edu.br\/unidades\/santaines\/files\/2021\/06\/Agenda-do-Diretor-Geral-31-maio-a-04-de-junho-convertido.pdf\">Per\u00edodo: 31 de maio a 04 de junho de 2021<\/a><\/h4>\n<\/li>\n<li>\n<h4><a href=\"https:\/\/www.ifbaiano.edu.br\/unidades\/santaines\/files\/2021\/07\/Agenda-do-Diretor-Geral-05-a-09-de-julho.pdf\">Per\u00edodo: 05 a 09 de julho de 2021<\/a><\/h4>\n<\/li>\n<li>\n<h4><a href=\"https:\/\/www.ifbaiano.edu.br\/unidades\/santaines\/files\/2021\/07\/Agenda-do-Diretor-Geral-12-a-16-de-julho.pdf\">Per\u00edodo: 12 a 16 de julho de 2021<\/a><\/h4>\n<\/li>\n<li>\n<h4><a href=\"https:\/\/www.ifbaiano.edu.br\/unidades\/santaines\/files\/2021\/07\/Agenda-do-Diretor-Geral-19-a-23-de-julho.pdf\">Per\u00edodo: 19 a 23 de julho de 2021<\/a><\/h4>\n<\/li>\n<li>\n<h4><a href=\"https:\/\/www.ifbaiano.edu.br\/unidades\/santaines\/files\/2021\/07\/Agenda-do-Diretor-Geral-26-a-30-de-julho.pdf\">Per\u00edodo: 26 a 30 de julho de 2021<\/a><\/h4>\n<\/li>\n<li>\n<h4><a href=\"https:\/\/www.ifbaiano.edu.br\/unidades\/santaines\/files\/2021\/08\/Agenda-do-Diretor-Geral-02-a-06-de-agosto.pdf\">Per\u00edodo: 02 a 06 de agosto de 2021<\/a><\/h4>\n<\/li>\n<li>\n<h4><a href=\"https:\/\/www.ifbaiano.edu.br\/unidades\/santaines\/files\/2021\/08\/Agenda-do-Diretor-Geral-02-a-06-de-agosto.pdf\">Per\u00edodo: 02 a 06 de agosto de 2021<\/a><\/h4>\n<\/li>\n<li>\n<h4><a href=\"https:\/\/www.ifbaiano.edu.br\/unidades\/santaines\/files\/2021\/08\/Agenda-do-Diretor-Geral-09-a-13-de-agosto.pdf\">Per\u00edodo: 09 a 13 de agosto de 2021<\/a><\/h4>\n<\/li>\n<li>\n<h4><a href=\"https:\/\/www.ifbaiano.edu.br\/unidades\/santaines\/files\/2021\/08\/Agenda-do-Diretor-Geral-16-a-20de-agosto.docx-1.pdf\">Per\u00edodo: 16 a 20 de agosto de 2021<\/a><\/h4>\n<\/li>\n<li>\n<h4><a href=\"https:\/\/www.ifbaiano.edu.br\/unidades\/santaines\/files\/2021\/08\/Agenda-do-Diretor-Geral-23-a-27-de-agosto.pdf\">Per\u00edodo: 23 a 27 de agosto de 2021<\/a><\/h4>\n<\/li>\n<li>\n<h4><a href=\"https:\/\/www.ifbaiano.edu.br\/unidades\/santaines\/files\/2021\/09\/Agenda-do-Diretor-Geral-30-de-agosto-a-03-de-setembro.pdf\">Per\u00edodo: 30 de agosto a 03 de setembro de 2021<\/a><\/h4>\n<\/li>\n<\/ul>\n<ul>\n<li>\n<h4><a href=\"https:\/\/www.ifbaiano.edu.br\/unidades\/santaines\/files\/2021\/09\/Agenda-do-Diretor-Geral-06-a-10-de-setembro-ATUALIZADA.pdf\">Per\u00edodo: 06 a 10 de setembro de 2021<\/a><\/h4>\n<\/li>\n<li>\n<h4><a href=\"https:\/\/www.ifbaiano.edu.br\/unidades\/santaines\/files\/2021\/09\/Agenda-do-Diretor-Geral-13-a-17-de-setembro.docx.pdf\">Per\u00edodo: 13 a 17 de setembro de 2021<\/a><\/h4>\n<\/li>\n<li>\n<h4><a href=\"https:\/\/www.ifbaiano.edu.br\/unidades\/santaines\/files\/2021\/09\/Agenda-do-Diretor-Geral-27-a-29-de-setembro-e-01-outubro.pdf\">Per\u00edodo: 27 a 29 de setembro e 01 de outubro de 2021<\/a><\/h4>\n<\/li>\n<li>\n<h4><a href=\"https:\/\/www.ifbaiano.edu.br\/unidades\/santaines\/files\/2021\/10\/Agenda-do-Diretor-Geral-18-a-22-de-outubro-de-2021.pdf\">Per\u00edodo: 18 a 22 de outubro de 2021<\/a><\/h4>\n<\/li>\n<li>\n<h4><a href=\"https:\/\/www.ifbaiano.edu.br\/unidades\/santaines\/files\/2021\/10\/Agenda-do-Diretor-Geral-25-a-29-de-outubro-de-2021.pdf\">Per\u00edodo: 25 a 29 de outubro de 2021<\/a><\/h4>\n<\/li>\n<li>\n<h4><a href=\"https:\/\/www.ifbaiano.edu.br\/unidades\/santaines\/files\/2021\/11\/Agenda-do-Diretor-Geral-01-A-05-NOVEMBRO.pdf\">Per\u00edodo: 01 a 05 de novembro de 2021<\/a><\/h4>\n<\/li>\n<li>\n<h4><a href=\"https:\/\/www.ifbaiano.edu.br\/unidades\/santaines\/files\/2021\/11\/Agenda-do-Diretor-Geral-08-A-12-NOVEMBRO.pdf\">Per\u00edodo: 08 a 12 de novembro de 2021<\/a><\/h4>\n<\/li>\n<li>\n<p><strong><a href=\"https:\/\/www.ifbaiano.edu.br\/unidades\/santaines\/files\/2022\/02\/Agenda-do-Diretor-Geral-20-A-24-DEZEMBRO.pdf\">Per\u00edodo: 20 a 24 de dezembro de 2021<\/a><\/strong><\/p>\n<\/li>\n<li><strong><a href=\"https:\/\/www.ifbaiano.edu.br\/unidades\/santaines\/files\/2022\/02\/Agenda-do-Diretor-Geral-27-A-31-DEZEMBRO.pdf\">Per\u00edodo: 24 a 31 de dezembro de 2021<\/a><\/strong><\/li>\n<\/ul>\n<hr>\n\n\n<h1 class=\"wp-block-heading\">Ano 2022<\/h1>\n\n\n\n<ul><li><strong><a href=\"https:\/\/www.ifbaiano.edu.br\/unidades\/santaines\/files\/2022\/01\/Agenda-do-Diretor-Geral-03-a-07-de-janeiro-de-2022.pdf\">Per\u00edodo de 03 a 07 de janeiro de 2022<\/a><\/strong><\/li><\/ul>\n\n\n\n<ul><li><strong><a href=\"https:\/\/www.ifbaiano.edu.br\/unidades\/santaines\/files\/2022\/01\/Agenda-do-Diretor-Geral-03-a-07-de-janeiro-de-2022.pdf\">Per\u00edodo de 03 a 07 de janeiro de 2022<\/a><\/strong><\/li><\/ul>\n\n\n\n<ul><li><strong><a href=\"https:\/\/www.ifbaiano.edu.br\/unidades\/santaines\/files\/2022\/01\/Agenda-do-Diretor-Geral-17-a-21-de-janeiro-de-2022.pdf\">Per\u00edodo de 17 a 21 de janeiro de 2022<\/a><\/strong><\/li><\/ul>\n\n\n\n<ul><li><strong><a href=\"https:\/\/www.ifbaiano.edu.br\/unidades\/santaines\/files\/2022\/01\/Agenda-do-Diretor-Geral-24-a-28-de-janeiro-de-2022.pdf\">Per\u00edodo de 24 a 28 de janeiro de 2022<\/a><\/strong><\/li><\/ul>\n\n\n\n<ul><li><a href=\"https:\/\/www.ifbaiano.edu.br\/unidades\/santaines\/files\/2022\/02\/Agenda-do-Diretor-Geral-31-de-janeiro-a-04-de-fevereiro-de-2022.pdf\"><strong>Per\u00edodo de 31 de janeiro a 04 de fevereiro de 2022 <\/strong><\/a><\/li><\/ul>\n\n\n\n<ul><li><strong><a href=\"https:\/\/www.ifbaiano.edu.br\/unidades\/santaines\/files\/2022\/02\/Agenda-do-Diretor-Geral-07-a-11-de-fevereiro-de-2022.pdf\">Per\u00edodo de 07 a 11 de fevereiro de 2022<\/a><\/strong><\/li><\/ul>\n\n\n\n<ul><li><strong><a href=\"https:\/\/www.ifbaiano.edu.br\/unidades\/santaines\/files\/2022\/02\/Agenda-do-Diretor-Geral-14-a-18-de-fevereiro-de-2022.pdf\">Per\u00edodo de 14 a 18 de fevereiro de 2022<\/a><\/strong><\/li><\/ul>\n\n\n\n<ul><li><strong><a href=\"https:\/\/www.ifbaiano.edu.br\/unidades\/santaines\/files\/2022\/02\/Agenda-do-Diretor-Geral-21-a-25-de-fevereiro-de-2022.pdf\">Per\u00edodo de 21 a 25 de fevereiro de 2022<\/a><\/strong><\/li><\/ul>\n\n\n\n<ul><li><strong><a href=\"https:\/\/www.ifbaiano.edu.br\/unidades\/santaines\/files\/2022\/03\/Agenda-do-Diretor-Geral-28-de-fevereiro-a-4-de-marco-de-2022.pdf\">Per\u00edodo de 28 de fevereiro a 04 de mar\u00e7o de 2022<\/a><\/strong><\/li><\/ul>\n\n\n\n<hr class=\"wp-block-separator\" \/>\n\n\n\n<p><\/p>\n","protected":false},"excerpt":{"rendered":"<p>Ano 2017 JANEIRO &#8211; FEVEREIRO &#8211; MAR\u00c7O &#8211; ABRIL &#8211; MAIO &#8211; JUNHO JULHO &#8211; AGOSTO &#8211; SETEMBRO &#8211; OUTUBRO &#8211; NOVEMBRO &#8211; DEZEMBRO Ano 2018 JANEIRO &#8211; FEVEREIRO &#8211; MAR\u00c7O &#8211; ABRIL &#8211; MAIO &#8211; JUNHO JULHO &#8211; AGOSTO &#8211; SETEMBRO &#8211; OUTUBRO &#8211; NOVEMBRO &#8211; DEZEMBRO Ano 2019 JANEIRO &#8211; FEVEREIRO &#8211; MAR\u00c7O [&hellip;]<\/p>\n","protected":false},"author":26,"featured_media":0,"parent":0,"menu_order":0,"comment_status":"closed","ping_status":"closed","template":"","meta":[],"_links":{"self":[{"href":"https:\/\/www.ifbaiano.edu.br\/unidades\/santaines\/wp-json\/wp\/v2\/pages\/1445"}],"collection":[{"href":"https:\/\/www.ifbaiano.edu.br\/unidades\/santaines\/wp-json\/wp\/v2\/pages"}],"about":[{"href":"https:\/\/www.ifbaiano.edu.br\/unidades\/santaines\/wp-json\/wp\/v2\/types\/page"}],"author":[{"embeddable":true,"href":"https:\/\/www.ifbaiano.edu.br\/unidades\/santaines\/wp-json\/wp\/v2\/users\/26"}],"replies":[{"embeddable":true,"href":"https:\/\/www.ifbaiano.edu.br\/unidades\/santaines\/wp-json\/wp\/v2\/comments?post=1445"}],"version-history":[{"count":110,"href":"https:\/\/www.ifbaiano.edu.br\/unidades\/santaines\/wp-json\/wp\/v2\/pages\/1445\/revisions"}],"predecessor-version":[{"id":16187,"href":"https:\/\/www.ifbaiano.edu.br\/unidades\/santaines\/wp-json\/wp\/v2\/pages\/1445\/revisions\/16187"}],"wp:attachment":[{"href":"https:\/\/www.ifbaiano.edu.br\/unidades\/santaines\/wp-json\/wp\/v2\/media?parent=1445"}],"curies":[{"name":"wp","href":"https:\/\/api.w.org\/{rel}","templated":true}]}}