{"id":14467,"date":"2020-12-03T09:10:21","date_gmt":"2020-12-03T12:10:21","guid":{"rendered":"https:\/\/www.ifbaiano.edu.br\/unidades\/santaines\/?page_id=14467"},"modified":"2021-08-13T16:14:37","modified_gmt":"2021-08-13T19:14:37","slug":"modalidade-tomada-de-precos-2020","status":"publish","type":"page","link":"https:\/\/www.ifbaiano.edu.br\/unidades\/santaines\/modalidade-tomada-de-precos-2020\/","title":{"rendered":"Modalidade &#8211; Tomada de Pre\u00e7os 2020"},"content":{"rendered":"\n<p><strong>Tomada de Pre\u00e7os 01\/2020<\/strong> &#8211;&nbsp;Contrata\u00e7\u00e3o de Empresa Especializada para Execu\u00e7\u00e3o de Servi\u00e7os, incluindo todos os Materiais, M\u00e3o de Obra e Equipamentos Necess\u00e1rios, para Manuten\u00e7\u00e3o\/Recupera\u00e7\u00e3o de Pavimenta\u00e7\u00e3o Asf\u00e1ltica em \u00c1reas do IF Baiano &#8211; Campus Santa In\u00eas, mediante regime Empreitada por Pre\u00e7o Unit\u00e1rio, observadas as exig\u00eancias contidas no Edital e seus Anexos quanto \u00e0s especifica\u00e7\u00f5es do objeto.<\/p>\n\n\n\n<p><a href=\"http:\/\/www.comprasnet.gov.br\/acesso.asp?url=\/edital-158277-2-00001-2020\">Edital<\/a><\/p>\n\n\n\n<p><a href=\"https:\/\/www2.comprasnet.gov.br\/siasgnet-sp\/cabecalhoLicitacao.do?method=visualizarLicitacao&amp;codigoLicitacao=38289\">Resultado por Fornecedor<\/a><\/p>\n\n\n\n<p><a href=\"https:\/\/www.ifbaiano.edu.br\/unidades\/santaines\/files\/2021\/01\/Contrato-07.2020-CLAND.pdf\">Contrato 07\/20202<\/a><\/p>\n\n\n\n<p><a href=\"https:\/\/www.ifbaiano.edu.br\/unidades\/santaines\/files\/2021\/01\/Extrato-de-Contrato-DOU-07.2020.pdf\">Extrato de Contrato &#8211; Publica\u00e7\u00e3o DOU &#8211; Contrato 07\/20203<\/a><\/p>\n\n\n\n<p><a href=\"https:\/\/www.ifbaiano.edu.br\/unidades\/santaines\/files\/2021\/01\/Portaria-112.2020-CLAND.pdf\">Portaria de Fiscaliza\u00e7\u00e3o 112\/2020 &#8211; CLAND<\/a><\/p>\n\n\n\n<p><a href=\"https:\/\/www.ifbaiano.edu.br\/unidades\/santaines\/files\/2021\/08\/3-Termo-Aditivo-ao-Contrato-07.2020-CLAND.pdf\">3\u00ba Termo Aditivo ao Contrato 07\/2020 &#8211; CLAND<\/a><\/p>\n\n\n\n<p><a href=\"https:\/\/www.ifbaiano.edu.br\/unidades\/santaines\/files\/2021\/08\/Extrato-de-Aditivo-no-03-CLAND.pdf\">Extrato de Aditivo n\u00ba 03 &#8211; CLAND<\/a><\/p>\n\n\n\n<p><a href=\"https:\/\/www.ifbaiano.edu.br\/unidades\/santaines\/files\/2021\/08\/4o-Termo-Aditivo-ao-contrato-07.2020-CLAND.pdf\">4\u00ba Termo Aditivo ao Contrato 07\/2020 &#8211; CLAND<\/a><\/p>\n\n\n\n<p><a href=\"https:\/\/www.ifbaiano.edu.br\/unidades\/santaines\/files\/2021\/08\/Extrato-de-Aditivo-no-04-CLAND.pdf\">Extrato de Aditivo n\u00ba 04 &#8211; CLAND<\/a><\/p>\n\n\n\n<hr class=\"wp-block-separator\" \/>\n\n\n\n<p><\/p>\n","protected":false},"excerpt":{"rendered":"<p>Tomada de Pre\u00e7os 01\/2020 &#8211;&nbsp;Contrata\u00e7\u00e3o de Empresa Especializada para Execu\u00e7\u00e3o de Servi\u00e7os, incluindo todos os Materiais, M\u00e3o de Obra e Equipamentos Necess\u00e1rios, para Manuten\u00e7\u00e3o\/Recupera\u00e7\u00e3o de Pavimenta\u00e7\u00e3o Asf\u00e1ltica em \u00c1reas do IF Baiano &#8211; Campus Santa In\u00eas, mediante regime Empreitada por Pre\u00e7o Unit\u00e1rio, observadas as exig\u00eancias contidas no Edital e seus Anexos quanto \u00e0s especifica\u00e7\u00f5es do [&hellip;]<\/p>\n","protected":false},"author":86,"featured_media":0,"parent":0,"menu_order":0,"comment_status":"closed","ping_status":"closed","template":"","meta":[],"_links":{"self":[{"href":"https:\/\/www.ifbaiano.edu.br\/unidades\/santaines\/wp-json\/wp\/v2\/pages\/14467"}],"collection":[{"href":"https:\/\/www.ifbaiano.edu.br\/unidades\/santaines\/wp-json\/wp\/v2\/pages"}],"about":[{"href":"https:\/\/www.ifbaiano.edu.br\/unidades\/santaines\/wp-json\/wp\/v2\/types\/page"}],"author":[{"embeddable":true,"href":"https:\/\/www.ifbaiano.edu.br\/unidades\/santaines\/wp-json\/wp\/v2\/users\/86"}],"replies":[{"embeddable":true,"href":"https:\/\/www.ifbaiano.edu.br\/unidades\/santaines\/wp-json\/wp\/v2\/comments?post=14467"}],"version-history":[{"count":5,"href":"https:\/\/www.ifbaiano.edu.br\/unidades\/santaines\/wp-json\/wp\/v2\/pages\/14467\/revisions"}],"predecessor-version":[{"id":15348,"href":"https:\/\/www.ifbaiano.edu.br\/unidades\/santaines\/wp-json\/wp\/v2\/pages\/14467\/revisions\/15348"}],"wp:attachment":[{"href":"https:\/\/www.ifbaiano.edu.br\/unidades\/santaines\/wp-json\/wp\/v2\/media?parent=14467"}],"curies":[{"name":"wp","href":"https:\/\/api.w.org\/{rel}","templated":true}]}}