{"id":14754,"date":"2021-03-23T15:48:02","date_gmt":"2021-03-23T18:48:02","guid":{"rendered":"https:\/\/www.ifbaiano.edu.br\/unidades\/santaines\/?page_id=14754"},"modified":"2022-08-10T15:31:13","modified_gmt":"2022-08-10T18:31:13","slug":"modalidade-pregao-eletronico-2021","status":"publish","type":"page","link":"https:\/\/www.ifbaiano.edu.br\/unidades\/santaines\/modalidade-pregao-eletronico-2021\/","title":{"rendered":"Modalidade \u2013 Preg\u00e3o Eletr\u00f4nico 2021"},"content":{"rendered":"\n<p><strong>Preg\u00e3o 01\/202<\/strong>1&nbsp;\u2013&nbsp; Aquisi\u00e7\u00e3o de baterias estacion\u00e1rias para nobreaks, a fim de atenderem as demandas do N\u00facleo de Gest\u00e3o da Tecnologia da Informa\u00e7\u00e3o (NGTI) do Instituto Federal de Educa\u00e7\u00e3o, Ci\u00eancia e Tecnologia Baiano &#8211; Campus Santa In\u00eas.<\/p>\n\n\n\n<p><a href=\"http:\/\/www.comprasnet.gov.br\/acesso.asp?url=\/edital-158277-5-00001-2021\">Edital Preg\u00e3o Eletr\u00f4nico 01\/2021<\/a><\/p>\n\n\n\n<p><a href=\"https:\/\/www.ifbaiano.edu.br\/unidades\/santaines\/files\/2021\/03\/DOD-DOCUMENTO-DE-FORMALIZACAO-DA-DEMANDA.pdf\">DOD &#8211; Documento de Oficializa\u00e7\u00e3o da Demanda<\/a><\/p>\n\n\n\n<p><a href=\"https:\/\/www.ifbaiano.edu.br\/unidades\/santaines\/files\/2021\/03\/Estudo-Tecnico-Preliminar_ETP-2_2021.pdf\">ETP &#8211; Estudo T\u00e9cnico Preliminar<\/a><\/p>\n\n\n\n<p><a href=\"http:\/\/comprasnet.gov.br\/livre\/pregao\/ata2.asp?co_no_uasg=158277&amp;numprp=12021\">Resultado<\/a><\/p>\n\n\n\n<hr class=\"wp-block-separator\" \/>\n\n\n\n<p><strong>Preg\u00e3o n\u00ba 02-2021<\/strong> &#8211; Registro de pre\u00e7os para eventual aquisi\u00e7\u00e3o de materiais para atender as demandas de manuten\u00e7\u00e3o e conserva\u00e7\u00e3o da estrutura f\u00edsica do Instituto Federal de Educa\u00e7\u00e3o, Ci\u00eancia e Tecnologia Baiano \u2013 Campus Santa In\u00eas.<\/p>\n\n\n\n<p><a href=\"http:\/\/www.comprasnet.gov.br\/acesso.asp?url=\/edital-158277-5-00002-2021\">Edital Preg\u00e3o Eletr\u00f4nico 02\/2021<\/a><\/p>\n\n\n\n<p><a href=\"http:\/\/comprasnet.gov.br\/livre\/pregao\/ata2.asp?co_no_uasg=158277&amp;numprp=22021\">Resultado<\/a><\/p>\n\n\n\n<p><a href=\"https:\/\/www.ifbaiano.edu.br\/unidades\/santaines\/files\/2021\/05\/ARP-07.2021-EZ-TECHS.pdf\">Ata de Registro de Pre\u00e7os 07\/2021 &#8211;&nbsp;EZTECHS<\/a><\/p>\n\n\n\n<p><a href=\"https:\/\/www.ifbaiano.edu.br\/unidades\/santaines\/files\/2021\/05\/ARP-08.2021-J-CARLOS.pdf\">Ata de registro de Pre\u00e7os&nbsp;08\/2021 &#8211; J CARLOS BARRETO SANTOS JUNIOR<\/a><\/p>\n\n\n\n<p><a href=\"https:\/\/www.ifbaiano.edu.br\/unidades\/santaines\/files\/2021\/05\/ARP-09.2021-SPONCHIADO.pdf\">Ata de Registro de Pre\u00e7os&nbsp; 09\/2021 &#8211; SPONCHIADO<\/a><\/p>\n\n\n\n<p><a href=\"https:\/\/www.ifbaiano.edu.br\/unidades\/santaines\/files\/2021\/05\/ARP-10.2021-MP-SANDES.pdf\">Ata de Registro de Pre\u00e7os&nbsp; 10\/2021 &#8211; M P SANDES<\/a><\/p>\n\n\n\n<p><a href=\"https:\/\/www.ifbaiano.edu.br\/unidades\/santaines\/files\/2021\/05\/ARP-11.2021-MORK-SALAR.pdf\">Ata de Registro de Pre\u00e7os&nbsp; 11\/2021 &#8211; MORK SOLAR<\/a><\/p>\n\n\n\n<p><a href=\"https:\/\/www.ifbaiano.edu.br\/unidades\/santaines\/files\/2021\/05\/ARP-12.2021-MARIA-CONSUELO.pdf\">Ata de Registro de Pre\u00e7os&nbsp; 12\/2021 &#8211; MARIA CONSUELO SOARES DA MATA<\/a><\/p>\n\n\n\n<p><a href=\"https:\/\/www.ifbaiano.edu.br\/unidades\/santaines\/files\/2021\/05\/ARP-13.2021-SENTINELA.pdf\">Ata de Registro de Pre\u00e7os&nbsp; 13\/2021 &#8211; SENTINELA DO VALE COMERCIAL EIRELLI<\/a><\/p>\n\n\n\n<p><a href=\"https:\/\/www.ifbaiano.edu.br\/unidades\/santaines\/files\/2021\/05\/ARP-14.2021-LX-DISTRIBUIDORA.pdf\">Ata de Registro de Pre\u00e7os&nbsp; 14\/2021 &#8211; LX DISTRIBUIDORA<\/a><\/p>\n\n\n\n<p><a href=\"https:\/\/www.ifbaiano.edu.br\/unidades\/santaines\/files\/2021\/05\/ARP-15.2021-VANESCA.pdf\">Ata de Registro de Pre\u00e7os&nbsp; 15\/2021 &#8211; VANESCA SILVA BATISTA<\/a><\/p>\n\n\n\n<p><a href=\"https:\/\/www.ifbaiano.edu.br\/unidades\/santaines\/files\/2021\/05\/Extrato-de-registro-de-Precos-PR-02.2021.pdf\">Extrato de Registro de pre\u00e7os &#8211; DOU<\/a><\/p>\n\n\n\n<hr class=\"wp-block-separator\" \/>\n\n\n\n<p><strong>Preg\u00e3o n\u00ba 03-2021<\/strong> &#8211; Registro de pre\u00e7os para eventual aquisi\u00e7\u00e3o de materiais de limpeza e saneantes, para atender a demanda do N\u00facleo de Nutri\u00e7\u00e3o e Sa\u00fade do Instituto Federal Baiano &#8211; Campus Santa In\u00eas.<\/p>\n\n\n\n<p><a href=\"http:\/\/www.comprasnet.gov.br\/acesso.asp?url=\/edital-158277-5-00003-2021\">Edital Preg\u00e3o Eletr\u00f4nico 03\/2021<\/a><\/p>\n\n\n\n<p><a href=\"http:\/\/comprasnet.gov.br\/livre\/pregao\/ata2.asp?co_no_uasg=158277&amp;numprp=32021\">Resultado<\/a><\/p>\n\n\n\n<p><a href=\"https:\/\/www.ifbaiano.edu.br\/unidades\/santaines\/files\/2021\/09\/ARP-N-16-2021-SUARES.pdf\">ARP N\u00ba 16\/2021 &#8211; SUARES<\/a><\/p>\n\n\n\n<p><a href=\"https:\/\/www.ifbaiano.edu.br\/unidades\/santaines\/files\/2021\/09\/ARP-No-17-2021-ARCANJO.pdf\">ARP N\u00ba 17\/2021 &#8211; ARCANJO<\/a><\/p>\n\n\n\n<p><a href=\"https:\/\/www.ifbaiano.edu.br\/unidades\/santaines\/files\/2021\/09\/ARP-No-18-2021-NORDESTE-POTENCIAL.pdf\">ARP N\u00ba 18\/2021  NORDESTE POTENCIAL<\/a><\/p>\n\n\n\n<p><a href=\"https:\/\/www.ifbaiano.edu.br\/unidades\/santaines\/files\/2021\/09\/ARP-No-19-2021-RT-FELICIANO-1.pdf\">ARP N\u00ba 19\/2021 &#8211;&nbsp;RT FELICIANO<\/a><\/p>\n\n\n\n<p><a href=\"https:\/\/www.ifbaiano.edu.br\/unidades\/santaines\/files\/2021\/09\/ARP-No-20-2021-MEDBRANDS.pdf\">ARP N\u00ba 20\/2021 &#8211; MEDBRANDS<\/a><\/p>\n\n\n\n<p><a href=\"https:\/\/www.ifbaiano.edu.br\/unidades\/santaines\/files\/2021\/09\/ARP-No-21-2021-ALENCAR-MAIA-1.pdf\">ARP N\u00ba 21\/2021 &#8211; ALENCAR MAIA<\/a><\/p>\n\n\n\n<hr class=\"wp-block-separator\" \/>\n\n\n\n<p><strong>Preg\u00e3o n\u00ba 04-2021<\/strong> &#8211; Registro de pre\u00e7os para eventual aquisi\u00e7\u00e3o de ra\u00e7\u00e3o, suplemento e feno para atender a demanda de alimenta\u00e7\u00e3o animal da Coordena\u00e7\u00e3o das Unidades Educativas de Campo &#8211; CUEC do IF Baiano &#8211; Campus Santa In\u00eas.<\/p>\n\n\n\n<p><a href=\"https:\/\/www.comprasnet.gov.br\/acesso.asp?url=\/edital-158277-5-00004-2021\">Edital Preg\u00e3o Eletr\u00f4nico 04\/2021<\/a><\/p>\n\n\n\n<p><a href=\"http:\/\/comprasnet.gov.br\/livre\/pregao\/ata2.asp?co_no_uasg=158277&amp;numprp=42021\">Resultado<\/a><\/p>\n\n\n\n<p><a href=\"https:\/\/www.ifbaiano.edu.br\/unidades\/santaines\/files\/2021\/10\/ARP-No-22-2021-GALLUS.pdf\">ARP N\u00ba 22\/2021 &#8211; GALLUS Ind\u00fastria e Com\u00e9rcio de Alimentos EIRELI<\/a><\/p>\n\n\n\n<p><a href=\"https:\/\/www.ifbaiano.edu.br\/unidades\/santaines\/files\/2021\/10\/ARP-No-23-2021-ADALTRO.pdf\">ARP N\u00ba 23\/2021 &#8211; Adaltro Luiz Ribeiro Silva &#8211; ME<\/a><\/p>\n\n\n\n<p><a href=\"https:\/\/www.ifbaiano.edu.br\/unidades\/santaines\/files\/2021\/10\/Publicacao-Atas-do-pregao-04.2021.pdf\">Publica\u00e7\u00e3o Atas&nbsp;do Preg\u00e3o 04\/2021<\/a><\/p>\n\n\n\n<hr class=\"wp-block-separator\" \/>\n\n\n\n<p><strong>Preg\u00e3o n\u00ba 05-2021<\/strong> &#8211; Aquisi\u00e7\u00e3o de pneus para atender aos ve\u00edculos que comp\u00f5e a frota do Instituto Federal Baiano &#8211; Campus Santa In\u00eas.<\/p>\n\n\n\n<p><a href=\"http:\/\/www.comprasnet.gov.br\/acesso.asp?url=\/edital-158277-5-00005-2021\">Edital Preg\u00e3o Eletr\u00f4nico 05\/2021<\/a><\/p>\n\n\n\n<p><a href=\"http:\/\/comprasnet.gov.br\/livre\/pregao\/ata2.asp?co_no_uasg=158277&amp;numprp=52021\">Resultado<\/a><\/p>\n\n\n\n<hr class=\"wp-block-separator\" \/>\n\n\n\n<p><strong>Preg\u00e3o n\u00ba 06-2021<\/strong> &#8211; Registro de pre\u00e7os para eventual aquisi\u00e7\u00e3o de g\u00eaneros aliment\u00edcios, para atender a demanda do N\u00facleo de Nutri\u00e7\u00e3o e Sa\u00fade do Instituto Federal Baiano &#8211; Campus Santa In\u00eas.<\/p>\n\n\n\n<p><a href=\"https:\/\/www.comprasnet.gov.br\/acesso.asp?url=\/edital-158277-5-00006-2021\">Edital Preg\u00e3o Eletr\u00f4nico 06\/2021<\/a><\/p>\n\n\n\n<p><a href=\"http:\/\/comprasnet.gov.br\/livre\/pregao\/ata2.asp?co_no_uasg=158277&amp;numprp=62021\">Resultado<\/a><\/p>\n\n\n\n<hr class=\"wp-block-separator\" \/>\n\n\n\n<p><strong>Preg\u00e3o n\u00ba 07-2021<\/strong> &#8211; Registro de Pre\u00e7os para eventual aquisi\u00e7\u00e3o de equipamentos e mobili\u00e1rios para atender a demanda da Coordena\u00e7\u00e3o de Assuntos Estudantis e Diretoria Administrativa do Instituto Federal de Educa\u00e7\u00e3o, Ci\u00eancia e Tecnologia Baiano &#8211; Campus Santa In\u00eas.<\/p>\n\n\n\n<p><a href=\"http:\/\/www.comprasnet.gov.br\/acesso.asp?url=\/edital-158277-5-00007-2021\">Edital Preg\u00e3o Eletr\u00f4nico 07\/2021<\/a><\/p>\n\n\n\n<p><a href=\"http:\/\/comprasnet.gov.br\/livre\/pregao\/ata2.asp?co_no_uasg=158277&amp;numprp=72021\">Resultado<\/a><\/p>\n\n\n\n<hr class=\"wp-block-separator\" \/>\n\n\n\n<p><strong>Preg\u00e3o n\u00ba 08-2021<\/strong> &#8211; Registro de pre\u00e7os para eventual aquisi\u00e7\u00e3o de g\u00e1s liquefeito de petr\u00f3leo (GLP) envasado em botij\u00f5es de 13 Kg (P13) e cilindros de 45 Kg (P45), a base de troca, para atender a demanda do Instituto Federal Baiano &#8211; Campus Santa In\u00eas.<\/p>\n\n\n\n<p><a href=\"http:\/\/www.comprasnet.gov.br\/acesso.asp?url=\/edital-158277-5-00008-2021\">Edital Preg\u00e3o Eletr\u00f4nico 08\/2021<\/a><\/p>\n\n\n\n<p><a href=\"http:\/\/comprasnet.gov.br\/livre\/pregao\/ata2.asp?co_no_uasg=158277&amp;numprp=82021\">Resultado<\/a><\/p>\n\n\n\n<p><a href=\"https:\/\/www.ifbaiano.edu.br\/unidades\/santaines\/files\/2022\/08\/ARP-No-24-2021-TRS-GAS.pdf\">ARP N\u00ba 24\/2021 &#8211; TRS G\u00c1S<\/a><\/p>\n\n\n\n<p><a href=\"https:\/\/www.ifbaiano.edu.br\/unidades\/santaines\/files\/2022\/08\/Contrato-07.2021-TRS-GAS.pdf\">Contrato 07\/2021 &#8211; TRS G\u00c1S<\/a><\/p>\n\n\n\n<p><a href=\"https:\/\/www.ifbaiano.edu.br\/unidades\/santaines\/files\/2022\/08\/DOU-Contrato-07.2021-GAS.pdf\">DOU do Contrato 07\/2021 &#8211; TRS GAS<\/a><\/p>\n\n\n\n<p><a href=\"https:\/\/www.ifbaiano.edu.br\/unidades\/santaines\/files\/2022\/08\/Contrato-05.2022-TRS-GAS-Assinado.pdf\">Contrato 05\/2022 &#8211; TRS G\u00c1S<\/a><\/p>\n\n\n\n<p><a href=\"https:\/\/www.ifbaiano.edu.br\/unidades\/santaines\/files\/2022\/08\/DOU-CONTRATO-05.2022-TRS-GAS.pdf\">DOU do contrato 05\/2022 &#8211; TRS GAS<\/a><\/p>\n\n\n\n<hr class=\"wp-block-separator\" \/>\n\n\n\n<p><strong>Preg\u00e3o n\u00ba 09-2021<\/strong> &#8211; Aquisi\u00e7\u00e3o de colch\u00f5es para atender a demanda da Coordena\u00e7\u00e3o de Assist\u00eancia Estudantil do Instituto Federal Baiano &#8211; Campus Santa In\u00eas.<\/p>\n\n\n\n<p><a href=\"http:\/\/www.comprasnet.gov.br\/acesso.asp?url=\/edital-158277-5-00009-2021\">Edital Preg\u00e3o Eletr\u00f4nico 09\/2021<\/a><\/p>\n\n\n\n<p><a href=\"http:\/\/comprasnet.gov.br\/livre\/pregao\/ata2.asp?co_no_uasg=158277&amp;numprp=92021\">Resultado<\/a><\/p>\n\n\n\n<hr class=\"wp-block-separator\" \/>\n\n\n\n<p><strong>Preg\u00e3o n\u00ba 10-2021<\/strong> &#8211; Registro de Pre\u00e7os para eventual aquisi\u00e7\u00e3o de materiais descart\u00e1veis para atender a demanda do N\u00facleo de Nutri\u00e7\u00e3o e Sa\u00fade e a Coordena\u00e7\u00e3o de Assuntos Estudantis do Instituto Federal de Educa\u00e7\u00e3o, Ci\u00eancia e Tecnologia Baiano &#8211; Campus Santa In\u00eas.<\/p>\n\n\n\n<p><a href=\"http:\/\/www.comprasnet.gov.br\/acesso.asp?url=\/edital-158277-5-00010-2021\">Edital Preg\u00e3o Eletr\u00f4nico 10\/2021<\/a><\/p>\n\n\n\n<p><a href=\"http:\/\/comprasnet.gov.br\/livre\/pregao\/ata2.asp?co_no_uasg=158277&amp;numprp=102021\">Resultado<\/a><\/p>\n\n\n\n<hr class=\"wp-block-separator\" \/>\n\n\n\n<p><strong>Preg\u00e3o n\u00ba 11-2021<\/strong> &#8211; Registro de pre\u00e7os para eventual aquisi\u00e7\u00e3o de materiais para atender a demanda do Setor de Enfermagem do Instituto Federal Baiano &#8211; Campus Santa In\u00eas.<\/p>\n\n\n\n<p><a href=\"https:\/\/www.comprasnet.gov.br\/acesso.asp?url=\/edital-158277-5-000011-2021\">Edital Preg\u00e3o Eletr\u00f4nico 11\/2021<\/a><\/p>\n\n\n\n<p><strong>Resultado<\/strong><\/p>\n\n\n\n<p><strong>Ata do Preg\u00e3o Eletr\u00f4nico n\u00ba 11-2021<\/strong><br>Link do Resultado: <a rel=\"noreferrer noopener\" href=\"http:\/\/comprasnet.gov.br\/livre\/pregao\/ata2.asp?co_no_uasg=158277&amp;numprp=112021\" target=\"_blank\">http:\/\/comprasnet.gov.br\/livre\/pregao\/ata2.asp?co_no_uasg=158277&amp;numprp=112021<\/a><\/p>\n\n\n\n<hr class=\"wp-block-separator\" \/>\n\n\n\n<p><\/p>\n","protected":false},"excerpt":{"rendered":"<p>Preg\u00e3o 01\/2021&nbsp;\u2013&nbsp; Aquisi\u00e7\u00e3o de baterias estacion\u00e1rias para nobreaks, a fim de atenderem as demandas do N\u00facleo de Gest\u00e3o da Tecnologia da Informa\u00e7\u00e3o (NGTI) do Instituto Federal de Educa\u00e7\u00e3o, Ci\u00eancia e Tecnologia Baiano &#8211; Campus Santa In\u00eas. Edital Preg\u00e3o Eletr\u00f4nico 01\/2021 DOD &#8211; Documento de Oficializa\u00e7\u00e3o da Demanda ETP &#8211; Estudo T\u00e9cnico Preliminar Resultado Preg\u00e3o n\u00ba [&hellip;]<\/p>\n","protected":false},"author":86,"featured_media":0,"parent":0,"menu_order":0,"comment_status":"closed","ping_status":"closed","template":"","meta":[],"_links":{"self":[{"href":"https:\/\/www.ifbaiano.edu.br\/unidades\/santaines\/wp-json\/wp\/v2\/pages\/14754"}],"collection":[{"href":"https:\/\/www.ifbaiano.edu.br\/unidades\/santaines\/wp-json\/wp\/v2\/pages"}],"about":[{"href":"https:\/\/www.ifbaiano.edu.br\/unidades\/santaines\/wp-json\/wp\/v2\/types\/page"}],"author":[{"embeddable":true,"href":"https:\/\/www.ifbaiano.edu.br\/unidades\/santaines\/wp-json\/wp\/v2\/users\/86"}],"replies":[{"embeddable":true,"href":"https:\/\/www.ifbaiano.edu.br\/unidades\/santaines\/wp-json\/wp\/v2\/comments?post=14754"}],"version-history":[{"count":26,"href":"https:\/\/www.ifbaiano.edu.br\/unidades\/santaines\/wp-json\/wp\/v2\/pages\/14754\/revisions"}],"predecessor-version":[{"id":16979,"href":"https:\/\/www.ifbaiano.edu.br\/unidades\/santaines\/wp-json\/wp\/v2\/pages\/14754\/revisions\/16979"}],"wp:attachment":[{"href":"https:\/\/www.ifbaiano.edu.br\/unidades\/santaines\/wp-json\/wp\/v2\/media?parent=14754"}],"curies":[{"name":"wp","href":"https:\/\/api.w.org\/{rel}","templated":true}]}}