{"id":15547,"date":"2021-09-29T08:06:01","date_gmt":"2021-09-29T11:06:01","guid":{"rendered":"https:\/\/www.ifbaiano.edu.br\/unidades\/santaines\/?page_id=15547"},"modified":"2021-09-29T08:16:21","modified_gmt":"2021-09-29T11:16:21","slug":"2021-2","status":"publish","type":"page","link":"https:\/\/www.ifbaiano.edu.br\/unidades\/santaines\/2021-2\/","title":{"rendered":"2021"},"content":{"rendered":"\n<figure class=\"wp-block-image\"><a href=\"http:\/\/www.ifbaiano.edu.br\/unidades\/santaines\/files\/2017\/08\/Licita\u00e7\u00e3o1-2.jpg\"><img decoding=\"async\" loading=\"lazy\" width=\"853\" height=\"144\" src=\"http:\/\/www.ifbaiano.edu.br\/unidades\/santaines\/files\/2017\/08\/Licita\u00e7\u00e3o1-2.jpg\" alt=\"Licita\u00e7\u00e3o1\" class=\"wp-image-9696\" \/><\/a><\/figure>\n\n\n\n<hr class=\"wp-block-separator\" \/>\n\n\n\n<figure class=\"wp-block-image size-large is-resized\"><img decoding=\"async\" loading=\"lazy\" src=\"https:\/\/www.ifbaiano.edu.br\/unidades\/santaines\/files\/2020\/03\/Escolha-a-Modalidade-de-Licita\u00e7\u00e3o.jpg\" alt=\"\" class=\"wp-image-13345\" width=\"580\" height=\"18\" \/><\/figure>\n\n\n\n<ul><li>Convite<\/li><li>Tomada de Pre\u00e7os<\/li><li>Concorr\u00eancia<\/li><li>Leil\u00e3o<\/li><li><a href=\"https:\/\/www.ifbaiano.edu.br\/unidades\/santaines\/modalidade-pregao-eletronico-2021\/\">Preg\u00e3o Eletr\u00f4nico<\/a><\/li><li>Regime Diferenciado de Contrata\u00e7\u00e3o &#8211; RDC<\/li><li><a href=\"https:\/\/www.ifbaiano.edu.br\/unidades\/santaines\/dispensa-de-licitacao-2021\/\">Dispensa de Licita\u00e7\u00e3o<\/a><\/li><li>Inexigibilidade de Licita\u00e7\u00e3o<\/li><li>Ades\u00e3o \u00e0 Ata de Registro de Pre\u00e7os<\/li><\/ul>\n\n\n\n<hr class=\"wp-block-separator\" \/>\n\n\n\n<p><strong>Contato:<\/strong><\/p>\n\n\n\n<p><strong>E-mail:<\/strong>&nbsp;compras@si.ifbaiano.edu.br<\/p>\n\n\n\n<p><strong>Telefone:<\/strong>&nbsp;(73) 3536- 1212 \/ (73) 3536-1210 \u2013 Ramal: 43<\/p>\n","protected":false},"excerpt":{"rendered":"<p>Convite Tomada de Pre\u00e7os Concorr\u00eancia Leil\u00e3o Preg\u00e3o Eletr\u00f4nico Regime Diferenciado de Contrata\u00e7\u00e3o &#8211; RDC Dispensa de Licita\u00e7\u00e3o Inexigibilidade de Licita\u00e7\u00e3o Ades\u00e3o \u00e0 Ata de Registro de Pre\u00e7os Contato: E-mail:&nbsp;compras@si.ifbaiano.edu.br Telefone:&nbsp;(73) 3536- 1212 \/ (73) 3536-1210 \u2013 Ramal: 43<\/p>\n","protected":false},"author":86,"featured_media":0,"parent":0,"menu_order":0,"comment_status":"closed","ping_status":"closed","template":"","meta":[],"_links":{"self":[{"href":"https:\/\/www.ifbaiano.edu.br\/unidades\/santaines\/wp-json\/wp\/v2\/pages\/15547"}],"collection":[{"href":"https:\/\/www.ifbaiano.edu.br\/unidades\/santaines\/wp-json\/wp\/v2\/pages"}],"about":[{"href":"https:\/\/www.ifbaiano.edu.br\/unidades\/santaines\/wp-json\/wp\/v2\/types\/page"}],"author":[{"embeddable":true,"href":"https:\/\/www.ifbaiano.edu.br\/unidades\/santaines\/wp-json\/wp\/v2\/users\/86"}],"replies":[{"embeddable":true,"href":"https:\/\/www.ifbaiano.edu.br\/unidades\/santaines\/wp-json\/wp\/v2\/comments?post=15547"}],"version-history":[{"count":2,"href":"https:\/\/www.ifbaiano.edu.br\/unidades\/santaines\/wp-json\/wp\/v2\/pages\/15547\/revisions"}],"predecessor-version":[{"id":15552,"href":"https:\/\/www.ifbaiano.edu.br\/unidades\/santaines\/wp-json\/wp\/v2\/pages\/15547\/revisions\/15552"}],"wp:attachment":[{"href":"https:\/\/www.ifbaiano.edu.br\/unidades\/santaines\/wp-json\/wp\/v2\/media?parent=15547"}],"curies":[{"name":"wp","href":"https:\/\/api.w.org\/{rel}","templated":true}]}}