{"id":15550,"date":"2021-09-29T08:15:33","date_gmt":"2021-09-29T11:15:33","guid":{"rendered":"https:\/\/www.ifbaiano.edu.br\/unidades\/santaines\/?page_id=15550"},"modified":"2022-07-07T09:11:03","modified_gmt":"2022-07-07T12:11:03","slug":"dispensa-de-licitacao-2021","status":"publish","type":"page","link":"https:\/\/www.ifbaiano.edu.br\/unidades\/santaines\/dispensa-de-licitacao-2021\/","title":{"rendered":"Dispensa de Licita\u00e7\u00e3o 2021"},"content":{"rendered":"\n<hr class=\"wp-block-separator\" \/>\n\n\n\n<p><strong>Chamada P\u00fablica n\u00ba 01\/2021<\/strong>&nbsp;\u2013 Processo n\u00ba&nbsp;23332.251713.2021-16<\/p>\n\n\n\n<p><strong>Objeto:<\/strong>&nbsp;Aquisi\u00e7\u00e3o de g\u00eaneros aliment\u00edcios da agricultura familiar para o atendimento ao Programa Nacional de Alimenta\u00e7\u00e3o Escolar \u2013 PNAE.<\/p>\n\n\n\n<p><strong><a href=\"https:\/\/www.ifbaiano.edu.br\/unidades\/santaines\/files\/2021\/09\/Edital-Chamada-Publica-01-2021.pdf\">Edital Chamada P\u00fablica 01-2021<\/a><\/strong><\/p>\n\n\n\n<p><strong><a href=\"https:\/\/www.ifbaiano.edu.br\/unidades\/santaines\/files\/2022\/07\/Termo-Homologacao-Chamada-Publica-1-2021.pdf\">Termo de Homologa\u00e7\u00e3o<\/a><\/strong><\/p>\n\n\n\n<hr class=\"wp-block-separator\" \/>\n\n\n\n<p><\/p>\n","protected":false},"excerpt":{"rendered":"<p>Chamada P\u00fablica n\u00ba 01\/2021&nbsp;\u2013 Processo n\u00ba&nbsp;23332.251713.2021-16 Objeto:&nbsp;Aquisi\u00e7\u00e3o de g\u00eaneros aliment\u00edcios da agricultura familiar para o atendimento ao Programa Nacional de Alimenta\u00e7\u00e3o Escolar \u2013 PNAE. Edital Chamada P\u00fablica 01-2021 Termo de Homologa\u00e7\u00e3o<\/p>\n","protected":false},"author":86,"featured_media":0,"parent":0,"menu_order":0,"comment_status":"closed","ping_status":"closed","template":"","meta":[],"_links":{"self":[{"href":"https:\/\/www.ifbaiano.edu.br\/unidades\/santaines\/wp-json\/wp\/v2\/pages\/15550"}],"collection":[{"href":"https:\/\/www.ifbaiano.edu.br\/unidades\/santaines\/wp-json\/wp\/v2\/pages"}],"about":[{"href":"https:\/\/www.ifbaiano.edu.br\/unidades\/santaines\/wp-json\/wp\/v2\/types\/page"}],"author":[{"embeddable":true,"href":"https:\/\/www.ifbaiano.edu.br\/unidades\/santaines\/wp-json\/wp\/v2\/users\/86"}],"replies":[{"embeddable":true,"href":"https:\/\/www.ifbaiano.edu.br\/unidades\/santaines\/wp-json\/wp\/v2\/comments?post=15550"}],"version-history":[{"count":3,"href":"https:\/\/www.ifbaiano.edu.br\/unidades\/santaines\/wp-json\/wp\/v2\/pages\/15550\/revisions"}],"predecessor-version":[{"id":16739,"href":"https:\/\/www.ifbaiano.edu.br\/unidades\/santaines\/wp-json\/wp\/v2\/pages\/15550\/revisions\/16739"}],"wp:attachment":[{"href":"https:\/\/www.ifbaiano.edu.br\/unidades\/santaines\/wp-json\/wp\/v2\/media?parent=15550"}],"curies":[{"name":"wp","href":"https:\/\/api.w.org\/{rel}","templated":true}]}}