{"id":16440,"date":"2022-05-19T15:38:45","date_gmt":"2022-05-19T18:38:45","guid":{"rendered":"https:\/\/www.ifbaiano.edu.br\/unidades\/santaines\/?page_id=16440"},"modified":"2025-11-12T10:00:43","modified_gmt":"2025-11-12T13:00:43","slug":"nucleo-de-planejamento-e-parcerias-institucionais","status":"publish","type":"page","link":"https:\/\/www.ifbaiano.edu.br\/unidades\/santaines\/nucleo-de-planejamento-e-parcerias-institucionais\/","title":{"rendered":"N\u00facleo de Planejamento e Parcerias Institucionais"},"content":{"rendered":"\n<hr class=\"wp-block-separator has-css-opacity\" \/>\n\n\n\n<p>O N\u00facleo de Planejamento e Parcerias Institucionais (NUPPI), de assessoramento da Dire\u00e7\u00e3o-Geral do Campus, \u00e9 respons\u00e1veis por articular, em conjunto com as Dire\u00e7\u00f5es Administrativa, Acad\u00eamica e Geral, o planejamento e a execu\u00e7\u00e3o de pol\u00edticas e a\u00e7\u00f5es voltadas ao desenvolvimento institucional, conforme <a href=\"https:\/\/ifbaiano.edu.br\/portal\/servidor\/wp-content\/uploads\/sites\/5\/2019\/02\/BSI-n%C2%BA-01-de-04-de-janeiro-de-2019.pdf\">PORTARIA 101\/2019 &#8211; RET-GAB\/RET\/IFBAIANO, DE 28 de janeiro de 2019<\/a>.<\/p>\n\n\n\n<p>As parcerias institucionais s\u00e3o maneiras de estabelecer rela\u00e7\u00f5es com a comunidade externa e, assim sendo, elas fortalecem a miss\u00e3o do IF Baiano, uma vez que, junto a organiza\u00e7\u00f5es externas, s\u00e3o desenvolvidas a\u00e7\u00f5es no \u00e2mbito do ensino, da pesquisa, da extens\u00e3o e do desenvolvimento institucional, em prol da melhoria da educa\u00e7\u00e3o e das regi\u00f5es onde nossas unidades est\u00e3o inseridas. Nossa institui\u00e7\u00e3o relaciona-se com a comunidade externa de v\u00e1rias maneiras, dentre elas, a celebra\u00e7\u00e3o de conv\u00eanios, de conv\u00eanios de est\u00e1gios, de acordos de coopera\u00e7\u00e3o e de di\u00e1logo com institui\u00e7\u00f5es parceiras, por meio das a\u00e7\u00f5es de ensino, de pesquisa, de extens\u00e3o e de desenvolvimento institucional, pensando na melhoria das regi\u00f5es.<\/p>\n\n\n\n<p>Assim, ao firmar parcerias, o IF Baiano tem a oportunidade de compartilhar experi\u00eancias, de participar da din\u00e2mica local e\/ou regional, de promover o di\u00e1logo com a comunidade externa e de desenvolver outras a\u00e7\u00f5es e atividades que o tornem mais pr\u00f3ximo de institui\u00e7\u00f5es, de \u00f3rg\u00e3os e de pessoas, passando a ter uma participa\u00e7\u00e3o mais atuante na regi\u00e3o em que se localiza. Os princ\u00edpios que norteiam esse relacionamento s\u00e3o fundamentados nos preceitos que permeiam os nossos valores institucionais, bem como nos valores da administra\u00e7\u00e3o p\u00fablica.<\/p>\n\n\n\n<hr class=\"wp-block-separator has-css-opacity\" \/>\n\n\n\n<p>Servidor respons\u00e1vel pelo NUPPI: Ozeias Pires Silva<\/p>\n\n\n\n<p>E-mail: nuppi@si.ifbaiano.edu.br<\/p>\n\n\n\n<hr class=\"wp-block-separator has-css-opacity\" \/>\n\n\n\n<p class=\"has-background has-medium-font-size\" style=\"background-color:#ebebeb;border-top:4px solid #36b139\"><strong>Documentos<\/strong><\/p>\n\n\n\n<ul>\n<li><a href=\"https:\/\/www.ifbaiano.edu.br\/unidades\/santaines\/files\/2022\/09\/Planilha-de-Parcerias-Campus-Santa-Ines.pdf\"><strong>ACORDOS DE COOPRA\u00c7\u00c3O T\u00c9CNICA E CONV\u00caNIOS DE EST\u00c1GIO<\/strong><\/a><\/li>\n\n\n\n<li><a href=\"https:\/\/www.ifbaiano.edu.br\/unidades\/santaines\/files\/2023\/10\/Planilha-de-Parcerias-Campus-Santa-Ines.pdf\"><strong>PLANILHA DE PARCERIAS<\/strong><\/a><\/li>\n\n\n\n<li><strong><a href=\"https:\/\/www.ifbaiano.edu.br\/unidades\/santaines\/files\/2025\/08\/Planilha-de-Parcerias-Campus-Santa-Ines-Agosto-de-2025.pdf\">PLANILHA DE PARCERIAS &#8211; Agosto de 2025<\/a><\/strong><\/li>\n<\/ul>\n","protected":false},"excerpt":{"rendered":"<p>O N\u00facleo de Planejamento e Parcerias Institucionais (NUPPI), de assessoramento da Dire\u00e7\u00e3o-Geral do Campus, \u00e9 respons\u00e1veis por articular, em conjunto com as Dire\u00e7\u00f5es Administrativa, Acad\u00eamica e Geral, o planejamento e a execu\u00e7\u00e3o de pol\u00edticas e a\u00e7\u00f5es voltadas ao desenvolvimento institucional, conforme PORTARIA 101\/2019 &#8211; RET-GAB\/RET\/IFBAIANO, DE 28 de janeiro de 2019. As parcerias institucionais s\u00e3o [&hellip;]<\/p>\n","protected":false},"author":74,"featured_media":0,"parent":0,"menu_order":0,"comment_status":"closed","ping_status":"closed","template":"","meta":[],"_links":{"self":[{"href":"https:\/\/www.ifbaiano.edu.br\/unidades\/santaines\/wp-json\/wp\/v2\/pages\/16440"}],"collection":[{"href":"https:\/\/www.ifbaiano.edu.br\/unidades\/santaines\/wp-json\/wp\/v2\/pages"}],"about":[{"href":"https:\/\/www.ifbaiano.edu.br\/unidades\/santaines\/wp-json\/wp\/v2\/types\/page"}],"author":[{"embeddable":true,"href":"https:\/\/www.ifbaiano.edu.br\/unidades\/santaines\/wp-json\/wp\/v2\/users\/74"}],"replies":[{"embeddable":true,"href":"https:\/\/www.ifbaiano.edu.br\/unidades\/santaines\/wp-json\/wp\/v2\/comments?post=16440"}],"version-history":[{"count":8,"href":"https:\/\/www.ifbaiano.edu.br\/unidades\/santaines\/wp-json\/wp\/v2\/pages\/16440\/revisions"}],"predecessor-version":[{"id":26296,"href":"https:\/\/www.ifbaiano.edu.br\/unidades\/santaines\/wp-json\/wp\/v2\/pages\/16440\/revisions\/26296"}],"wp:attachment":[{"href":"https:\/\/www.ifbaiano.edu.br\/unidades\/santaines\/wp-json\/wp\/v2\/media?parent=16440"}],"curies":[{"name":"wp","href":"https:\/\/api.w.org\/{rel}","templated":true}]}}