{"id":16965,"date":"2022-08-10T10:27:57","date_gmt":"2022-08-10T13:27:57","guid":{"rendered":"https:\/\/www.ifbaiano.edu.br\/unidades\/santaines\/?page_id=16965"},"modified":"2022-08-23T12:09:57","modified_gmt":"2022-08-23T15:09:57","slug":"coordenacao-de-pesquisa-2","status":"publish","type":"page","link":"https:\/\/www.ifbaiano.edu.br\/unidades\/santaines\/coordenacao-de-pesquisa-2\/","title":{"rendered":"Coordena\u00e7\u00e3o de Pesquisa"},"content":{"rendered":"\n<figure class=\"wp-block-image\"><a href=\"https:\/\/www.ifbaiano.edu.br\/unidades\/santaines\/files\/2022\/08\/Sobre.jpg\"><img decoding=\"async\" loading=\"lazy\" width=\"1524\" height=\"47\" src=\"https:\/\/www.ifbaiano.edu.br\/unidades\/santaines\/files\/2022\/08\/Sobre.jpg\" alt=\"\" class=\"wp-image-17015\" \/><\/a><\/figure>\n\n\n\n<p>Em Constru\u00e7\u00e3o!\u2026<\/p>\n\n\n\n<hr class=\"wp-block-separator\" \/>\n\n\n\n<figure class=\"wp-block-image\"><a href=\"https:\/\/www.ifbaiano.edu.br\/unidades\/santaines\/files\/2022\/08\/Editais-e-documentos.jpg\"><img decoding=\"async\" loading=\"lazy\" width=\"1524\" height=\"47\" src=\"https:\/\/www.ifbaiano.edu.br\/unidades\/santaines\/files\/2022\/08\/Editais-e-documentos.jpg\" alt=\"\" class=\"wp-image-17016\" \/><\/a><\/figure>\n\n\n\n<figure class=\"wp-block-table\"><table><tbody><tr><td>&nbsp;<\/td><\/tr><tr><td>\u00a0<a href=\"https:\/\/ifbaiano.edu.br\/portal\/pesquisa\/\">Clique AQUI<\/a> para acessar os editais e documentos dispon\u00edveis no Portal da PROPES \u2013 Pr\u00f3-Reitoria de Pesquisa.<\/td><\/tr><tr><td>&nbsp;<\/td><\/tr><tr><td>&nbsp;<\/td><\/tr><\/tbody><\/table><\/figure>\n\n\n\n<hr class=\"wp-block-separator\" \/>\n\n\n\n<figure class=\"wp-block-image\"><a href=\"https:\/\/www.ifbaiano.edu.br\/unidades\/santaines\/files\/2022\/08\/Acoes-programas-e-projetos.jpg\"><img decoding=\"async\" loading=\"lazy\" width=\"1524\" height=\"47\" src=\"https:\/\/www.ifbaiano.edu.br\/unidades\/santaines\/files\/2022\/08\/Acoes-programas-e-projetos.jpg\" alt=\"\" class=\"wp-image-17017\" \/><\/a><\/figure>\n\n\n\n<h2 class=\"wp-block-heading\">A\u00e7\u00f5es<\/h2>\n\n\n\n<p>\u2026<\/p>\n\n\n\n<p>\u2026<\/p>\n\n\n\n<p>\u2026<\/p>\n\n\n\n<h2 class=\"wp-block-heading\">Programas<\/h2>\n\n\n\n<p>\u2026.<\/p>\n\n\n\n<p>\u2026<\/p>\n\n\n\n<p>\u2026<\/p>\n\n\n\n<h2 class=\"wp-block-heading\">Projetos em Execu\u00e7\u00e3o<\/h2>\n\n\n\n<p>\u2026<\/p>\n\n\n\n<p>\u2026<\/p>\n\n\n\n<p>\u2026<\/p>\n\n\n\n<hr class=\"wp-block-separator\" \/>\n\n\n\n<hr class=\"wp-block-separator\" \/>\n\n\n\n<h2 class=\"wp-block-heading\"><strong>Contato:<\/strong><\/h2>\n\n\n\n<p>Wezer Lismar Miranda <\/p>\n\n\n\n<p><strong>E-mail:<\/strong>&nbsp;coordenacaodepesquisa@si.ifbaiano.edu.br<\/p>\n\n\n\n<p><strong>Telefone:<\/strong>\u00a0(73) 3536-210 \u2013 Ramal: 65<\/p>\n","protected":false},"excerpt":{"rendered":"<p>Em Constru\u00e7\u00e3o!\u2026 &nbsp; \u00a0Clique AQUI para acessar os editais e documentos dispon\u00edveis no Portal da PROPES \u2013 Pr\u00f3-Reitoria de Pesquisa. &nbsp; &nbsp; A\u00e7\u00f5es \u2026 \u2026 \u2026 Programas \u2026. \u2026 \u2026 Projetos em Execu\u00e7\u00e3o \u2026 \u2026 \u2026 Contato: Wezer Lismar Miranda E-mail:&nbsp;coordenacaodepesquisa@si.ifbaiano.edu.br Telefone:\u00a0(73) 3536-210 \u2013 Ramal: 65<\/p>\n","protected":false},"author":86,"featured_media":0,"parent":0,"menu_order":0,"comment_status":"closed","ping_status":"closed","template":"","meta":[],"_links":{"self":[{"href":"https:\/\/www.ifbaiano.edu.br\/unidades\/santaines\/wp-json\/wp\/v2\/pages\/16965"}],"collection":[{"href":"https:\/\/www.ifbaiano.edu.br\/unidades\/santaines\/wp-json\/wp\/v2\/pages"}],"about":[{"href":"https:\/\/www.ifbaiano.edu.br\/unidades\/santaines\/wp-json\/wp\/v2\/types\/page"}],"author":[{"embeddable":true,"href":"https:\/\/www.ifbaiano.edu.br\/unidades\/santaines\/wp-json\/wp\/v2\/users\/86"}],"replies":[{"embeddable":true,"href":"https:\/\/www.ifbaiano.edu.br\/unidades\/santaines\/wp-json\/wp\/v2\/comments?post=16965"}],"version-history":[{"count":3,"href":"https:\/\/www.ifbaiano.edu.br\/unidades\/santaines\/wp-json\/wp\/v2\/pages\/16965\/revisions"}],"predecessor-version":[{"id":23792,"href":"https:\/\/www.ifbaiano.edu.br\/unidades\/santaines\/wp-json\/wp\/v2\/pages\/16965\/revisions\/23792"}],"wp:attachment":[{"href":"https:\/\/www.ifbaiano.edu.br\/unidades\/santaines\/wp-json\/wp\/v2\/media?parent=16965"}],"curies":[{"name":"wp","href":"https:\/\/api.w.org\/{rel}","templated":true}]}}