{"id":17327,"date":"2022-09-19T09:26:09","date_gmt":"2022-09-19T12:26:09","guid":{"rendered":"https:\/\/www.ifbaiano.edu.br\/unidades\/santaines\/?page_id=17327"},"modified":"2022-09-19T09:26:10","modified_gmt":"2022-09-19T12:26:10","slug":"cursos-de-formacao-inicial-e-continuada-fic","status":"publish","type":"page","link":"https:\/\/www.ifbaiano.edu.br\/unidades\/santaines\/cursos-de-formacao-inicial-e-continuada-fic\/","title":{"rendered":"Cursos de Forma\u00e7\u00e3o Inicial e Continuada &#8211; FIC"},"content":{"rendered":"\n<p>Os Cursos de Forma\u00e7\u00e3o Inicial e Continuada (Cursos FIC) promovem qualifica\u00e7\u00e3o profissional voltada \u00e0 forma\u00e7\u00e3o de trabalhadores, visando sua inser\u00e7\u00e3o ou reinser\u00e7\u00e3o no mundo do trabalho.<\/p>\n\n\n\n<p><strong>Veja os cursos autorizados para oferta no IF Baiano no&nbsp;<\/strong><strong><a href=\"https:\/\/ifbaiano.edu.br\/portal\/extensao\/wp-content\/uploads\/sites\/4\/2016\/10\/catalogo-cursos-fic-2018.pdf\">CAT\u00c1LOGO DE CURSOS FIC 2018<\/a>.<\/strong><\/p>\n\n\n\n<p><strong>PREVIS\u00c3O LEGAL<\/strong><\/p>\n\n\n\n<ul><li>Lei n\u00ba 9.394 (Lei de Diretrizes e Bases da Educa\u00e7\u00e3o Nacional), de 20 de dezembro de 1996;<\/li><li>Lei n\u00ba 11.741, de 16 de julho de 2008, par\u00e1grafo 2\u00ba, inciso I, do art. 39;<\/li><li>Lei n\u00b0 11.892, de 29 de dezembro de 2008;<\/li><li>Decreto n\u00ba 5.154, de 20 de julho de 2004, alterado pelo Decreto n\u00b0 8.268, de 18 de junho de 2014.<\/li><\/ul>\n\n\n\n<p><strong>CATEGORIAS<\/strong><\/p>\n\n\n\n<ul><li>Forma\u00e7\u00e3o Inicial (FI): compreende cursos que contemplam um conjunto de saberes que habilitam ao exerc\u00edcio profissional e tem carga hor\u00e1ria m\u00ednima de 160 horas.<\/li><li>Forma\u00e7\u00e3o Continuada (FC): compreende cursos que aprimoram, aprofundam e atualizam os saberes relativos a uma \u00e1rea profissional e tem carga hor\u00e1ria m\u00ednima de 20 horas.<\/li><\/ul>\n\n\n\n<p><strong>A OFERTA<\/strong><\/p>\n\n\n\n<p>Os cursos FIC podem ser ofertados a qualquer tempo, conforme os seguintes casos:<\/p>\n\n\n\n<ul><li>em decorr\u00eancia de legisla\u00e7\u00e3o, programa ou projeto do governo federal que determine a oferta;<\/li><li>para atender \u00e0s demandas identificadas para a forma\u00e7\u00e3o inicial e continuada de trabalhadores(as), nas diversas regi\u00f5es onde o IF Baiano atua;<\/li><li>para atender \u00e0s demandas por capacita\u00e7\u00e3o de trabalhadores(as), oriundas de entidades do Territ\u00f3rio de Identidade baiano;<\/li><li>para atender a chamadas e editais da Extens\u00e3o;<\/li><li>para atender a parcerias institucionais.<\/li><\/ul>\n\n\n\n<p><strong>LOCAIS&nbsp;<\/strong><\/p>\n\n\n\n<p>Os cursos FIC podem ser ofertados em todos os 14 campi do IF Baiano (<a href=\"http:\/\/www.ifbaiano.edu.br\/unidades\/alagoinhas\">Alagoinhas<\/a>,&nbsp;<a href=\"http:\/\/www.ifbaiano.edu.br\/unidades\/lapa\">Bom Jesus da Lapa<\/a>,&nbsp;<a href=\"http:\/\/www.ifbaiano.edu.br\/unidades\/catu\">Catu<\/a>,&nbsp;<a href=\"http:\/\/www.ifbaiano.edu.br\/unidades\/gmb\">Governador Mangabeira<\/a>,&nbsp;<a href=\"http:\/\/www.ifbaiano.edu.br\/unidades\/guanambi\">Guanambi<\/a>,&nbsp;<a href=\"http:\/\/www.ifbaiano.edu.br\/unidades\/itaberaba\">Itaberaba<\/a>,&nbsp;<a href=\"http:\/\/www.ifbaiano.edu.br\/unidades\/itapetinga\">Itapetinga<\/a>,&nbsp;<a href=\"http:\/\/www.ifbaiano.edu.br\/unidades\/santaines\">Santa In\u00eas<\/a>,&nbsp;<a href=\"http:\/\/www.ifbaiano.edu.br\/unidades\/bonfim\">Senhor do Bonfim<\/a>,&nbsp;<a href=\"http:\/\/www.ifbaiano.edu.br\/unidades\/serrinha\">Serrinha<\/a>,&nbsp;<a href=\"http:\/\/www.ifbaiano.edu.br\/unidades\/teixeira\">Teixeira de Freitas<\/a>,&nbsp;<a href=\"http:\/\/www.ifbaiano.edu.br\/unidades\/urucuca\">Uru\u00e7uca<\/a>,&nbsp;<a href=\"http:\/\/www.ifbaiano.edu.br\/unidades\/valenca\">Valen\u00e7a<\/a>,&nbsp;<a href=\"http:\/\/www.ifbaiano.edu.br\/unidades\/xique-xique\">Xique-Xique<\/a>) e no Centro de Refer\u00eancia Dois de Julho (Salvador).<\/p>\n\n\n\n<p><strong>MAIS INFORMA\u00c7\u00d5ES<\/strong><\/p>\n\n\n\n<p><strong>Pr\u00f3-Reitoria de Extens\u00e3o (Proex)<\/strong><\/p>\n\n\n\n<ul><li>Tel. (71) 3186-0054 (Lu\u00eds Gomes ou Uilma Reis)<\/li><li>E-mail: fic.proex@ifbaiano.edu.br<\/li><\/ul>\n","protected":false},"excerpt":{"rendered":"<p>Os Cursos de Forma\u00e7\u00e3o Inicial e Continuada (Cursos FIC) promovem qualifica\u00e7\u00e3o profissional voltada \u00e0 forma\u00e7\u00e3o de trabalhadores, visando sua inser\u00e7\u00e3o ou reinser\u00e7\u00e3o no mundo do trabalho. Veja os cursos autorizados para oferta no IF Baiano no&nbsp;CAT\u00c1LOGO DE CURSOS FIC 2018. PREVIS\u00c3O LEGAL Lei n\u00ba 9.394 (Lei de Diretrizes e Bases da Educa\u00e7\u00e3o Nacional), de 20 [&hellip;]<\/p>\n","protected":false},"author":86,"featured_media":0,"parent":0,"menu_order":0,"comment_status":"closed","ping_status":"closed","template":"","meta":[],"_links":{"self":[{"href":"https:\/\/www.ifbaiano.edu.br\/unidades\/santaines\/wp-json\/wp\/v2\/pages\/17327"}],"collection":[{"href":"https:\/\/www.ifbaiano.edu.br\/unidades\/santaines\/wp-json\/wp\/v2\/pages"}],"about":[{"href":"https:\/\/www.ifbaiano.edu.br\/unidades\/santaines\/wp-json\/wp\/v2\/types\/page"}],"author":[{"embeddable":true,"href":"https:\/\/www.ifbaiano.edu.br\/unidades\/santaines\/wp-json\/wp\/v2\/users\/86"}],"replies":[{"embeddable":true,"href":"https:\/\/www.ifbaiano.edu.br\/unidades\/santaines\/wp-json\/wp\/v2\/comments?post=17327"}],"version-history":[{"count":1,"href":"https:\/\/www.ifbaiano.edu.br\/unidades\/santaines\/wp-json\/wp\/v2\/pages\/17327\/revisions"}],"predecessor-version":[{"id":17328,"href":"https:\/\/www.ifbaiano.edu.br\/unidades\/santaines\/wp-json\/wp\/v2\/pages\/17327\/revisions\/17328"}],"wp:attachment":[{"href":"https:\/\/www.ifbaiano.edu.br\/unidades\/santaines\/wp-json\/wp\/v2\/media?parent=17327"}],"curies":[{"name":"wp","href":"https:\/\/api.w.org\/{rel}","templated":true}]}}