{"id":18199,"date":"2023-02-16T22:29:17","date_gmt":"2023-02-17T01:29:17","guid":{"rendered":"https:\/\/www.ifbaiano.edu.br\/unidades\/santaines\/?page_id=18199"},"modified":"2023-09-20T11:23:31","modified_gmt":"2023-09-20T14:23:31","slug":"2023-2","status":"publish","type":"page","link":"https:\/\/www.ifbaiano.edu.br\/unidades\/santaines\/2023-2\/","title":{"rendered":"2023"},"content":{"rendered":"\n<figure class=\"wp-block-image\"><a href=\"https:\/\/www.ifbaiano.edu.br\/unidades\/santaines\/files\/2017\/08\/Licita%C3%A7%C3%A3o1-2.jpg\"><img decoding=\"async\" src=\"https:\/\/www.ifbaiano.edu.br\/unidades\/santaines\/files\/2017\/08\/Licita%C3%A7%C3%A3o1-2.jpg\" alt=\"Licita\u00e7\u00e3o1\" class=\"wp-image-9696\" \/><\/a><\/figure>\n\n\n\n<hr class=\"wp-block-separator has-css-opacity\" \/>\n\n\n\n<figure class=\"wp-block-image\"><img decoding=\"async\" src=\"https:\/\/www.ifbaiano.edu.br\/unidades\/santaines\/files\/2020\/03\/Escolha-a-Modalidade-de-Licita%C3%A7%C3%A3o.jpg\" alt=\"\" class=\"wp-image-13345\" \/><\/figure>\n\n\n\n<ul>\n<li>Convite<\/li>\n\n\n\n<li>Tomada de Pre\u00e7os<\/li>\n\n\n\n<li>Concorr\u00eancia<\/li>\n\n\n\n<li>Leil\u00e3o<\/li>\n\n\n\n<li><a href=\"https:\/\/www.ifbaiano.edu.br\/unidades\/santaines\/modalidade-pregao-eletronico-2023\/\">Preg\u00e3o Eletr\u00f4nico<\/a><\/li>\n\n\n\n<li>Regime Diferenciado de Contrata\u00e7\u00e3o \u2013 RDC<\/li>\n\n\n\n<li><a href=\"https:\/\/www.ifbaiano.edu.br\/unidades\/santaines\/dispensa-de-licitacao-2023\/\">Dispensa de Licita\u00e7\u00e3o<\/a><\/li>\n\n\n\n<li><a href=\"https:\/\/www.ifbaiano.edu.br\/unidades\/santaines\/modalidade-inexigibilidade-2023\/\">Inexigibilidade de Licita\u00e7\u00e3o<\/a><\/li>\n\n\n\n<li>Ades\u00e3o \u00e0 Ata de Registro de Pre\u00e7os<\/li>\n<\/ul>\n\n\n\n<hr class=\"wp-block-separator has-css-opacity\" \/>\n\n\n\n<p><strong>Contato:<\/strong><\/p>\n\n\n\n<p><strong>E-mail:<\/strong>&nbsp;compras@si.ifbaiano.edu.br<\/p>\n\n\n\n<p><strong>Telefone:<\/strong>&nbsp;(73) 3536- 1212 \/ (73) 3536-1210 \u2013 Ramal: 43<\/p>\n","protected":false},"excerpt":{"rendered":"<p>Contato: E-mail:&nbsp;compras@si.ifbaiano.edu.br Telefone:&nbsp;(73) 3536- 1212 \/ (73) 3536-1210 \u2013 Ramal: 43<\/p>\n","protected":false},"author":86,"featured_media":0,"parent":0,"menu_order":0,"comment_status":"closed","ping_status":"closed","template":"","meta":[],"_links":{"self":[{"href":"https:\/\/www.ifbaiano.edu.br\/unidades\/santaines\/wp-json\/wp\/v2\/pages\/18199"}],"collection":[{"href":"https:\/\/www.ifbaiano.edu.br\/unidades\/santaines\/wp-json\/wp\/v2\/pages"}],"about":[{"href":"https:\/\/www.ifbaiano.edu.br\/unidades\/santaines\/wp-json\/wp\/v2\/types\/page"}],"author":[{"embeddable":true,"href":"https:\/\/www.ifbaiano.edu.br\/unidades\/santaines\/wp-json\/wp\/v2\/users\/86"}],"replies":[{"embeddable":true,"href":"https:\/\/www.ifbaiano.edu.br\/unidades\/santaines\/wp-json\/wp\/v2\/comments?post=18199"}],"version-history":[{"count":4,"href":"https:\/\/www.ifbaiano.edu.br\/unidades\/santaines\/wp-json\/wp\/v2\/pages\/18199\/revisions"}],"predecessor-version":[{"id":20920,"href":"https:\/\/www.ifbaiano.edu.br\/unidades\/santaines\/wp-json\/wp\/v2\/pages\/18199\/revisions\/20920"}],"wp:attachment":[{"href":"https:\/\/www.ifbaiano.edu.br\/unidades\/santaines\/wp-json\/wp\/v2\/media?parent=18199"}],"curies":[{"name":"wp","href":"https:\/\/api.w.org\/{rel}","templated":true}]}}