{"id":18203,"date":"2023-02-16T22:34:56","date_gmt":"2023-02-17T01:34:56","guid":{"rendered":"https:\/\/www.ifbaiano.edu.br\/unidades\/santaines\/?page_id=18203"},"modified":"2024-01-10T10:35:09","modified_gmt":"2024-01-10T13:35:09","slug":"dispensa-de-licitacao-2023","status":"publish","type":"page","link":"https:\/\/www.ifbaiano.edu.br\/unidades\/santaines\/dispensa-de-licitacao-2023\/","title":{"rendered":"Dispensa de Licita\u00e7\u00e3o 2023"},"content":{"rendered":"\n<hr class=\"wp-block-separator has-css-opacity\" \/>\n\n\n\n<p><strong>Dispensa Eletr\u00f4nica&nbsp;n\u00ba 01-2023<\/strong> <strong>(Fracassada)<\/strong><\/p>\n\n\n\n<p><strong>Objeto:<\/strong>&nbsp;Contrata\u00e7\u00e3o de empresa especializada na presta\u00e7\u00e3o de servi\u00e7os de recarga e revalida\u00e7\u00e3o dos extintores de inc\u00eandio do Instituto Federal de Educa\u00e7\u00e3o, Ci\u00eancia e Tecnologia Baiano &#8211; Campus Santa In\u00eas.<\/p>\n\n\n\n<p><strong><a href=\"https:\/\/pncp.gov.br\/app\/editais\/10724903000179\/2023\/15\">Aviso de Contrata\u00e7\u00e3o Direta no PNCP<\/a><\/strong><\/p>\n\n\n\n<hr class=\"wp-block-separator has-css-opacity\" \/>\n\n\n\n<p><strong>Dispensa de Licita\u00e7\u00e3o n\u00ba 02-2023<\/strong><\/p>\n\n\n\n<p>Objeto: Contrata\u00e7\u00e3o de empresa especializada na presta\u00e7\u00e3o de servi\u00e7os de recarga e revalida\u00e7\u00e3o dos extintores de inc\u00eandio do Instituto Federal de Educa\u00e7\u00e3o, Ci\u00eancia e Tecnologia Baiano \u2013 Campus Santa In\u00eas.<\/p>\n\n\n\n<p><a rel=\"noreferrer noopener\" href=\"https:\/\/pncp.gov.br\/app\/editais\/10724903000179\/2023\/26\" target=\"_blank\"><strong>Ato de Contrata\u00e7\u00e3o Direta publicado PNCP<\/strong><\/a><\/p>\n\n\n\n<hr class=\"wp-block-separator has-alpha-channel-opacity\" \/>\n\n\n\n<p><strong>Dispensa Eletr\u00f4nica n\u00ba&nbsp;03-2023<\/strong><strong>&nbsp;<\/strong><\/p>\n\n\n\n<p><strong>Objeto:<\/strong>&nbsp;Aquisi\u00e7\u00e3o de cal\u00e7ados esportivos para atender a demanda do Instituto Federal de Educa\u00e7\u00e3o, Ci\u00eancia e Tecnologia Baiano \u2013 Campus Santa In\u00eas.<\/p>\n\n\n\n<p><strong><a rel=\"noreferrer noopener\" href=\"https:\/\/pncp.gov.br\/app\/editais\/10724903000179\/2023\/106\" target=\"_blank\">Aviso de Contrata\u00e7\u00e3o Direta no PNCP<\/a><\/strong><\/p>\n\n\n\n<hr class=\"wp-block-separator has-alpha-channel-opacity\" \/>\n\n\n\n<p><strong>Chamada P\u00fablica n\u00ba 1\/2023 &#8211; PNAE (Deserta)<\/strong><\/p>\n\n\n\n<p>Objeto: Aquisi\u00e7\u00e3o de g\u00eaneros aliment\u00edcios da agricultura familiar para atendimento ao Programa Nacional de Alimenta\u00e7\u00e3o Escolar &#8211; PNAE.<\/p>\n\n\n\n<p><strong><a href=\"https:\/\/www.ifbaiano.edu.br\/unidades\/santaines\/files\/2023\/09\/Edital-Chamada-Publica-1-2023-PNAE.pdf\">Edital Chamada P\u00fablica 1-2023 PNAE<\/a><\/strong><\/p>\n\n\n\n<hr class=\"wp-block-separator has-alpha-channel-opacity\" \/>\n\n\n\n<p><strong>Chamada P\u00fablica n\u00ba 2\/2023 &#8211; PAA &#8211; Compra Institucional<\/strong><\/p>\n\n\n\n<p>Objeto: Aquisi\u00e7\u00e3o de g\u00eaneros aliment\u00edcios da agricultura familiar, por meio da modalidade Compra Institucional do Programa de Aquisi\u00e7\u00e3o de Alimentos (PAA).<\/p>\n\n\n\n<p><strong><a href=\"https:\/\/www.ifbaiano.edu.br\/unidades\/santaines\/files\/2023\/09\/Edital-Chamada-Publica-2-2023-PAA.pdf\">Edital Chamada P\u00fablica 2-2023 PAA<\/a><\/strong><\/p>\n\n\n\n<p><a href=\"https:\/\/www.ifbaiano.edu.br\/unidades\/santaines\/files\/2023\/11\/Termo-de-Homologacao-PAA.pdf\"><strong>Termo de homologa\u00e7\u00e3o PAA<\/strong><\/a><\/p>\n\n\n\n<p><strong>1- <a rel=\"noreferrer noopener\" href=\"https:\/\/www.ifbaiano.edu.br\/unidades\/santaines\/files\/2024\/01\/CONTRATO-10.2023-HERMES-CAIRES.pdf\" data-type=\"URL\" data-id=\"https:\/\/www.ifbaiano.edu.br\/unidades\/santaines\/files\/2024\/01\/CONTRATO-10.2023-HERMES-CAIRES.pdf\" target=\"_blank\">CONTRATO 10\/2023 &#8211; HERMES CAIRES<\/a><\/strong><\/p>\n\n\n\n<p><strong>2- <a rel=\"noreferrer noopener\" href=\"https:\/\/www.ifbaiano.edu.br\/unidades\/santaines\/files\/2024\/01\/CONTRATO-11.2023-COOAMA.pdf\" data-type=\"URL\" data-id=\"https:\/\/www.ifbaiano.edu.br\/unidades\/santaines\/files\/2024\/01\/CONTRATO-11.2023-COOAMA.pdf\" target=\"_blank\">CONTRATO 11\/2023 &#8211; COOAMA<\/a><\/strong><\/p>\n\n\n\n<p><strong>3- <a rel=\"noreferrer noopener\" href=\"https:\/\/www.ifbaiano.edu.br\/unidades\/santaines\/files\/2024\/01\/CONTRATO-12.2023-COOPEIPE-retificado.pdf\" data-type=\"URL\" data-id=\"https:\/\/www.ifbaiano.edu.br\/unidades\/santaines\/files\/2024\/01\/CONTRATO-12.2023-COOPEIPE-retificado.pdf\" target=\"_blank\">CONTRATO 12\/2023 -COOPEIPE<\/a><\/strong><\/p>\n\n\n\n<p><strong>4- <a rel=\"noreferrer noopener\" href=\"https:\/\/www.ifbaiano.edu.br\/unidades\/santaines\/files\/2024\/01\/Publicacao-DOU-CONTRATO-10.2023-Hermes-caires.pdf\" data-type=\"URL\" data-id=\"https:\/\/www.ifbaiano.edu.br\/unidades\/santaines\/files\/2024\/01\/Publicacao-DOU-CONTRATO-10.2023-Hermes-caires.pdf\" target=\"_blank\">Publica\u00e7\u00e3o Contrato 10\/2023 &#8211; Hermes Caires<\/a><\/strong><\/p>\n\n\n\n<p><strong>5- <a rel=\"noreferrer noopener\" href=\"https:\/\/www.ifbaiano.edu.br\/unidades\/santaines\/files\/2024\/01\/Publicacao-DOU-CONTRATO-12.2023-COOPEIPE-retificado.pdf\" data-type=\"URL\" data-id=\"https:\/\/www.ifbaiano.edu.br\/unidades\/santaines\/files\/2024\/01\/Publicacao-DOU-CONTRATO-12.2023-COOPEIPE-retificado.pdf\" target=\"_blank\">Publica\u00e7\u00e3o Contrato 11\/2023 &#8211; COOPEIPE<\/a><\/strong><\/p>\n\n\n\n<p><strong>6- <a rel=\"noreferrer noopener\" href=\"https:\/\/www.ifbaiano.edu.br\/unidades\/santaines\/files\/2024\/01\/Publicacao-DOU-CONTRATO-11.2023-COOAMA.pdf\" data-type=\"URL\" data-id=\"https:\/\/www.ifbaiano.edu.br\/unidades\/santaines\/files\/2024\/01\/Publicacao-DOU-CONTRATO-11.2023-COOAMA.pdf\" target=\"_blank\">Publica\u00e7\u00e3o Contrato 12\/2023 &#8211; COOAMA<\/a><\/strong><\/p>\n\n\n\n<hr class=\"wp-block-separator has-alpha-channel-opacity\" \/>\n\n\n\n<p><strong>Chamada P\u00fablica n\u00ba 3\/2023 \u2013 PNAE<\/strong><\/p>\n\n\n\n<p><strong>Objeto:<\/strong>&nbsp;Aquisi\u00e7\u00e3o de g\u00eaneros aliment\u00edcios da agricultura familiar para atendimento ao Programa Nacional de Alimenta\u00e7\u00e3o Escolar \u2013 PNAE.<\/p>\n\n\n\n<p><a href=\"https:\/\/www.ifbaiano.edu.br\/unidades\/santaines\/files\/2023\/11\/Edital-da-Chamada-Publica-no-3-2023.pdf\"><strong>Edital Chamada P\u00fablica 3-2023 PNAE<\/strong><\/a><\/p>\n\n\n\n<p><a href=\"https:\/\/www.ifbaiano.edu.br\/unidades\/santaines\/files\/2023\/12\/Termo-de-Homologacao.pdf\"><strong>Resultado\u00a0da Chamada P\u00fablica n\u00ba 3\/2023 \u2013 PNAE<\/strong><\/a><\/p>\n\n\n\n<p><strong>1- <a rel=\"noreferrer noopener\" href=\"https:\/\/www.ifbaiano.edu.br\/unidades\/santaines\/files\/2024\/01\/CONTRATO-17.2023-ABIGAIL.pdf\" data-type=\"URL\" data-id=\"https:\/\/www.ifbaiano.edu.br\/unidades\/santaines\/files\/2024\/01\/CONTRATO-17.2023-ABIGAIL.pdf\" target=\"_blank\">CONTRATO 17\/2023 &#8211;\u00a0\u00a0ABIGAIL<\/a><\/strong><\/p>\n\n\n\n<p><strong>2- <a rel=\"noreferrer noopener\" href=\"https:\/\/www.ifbaiano.edu.br\/unidades\/santaines\/files\/2024\/01\/DOU-CONTRATO-17.2023-ABIGAIL.pdf\" data-type=\"URL\" data-id=\"https:\/\/www.ifbaiano.edu.br\/unidades\/santaines\/files\/2024\/01\/DOU-CONTRATO-17.2023-ABIGAIL.pdf\" target=\"_blank\">Publica\u00e7\u00e3o DOU &#8211; Contrat<\/a><\/strong><a rel=\"noreferrer noopener\" href=\"https:\/\/www.ifbaiano.edu.br\/unidades\/santaines\/files\/2024\/01\/DOU-CONTRATO-17.2023-ABIGAIL.pdf\" data-type=\"URL\" data-id=\"https:\/\/www.ifbaiano.edu.br\/unidades\/santaines\/files\/2024\/01\/DOU-CONTRATO-17.2023-ABIGAIL.pdf\" target=\"_blank\">o 17\/2023 &#8211; ABIGAIL<\/a><\/p>\n\n\n\n<hr class=\"wp-block-separator has-alpha-channel-opacity\" \/>\n","protected":false},"excerpt":{"rendered":"<p>Dispensa Eletr\u00f4nica&nbsp;n\u00ba 01-2023 (Fracassada) Objeto:&nbsp;Contrata\u00e7\u00e3o de empresa especializada na presta\u00e7\u00e3o de servi\u00e7os de recarga e revalida\u00e7\u00e3o dos extintores de inc\u00eandio do Instituto Federal de Educa\u00e7\u00e3o, Ci\u00eancia e Tecnologia Baiano &#8211; Campus Santa In\u00eas. Aviso de Contrata\u00e7\u00e3o Direta no PNCP Dispensa de Licita\u00e7\u00e3o n\u00ba 02-2023 Objeto: Contrata\u00e7\u00e3o de empresa especializada na presta\u00e7\u00e3o de servi\u00e7os de recarga [&hellip;]<\/p>\n","protected":false},"author":86,"featured_media":0,"parent":0,"menu_order":0,"comment_status":"closed","ping_status":"closed","template":"","meta":[],"_links":{"self":[{"href":"https:\/\/www.ifbaiano.edu.br\/unidades\/santaines\/wp-json\/wp\/v2\/pages\/18203"}],"collection":[{"href":"https:\/\/www.ifbaiano.edu.br\/unidades\/santaines\/wp-json\/wp\/v2\/pages"}],"about":[{"href":"https:\/\/www.ifbaiano.edu.br\/unidades\/santaines\/wp-json\/wp\/v2\/types\/page"}],"author":[{"embeddable":true,"href":"https:\/\/www.ifbaiano.edu.br\/unidades\/santaines\/wp-json\/wp\/v2\/users\/86"}],"replies":[{"embeddable":true,"href":"https:\/\/www.ifbaiano.edu.br\/unidades\/santaines\/wp-json\/wp\/v2\/comments?post=18203"}],"version-history":[{"count":16,"href":"https:\/\/www.ifbaiano.edu.br\/unidades\/santaines\/wp-json\/wp\/v2\/pages\/18203\/revisions"}],"predecessor-version":[{"id":20429,"href":"https:\/\/www.ifbaiano.edu.br\/unidades\/santaines\/wp-json\/wp\/v2\/pages\/18203\/revisions\/20429"}],"wp:attachment":[{"href":"https:\/\/www.ifbaiano.edu.br\/unidades\/santaines\/wp-json\/wp\/v2\/media?parent=18203"}],"curies":[{"name":"wp","href":"https:\/\/api.w.org\/{rel}","templated":true}]}}