{"id":18207,"date":"2023-02-16T22:36:41","date_gmt":"2023-02-17T01:36:41","guid":{"rendered":"https:\/\/www.ifbaiano.edu.br\/unidades\/santaines\/?page_id=18207"},"modified":"2025-02-21T16:43:29","modified_gmt":"2025-02-21T19:43:29","slug":"modalidade-pregao-eletronico-2023","status":"publish","type":"page","link":"https:\/\/www.ifbaiano.edu.br\/unidades\/santaines\/modalidade-pregao-eletronico-2023\/","title":{"rendered":"Modalidade \u2013 Preg\u00e3o Eletr\u00f4nico 2023"},"content":{"rendered":"\n<p><strong>Preg\u00e3o 01\/2023<\/strong>&nbsp;\u2013&nbsp;Registro de pre\u00e7os para eventual aquisi\u00e7\u00e3o de materiais de expediente para atender a demanda do Setor de Almoxarifado do Instituto Federal Baiano &#8211; Campus Santa In\u00eas.<\/p>\n\n\n\n<p><a href=\"http:\/\/www.comprasnet.gov.br\/acesso.asp?url=\/edital-158277-5-00001-2023\">Edital Preg\u00e3o Eletr\u00f4nico 01\/2023<\/a><\/p>\n\n\n\n<p><a rel=\"noreferrer noopener\" href=\"http:\/\/comprasnet.gov.br\/livre\/Pregao\/ata2.asp?co_no_uasg=158277&amp;numprp=12023&amp;codigoModalidade=5&amp;f_lstSrp=&amp;f_Uf=&amp;f_numPrp=&amp;f_coduasg=&amp;f_codMod=&amp;f_tpPregao=&amp;f_lstICMS=&amp;f_dtAberturaIni=&amp;f_dtAberturaFim=\" target=\"_blank\">Resultado<\/a><\/p>\n\n\n\n<p><a href=\"https:\/\/www.ifbaiano.edu.br\/unidades\/santaines\/files\/2023\/04\/ARP-No-02.2023-ILMACIA-LIMA-FEIRREIRA-CARVALHO.pdf\" target=\"_blank\" rel=\"noreferrer noopener\">ARP N\u00ba 02\/2023 &#8211; ILMACIA LIMA<\/a><\/p>\n\n\n\n<p><a href=\"https:\/\/www.ifbaiano.edu.br\/unidades\/santaines\/files\/2023\/04\/ARP-No-03.2023-VIVA-DISTRIBUIDORA.pdf\" target=\"_blank\" rel=\"noreferrer noopener\">ARP N\u00ba 03\/2023 &#8211; VIVA DISTRIBUIDORA<\/a><\/p>\n\n\n\n<p><a href=\"https:\/\/www.ifbaiano.edu.br\/unidades\/santaines\/files\/2023\/04\/ARP-No-04.2023-ARAUJO-LICITACOES.pdf\" target=\"_blank\" rel=\"noreferrer noopener\">ARP N\u00ba 04\/2023 &#8211;&nbsp;ARAUJO LICITACOES<\/a><\/p>\n\n\n\n<p><a href=\"https:\/\/www.ifbaiano.edu.br\/unidades\/santaines\/files\/2023\/04\/ARP-No-05.2023-TRAJO-COMERCIO.pdf\" target=\"_blank\" rel=\"noreferrer noopener\">ARP N\u00ba 05\/2023 &#8211; TRAJO COMERCIO<\/a><\/p>\n\n\n\n<p><a href=\"https:\/\/www.ifbaiano.edu.br\/unidades\/santaines\/files\/2023\/04\/ARP-No-06.2023-EXCLUSIVA.pdf\" target=\"_blank\" rel=\"noreferrer noopener\">ARP N\u00ba 06\/2023 &#8211; EXCLUSIVA<\/a><\/p>\n\n\n\n<p><a href=\"https:\/\/www.ifbaiano.edu.br\/unidades\/santaines\/files\/2023\/04\/ARP-No-07.2023-GFS-PAPELARIA.pdf\" target=\"_blank\" rel=\"noreferrer noopener\">ARP N\u00ba 07\/2023 &#8211;&nbsp;GFS PAPELARIA<\/a><\/p>\n\n\n\n<p><a href=\"https:\/\/www.ifbaiano.edu.br\/unidades\/santaines\/files\/2023\/04\/ARP-No-08.2023-DAIANE-assinado.pdf\" target=\"_blank\" rel=\"noreferrer noopener\">ARP N\u00ba 08\/2023 &#8211; DAIANE<\/a><\/p>\n\n\n\n<p><a href=\"https:\/\/www.ifbaiano.edu.br\/unidades\/santaines\/files\/2023\/04\/ARP-No-09.2023-NUBIA2.pdf\" target=\"_blank\" rel=\"noreferrer noopener\">ARP N\u00ba 09\/2023 &#8211;&nbsp;NUBIA<\/a><\/p>\n\n\n\n<p><a href=\"https:\/\/www.ifbaiano.edu.br\/unidades\/santaines\/files\/2023\/04\/Extrato-pregao-01.2023.pdf\" target=\"_blank\" rel=\"noreferrer noopener\">Publica\u00e7\u00e3o DOU &#8211; Extrato Preg\u00e3o 01\/2023<\/a><\/p>\n\n\n\n<hr class=\"wp-block-separator has-css-opacity\" \/>\n\n\n\n<p><strong>Preg\u00e3o 02\/2023<\/strong> \u2013 Registro de pre\u00e7os para eventual aquisi\u00e7\u00e3o de utens\u00edlios de cozinha para atender as demandas do N\u00facleo de Nutri\u00e7\u00e3o e Sa\u00fade, do Curso T\u00e9cnico em Alimentos e dos cursos FIC do IF Baiano &#8211; Campus Santa In\u00eas.<\/p>\n\n\n\n<p><a rel=\"noreferrer noopener\" href=\"http:\/\/www.comprasnet.gov.br\/acesso.asp?url=\/edital-158277-5-00002-2023\" target=\"_blank\">Edital Preg\u00e3o Eletr\u00f4nico 02\/2023<\/a><\/p>\n\n\n\n<p><a rel=\"noreferrer noopener\" href=\"http:\/\/comprasnet.gov.br\/livre\/Pregao\/ata2.asp?co_no_uasg=158277&amp;numprp=22023&amp;codigoModalidade=5&amp;f_lstSrp=&amp;f_Uf=&amp;f_numPrp=&amp;f_coduasg=&amp;f_codMod=&amp;f_tpPregao=&amp;f_lstICMS=&amp;f_dtAberturaIni=&amp;f_dtAberturaFim=\" target=\"_blank\">Resultado<\/a><\/p>\n\n\n\n<p><a href=\"https:\/\/www.ifbaiano.edu.br\/unidades\/santaines\/files\/2023\/06\/ARP-No-10.2023-UNITY.pdf\">ARP N\u00ba 10.2023 &#8211; UNITY<\/a><\/p>\n\n\n\n<p><a href=\"https:\/\/www.ifbaiano.edu.br\/unidades\/santaines\/files\/2023\/06\/ARP-No-11.2023-PABLO-LUIS.pdf\">ARP N\u00ba 11.2023 &#8211; PABLO LUIS<\/a><\/p>\n\n\n\n<p><a href=\"https:\/\/www.ifbaiano.edu.br\/unidades\/santaines\/files\/2023\/06\/ARP-No-12.2023-SJ-COMERCIO.pdf\">ARP N\u00ba 12.2023 &#8211; SJ COMERCIO<\/a><\/p>\n\n\n\n<p><a href=\"https:\/\/www.ifbaiano.edu.br\/unidades\/santaines\/files\/2023\/06\/ARP-No-13.2023-LIVRARIA-RENASCER.pdf\">ARP N\u00ba 13.2023 &#8211; LIVRARIA RENASCER<\/a><\/p>\n\n\n\n<p><a href=\"https:\/\/www.ifbaiano.edu.br\/unidades\/santaines\/files\/2023\/06\/ARP-No-14.2023-VIVA-DISTRIBUIDORA.pdf\">ARP N\u00ba 14.2023 &#8211; VIVA DISTRIBUIDORA<\/a><\/p>\n\n\n\n<p><a href=\"https:\/\/www.ifbaiano.edu.br\/unidades\/santaines\/files\/2023\/06\/ARP-No-15.2023-UMAR-MELO.pdf\">ARP N\u00ba 15.2023 &#8211; UMAR MELO<\/a><\/p>\n\n\n\n<p><a href=\"https:\/\/www.ifbaiano.edu.br\/unidades\/santaines\/files\/2023\/06\/ARP-No-16.2023-B2G.pdf\">ARP N\u00ba 16.2023 &#8211; B2G<\/a><\/p>\n\n\n\n<p><a href=\"https:\/\/www.ifbaiano.edu.br\/unidades\/santaines\/files\/2023\/06\/ARP-No-17.2023-NOVA-MESA.pdf\">ARP N\u00ba 17.2023 &#8211; NOVA MESA<\/a><\/p>\n\n\n\n<p><a href=\"https:\/\/www.ifbaiano.edu.br\/unidades\/santaines\/files\/2023\/06\/ARP-No-18.2023-GUTEMBERG.pdf\">ARP N\u00ba 18.2023 &#8211; GUTEMBERG<\/a><\/p>\n\n\n\n<p><a href=\"https:\/\/www.ifbaiano.edu.br\/unidades\/santaines\/files\/2023\/06\/Extrato-de-Registro-de-Precos-DOU-Pregao-02.2023.pdf\">Extrato de Registro de Pre\u00e7os &#8211; DOU &#8211; Preg\u00e3o 02\/2023<\/a><\/p>\n\n\n\n<p><a href=\"https:\/\/www.ifbaiano.edu.br\/unidades\/santaines\/files\/2023\/09\/1o-Termo-Aditivo-Contrato-02.2022.pdf\">1\u00ba Termo Aditivo &#8211; contrato 02.2022<\/a><\/p>\n\n\n\n<p><a href=\"https:\/\/www.ifbaiano.edu.br\/unidades\/santaines\/files\/2023\/09\/DOU-1-Termo-Aditivo-ao-contrato-02.2022.pdf\">DOU &#8211; 1 Termo Aditivo ao contrato 02.2022<\/a><\/p>\n\n\n\n<p><a href=\"https:\/\/www.ifbaiano.edu.br\/unidades\/santaines\/files\/2023\/09\/2-Termo-Aditivo-ao-contrato-02.2022.pdf\">2\u00ba Termo Aditivo &#8211; Contrato 02.2022<\/a><\/p>\n\n\n\n<p><a href=\"https:\/\/www.ifbaiano.edu.br\/unidades\/santaines\/files\/2023\/09\/DOU-2-Aditivo-ao-contrato-02.2022-27-04-2023.pdf\">DOU &#8211; 2 Aditivo ao contrato 02.2022<\/a><\/p>\n\n\n\n<p><a href=\"https:\/\/www.ifbaiano.edu.br\/unidades\/santaines\/files\/2023\/09\/1o-termo-de-Retificacao-Contrato-02.2022.pdf\">1\u00ba Termo de Retifica\u00e7\u00e3o &#8211; Contrato 02.2022<\/a><\/p>\n\n\n\n<p><a href=\"https:\/\/www.ifbaiano.edu.br\/unidades\/santaines\/files\/2023\/09\/1-Termo-de-Apostilamento-ao-contrato-02.2022.pdf\">1\u00ba Termo de Apostilamento ao contrato 02.2022<\/a><\/p>\n\n\n\n<p><a href=\"https:\/\/www.ifbaiano.edu.br\/unidades\/santaines\/files\/2023\/09\/DOU-Termo-de-Apostilamento.pdf\">DOU Termo de Apostilamento<\/a><\/p>\n\n\n\n<hr class=\"wp-block-separator has-css-opacity\" \/>\n\n\n\n<p><strong>Preg\u00e3o 03\/2023 &#8211;&nbsp;<\/strong>Registro de pre\u00e7os para eventual aquisi\u00e7\u00e3o de materiais de limpeza e saneantes, para atender a demanda do N\u00facleo de Nutri\u00e7\u00e3o e Sa\u00fade do IF Baiano &#8211; Campus Santa In\u00eas.<\/p>\n\n\n\n<p><a rel=\"noreferrer noopener\" href=\"http:\/\/www.comprasnet.gov.br\/acesso.asp?url=\/edital-158277-5-00003-2023\" target=\"_blank\">Edital Preg\u00e3o Eletr\u00f4nico 03\/2023<\/a><\/p>\n\n\n\n<p><a rel=\"noreferrer noopener\" href=\"http:\/\/comprasnet.gov.br\/livre\/Pregao\/ata2.asp?co_no_uasg=158277&amp;numprp=32023&amp;codigoModalidade=5&amp;f_lstSrp=&amp;f_Uf=&amp;f_numPrp=&amp;f_coduasg=&amp;f_codMod=&amp;f_tpPregao=&amp;f_lstICMS=&amp;f_dtAberturaIni=&amp;f_dtAberturaFim=\" target=\"_blank\">Resultado &#8211; Preg\u00e3o 03\/2023<\/a><\/p>\n\n\n\n<p><a href=\"https:\/\/www.ifbaiano.edu.br\/unidades\/santaines\/files\/2023\/09\/ARP-No-19.2023-2-CLICK-SOLUCOES-LTDA.pdf\">ARP N\u00ba 19.2023 &#8211; 2 CLICK SOLUCOES LTDA<\/a><\/p>\n\n\n\n<p><a href=\"https:\/\/www.ifbaiano.edu.br\/unidades\/santaines\/files\/2023\/09\/ARP-No-20.2023-PRECISAO.pdf\">ARP N\u00ba 20.2023 &#8211;&nbsp;PRECISAO COMERCIO DE MATERIAIS DE ESCRITORIO LTDA<\/a><\/p>\n\n\n\n<p><a href=\"https:\/\/www.ifbaiano.edu.br\/unidades\/santaines\/files\/2023\/09\/ARP-No-21.2023-DENISE-ARAUJO.pdf\">ARP N\u00ba 21.2023 &#8211;&nbsp;DENISE ARAUJO DOS SANTOS ALVES<\/a><\/p>\n\n\n\n<p><a href=\"https:\/\/www.ifbaiano.edu.br\/unidades\/santaines\/files\/2023\/09\/ARP-No-22.2023-SPPLAST.pdf\">ARP N\u00ba 22.2023 &#8211;&nbsp;SPPLAST INDUSTRIA E COMERCIO DE PRODUTOS PLASTICOS LTDA<\/a><\/p>\n\n\n\n<p><a href=\"https:\/\/www.ifbaiano.edu.br\/unidades\/santaines\/files\/2023\/09\/ARP-No-23.2023-GUTEMBERG.pdf\">ARP N\u00ba 23.2023 &#8211;&nbsp;GUTEMBERG SILVA SOARES<\/a><\/p>\n\n\n\n<p><a href=\"https:\/\/www.ifbaiano.edu.br\/unidades\/santaines\/files\/2023\/09\/ARP-No-24.2023-LRF.pdf\">ARP N\u00ba 24.2023 &#8211;&nbsp;LRF DISTRIBUIDORA LTDA<\/a><\/p>\n\n\n\n<hr class=\"wp-block-separator has-alpha-channel-opacity\" \/>\n\n\n\n<p><strong>Preg\u00e3o 04\/2023 &#8211;&nbsp;<\/strong>Registro de pre\u00e7os para eventual aquisi\u00e7\u00e3o de materiais odontol\u00f3gicos para atender a demanda do Instituto Federal Baiano &#8211; Campus Santa In\u00eas.<\/p>\n\n\n\n<p><a href=\"https:\/\/www.comprasnet.gov.br\/acesso.asp?url=\/edital-158277-5-00004-2023\">Edital Preg\u00e3o Eletr\u00f4nico 04\/2023<\/a><\/p>\n\n\n\n<p><a href=\"http:\/\/comprasnet.gov.br\/livre\/Pregao\/ata2.asp?co_no_uasg=158277&amp;numprp=42023&amp;codigoModalidade=5\">Resultado &#8211; Preg\u00e3o 04\/2023<\/a><\/p>\n\n\n\n<p><a href=\"https:\/\/www.ifbaiano.edu.br\/unidades\/santaines\/files\/2023\/09\/ARP-No-25.2023-DENTAL-MARIA.pdf\">ARP N\u00ba 25.2023 &#8211;&nbsp;DENTAL MARIA LTDA<\/a><\/p>\n\n\n\n<p><a href=\"https:\/\/www.ifbaiano.edu.br\/unidades\/santaines\/files\/2023\/09\/ARP-No-26.2023-DESCARTMED.pdf\">ARP N\u00ba 26.2023 &#8211;&nbsp;DESCARTMED PRODUTOS HOSPITALARES LTDA<\/a><\/p>\n\n\n\n<p><a href=\"https:\/\/www.ifbaiano.edu.br\/unidades\/santaines\/files\/2023\/09\/ARP-No-27.2023-BOA-VISTA.pdf\">ARP N\u00ba 27.2023 &#8211;&nbsp;BOA VISTA COMERCIO E SERVI\u00c7OS LTDA<\/a><\/p>\n\n\n\n<p><a href=\"https:\/\/www.ifbaiano.edu.br\/unidades\/santaines\/files\/2023\/09\/ARP-No-28.2023-JACKSON-SALES-DE-JESUS.pdf\">ARP N\u00ba 28.2023 &#8211;&nbsp;JACKSON SALES DE JESUS<\/a><\/p>\n\n\n\n<p><a href=\"https:\/\/www.ifbaiano.edu.br\/unidades\/santaines\/files\/2023\/09\/ARP-No-29.2023-NAYARA-NORONHA-FERNANDES-FILOMENO.pdf\">ARP N\u00ba 29.2023 &#8211;&nbsp;NAYARA NORONHA FERNANDES FILOMENO<\/a><\/p>\n\n\n\n<p><a href=\"https:\/\/www.ifbaiano.edu.br\/unidades\/santaines\/files\/2023\/09\/ARP-No-30.2023-A.M.-MOLITERNO-EIRELI-DENTAL-LITORANEA-3-Manifesto.pdf\">ARP N\u00ba 30.2023 &#8211;&nbsp;A.M. MOLITERNO EIRELI (DENTAL LITORANEA)<\/a><\/p>\n\n\n\n<hr class=\"wp-block-separator has-alpha-channel-opacity\" \/>\n\n\n\n<p><strong>Preg\u00e3o 05\/2023&nbsp;<\/strong>&#8211;&nbsp;Contrata\u00e7\u00e3o de servi\u00e7o cont\u00ednuo de vigil\u00e2ncia armada e desarmada para o Instituto Federal de Educa\u00e7\u00e3o, Ci\u00eancia e Tecnologia Baiano Campus Santa In\u00eas, com fornecimento de todos os materiais e equipamentos necess\u00e1rios \u00e0 execu\u00e7\u00e3o dos servi\u00e7os, a serem executados com regime de dedica\u00e7\u00e3o exclusiva de m\u00e3o de obra.<\/p>\n\n\n\n<p><a href=\"https:\/\/pncp.gov.br\/app\/editais\/10724903000179\/2023\/74\">Edital e resultado &#8211; Preg\u00e3o Eletr\u00f4nico 05\/2023<\/a><\/p>\n\n\n\n<p><a href=\"https:\/\/www.ifbaiano.edu.br\/unidades\/santaines\/files\/2023\/09\/Contrato-04.2023-GUARDSECURE.pdf\">CONTRATO 04.2023 &#8211; GUARDSECURE<\/a><\/p>\n\n\n\n<p><a href=\"https:\/\/www.ifbaiano.edu.br\/unidades\/santaines\/files\/2023\/09\/DOU-Contrato-04.2023.pdf\">DOU &#8211; CONTRATO 04.2023<\/a><\/p>\n\n\n\n<p><a href=\"https:\/\/www.ifbaiano.edu.br\/unidades\/santaines\/files\/2024\/03\/1o-TERMO-DE-APOSTILAMENTO-AO-CONTRATO-ADMINISTRATIVO-No-04.2023-ASSINADO.pdf\">1\u00ba Termo de Apostilamento ao Contrato 04\/2023 &#8211; Guardsecure<\/a><\/p>\n\n\n\n<p><a href=\"https:\/\/www.ifbaiano.edu.br\/unidades\/santaines\/files\/2024\/03\/DOU-1-Termo-de-Apostilamento.pdf\">Publica\u00e7\u00e3o DOU &#8211; 1\u00ba Termo de Apostilamento<\/a><\/p>\n\n\n\n<p><a href=\"https:\/\/pncp.gov.br\/app\/contratos\/10724903000179\/2023\/000148\">3\u00ba Termo de Apostilamento ao Contrato 04\/2023<\/a><\/p>\n\n\n\n<hr class=\"wp-block-separator has-alpha-channel-opacity\" \/>\n\n\n\n<p><strong>Preg\u00e3o 06\/2023 &#8211;&nbsp;<\/strong>Aquisi\u00e7\u00e3o de materiais para atender a demanda do Setor de Enfermagem do Instituto Federal Baiano &#8211; Campus Santa In\u00eas.<\/p>\n\n\n\n<p><a href=\"https:\/\/pncp.gov.br\/app\/editais\/10724903000179\/2023\/93\">Edital e Resultado Preg\u00e3o Eletr\u00f4nico 06\/2023<\/a><\/p>\n\n\n\n<hr class=\"wp-block-separator has-alpha-channel-opacity\" \/>\n\n\n\n<p><strong>Preg\u00e3o 07\/2023<\/strong><strong>&nbsp;&#8211;&nbsp;<\/strong>Registro de pre\u00e7os para eventual aquisi\u00e7\u00e3o de g\u00e1s liquefeito de petr\u00f3leo (GLP) envasado em botij\u00f5es de 13 Kg (P13) e cilindros de 45 Kg (P45), a base de troca, para atender a demanda do Instituto Federal Baiano &#8211; Campus Santa In\u00eas.<\/p>\n\n\n\n<p><a href=\"https:\/\/pncp.gov.br\/app\/editais\/10724903000179\/2023\/111\">Edital e resultado Preg\u00e3o Eletr\u00f4nico 07\/2023<\/a><\/p>\n\n\n\n<p><a href=\"https:\/\/www.ifbaiano.edu.br\/unidades\/santaines\/files\/2023\/11\/ARP-No-31.2023-TRS_GAS_assinado.pdf\">ARP N 31.2023 &#8211; TRS G\u00c1S<\/a><\/p>\n\n\n\n<p><a href=\"https:\/\/www.ifbaiano.edu.br\/unidades\/santaines\/files\/2023\/11\/Publicacao-Portal-Nacional-de-Contratacoes-Publicas-ATA-31.2023.pdf\">Publica\u00e7\u00e3o &#8211; Portal Nacional de Contrata\u00e7\u00f5es P\u00fablicas &#8211; Ata 31.2023<\/a><\/p>\n\n\n\n<hr class=\"wp-block-separator has-alpha-channel-opacity\" \/>\n\n\n\n<p><strong>Preg\u00e3o 08\/2023&nbsp;&#8211;&nbsp;<\/strong>Registro de Pre\u00e7os para eventual aquisi\u00e7\u00e3o de ra\u00e7\u00e3o, suplementos, feno, milho e farelo para atender a demanda de alimenta\u00e7\u00e3o animal da Coordena\u00e7\u00e3o das Unidades Educativas de Campo do IF Baiano &#8211; Campus Santa In\u00eas.<\/p>\n\n\n\n<p><a href=\"https:\/\/pncp.gov.br\/app\/editais\/10724903000179\/2023\/113\">Edital e resultado Preg\u00e3o Eletr\u00f4nico 08\/2023<\/a><\/p>\n\n\n\n<p><a href=\"https:\/\/pncp.gov.br\/app\/atas\/10724903000179\/2023\/113\/4\">ARP N 32.2023 &#8211; FENIX<\/a><\/p>\n\n\n\n<p><a href=\"https:\/\/pncp.gov.br\/app\/atas\/10724903000179\/2023\/113\/1\">ARP N 33.2023 &#8211; EDWINEY<\/a><\/p>\n\n\n\n<p><a href=\"https:\/\/pncp.gov.br\/app\/atas\/10724903000179\/2023\/113\/2\">ARP N 34.2023 &#8211; HELO&nbsp;<\/a><\/p>\n\n\n\n<p><a href=\"https:\/\/pncp.gov.br\/app\/atas\/10724903000179\/2023\/113\/3\">ARP N 35.2023 &#8211; PISCIS<\/a><\/p>\n\n\n\n<hr class=\"wp-block-separator has-alpha-channel-opacity\" \/>\n\n\n\n<p><strong>Preg\u00e3o 09\/2023<\/strong><strong>&nbsp;&#8211;&nbsp;<\/strong>Registro de Pre\u00e7os para eventual aquisi\u00e7\u00e3o de materiais descart\u00e1veis, utens\u00edlios de cozinha e insumos de processamento de alimentos para atender a demanda do Instituto Federal Baiano &#8211; Campus Santa In\u00eas.<\/p>\n\n\n\n<p><strong><a href=\"https:\/\/pncp.gov.br\/app\/editais\/10724903000179\/2023\/122\">Edital e resultado Preg\u00e3o Eletr\u00f4nico 09\/2023<\/a><\/strong><\/p>\n\n\n\n<p><a href=\"https:\/\/pncp.gov.br\/app\/atas\/10724903000179\/2023\/122\/1\">ARP N 36.2023 &#8211; BONI<\/a><\/p>\n\n\n\n<p><a href=\"https:\/\/pncp.gov.br\/app\/atas\/10724903000179\/2023\/122\/5\">ARP N 37.2023 &#8211; HDR<\/a><\/p>\n\n\n\n<p><a href=\"https:\/\/pncp.gov.br\/app\/atas\/10724903000179\/2023\/122\/2\">ARP N 38.2023 &#8211; JCV<\/a><\/p>\n\n\n\n<p><a href=\"https:\/\/pncp.gov.br\/app\/atas\/10724903000179\/2023\/122\/9\">ARP N 39.2023 &#8211; JP<\/a><\/p>\n\n\n\n<p><a href=\"https:\/\/pncp.gov.br\/app\/atas\/10724903000179\/2023\/122\/4\">ARP N 41.2023 &#8211; MAIANA<\/a><\/p>\n\n\n\n<p><a href=\"https:\/\/pncp.gov.br\/app\/atas\/10724903000179\/2023\/122\/6\">ARP N 42.2023 &#8211; PABLO<\/a><\/p>\n\n\n\n<p><a href=\"https:\/\/pncp.gov.br\/app\/atas\/10724903000179\/2023\/122\/7\">ARP N 43.2023 &#8211; SUPEL<\/a><\/p>\n\n\n\n<p><a href=\"https:\/\/pncp.gov.br\/app\/atas\/10724903000179\/2023\/122\/8\">ARP N 44.2023 &#8211; VANETE<\/a><\/p>\n\n\n\n<hr class=\"wp-block-separator has-alpha-channel-opacity\" \/>\n\n\n\n<p><strong>Preg\u00e3o 10\/2023 &#8211;&nbsp;<\/strong>Concess\u00e3o administrativa de uso do espa\u00e7o f\u00edsico destinado \u00e0 explora\u00e7\u00e3o da lanchonete\/cantina do Instituto Federal Baiano \u2013 Campus Santa In\u00eas.<\/p>\n\n\n\n<p><strong><a rel=\"noreferrer noopener\" href=\"https:\/\/pncp.gov.br\/app\/editais\/10724903000179\/2023\/150\" target=\"_blank\">Edital e resultado Preg\u00e3o Eletr\u00f4nico 10\/2023<\/a><\/strong><\/p>\n\n\n\n<p><a href=\"https:\/\/pncp.gov.br\/app\/contratos\/10724903000179\/2023\/209\">CONTRATO 15\/2023 &#8211; JOSE CARLOS SOARES BARROS<\/a><\/p>\n\n\n\n<hr class=\"wp-block-separator has-alpha-channel-opacity\" \/>\n\n\n\n<p><strong>Preg\u00e3o 11\/2023 &#8211;&nbsp;<\/strong>Contrata\u00e7\u00e3o de servi\u00e7os cont\u00ednuos de limpeza, higieniza\u00e7\u00e3o e conserva\u00e7\u00e3o, para o Instituto Federal de Educa\u00e7\u00e3o, Ci\u00eancia e Tecnologia Baiano \u2013 Campus Santa In\u00eas, com fornecimento de materiais de consumo, epi&#8217;s e equipamentos necess\u00e1rios e adequados \u00e0 execu\u00e7\u00e3o dos servi\u00e7os, a serem executados com regime de dedica\u00e7\u00e3o exclusiva de m\u00e3o de obra.<\/p>\n\n\n\n<p><strong><a href=\"https:\/\/pncp.gov.br\/app\/editais\/10724903000179\/2023\/161\">Edital e resultado Preg\u00e3o Eletr\u00f4nico 11\/2023<\/a><\/strong><\/p>\n\n\n\n<p><a rel=\"noreferrer noopener\" href=\"https:\/\/pncp.gov.br\/app\/contratos\/10724903000179\/2023\/218\" data-type=\"URL\" data-id=\"https:\/\/pncp.gov.br\/app\/contratos\/10724903000179\/2023\/218\" target=\"_blank\"><strong>1- CONTRATO 16\/2023 &#8211; PRISMA CONSULTORIA AMBIENTAL LTDA<\/strong><\/a><\/p>\n\n\n\n<hr class=\"wp-block-separator has-alpha-channel-opacity\" \/>\n\n\n\n<p><strong>Preg\u00e3o 12\/2023<\/strong> &#8211; Registro de pre\u00e7os para eventual aquisi\u00e7\u00e3o de materiais de consumo, insumos e vidrarias para a realiza\u00e7\u00e3o de aulas e atividades pr\u00e1ticas nos laborat\u00f3rios do Instituto Federal Baiano &#8211; Campus Santa In\u00eas.<\/p>\n\n\n\n<p><strong>Edital e Resultado: <a rel=\"noreferrer noopener\" href=\"https:\/\/pncp.gov.br\/app\/editais\/10724903000179\/2023\/182\" target=\"_blank\">https:\/\/pncp.gov.br\/app\/editais\/10724903000179\/2023\/182<\/a> <\/strong><\/p>\n","protected":false},"excerpt":{"rendered":"<p>Preg\u00e3o 01\/2023&nbsp;\u2013&nbsp;Registro de pre\u00e7os para eventual aquisi\u00e7\u00e3o de materiais de expediente para atender a demanda do Setor de Almoxarifado do Instituto Federal Baiano &#8211; Campus Santa In\u00eas. Edital Preg\u00e3o Eletr\u00f4nico 01\/2023 Resultado ARP N\u00ba 02\/2023 &#8211; ILMACIA LIMA ARP N\u00ba 03\/2023 &#8211; VIVA DISTRIBUIDORA ARP N\u00ba 04\/2023 &#8211;&nbsp;ARAUJO LICITACOES ARP N\u00ba 05\/2023 &#8211; TRAJO COMERCIO [&hellip;]<\/p>\n","protected":false},"author":86,"featured_media":0,"parent":0,"menu_order":0,"comment_status":"closed","ping_status":"closed","template":"","meta":[],"_links":{"self":[{"href":"https:\/\/www.ifbaiano.edu.br\/unidades\/santaines\/wp-json\/wp\/v2\/pages\/18207"}],"collection":[{"href":"https:\/\/www.ifbaiano.edu.br\/unidades\/santaines\/wp-json\/wp\/v2\/pages"}],"about":[{"href":"https:\/\/www.ifbaiano.edu.br\/unidades\/santaines\/wp-json\/wp\/v2\/types\/page"}],"author":[{"embeddable":true,"href":"https:\/\/www.ifbaiano.edu.br\/unidades\/santaines\/wp-json\/wp\/v2\/users\/86"}],"replies":[{"embeddable":true,"href":"https:\/\/www.ifbaiano.edu.br\/unidades\/santaines\/wp-json\/wp\/v2\/comments?post=18207"}],"version-history":[{"count":33,"href":"https:\/\/www.ifbaiano.edu.br\/unidades\/santaines\/wp-json\/wp\/v2\/pages\/18207\/revisions"}],"predecessor-version":[{"id":23191,"href":"https:\/\/www.ifbaiano.edu.br\/unidades\/santaines\/wp-json\/wp\/v2\/pages\/18207\/revisions\/23191"}],"wp:attachment":[{"href":"https:\/\/www.ifbaiano.edu.br\/unidades\/santaines\/wp-json\/wp\/v2\/media?parent=18207"}],"curies":[{"name":"wp","href":"https:\/\/api.w.org\/{rel}","templated":true}]}}