{"id":19754,"date":"2023-09-20T11:22:56","date_gmt":"2023-09-20T14:22:56","guid":{"rendered":"https:\/\/www.ifbaiano.edu.br\/unidades\/santaines\/?page_id=19754"},"modified":"2023-11-01T16:57:53","modified_gmt":"2023-11-01T19:57:53","slug":"modalidade-inexigibilidade-2023","status":"publish","type":"page","link":"https:\/\/www.ifbaiano.edu.br\/unidades\/santaines\/modalidade-inexigibilidade-2023\/","title":{"rendered":"Modalidade &#8211; Inexigibilidade 2023"},"content":{"rendered":"\n<p><strong>Inexigibilidade 01\/2023<\/strong><strong>&nbsp;&#8211;&nbsp;<\/strong>Contrata\u00e7\u00e3o de assinatura anual de ferramenta online de pesquisa de pre\u00e7os praticados pela Administra\u00e7\u00e3o P\u00fablica.<\/p>\n\n\n\n<p><strong><a href=\"https:\/\/pncp.gov.br\/app\/editais\/10724903000179\/2023\/130\">Ato de Contrata\u00e7\u00e3o Direta<\/a><\/strong><\/p>\n\n\n\n<hr class=\"wp-block-separator has-alpha-channel-opacity\" \/>\n\n\n\n<p><strong>Inexigibilidade 02\/2023 &#8211;&nbsp;<\/strong>Contrata\u00e7\u00e3o de servi\u00e7os de fornecimento de \u00e1gua canalizada e coleta de esgoto sanit\u00e1rio para o IF Baiano &#8211; Campus Santa In\u00eas.<\/p>\n\n\n\n<p><strong><a href=\"https:\/\/pncp.gov.br\/app\/editais\/10724903000179\/2023\/154\">Ato de Contrata\u00e7\u00e3o Direta<\/a><\/strong><\/p>\n\n\n\n<hr class=\"wp-block-separator has-alpha-channel-opacity\" \/>\n\n\n\n<p><\/p>\n","protected":false},"excerpt":{"rendered":"<p>Inexigibilidade 01\/2023&nbsp;&#8211;&nbsp;Contrata\u00e7\u00e3o de assinatura anual de ferramenta online de pesquisa de pre\u00e7os praticados pela Administra\u00e7\u00e3o P\u00fablica. Ato de Contrata\u00e7\u00e3o Direta Inexigibilidade 02\/2023 &#8211;&nbsp;Contrata\u00e7\u00e3o de servi\u00e7os de fornecimento de \u00e1gua canalizada e coleta de esgoto sanit\u00e1rio para o IF Baiano &#8211; Campus Santa In\u00eas. Ato de Contrata\u00e7\u00e3o Direta<\/p>\n","protected":false},"author":86,"featured_media":0,"parent":0,"menu_order":0,"comment_status":"closed","ping_status":"closed","template":"","meta":[],"_links":{"self":[{"href":"https:\/\/www.ifbaiano.edu.br\/unidades\/santaines\/wp-json\/wp\/v2\/pages\/19754"}],"collection":[{"href":"https:\/\/www.ifbaiano.edu.br\/unidades\/santaines\/wp-json\/wp\/v2\/pages"}],"about":[{"href":"https:\/\/www.ifbaiano.edu.br\/unidades\/santaines\/wp-json\/wp\/v2\/types\/page"}],"author":[{"embeddable":true,"href":"https:\/\/www.ifbaiano.edu.br\/unidades\/santaines\/wp-json\/wp\/v2\/users\/86"}],"replies":[{"embeddable":true,"href":"https:\/\/www.ifbaiano.edu.br\/unidades\/santaines\/wp-json\/wp\/v2\/comments?post=19754"}],"version-history":[{"count":2,"href":"https:\/\/www.ifbaiano.edu.br\/unidades\/santaines\/wp-json\/wp\/v2\/pages\/19754\/revisions"}],"predecessor-version":[{"id":20091,"href":"https:\/\/www.ifbaiano.edu.br\/unidades\/santaines\/wp-json\/wp\/v2\/pages\/19754\/revisions\/20091"}],"wp:attachment":[{"href":"https:\/\/www.ifbaiano.edu.br\/unidades\/santaines\/wp-json\/wp\/v2\/media?parent=19754"}],"curies":[{"name":"wp","href":"https:\/\/api.w.org\/{rel}","templated":true}]}}