{"id":198,"date":"2011-11-22T17:01:53","date_gmt":"2011-11-22T17:01:53","guid":{"rendered":"http:\/\/www.ifbaiano.edu.br\/unidades\/santaines\/?page_id=198"},"modified":"2025-10-20T20:22:15","modified_gmt":"2025-10-20T23:22:15","slug":"servicos-2","status":"publish","type":"page","link":"https:\/\/www.ifbaiano.edu.br\/unidades\/santaines\/servicos-2\/","title":{"rendered":"Servi\u00e7os"},"content":{"rendered":"<p align=\"justify\"><strong><span style=\"color: #343434\"><span style=\"font-family: Arial, sans-serif\"><span style=\"font-size: medium\"><b><img decoding=\"async\" loading=\"lazy\" class=\"alignnone wp-image-9743 size-full\" src=\"http:\/\/www.ifbaiano.edu.br\/unidades\/santaines\/files\/2011\/11\/Servi\u00e7o-de-Refer\u00eancia.jpg\" alt=\"Servi\u00e7o de Refer\u00eancia\" width=\"1524\" height=\"48\" \/><\/b><\/span><\/span><\/span><\/strong><\/p>\n<p align=\"justify\"><span style=\"color: #ffffff\">.<\/span><\/p>\n<ul>\n<li>Consiste no aux\u00edlio \u00e0 busca da informa\u00e7\u00e3o pelo usu\u00e1rio e orienta\u00e7\u00e3o quanto ao uso dos recursos informacionais e operacionais dispon\u00edveis na Biblioteca.<\/li>\n<\/ul>\n<p align=\"justify\"><a name=\"more-198\"><\/a> <strong><span style=\"color: #343434\">\u00a0<\/span><\/strong><\/p>\n<p align=\"justify\"><strong><span style=\"color: #343434\"><img decoding=\"async\" loading=\"lazy\" class=\"alignnone wp-image-9744 size-full\" src=\"http:\/\/www.ifbaiano.edu.br\/unidades\/santaines\/files\/2011\/11\/Consulta-e-Pesquisa-na-internet.jpg\" alt=\"Consulta e Pesquisa na internet\" width=\"1524\" height=\"48\" \/><\/span><\/strong><span style=\"color: #ffffff\">.<\/span><\/p>\n<ul>\n<li>\n<p align=\"justify\"><span style=\"color: #343434\"><span style=\"font-family: Arial, sans-serif\"><span style=\"font-size: medium\">A Biblioteca disponibiliza microcomputadores interligados \u00e0 Internet e com recursos multim\u00eddia possibilitando ao usu\u00e1rio ampliar suas fontes e recursos de pesquisa.\u00a0 \u00c9 destinada a comunidade interna e externa, devendo o interessado dirigir-se ao balc\u00e3o de atendimento para solicitar autoriza\u00e7\u00e3o.<\/span><\/span><\/span><\/p>\n<\/li>\n<\/ul>\n<p align=\"justify\"><strong><span style=\"color: #343434\">\u00a0<\/span><\/strong><\/p>\n<p align=\"justify\"><strong><span style=\"color: #343434\"><img decoding=\"async\" loading=\"lazy\" class=\"alignnone wp-image-9746 size-full\" src=\"http:\/\/www.ifbaiano.edu.br\/unidades\/santaines\/files\/2011\/11\/Portal-de-Peri\u00f3dicos-Eletr\u00f4nicos-CAPES.jpg\" alt=\"Portal de Peri\u00f3dicos Eletr\u00f4nicos CAPES\" width=\"1524\" height=\"48\" \/><\/span><\/strong><span style=\"color: #ffffff\">.<\/span><\/p>\n<ul>\n<li>\n<p align=\"justify\"><span style=\"color: #343434\">\u00a0<span style=\"font-family: Arial, sans-serif\"><span style=\"font-size: medium\">O Portal de Peri\u00f3dicos CAPES oferece acesso aos textos completos de artigos de mais de 9530 revistas internacionais, nacionais e estrangeiras e a mais de 90 bases de dados com resumos de documentos em todas as \u00e1reas do conhecimento. O acesso ao Portal \u00e9 gratuito, restrito aos usu\u00e1rios autorizados e permitido exclusivamente atrav\u00e9s das esta\u00e7\u00f5es de trabalho instaladas nas depend\u00eancias Do IF Baiano \u2013 Campus Santa In\u00eas.<\/span><\/span><\/span><\/p>\n<\/li>\n<\/ul>\n<p align=\"justify\"><span style=\"color: #343434\">\u00a0<\/span><\/p>\n<p align=\"justify\"><strong><span style=\"color: #343434\"><img decoding=\"async\" loading=\"lazy\" class=\"alignnone wp-image-9747 size-full\" src=\"http:\/\/www.ifbaiano.edu.br\/unidades\/santaines\/files\/2011\/11\/Orienta\u00e7\u00e3o-Trabalhos-Acad\u00eamicos.jpg\" alt=\"Orienta\u00e7\u00e3o Trabalhos Acad\u00eamicos\" width=\"1524\" height=\"48\" \/><\/span><\/strong><span style=\"color: #ffffff\">.<\/span><\/p>\n<ul>\n<li>\n<p align=\"justify\"><span style=\"color: #343434\"><span style=\"font-family: Arial, sans-serif\"><span style=\"font-size: medium\">A Biblioteca oferece aos seus usu\u00e1rios assist\u00eancia para normaliza\u00e7\u00e3o de trabalhos acad\u00eamico-cient\u00edficos, seguindo as recomenda\u00e7\u00f5es da ABNT (Associa\u00e7\u00e3o Brasileira de Normas T\u00e9cnicas) e normas institucionais.<\/span><\/span><\/span><\/p>\n<\/li>\n<\/ul>\n<p align=\"justify\"><strong><span style=\"color: #343434\">\u00a0<\/span><\/strong><\/p>\n<p align=\"justify\"><strong><span style=\"color: #343434\"><img decoding=\"async\" loading=\"lazy\" class=\"alignnone wp-image-9748 size-full\" src=\"http:\/\/www.ifbaiano.edu.br\/unidades\/santaines\/files\/2011\/11\/Realiza\u00e7\u00e3o-de-Exposi\u00e7\u00f5es.jpg\" alt=\"Realiza\u00e7\u00e3o de Exposi\u00e7\u00f5es\" width=\"1524\" height=\"48\" \/><\/span><\/strong><span style=\"color: #ffffff\">.<\/span><\/p>\n<ul>\n<li>\n<p align=\"justify\"><span style=\"color: #343434\"><span style=\"font-family: Arial, sans-serif\"><span style=\"font-size: medium\">Uso do espa\u00e7o da Biblioteca para lan\u00e7amentos de livros, exposi\u00e7\u00f5es art\u00edsticas e tem\u00e1ticas que contribuam para o crescimento intelectual e cultural da comunidade usu\u00e1ria.<\/span><\/span><\/span><\/p>\n<\/li>\n<\/ul>\n<p align=\"justify\"><strong><span style=\"color: #343434\">\u00a0<\/span><\/strong><\/p>\n<p align=\"justify\"><strong><span style=\"color: #343434\"><img decoding=\"async\" loading=\"lazy\" class=\"alignnone wp-image-9749 size-full\" src=\"http:\/\/www.ifbaiano.edu.br\/unidades\/santaines\/files\/2011\/11\/Dissemina\u00e7\u00e3o-Seletiva-da-Informa\u00e7\u00e3o.jpg\" alt=\"Dissemina\u00e7\u00e3o Seletiva da Informa\u00e7\u00e3o\" width=\"1524\" height=\"48\" \/><\/span><\/strong><span style=\"color: #ffffff\">.<\/span><span style=\"color: #343434\"><span style=\"color: #ffffff\">.<\/span><\/span><\/p>\n<ul>\n<li><span style=\"color: #343434\"><span style=\"font-family: Arial, sans-serif\"><span style=\"font-size: medium\">Divulga\u00e7\u00e3o das novas aquisi\u00e7\u00f5es bibliogr\u00e1ficas, eventos de interesse da comunidade usu\u00e1ria entre outros em diversos meios de comunica\u00e7\u00e3o.<\/span><\/span><\/span><\/li>\n<\/ul>\n<p align=\"justify\"><strong><span style=\"color: #343434\">\u00a0<\/span><\/strong><\/p>\n<p align=\"justify\"><strong><span style=\"color: #343434\"><img decoding=\"async\" loading=\"lazy\" class=\"alignnone wp-image-9750 size-full\" src=\"http:\/\/www.ifbaiano.edu.br\/unidades\/santaines\/files\/2011\/11\/Empr\u00e9stimo-e-Consulta-Bibliogr\u00e1fica.jpg\" alt=\"Empr\u00e9stimo e Consulta Bibliogr\u00e1fica\" width=\"1524\" height=\"48\" \/><\/span><\/strong><span style=\"color: #ffffff\">.<\/span><\/p>\n<ul>\n<li>\n<p align=\"justify\"><span style=\"color: #343434\"><span style=\"font-family: Arial, sans-serif\"><span style=\"font-size: medium\">Empr\u00e9stimo domiciliar e consulta local dos materiais bibliogr\u00e1ficos para aos usu\u00e1rios cadastrados na biblioteca.<\/span><\/span><\/span><\/p>\n<\/li>\n<\/ul>\n","protected":false},"excerpt":{"rendered":"<p>. Consiste no aux\u00edlio \u00e0 busca da informa\u00e7\u00e3o pelo usu\u00e1rio e orienta\u00e7\u00e3o quanto ao uso dos recursos informacionais e operacionais dispon\u00edveis na Biblioteca. \u00a0 . A Biblioteca disponibiliza microcomputadores interligados \u00e0 Internet e com recursos multim\u00eddia possibilitando ao usu\u00e1rio ampliar suas fontes e recursos de pesquisa.\u00a0 \u00c9 destinada a comunidade interna e externa, devendo o [&hellip;]<\/p>\n","protected":false},"author":26,"featured_media":0,"parent":0,"menu_order":0,"comment_status":"closed","ping_status":"closed","template":"","meta":[],"_links":{"self":[{"href":"https:\/\/www.ifbaiano.edu.br\/unidades\/santaines\/wp-json\/wp\/v2\/pages\/198"}],"collection":[{"href":"https:\/\/www.ifbaiano.edu.br\/unidades\/santaines\/wp-json\/wp\/v2\/pages"}],"about":[{"href":"https:\/\/www.ifbaiano.edu.br\/unidades\/santaines\/wp-json\/wp\/v2\/types\/page"}],"author":[{"embeddable":true,"href":"https:\/\/www.ifbaiano.edu.br\/unidades\/santaines\/wp-json\/wp\/v2\/users\/26"}],"replies":[{"embeddable":true,"href":"https:\/\/www.ifbaiano.edu.br\/unidades\/santaines\/wp-json\/wp\/v2\/comments?post=198"}],"version-history":[{"count":6,"href":"https:\/\/www.ifbaiano.edu.br\/unidades\/santaines\/wp-json\/wp\/v2\/pages\/198\/revisions"}],"predecessor-version":[{"id":26034,"href":"https:\/\/www.ifbaiano.edu.br\/unidades\/santaines\/wp-json\/wp\/v2\/pages\/198\/revisions\/26034"}],"wp:attachment":[{"href":"https:\/\/www.ifbaiano.edu.br\/unidades\/santaines\/wp-json\/wp\/v2\/media?parent=198"}],"curies":[{"name":"wp","href":"https:\/\/api.w.org\/{rel}","templated":true}]}}