{"id":201,"date":"2011-11-22T17:07:14","date_gmt":"2011-11-22T17:07:14","guid":{"rendered":"http:\/\/www.ifbaiano.edu.br\/unidades\/santaines\/?page_id=201"},"modified":"2025-10-21T11:56:29","modified_gmt":"2025-10-21T14:56:29","slug":"equipe","status":"publish","type":"page","link":"https:\/\/www.ifbaiano.edu.br\/unidades\/santaines\/equipe\/","title":{"rendered":"Equipe"},"content":{"rendered":"\n<hr class=\"wp-block-separator has-css-opacity\" \/>\n\n\n<p align=\"JUSTIFY\"><span style=\"color: #ffffff\">&#8230;<\/span><\/p>\n<hr \/>\n<pre><span style=\"font-family: inherit\"><strong><span style=\"color: #333333\"><span style=\"font-family: Arial, sans-serif\"><span style=\"font-size: medium\"><b>\nBibliotec\u00e1ria<\/b><\/span><\/span><\/span><\/strong><span style=\"color: #333333\"><span style=\"font-family: Arial, sans-serif\"><span style=\"font-size: medium\">:<\/span><\/span><\/span><\/span>\n<span style=\"color: #333333\"><span style=\"font-family: Arial, sans-serif\"><span style=\"font-size: medium\"><span style=\"color: #333333\"><span style=\"font-family: Arial, sans-serif\"><span style=\"font-size: medium\">Jessica Ferreira Lima - CRB\/5 1791 (jessica.lima@ifbaiano.edu.br)\nMonica Souza Brito \u2013 CRB\/1614430 (monica.brito@ifbaiano.edu.br)<\/span><\/span><\/span><\/span><\/span><\/span> <\/pre>\n<pre><span style=\"color: #333333\"><span style=\"font-family: Arial, sans-serif\"><span style=\"font-size: medium\"><strong style=\"font-family: Consolas, Monaco, monospace;font-size: 16px\"><span style=\"font-family: Arial, sans-serif\"><span style=\"font-size: medium\"><b>Auxiliar de Biblioteca: <br \/><\/b><\/span><\/span><\/strong><span style=\"color: #333333\"><span style=\"font-family: Arial, sans-serif\"><span style=\"font-size: medium\">Claudineia Trindade Souza \u2013 (claudineia.souza@ifbaiano.edu.br)<\/span><\/span><\/span> <br \/>Diego G\u00f3es Menezes - (diego.menezes@ifbaiano.edu.br<br \/><br \/><\/span><\/span><\/span><strong><span style=\"color: #333333\"><span style=\"font-family: Arial, sans-serif\"><span style=\"font-size: medium\"><b>Assistente em Administra\u00e7\u00e3o:<\/b><\/span><\/span><\/span><\/strong> <br \/><span style=\"color: #333333\"><span style=\"font-family: Arial, sans-serif\"><span style=\"font-size: medium\">Pedro Eduardo Bastos Barbosa \u2013 (pedro.barbosa@ifbaiano.edu.br)<br \/><\/span><\/span><\/span><b><\/b><\/pre>\n\n\n<hr class=\"wp-block-separator has-css-opacity\" \/>\n\n\n\n<h2 class=\"wp-block-heading\">Contato:<\/h2>\n\n\n\n<p><strong>Claudineia Trindade Souza &#8211;<\/strong> Chefe do Setor<\/p>\n\n\n\n<p><strong><strong>E-mail:\u00a0<\/strong><\/strong>biblioteca@si.ifbaiano.edu.br<\/p>\n","protected":false},"excerpt":{"rendered":"<p>&#8230; Bibliotec\u00e1ria: Jessica Ferreira Lima &#8211; CRB\/5 1791 (jessica.lima@ifbaiano.edu.br) Monica Souza Brito \u2013 CRB\/1614430 (monica.brito@ifbaiano.edu.br) Auxiliar de Biblioteca: Claudineia Trindade Souza \u2013 (claudineia.souza@ifbaiano.edu.br) Diego G\u00f3es Menezes &#8211; (diego.menezes@ifbaiano.edu.brAssistente em Administra\u00e7\u00e3o: Pedro Eduardo Bastos Barbosa \u2013 (pedro.barbosa@ifbaiano.edu.br) Contato: Claudineia Trindade Souza &#8211; Chefe do Setor E-mail:\u00a0biblioteca@si.ifbaiano.edu.br<\/p>\n","protected":false},"author":26,"featured_media":0,"parent":0,"menu_order":0,"comment_status":"closed","ping_status":"closed","template":"","meta":[],"_links":{"self":[{"href":"https:\/\/www.ifbaiano.edu.br\/unidades\/santaines\/wp-json\/wp\/v2\/pages\/201"}],"collection":[{"href":"https:\/\/www.ifbaiano.edu.br\/unidades\/santaines\/wp-json\/wp\/v2\/pages"}],"about":[{"href":"https:\/\/www.ifbaiano.edu.br\/unidades\/santaines\/wp-json\/wp\/v2\/types\/page"}],"author":[{"embeddable":true,"href":"https:\/\/www.ifbaiano.edu.br\/unidades\/santaines\/wp-json\/wp\/v2\/users\/26"}],"replies":[{"embeddable":true,"href":"https:\/\/www.ifbaiano.edu.br\/unidades\/santaines\/wp-json\/wp\/v2\/comments?post=201"}],"version-history":[{"count":21,"href":"https:\/\/www.ifbaiano.edu.br\/unidades\/santaines\/wp-json\/wp\/v2\/pages\/201\/revisions"}],"predecessor-version":[{"id":26051,"href":"https:\/\/www.ifbaiano.edu.br\/unidades\/santaines\/wp-json\/wp\/v2\/pages\/201\/revisions\/26051"}],"wp:attachment":[{"href":"https:\/\/www.ifbaiano.edu.br\/unidades\/santaines\/wp-json\/wp\/v2\/media?parent=201"}],"curies":[{"name":"wp","href":"https:\/\/api.w.org\/{rel}","templated":true}]}}