{"id":20416,"date":"2025-09-17T12:56:43","date_gmt":"2025-09-17T15:56:43","guid":{"rendered":"https:\/\/www.ifbaiano.edu.br\/unidades\/santaines\/?page_id=20416"},"modified":"2025-12-05T07:30:23","modified_gmt":"2025-12-05T10:30:23","slug":"dispensa-de-licitacao-2025","status":"publish","type":"page","link":"https:\/\/www.ifbaiano.edu.br\/unidades\/santaines\/dispensa-de-licitacao-2025\/","title":{"rendered":"Dispensa de Licita\u00e7\u00e3o 2025"},"content":{"rendered":"\n<p><strong>Chamada P\u00fablica n\u00ba 1\/2025 \u2013 PNAE<\/strong><\/p>\n\n\n\n<p><strong>Objeto: <\/strong>Aquisi\u00e7\u00e3o de g\u00eaneros aliment\u00edcios da agricultura familiar para atendimento ao Programa Nacional de Alimenta\u00e7\u00e3o Escolar \u2013 PNAE.<\/p>\n\n\n\n<p><strong><a href=\"https:\/\/www.ifbaiano.edu.br\/unidades\/santaines\/files\/2025\/09\/Edital-Chamada-Publica-1-2025-PNAE.pdf\">Edital<\/a><\/strong><\/p>\n\n\n\n<p><a href=\"https:\/\/www.ifbaiano.edu.br\/unidades\/santaines\/files\/2025\/10\/Ata-Chamada-Publica-1-2025.pdf\"><strong>Ata da Chamada P\u00fablica 1\/2025&nbsp;<\/strong><\/a><\/p>\n\n\n\n<p><strong><a href=\"https:\/\/pncp.gov.br\/app\/editais\/10724903000179\/2025\/270\">Resultado<\/a><\/strong><\/p>\n\n\n\n<hr class=\"wp-block-separator has-alpha-channel-opacity\" \/>\n\n\n\n<p><strong>Dispensa Eletr\u00f4nica n\u00ba 50\/2025 &#8211;&nbsp;<\/strong>Registro de pre\u00e7os para eventual aquisi\u00e7\u00e3o de materiais de limpeza e saneantes para atender a demanda do Instituto Federal Baiano &#8211; Campus Santa In\u00eas.<\/p>\n\n\n\n<p><strong><a href=\"https:\/\/pncp.gov.br\/app\/editais\/10724903000179\/2025\/338\">Aviso de Contrata\u00e7\u00e3o Direta\u00a0e Resultado<\/a><\/strong>\u00a0<\/p>\n\n\n\n<hr class=\"wp-block-separator has-alpha-channel-opacity\" \/>\n","protected":false},"excerpt":{"rendered":"<p>Chamada P\u00fablica n\u00ba 1\/2025 \u2013 PNAE Objeto: Aquisi\u00e7\u00e3o de g\u00eaneros aliment\u00edcios da agricultura familiar para atendimento ao Programa Nacional de Alimenta\u00e7\u00e3o Escolar \u2013 PNAE. Edital Ata da Chamada P\u00fablica 1\/2025&nbsp; Resultado Dispensa Eletr\u00f4nica n\u00ba 50\/2025 &#8211;&nbsp;Registro de pre\u00e7os para eventual aquisi\u00e7\u00e3o de materiais de limpeza e saneantes para atender a demanda do Instituto Federal Baiano [&hellip;]<\/p>\n","protected":false},"author":7,"featured_media":0,"parent":0,"menu_order":0,"comment_status":"closed","ping_status":"closed","template":"","meta":[],"_links":{"self":[{"href":"https:\/\/www.ifbaiano.edu.br\/unidades\/santaines\/wp-json\/wp\/v2\/pages\/20416"}],"collection":[{"href":"https:\/\/www.ifbaiano.edu.br\/unidades\/santaines\/wp-json\/wp\/v2\/pages"}],"about":[{"href":"https:\/\/www.ifbaiano.edu.br\/unidades\/santaines\/wp-json\/wp\/v2\/types\/page"}],"author":[{"embeddable":true,"href":"https:\/\/www.ifbaiano.edu.br\/unidades\/santaines\/wp-json\/wp\/v2\/users\/7"}],"replies":[{"embeddable":true,"href":"https:\/\/www.ifbaiano.edu.br\/unidades\/santaines\/wp-json\/wp\/v2\/comments?post=20416"}],"version-history":[{"count":6,"href":"https:\/\/www.ifbaiano.edu.br\/unidades\/santaines\/wp-json\/wp\/v2\/pages\/20416\/revisions"}],"predecessor-version":[{"id":26490,"href":"https:\/\/www.ifbaiano.edu.br\/unidades\/santaines\/wp-json\/wp\/v2\/pages\/20416\/revisions\/26490"}],"wp:attachment":[{"href":"https:\/\/www.ifbaiano.edu.br\/unidades\/santaines\/wp-json\/wp\/v2\/media?parent=20416"}],"curies":[{"name":"wp","href":"https:\/\/api.w.org\/{rel}","templated":true}]}}