{"id":20853,"date":"2024-03-13T16:15:14","date_gmt":"2024-03-13T19:15:14","guid":{"rendered":"https:\/\/www.ifbaiano.edu.br\/unidades\/santaines\/?page_id=20853"},"modified":"2024-03-13T16:54:15","modified_gmt":"2024-03-13T19:54:15","slug":"teletrabalho","status":"publish","type":"page","link":"https:\/\/www.ifbaiano.edu.br\/unidades\/santaines\/teletrabalho\/","title":{"rendered":"Teletrabalho"},"content":{"rendered":"\n<p class=\"has-background has-medium-font-size\" style=\"background-color:#ebebeb;border-top:4px solid #36b139\"><strong>Programa de Gest\u00e3o &#8211; Teletrabalho<\/strong><\/p>\n\n\n\n<p>O Programa de Gest\u00e3o do Teletrabalho no \u00e2mbito do IF Baiano foi aprovado pela Resolu\u00e7\u00e3o n\u00ba 182\/2022 e implementado  na forma da Instru\u00e7\u00e3o Normativa n\u00ba 65, de 30 de julho de 2020, expedida pelo Minist\u00e9rio da Economia. De forma complementar foi publicada a Tabela de Atividades, publicada por meio da Portaria n\u00ba 2\/2022, de 18 de fevereiro de 2022. <\/p>\n\n\n\n<p><strong>Programa de Gest\u00e3o<\/strong>, de acordo com  a Resolu\u00e7\u00e3o n\u00ba 182,  \u00e9 a ferramenta de gest\u00e3o autorizada em ato normativo de Ministro de Estado e respaldada por norma de procedimentos gerais, que disciplina o exerc\u00edcio de atividades em que os resultados possam ser efetivamente mensurados, cuja execu\u00e7\u00e3o possa ser realizada pelos participantes e <strong>Teletrabalho<\/strong> \u00e9 a modalidade de trabalho em que o cumprimento da jornada regular pelo participante pode ser realizado fora das depend\u00eancias f\u00edsicas do \u00f3rg\u00e3o, em regime de execu\u00e7\u00e3o parcial ou integral, de forma remota e com a utiliza\u00e7\u00e3o de recursos tecnol\u00f3gicos, para a execu\u00e7\u00e3o de atividades que sejam pass\u00edveis de controle e que possuam metas, prazos e entregas previamente definidos e, ainda, que n\u00e3o configurem trabalho externo, dispensado do controle de frequ\u00eancia.<\/p>\n\n\n\n<p>No Campus Santa In\u00eas as publica\u00e7\u00f5es sobre o Programa de Teletrabalho e de Editais de Chamamento para ades\u00e3o dos servidores ao Programa de Gest\u00e3o, bem como demais informa\u00e7\u00f5es, foram feitas na p\u00e1gina da institui\u00e7\u00e3o, como not\u00edcias, <a href=\"https:\/\/www.ifbaiano.edu.br\/unidades\/santaines\/programa-de-teletrabalho-no-if-baiano-devera-ser-implementado-a-partir-de-abril\/\">mesmo antes da sua implementa\u00e7\u00e3o<\/a> e em cada edi\u00e7\u00e3o: <a href=\"https:\/\/www.ifbaiano.edu.br\/unidades\/santaines\/campus-santa-ines-publica-edital-para-adesao-ao-programa-de-gestao-do-teletrabalho-servidores-tecnico-administrativos\/\">2022<\/a>, <a href=\"https:\/\/www.ifbaiano.edu.br\/unidades\/santaines\/campus-santa-ines-lanca-novo-edital-do-programa-de-gestao-do-teletrabalho\/\">2023<\/a>.<\/p>\n\n\n\n<p><\/p>\n\n\n\n<p class=\"has-background has-medium-font-size\" style=\"background-color:#ebebeb;border-top:4px solid #36b139\"><strong>Servidores participantes do Programa de Gest\u00e3o<\/strong><\/p>\n\n\n\n<p><a href=\"https:\/\/www.ifbaiano.edu.br\/unidades\/santaines\/files\/2024\/03\/Servidores-em-Teletrabalho-Campus-Santa-Ines-Atualizacao-marco-de-2024.pdf\">Planilha &#8211; Mar\u00e7o de 2024<\/a><\/p>\n\n\n\n<p class=\"has-background has-medium-font-size\" style=\"background-color:#ebebeb;border-top:4px solid #36b139\"><strong>Legisla\u00e7\u00e3o<\/strong><\/p>\n\n\n\n<ol>\n<li><a rel=\"noreferrer noopener\" href=\"https:\/\/ifbaiano.edu.br\/portal\/servidor\/wp-content\/uploads\/sites\/5\/2022\/03\/Instrucao-Normativa-No-65-de-30-de-julho-de-2020.pdf\" target=\"_blank\">Instru\u00e7\u00e3o Normativa n\u00ba 65, de 30 de julho de 2020<\/a><\/li>\n\n\n\n<li><a rel=\"noreferrer noopener\" href=\"https:\/\/ifbaiano.edu.br\/portal\/servidor\/wp-content\/uploads\/sites\/5\/2022\/03\/Resolucao-182-2022.pdf\" target=\"_blank\">Resolu\u00e7\u00e3o 182\/2022 \u2013 OS-CONSUP\/IFBAIANO, de 1 de fevereiro de 2022<\/a><\/li>\n\n\n\n<li><a rel=\"noreferrer noopener\" href=\"https:\/\/ifbaiano.edu.br\/portal\/servidor\/wp-content\/uploads\/sites\/5\/2022\/03\/Portaria-02-2022-RET-SCS.pdf\" target=\"_blank\">Portaria n\u00ba 2\/2022 \u2013 RET-SCS\/RET-GAB\/RET\/IFBAIANO, de\u00a018 de fevereiro\u00a0de 2022<\/a><\/li>\n<\/ol>\n\n\n\n<hr class=\"wp-block-separator has-alpha-channel-opacity\" \/>\n\n\n\n<p>Todas as informa\u00e7\u00f5es relativas ao Programa de Gest\u00e3o &#8211; Teletrabalho no \u00e2mbito do IF Baiano est\u00e3o dispon\u00edveis no <a href=\"https:\/\/ifbaiano.edu.br\/portal\/servidor\/programa-de-gestao\/\">Portal<\/a><\/p>\n\n\n\n<hr class=\"wp-block-separator has-alpha-channel-opacity\" \/>\n","protected":false},"excerpt":{"rendered":"<p>Programa de Gest\u00e3o &#8211; Teletrabalho O Programa de Gest\u00e3o do Teletrabalho no \u00e2mbito do IF Baiano foi aprovado pela Resolu\u00e7\u00e3o n\u00ba 182\/2022 e implementado na forma da Instru\u00e7\u00e3o Normativa n\u00ba 65, de 30 de julho de 2020, expedida pelo Minist\u00e9rio da Economia. De forma complementar foi publicada a Tabela de Atividades, publicada por meio da [&hellip;]<\/p>\n","protected":false},"author":86,"featured_media":0,"parent":0,"menu_order":0,"comment_status":"closed","ping_status":"closed","template":"","meta":[],"_links":{"self":[{"href":"https:\/\/www.ifbaiano.edu.br\/unidades\/santaines\/wp-json\/wp\/v2\/pages\/20853"}],"collection":[{"href":"https:\/\/www.ifbaiano.edu.br\/unidades\/santaines\/wp-json\/wp\/v2\/pages"}],"about":[{"href":"https:\/\/www.ifbaiano.edu.br\/unidades\/santaines\/wp-json\/wp\/v2\/types\/page"}],"author":[{"embeddable":true,"href":"https:\/\/www.ifbaiano.edu.br\/unidades\/santaines\/wp-json\/wp\/v2\/users\/86"}],"replies":[{"embeddable":true,"href":"https:\/\/www.ifbaiano.edu.br\/unidades\/santaines\/wp-json\/wp\/v2\/comments?post=20853"}],"version-history":[{"count":9,"href":"https:\/\/www.ifbaiano.edu.br\/unidades\/santaines\/wp-json\/wp\/v2\/pages\/20853\/revisions"}],"predecessor-version":[{"id":20872,"href":"https:\/\/www.ifbaiano.edu.br\/unidades\/santaines\/wp-json\/wp\/v2\/pages\/20853\/revisions\/20872"}],"wp:attachment":[{"href":"https:\/\/www.ifbaiano.edu.br\/unidades\/santaines\/wp-json\/wp\/v2\/media?parent=20853"}],"curies":[{"name":"wp","href":"https:\/\/api.w.org\/{rel}","templated":true}]}}