{"id":20993,"date":"2024-04-04T15:02:43","date_gmt":"2024-04-04T18:02:43","guid":{"rendered":"https:\/\/www.ifbaiano.edu.br\/unidades\/santaines\/?page_id=20993"},"modified":"2025-01-28T12:47:09","modified_gmt":"2025-01-28T15:47:09","slug":"modalidade-inexigibilidade-2024","status":"publish","type":"page","link":"https:\/\/www.ifbaiano.edu.br\/unidades\/santaines\/modalidade-inexigibilidade-2024\/","title":{"rendered":"Modalidade &#8211; Inexigibilidade 2024"},"content":{"rendered":"\n<p><strong>Inexigibilidade n\u00ba 3\/2024 &#8211;&nbsp;<\/strong>Contrata\u00e7\u00e3o de servi\u00e7os postais nas modalidades Carta Simples, AR e outros, para atender a demanda do Instituto Federal Baiano &#8211; Campus Santa In\u00eas.<\/p>\n\n\n\n<p><strong><a href=\"https:\/\/pncp.gov.br\/app\/editais\/10724903000179\/2024\/33\">Resultado<\/a><\/strong><\/p>\n\n\n\n<p><a href=\"https:\/\/www.ifbaiano.edu.br\/unidades\/santaines\/files\/2024\/08\/contrato-02.2024-correios-1.pdf\">Contrato 02\/2024 &#8211; CORREIOS<\/a><\/p>\n\n\n\n<p><a href=\"https:\/\/www.ifbaiano.edu.br\/unidades\/santaines\/files\/2024\/08\/Publicacao-DOU-Contrato-02.2024-correios-2.pdf\">Publica\u00e7\u00e3o DOU &#8211; Contrato 02\/2024 &#8211; Correios<\/a><\/p>\n\n\n\n<hr class=\"wp-block-separator has-alpha-channel-opacity\" \/>\n\n\n\n<p><strong>Inexigibilidade n\u00ba 5\/2024<\/strong><strong>&nbsp;&#8211;&nbsp;<\/strong>Contrata\u00e7\u00e3o de servi\u00e7os de distribui\u00e7\u00e3o de publicidade legal impressa e\/ou eletr\u00f4nica em ve\u00edculos de comunica\u00e7\u00e3o, para atender a necessidade do Instituto Federal Baiano &#8211; Campus Santa In\u00eas.<\/p>\n\n\n\n<p><strong><a href=\"https:\/\/pncp.gov.br\/app\/editais\/10724903000179\/2024\/138\">Resultado<\/a><\/strong><\/p>\n\n\n\n<p><a href=\"https:\/\/www.ifbaiano.edu.br\/unidades\/santaines\/files\/2024\/09\/Contrato-03.2024-EBC-ASSINADO.pdf\">Contrato 03\/2024 &#8211;&nbsp;EBC<\/a><\/p>\n\n\n\n<p><a href=\"https:\/\/www.ifbaiano.edu.br\/unidades\/santaines\/files\/2024\/09\/DOU-CONTRATO-EBC.pdf\">Publica\u00e7\u00e3o DOU &#8211; Contrato 03\/2024 &#8211; EBC<\/a><\/p>\n\n\n\n<hr class=\"wp-block-separator has-alpha-channel-opacity\" \/>\n\n\n\n<p><strong>Inexigibilidade n\u00ba 6\/2024<\/strong><strong>&nbsp;&#8211;&nbsp;<\/strong>Contrata\u00e7\u00e3o de ferramenta online de pesquisa de pre\u00e7os praticados pela Administra\u00e7\u00e3o P\u00fablica, para atender a demanda do N\u00facleo de Licita\u00e7\u00f5es do Instituto Federal Baiano &#8211; Campus Santa In\u00eas.<\/p>\n\n\n\n<p><strong><a href=\"https:\/\/pncp.gov.br\/app\/editais\/10724903000179\/2024\/147\">Resultado<\/a><\/strong><\/p>\n\n\n\n<p><a href=\"https:\/\/www.ifbaiano.edu.br\/unidades\/santaines\/files\/2024\/09\/DOU-Contrato-10.2024-NP-TECNOLOGIA.pdf\">Contrato 10\/2024 &#8211;&nbsp;NP TECNOLOGIA<\/a><\/p>\n\n\n\n<p><a href=\"https:\/\/www.ifbaiano.edu.br\/unidades\/santaines\/files\/2024\/09\/DOU-CONTRATO-EBC-1.pdf\">Publica\u00e7\u00e3o DOU &#8211; Contrato 10\/2024 &#8211;&nbsp;NP TECNOLOGIA<\/a><\/p>\n\n\n\n<hr class=\"wp-block-separator has-alpha-channel-opacity\" \/>\n\n\n\n<p><strong>Inexigibilidade n\u00ba 9\/2024 &#8211;&nbsp;<\/strong>Contrata\u00e7\u00e3o de servi\u00e7os de abastecimento de energia el\u00e9trica, para atender a demanda do Instituto Federal Baiano &#8211; Campus Santa In\u00eas.<\/p>\n\n\n\n<p><strong><a href=\"https:\/\/pncp.gov.br\/app\/editais\/10724903000179\/2024\/254\">Resultado<\/a><\/strong><\/p>\n\n\n\n<p><a href=\"https:\/\/pncp.gov.br\/app\/contratos\/10724903000179\/2025\/000004\">Contrato 01\/2025 &#8211; COELBA<\/a><\/p>\n\n\n\n<hr class=\"wp-block-separator has-alpha-channel-opacity\" \/>\n\n\n\n<p><\/p>\n","protected":false},"excerpt":{"rendered":"<p>Inexigibilidade n\u00ba 3\/2024 &#8211;&nbsp;Contrata\u00e7\u00e3o de servi\u00e7os postais nas modalidades Carta Simples, AR e outros, para atender a demanda do Instituto Federal Baiano &#8211; Campus Santa In\u00eas. Resultado Contrato 02\/2024 &#8211; CORREIOS Publica\u00e7\u00e3o DOU &#8211; Contrato 02\/2024 &#8211; Correios Inexigibilidade n\u00ba 5\/2024&nbsp;&#8211;&nbsp;Contrata\u00e7\u00e3o de servi\u00e7os de distribui\u00e7\u00e3o de publicidade legal impressa e\/ou eletr\u00f4nica em ve\u00edculos de comunica\u00e7\u00e3o, [&hellip;]<\/p>\n","protected":false},"author":86,"featured_media":0,"parent":0,"menu_order":0,"comment_status":"closed","ping_status":"closed","template":"","meta":[],"_links":{"self":[{"href":"https:\/\/www.ifbaiano.edu.br\/unidades\/santaines\/wp-json\/wp\/v2\/pages\/20993"}],"collection":[{"href":"https:\/\/www.ifbaiano.edu.br\/unidades\/santaines\/wp-json\/wp\/v2\/pages"}],"about":[{"href":"https:\/\/www.ifbaiano.edu.br\/unidades\/santaines\/wp-json\/wp\/v2\/types\/page"}],"author":[{"embeddable":true,"href":"https:\/\/www.ifbaiano.edu.br\/unidades\/santaines\/wp-json\/wp\/v2\/users\/86"}],"replies":[{"embeddable":true,"href":"https:\/\/www.ifbaiano.edu.br\/unidades\/santaines\/wp-json\/wp\/v2\/comments?post=20993"}],"version-history":[{"count":9,"href":"https:\/\/www.ifbaiano.edu.br\/unidades\/santaines\/wp-json\/wp\/v2\/pages\/20993\/revisions"}],"predecessor-version":[{"id":23059,"href":"https:\/\/www.ifbaiano.edu.br\/unidades\/santaines\/wp-json\/wp\/v2\/pages\/20993\/revisions\/23059"}],"wp:attachment":[{"href":"https:\/\/www.ifbaiano.edu.br\/unidades\/santaines\/wp-json\/wp\/v2\/media?parent=20993"}],"curies":[{"name":"wp","href":"https:\/\/api.w.org\/{rel}","templated":true}]}}