{"id":21032,"date":"2024-04-11T09:08:36","date_gmt":"2024-04-11T12:08:36","guid":{"rendered":"https:\/\/www.ifbaiano.edu.br\/unidades\/santaines\/?page_id=21032"},"modified":"2024-12-02T15:30:51","modified_gmt":"2024-12-02T18:30:51","slug":"dispensa-de-licitacao-2024","status":"publish","type":"page","link":"https:\/\/www.ifbaiano.edu.br\/unidades\/santaines\/dispensa-de-licitacao-2024\/","title":{"rendered":"Dispensa de Licita\u00e7\u00e3o 2024"},"content":{"rendered":"\n<hr class=\"wp-block-separator has-alpha-channel-opacity\" \/>\n\n\n\n<p><strong>Dispensa Eletr\u00f4nica n\u00ba 90001\/2024 &#8211;&nbsp;<\/strong>Aquisi\u00e7\u00e3o de luvas descart\u00e1veis para atender a demanda do N\u00facleo de Nutri\u00e7\u00e3o e Sa\u00fade do Instituto Federal Baiano &#8211; Campus Santa In\u00eas.<\/p>\n\n\n\n<p><strong><a href=\"https:\/\/pncp.gov.br\/app\/editais\/10724903000179\/2024\/42\">Aviso de Contrata\u00e7\u00e3o Direta e Resultado<\/a><\/strong><\/p>\n\n\n\n<hr class=\"wp-block-separator has-alpha-channel-opacity\" \/>\n\n\n\n<p><strong>Chamada P\u00fablica n\u00ba 1\/2024 \u2013 PNAE<\/strong><\/p>\n\n\n\n<p><strong>Objeto: <\/strong>Aquisi\u00e7\u00e3o de g\u00eaneros aliment\u00edcios da agricultura familiar para atendimento ao Programa Nacional de Alimenta\u00e7\u00e3o Escolar \u2013 PNAE.<\/p>\n\n\n\n<p><strong><a href=\"https:\/\/www.ifbaiano.edu.br\/unidades\/santaines\/files\/2024\/10\/Edital-CHAMADA-PUBLICA-No-01_2024-e-anexos.pdf\">Edital<\/a><\/strong><\/p>\n\n\n\n<p><strong><a href=\"https:\/\/www.ifbaiano.edu.br\/unidades\/santaines\/files\/2024\/12\/Ata-da-Chamada-Publica-1-2024-PNAE.pdf\">Ata da Sess\u00e3o P\u00fablica<\/a><\/strong><\/p>\n\n\n\n<hr class=\"wp-block-separator has-alpha-channel-opacity\" \/>\n\n\n\n<p><\/p>\n","protected":false},"excerpt":{"rendered":"<p>Dispensa Eletr\u00f4nica n\u00ba 90001\/2024 &#8211;&nbsp;Aquisi\u00e7\u00e3o de luvas descart\u00e1veis para atender a demanda do N\u00facleo de Nutri\u00e7\u00e3o e Sa\u00fade do Instituto Federal Baiano &#8211; Campus Santa In\u00eas. Aviso de Contrata\u00e7\u00e3o Direta e Resultado Chamada P\u00fablica n\u00ba 1\/2024 \u2013 PNAE Objeto: Aquisi\u00e7\u00e3o de g\u00eaneros aliment\u00edcios da agricultura familiar para atendimento ao Programa Nacional de Alimenta\u00e7\u00e3o Escolar \u2013 [&hellip;]<\/p>\n","protected":false},"author":86,"featured_media":0,"parent":0,"menu_order":0,"comment_status":"closed","ping_status":"closed","template":"","meta":[],"_links":{"self":[{"href":"https:\/\/www.ifbaiano.edu.br\/unidades\/santaines\/wp-json\/wp\/v2\/pages\/21032"}],"collection":[{"href":"https:\/\/www.ifbaiano.edu.br\/unidades\/santaines\/wp-json\/wp\/v2\/pages"}],"about":[{"href":"https:\/\/www.ifbaiano.edu.br\/unidades\/santaines\/wp-json\/wp\/v2\/types\/page"}],"author":[{"embeddable":true,"href":"https:\/\/www.ifbaiano.edu.br\/unidades\/santaines\/wp-json\/wp\/v2\/users\/86"}],"replies":[{"embeddable":true,"href":"https:\/\/www.ifbaiano.edu.br\/unidades\/santaines\/wp-json\/wp\/v2\/comments?post=21032"}],"version-history":[{"count":4,"href":"https:\/\/www.ifbaiano.edu.br\/unidades\/santaines\/wp-json\/wp\/v2\/pages\/21032\/revisions"}],"predecessor-version":[{"id":22874,"href":"https:\/\/www.ifbaiano.edu.br\/unidades\/santaines\/wp-json\/wp\/v2\/pages\/21032\/revisions\/22874"}],"wp:attachment":[{"href":"https:\/\/www.ifbaiano.edu.br\/unidades\/santaines\/wp-json\/wp\/v2\/media?parent=21032"}],"curies":[{"name":"wp","href":"https:\/\/api.w.org\/{rel}","templated":true}]}}