{"id":23,"date":"2011-05-18T18:47:43","date_gmt":"2011-05-18T18:47:43","guid":{"rendered":"http:\/\/localhost\/unidades\/bonfim\/?page_id=23"},"modified":"2026-03-19T08:49:55","modified_gmt":"2026-03-19T11:49:55","slug":"historico","status":"publish","type":"page","link":"https:\/\/www.ifbaiano.edu.br\/unidades\/santaines\/historico\/","title":{"rendered":"Conhe\u00e7a o IF Baiano &#8211; Campus Santa In\u00eas"},"content":{"rendered":"\n<p class=\"has-background has-medium-font-size\" style=\"background-color:#ebebeb;border-top:4px solid #36b139\"><strong>Quem Somos<\/strong><\/p>\n\n\n\n<p>O Campus Santa In\u00eas do Instituto Federal Baiano d\u00e1 continuidade \u00e0 trajet\u00f3ria da antiga Escola Agrot\u00e9cnica Federal de Santa In\u00eas, preservando sua identidade hist\u00f3rica e fortalecendo sua atua\u00e7\u00e3o no Vale do Jiquiri\u00e7\u00e1.<\/p>\n\n\n\n<p>Consolidado como refer\u00eancia regional, o campus oferece cursos, al\u00e9m de desenvolver atividades de pesquisa e extens\u00e3o voltadas \u00e0 valoriza\u00e7\u00e3o da cultura local e ao fortalecimento das potencialidades da regi\u00e3o.<\/p>\n\n\n\n<p>Sua atua\u00e7\u00e3o busca ampliar as oportunidades da popula\u00e7\u00e3o, contribuindo para uma forma\u00e7\u00e3o que favore\u00e7a a inser\u00e7\u00e3o qualificada nos contextos pol\u00edtico, econ\u00f4mico e social.<\/p>\n\n\n\n<hr class=\"wp-block-separator has-alpha-channel-opacity\" \/>\n\n\n\n<p class=\"has-background has-medium-font-size\" style=\"background-color:#ebebeb;border-top:4px solid #36b139\"><strong>Nossa Miss\u00e3o<\/strong><\/p>\n\n\n\n<p>Oferecer educa\u00e7\u00e3o profissional, cient\u00edfica e tecnol\u00f3gica p\u00fablica, gratuita e de excel\u00eancia, em diferentes n\u00edveis e modalidades, promovendo o desenvolvimento humano, social, econ\u00f4mico, cultural, tecnol\u00f3gico e cient\u00edfico em diversas regi\u00f5es da Bahia e do Brasil.<br><em>(Plano de Desenvolvimento Institucional \u2013 PDI 2021\u20132025)<\/em><\/p>\n\n\n\n<hr class=\"wp-block-separator has-alpha-channel-opacity\" \/>\n\n\n\n<p class=\"has-background has-medium-font-size\" style=\"background-color:#ebebeb;border-top:4px solid #36b139\"><strong>Saiba mais sobre o nosso Campus<\/strong><\/p>\n\n\n\n<h4 class=\"wp-block-heading\"><strong>&nbsp;Clique em cada \u00cdcone abaixo:<\/strong><\/h4>\n\n\n\n<figure class=\"wp-block-table\"><table><tbody><tr><td><a href=\"http:\/\/www.ifbaiano.edu.br\/unidades\/santaines\/funcionamento-horarios\/\" target=\"_blank\" rel=\"noopener\"><img decoding=\"async\" loading=\"lazy\" class=\"aligncenter wp-image-8416\" src=\"http:\/\/www.ifbaiano.edu.br\/unidades\/santaines\/files\/2011\/05\/Funcionamento-2.png\" alt=\"Funcionamento\" width=\"100\" height=\"91\"><\/a><\/td><td><a href=\"http:\/\/www.ifbaiano.edu.br\/unidades\/santaines\/infraestrutura\/\" target=\"_blank\" rel=\"noreferrer noopener\"><img decoding=\"async\" loading=\"lazy\" width=\"93\" height=\"97\" class=\"aligncenter wp-image-8269\" src=\"http:\/\/www.ifbaiano.edu.br\/unidades\/santaines\/files\/2011\/05\/Infraestrutura.png\" alt=\"Infraestrutura\"><\/a><\/td><td><a href=\"http:\/\/www.ifbaiano.edu.br\/unidades\/santaines\/como-chegar\/\" target=\"_blank\" rel=\"noopener\"><img decoding=\"async\" loading=\"lazy\" class=\"aligncenter wp-image-8270\" src=\"http:\/\/www.ifbaiano.edu.br\/unidades\/santaines\/files\/2011\/05\/localiza\u00e7\u00e3o.png\" alt=\"localiza\u00e7\u00e3o\" width=\"95\" height=\"103\"><\/a><\/td><td><a href=\"http:\/\/www.ifbaiano.edu.br\/unidades\/santaines\/historico-2\/\" target=\"_blank\" rel=\"noopener\"><img decoding=\"async\" loading=\"lazy\" class=\"aligncenter wp-image-8415\" src=\"http:\/\/www.ifbaiano.edu.br\/unidades\/santaines\/files\/2011\/05\/hist\u00f3rico-2.png\" alt=\"hist\u00f3rico\" width=\"96\" height=\"99\"><\/a><\/td><td>&nbsp;<\/td><\/tr><tr><td>&nbsp;<\/td><td>&nbsp;<\/td><td>&nbsp;<\/td><td>&nbsp;<\/td><td>&nbsp;<\/td><\/tr><\/tbody><\/table><\/figure>\n\n\n\n<hr class=\"wp-block-separator has-alpha-channel-opacity\" \/>\n","protected":false},"excerpt":{"rendered":"<p>Quem Somos O Campus Santa In\u00eas do Instituto Federal Baiano d\u00e1 continuidade \u00e0 trajet\u00f3ria da antiga Escola Agrot\u00e9cnica Federal de Santa In\u00eas, preservando sua identidade hist\u00f3rica e fortalecendo sua atua\u00e7\u00e3o no Vale do Jiquiri\u00e7\u00e1. Consolidado como refer\u00eancia regional, o campus oferece cursos, al\u00e9m de desenvolver atividades de pesquisa e extens\u00e3o voltadas \u00e0 valoriza\u00e7\u00e3o da cultura [&hellip;]<\/p>\n","protected":false},"author":1,"featured_media":0,"parent":0,"menu_order":0,"comment_status":"closed","ping_status":"closed","template":"","meta":[],"_links":{"self":[{"href":"https:\/\/www.ifbaiano.edu.br\/unidades\/santaines\/wp-json\/wp\/v2\/pages\/23"}],"collection":[{"href":"https:\/\/www.ifbaiano.edu.br\/unidades\/santaines\/wp-json\/wp\/v2\/pages"}],"about":[{"href":"https:\/\/www.ifbaiano.edu.br\/unidades\/santaines\/wp-json\/wp\/v2\/types\/page"}],"author":[{"embeddable":true,"href":"https:\/\/www.ifbaiano.edu.br\/unidades\/santaines\/wp-json\/wp\/v2\/users\/1"}],"replies":[{"embeddable":true,"href":"https:\/\/www.ifbaiano.edu.br\/unidades\/santaines\/wp-json\/wp\/v2\/comments?post=23"}],"version-history":[{"count":49,"href":"https:\/\/www.ifbaiano.edu.br\/unidades\/santaines\/wp-json\/wp\/v2\/pages\/23\/revisions"}],"predecessor-version":[{"id":27302,"href":"https:\/\/www.ifbaiano.edu.br\/unidades\/santaines\/wp-json\/wp\/v2\/pages\/23\/revisions\/27302"}],"wp:attachment":[{"href":"https:\/\/www.ifbaiano.edu.br\/unidades\/santaines\/wp-json\/wp\/v2\/media?parent=23"}],"curies":[{"name":"wp","href":"https:\/\/api.w.org\/{rel}","templated":true}]}}