{"id":23071,"date":"2025-02-03T16:29:01","date_gmt":"2025-02-03T19:29:01","guid":{"rendered":"https:\/\/www.ifbaiano.edu.br\/unidades\/santaines\/?page_id=23071"},"modified":"2025-12-16T18:25:50","modified_gmt":"2025-12-16T21:25:50","slug":"modalidade-pregao-eletronico-2025","status":"publish","type":"page","link":"https:\/\/www.ifbaiano.edu.br\/unidades\/santaines\/modalidade-pregao-eletronico-2025\/","title":{"rendered":"Modalidade \u2013 Preg\u00e3o Eletr\u00f4nico 2025"},"content":{"rendered":"\n<p><strong>Preg\u00e3o 90001\/2025 &#8211;&nbsp;<\/strong>Registro de Pre\u00e7os para eventual aquisi\u00e7\u00e3o de g\u00e1s liquefeito de petr\u00f3leo (GLP) envasado em botij\u00f5es de 13 Kg (P13) e cilindros de 45 Kg (P45), a base de troca, para atender a demanda do IF Baiano &#8211; Campus Santa In\u00eas.<\/p>\n\n\n\n<p><strong><a href=\"https:\/\/pncp.gov.br\/app\/editais\/10724903000179\/2025\/18\">Edital e Resultado<\/a><\/strong><\/p>\n\n\n\n<p><a href=\"https:\/\/pncp.gov.br\/app\/atas\/10724903000179\/2024\/276\/1\"><strong>Ata de Registro de Pre\u00e7os n\u00ba 01\/2025<\/strong><\/a><\/p>\n\n\n\n<hr class=\"wp-block-separator has-alpha-channel-opacity\" \/>\n\n\n\n<p><strong>Preg\u00e3o 90002\/2025 &#8211;&nbsp;<\/strong>Registro de pre\u00e7os para eventual aquisi\u00e7\u00e3o de materiais el\u00e9tricos e ferramentas para atender a demanda do Instituto Federal Baiano &#8211; Campus Santa In\u00eas.<\/p>\n\n\n\n<p><strong><a href=\"https:\/\/pncp.gov.br\/app\/editais\/10724903000179\/2025\/34\">Edital e Resultado<\/a><\/strong> <\/p>\n\n\n\n<hr class=\"wp-block-separator has-alpha-channel-opacity\" \/>\n\n\n\n<p><strong>Preg\u00e3o 90003\/2025 &#8211;&nbsp;<\/strong>Contrata\u00e7\u00e3o de servi\u00e7os cont\u00ednuos de apoio administrativo, a serem executados com regime de dedica\u00e7\u00e3o exclusiva de m\u00e3o de obra, para atender a demanda do IF Baiano &#8211; Campus Santa In\u00eas.<\/p>\n\n\n\n<p><strong><a href=\"https:\/\/pncp.gov.br\/app\/editais\/10724903000179\/2025\/26\">Edital e Resultado<\/a><\/strong><\/p>\n\n\n\n<p><a href=\"https:\/\/pncp.gov.br\/app\/contratos\/10724903000179\/2025\/000111\">Contrato 02\/2025&nbsp; &#8211; Freedom Solu\u00e7\u00f5es em Servi\u00e7os LTDA<\/a><\/p>\n\n\n\n<hr class=\"wp-block-separator has-alpha-channel-opacity\" \/>\n\n\n\n<p><strong>Preg\u00e3o 90004\/2025 &#8211;&nbsp;<\/strong>Registro de pre\u00e7os para eventual aquisi\u00e7\u00e3o de materiais hidr\u00e1ulicos para atender a demanda do Instituto Federal Baiano &#8211; Campus Santa In\u00eas.<\/p>\n\n\n\n<p><strong><a href=\"https:\/\/pncp.gov.br\/app\/editais\/10724903000179\/2025\/65\">Edital e Resultado<\/a><\/strong><\/p>\n\n\n\n<hr class=\"wp-block-separator has-alpha-channel-opacity\" \/>\n\n\n\n<p><strong>Preg\u00e3o 90005\/2025 &#8211;&nbsp;<\/strong>Registro de pre\u00e7os para eventual aquisi\u00e7\u00e3o de reagentes e insumos para a realiza\u00e7\u00e3o de aulas e atividades pr\u00e1ticas nos laborat\u00f3rios do IF Baiano &#8211; Campus Santa In\u00eas.<\/p>\n\n\n\n<p><strong><a href=\"https:\/\/pncp.gov.br\/app\/editais\/10724903000179\/2025\/77\">Edital e Resultado<\/a><\/strong><\/p>\n\n\n\n<hr class=\"wp-block-separator has-alpha-channel-opacity\" \/>\n\n\n\n<p><strong>Preg\u00e3o 90006\/2025 &#8211;&nbsp;<\/strong>Registro de Pre\u00e7os para eventual aquisi\u00e7\u00e3o de g\u00eaneros aliment\u00edcios (prote\u00ednas) para atender a demanda do refeit\u00f3rio o IF Baiano &#8211; Campus Santa In\u00eas.<\/p>\n\n\n\n<p><strong><a href=\"https:\/\/pncp.gov.br\/app\/editais\/10724903000179\/2025\/79\">Edital e Resultado<\/a><\/strong><\/p>\n\n\n\n<p><a href=\"https:\/\/pncp.gov.br\/app\/atas\/10724903000179\/2025\/79\/1\">Ata 18\/2025 &#8211;&nbsp;Bahia Cestas<\/a>&nbsp;<\/p>\n\n\n\n<p><a href=\"https:\/\/pncp.gov.br\/app\/atas\/10724903000179\/2025\/79\/2\">Ata 19\/2025 &#8211; MVR Novidades<\/a><\/p>\n\n\n\n<hr class=\"wp-block-separator has-alpha-channel-opacity\" \/>\n\n\n\n<p><strong>Preg\u00e3o 90007\/2025 &#8211;&nbsp;<\/strong>Registro de pre\u00e7os para eventual aquisi\u00e7\u00e3o de utens\u00edlios de cozinha para atender as demandas do N\u00facleo de Nutri\u00e7\u00e3o e Sa\u00fade, do Curso T\u00e9cnico em Alimentos e dos cursos FIC do Instituto Federal Baiano &#8211; Campus Santa In\u00eas.<\/p>\n\n\n\n<p><strong><a href=\"https:\/\/pncp.gov.br\/app\/editais\/10724903000179\/2025\/180\">Edital e Resultado<\/a><\/strong><\/p>\n\n\n\n<hr class=\"wp-block-separator has-alpha-channel-opacity\" \/>\n\n\n\n<p><strong>Preg\u00e3o 90008\/2025 &#8211;&nbsp;<\/strong>Registro de pre\u00e7os para eventual aquisi\u00e7\u00e3o de caf\u00e9 e a\u00e7\u00facar para atender a demanda do N\u00facleo de Nutri\u00e7\u00e3o e Sa\u00fade do Instituto Federal Baiano &#8211; Campus Santa In\u00eas.<\/p>\n\n\n\n<p><strong><a href=\"https:\/\/pncp.gov.br\/app\/editais\/10724903000179\/2025\/158\">Edital e Resultado<\/a><\/strong><\/p>\n\n\n\n<hr class=\"wp-block-separator has-alpha-channel-opacity\" \/>\n\n\n\n<p><strong>Preg\u00e3o 90009\/2025 &#8211;&nbsp;<\/strong>Registro de Pre\u00e7os para eventual aquisi\u00e7\u00e3o e g\u00eaneros aliment\u00edcios para atender a demanda do refeit\u00f3rio do IF Baiano &#8211; Campus Santa In\u00eas.<\/p>\n\n\n\n<p><strong><a href=\"https:\/\/pncp.gov.br\/app\/editais\/10724903000179\/2025\/172\">Edital e Resultado<\/a><\/strong><\/p>\n\n\n\n<hr class=\"wp-block-separator has-alpha-channel-opacity\" \/>\n\n\n\n<p><strong>Preg\u00e3o 90010\/2025 &#8211;&nbsp;<\/strong>Registro de pre\u00e7os para eventual aquisi\u00e7\u00e3o de materiais de consumo para atender a demanda do Setor de Almoxarifado do Instituto Federal Baiano &#8211; Campus Santa In\u00eas.<\/p>\n\n\n\n<p><strong><a href=\"https:\/\/pncp.gov.br\/app\/editais\/10724903000179\/2025\/166\">Edital e Resultado<\/a><\/strong><\/p>\n\n\n\n<hr class=\"wp-block-separator has-alpha-channel-opacity\" \/>\n\n\n\n<p><strong>Preg\u00e3o 90011\/2025 &#8211;&nbsp;<\/strong>Registro de Pre\u00e7os para eventual aquisi\u00e7\u00e3o de materiais para suprimento da enfermaria e do consult\u00f3rio odontol\u00f3gico do IF Baiano &#8211; Campus Santa In\u00eas.<\/p>\n\n\n\n<p><strong><a href=\"https:\/\/pncp.gov.br\/app\/editais\/10724903000179\/2025\/279\">Edital e Resultado<\/a><\/strong><\/p>\n\n\n\n<hr class=\"wp-block-separator has-alpha-channel-opacity\" \/>\n\n\n\n<p><strong>Preg\u00e3o 90012\/2025 &#8211;&nbsp;<\/strong>Registro de pre\u00e7os para eventual aquisi\u00e7\u00e3o de materiais de constru\u00e7\u00e3o para atender a demanda do Instituto Federal Baiano &#8211; Campus Santa In\u00eas.<\/p>\n\n\n\n<p><strong><a href=\"https:\/\/pncp.gov.br\/app\/editais\/10724903000179\/2025\/000298\">Edital e Resultado<\/a><\/strong><\/p>\n\n\n\n<hr class=\"wp-block-separator has-alpha-channel-opacity\" \/>\n\n\n\n<p><strong>Preg\u00e3o 90013\/2025 &#8211;&nbsp;<\/strong>Registro de pre\u00e7os para eventual aquisi\u00e7\u00e3o de ra\u00e7\u00e3o, suplementos, feno e insumos para atender a demanda de alimenta\u00e7\u00e3o animal do Instituto Federal Baiano &#8211; Campus Santa In\u00eas.<\/p>\n\n\n\n<p><strong><a href=\"https:\/\/pncp.gov.br\/app\/editais\/10724903000179\/2025\/000350\">Edital e Resultado<\/a><\/strong><\/p>\n\n\n\n<hr class=\"wp-block-separator has-alpha-channel-opacity\" \/>\n","protected":false},"excerpt":{"rendered":"<p>Preg\u00e3o 90001\/2025 &#8211;&nbsp;Registro de Pre\u00e7os para eventual aquisi\u00e7\u00e3o de g\u00e1s liquefeito de petr\u00f3leo (GLP) envasado em botij\u00f5es de 13 Kg (P13) e cilindros de 45 Kg (P45), a base de troca, para atender a demanda do IF Baiano &#8211; Campus Santa In\u00eas. Edital e Resultado Ata de Registro de Pre\u00e7os n\u00ba 01\/2025 Preg\u00e3o 90002\/2025 &#8211;&nbsp;Registro [&hellip;]<\/p>\n","protected":false},"author":86,"featured_media":0,"parent":0,"menu_order":0,"comment_status":"closed","ping_status":"closed","template":"","meta":[],"_links":{"self":[{"href":"https:\/\/www.ifbaiano.edu.br\/unidades\/santaines\/wp-json\/wp\/v2\/pages\/23071"}],"collection":[{"href":"https:\/\/www.ifbaiano.edu.br\/unidades\/santaines\/wp-json\/wp\/v2\/pages"}],"about":[{"href":"https:\/\/www.ifbaiano.edu.br\/unidades\/santaines\/wp-json\/wp\/v2\/types\/page"}],"author":[{"embeddable":true,"href":"https:\/\/www.ifbaiano.edu.br\/unidades\/santaines\/wp-json\/wp\/v2\/users\/86"}],"replies":[{"embeddable":true,"href":"https:\/\/www.ifbaiano.edu.br\/unidades\/santaines\/wp-json\/wp\/v2\/comments?post=23071"}],"version-history":[{"count":15,"href":"https:\/\/www.ifbaiano.edu.br\/unidades\/santaines\/wp-json\/wp\/v2\/pages\/23071\/revisions"}],"predecessor-version":[{"id":26664,"href":"https:\/\/www.ifbaiano.edu.br\/unidades\/santaines\/wp-json\/wp\/v2\/pages\/23071\/revisions\/26664"}],"wp:attachment":[{"href":"https:\/\/www.ifbaiano.edu.br\/unidades\/santaines\/wp-json\/wp\/v2\/media?parent=23071"}],"curies":[{"name":"wp","href":"https:\/\/api.w.org\/{rel}","templated":true}]}}