{"id":23545,"date":"2025-04-03T14:15:50","date_gmt":"2025-04-03T17:15:50","guid":{"rendered":"https:\/\/www.ifbaiano.edu.br\/unidades\/santaines\/?page_id=23545"},"modified":"2025-04-03T14:15:51","modified_gmt":"2025-04-03T17:15:51","slug":"modalidade-inexigibilidade-2025","status":"publish","type":"page","link":"https:\/\/www.ifbaiano.edu.br\/unidades\/santaines\/modalidade-inexigibilidade-2025\/","title":{"rendered":"Modalidade &#8211; Inexigibilidade 2025"},"content":{"rendered":"\n<p><strong>Inexigibilidade\u00a01\/2025\u00a0&#8211;\u00a0<\/strong>Contrata\u00e7\u00e3o de empresa para realiza\u00e7\u00e3o da palestra musicalizada com o tema: &#8220;O aux\u00edlio da m\u00fasica como ferramenta para o autocuidado no cotidiano&#8221; a ser realizada na Jornada Pedag\u00f3gica 2025 do Instituto Federal Baiano &#8211; Campus Santa In\u00eas.<\/p>\n\n\n\n<p><a href=\"https:\/\/pncp.gov.br\/app\/editais\/10724903000179\/2025\/63\">Resultado<\/a><\/p>\n\n\n\n<hr class=\"wp-block-separator has-alpha-channel-opacity\" \/>\n","protected":false},"excerpt":{"rendered":"<p>Inexigibilidade\u00a01\/2025\u00a0&#8211;\u00a0Contrata\u00e7\u00e3o de empresa para realiza\u00e7\u00e3o da palestra musicalizada com o tema: &#8220;O aux\u00edlio da m\u00fasica como ferramenta para o autocuidado no cotidiano&#8221; a ser realizada na Jornada Pedag\u00f3gica 2025 do Instituto Federal Baiano &#8211; Campus Santa In\u00eas. Resultado<\/p>\n","protected":false},"author":86,"featured_media":0,"parent":0,"menu_order":0,"comment_status":"closed","ping_status":"closed","template":"","meta":[],"_links":{"self":[{"href":"https:\/\/www.ifbaiano.edu.br\/unidades\/santaines\/wp-json\/wp\/v2\/pages\/23545"}],"collection":[{"href":"https:\/\/www.ifbaiano.edu.br\/unidades\/santaines\/wp-json\/wp\/v2\/pages"}],"about":[{"href":"https:\/\/www.ifbaiano.edu.br\/unidades\/santaines\/wp-json\/wp\/v2\/types\/page"}],"author":[{"embeddable":true,"href":"https:\/\/www.ifbaiano.edu.br\/unidades\/santaines\/wp-json\/wp\/v2\/users\/86"}],"replies":[{"embeddable":true,"href":"https:\/\/www.ifbaiano.edu.br\/unidades\/santaines\/wp-json\/wp\/v2\/comments?post=23545"}],"version-history":[{"count":1,"href":"https:\/\/www.ifbaiano.edu.br\/unidades\/santaines\/wp-json\/wp\/v2\/pages\/23545\/revisions"}],"predecessor-version":[{"id":23547,"href":"https:\/\/www.ifbaiano.edu.br\/unidades\/santaines\/wp-json\/wp\/v2\/pages\/23545\/revisions\/23547"}],"wp:attachment":[{"href":"https:\/\/www.ifbaiano.edu.br\/unidades\/santaines\/wp-json\/wp\/v2\/media?parent=23545"}],"curies":[{"name":"wp","href":"https:\/\/api.w.org\/{rel}","templated":true}]}}