{"id":24619,"date":"2025-07-24T07:20:13","date_gmt":"2025-07-24T10:20:13","guid":{"rendered":"https:\/\/www.ifbaiano.edu.br\/unidades\/santaines\/?page_id=24619"},"modified":"2025-07-24T07:20:13","modified_gmt":"2025-07-24T10:20:13","slug":"gremio-estudantil-carlos-lamarca","status":"publish","type":"page","link":"https:\/\/www.ifbaiano.edu.br\/unidades\/santaines\/gremio-estudantil-carlos-lamarca\/","title":{"rendered":"Gr\u00eamio Estudantil Carlos Lamarca"},"content":{"rendered":"\n<p>Bem-vindos \u00e0 p\u00e1gina do nosso Gr\u00eamio Estudantil Carlos Lamarca!<\/p>\n\n\n\n<p>Este \u00e9 o espa\u00e7o dedicado \u00e0 transpar\u00eancia e comunica\u00e7\u00e3o da nossa entidade, a organiza\u00e7\u00e3o que representa a voz de todos os estudantes. O Gr\u00eamio Estudantil Carlos Lamarca \u00e9 a entidade m\u00e1xima de representa\u00e7\u00e3o dos estudantes devidamente matriculados nos Cursos T\u00e9cnicos do IF Baiano &#8211; Campus Santa In\u00eas. \u00c9 uma institui\u00e7\u00e3o formada e gerida por n\u00f3s, alunos, com o objetivo de defender nossos interesses, promover a integra\u00e7\u00e3o e garantir um ambiente escolar mais democr\u00e1tico e participativo. <\/p>\n\n\n\n<p>Aqui, voc\u00ea encontrar\u00e1 todos os documentos importantes que norteiam nossas atividades, como atas de reuni\u00f5es, estatutos e presta\u00e7\u00f5es de contas, refletindo nosso compromisso com uma gest\u00e3o aberta e colaborativa. Explore, informe-se e participe!<\/p>\n\n\n\n<hr class=\"wp-block-separator has-alpha-channel-opacity\" \/>\n\n\n\n<ul>\n<li><a href=\"https:\/\/www.planalto.gov.br\/ccivil_03\/Leis\/L7398.htm\">Lei do Gr\u00eamio Estudantil n\u00ba. 7.398\/85<\/a><\/li>\n\n\n\n<li><a href=\"https:\/\/www.ifbaiano.edu.br\/unidades\/santaines\/files\/2024\/12\/Estatuto-do-Gremio-Estudantil-Carlos-Lamarca.pdf\">Estatuto do Gr\u00eamio Estudantil Carlos Lamarca<\/a><\/li>\n<\/ul>\n","protected":false},"excerpt":{"rendered":"<p>Bem-vindos \u00e0 p\u00e1gina do nosso Gr\u00eamio Estudantil Carlos Lamarca! Este \u00e9 o espa\u00e7o dedicado \u00e0 transpar\u00eancia e comunica\u00e7\u00e3o da nossa entidade, a organiza\u00e7\u00e3o que representa a voz de todos os estudantes. O Gr\u00eamio Estudantil Carlos Lamarca \u00e9 a entidade m\u00e1xima de representa\u00e7\u00e3o dos estudantes devidamente matriculados nos Cursos T\u00e9cnicos do IF Baiano &#8211; Campus Santa [&hellip;]<\/p>\n","protected":false},"author":86,"featured_media":0,"parent":0,"menu_order":0,"comment_status":"closed","ping_status":"closed","template":"","meta":[],"_links":{"self":[{"href":"https:\/\/www.ifbaiano.edu.br\/unidades\/santaines\/wp-json\/wp\/v2\/pages\/24619"}],"collection":[{"href":"https:\/\/www.ifbaiano.edu.br\/unidades\/santaines\/wp-json\/wp\/v2\/pages"}],"about":[{"href":"https:\/\/www.ifbaiano.edu.br\/unidades\/santaines\/wp-json\/wp\/v2\/types\/page"}],"author":[{"embeddable":true,"href":"https:\/\/www.ifbaiano.edu.br\/unidades\/santaines\/wp-json\/wp\/v2\/users\/86"}],"replies":[{"embeddable":true,"href":"https:\/\/www.ifbaiano.edu.br\/unidades\/santaines\/wp-json\/wp\/v2\/comments?post=24619"}],"version-history":[{"count":2,"href":"https:\/\/www.ifbaiano.edu.br\/unidades\/santaines\/wp-json\/wp\/v2\/pages\/24619\/revisions"}],"predecessor-version":[{"id":24658,"href":"https:\/\/www.ifbaiano.edu.br\/unidades\/santaines\/wp-json\/wp\/v2\/pages\/24619\/revisions\/24658"}],"wp:attachment":[{"href":"https:\/\/www.ifbaiano.edu.br\/unidades\/santaines\/wp-json\/wp\/v2\/media?parent=24619"}],"curies":[{"name":"wp","href":"https:\/\/api.w.org\/{rel}","templated":true}]}}