{"id":24621,"date":"2025-07-23T16:33:01","date_gmt":"2025-07-23T19:33:01","guid":{"rendered":"https:\/\/www.ifbaiano.edu.br\/unidades\/santaines\/?page_id=24621"},"modified":"2025-07-23T17:07:54","modified_gmt":"2025-07-23T20:07:54","slug":"comite-de-avaliacao-e-cadastro-de-projetos-cacp","status":"publish","type":"page","link":"https:\/\/www.ifbaiano.edu.br\/unidades\/santaines\/comite-de-avaliacao-e-cadastro-de-projetos-cacp\/","title":{"rendered":"Comit\u00ea de Avalia\u00e7\u00e3o e Cadastro de Projetos"},"content":{"rendered":"\n<p>O Comit\u00ea de Avalia\u00e7\u00e3o e Cadastro de Projetos (CACP) do Instituto Federal Baiano \u2013 Campus Santa In\u00eas \u00e9 um \u00f3rg\u00e3o colegiado de car\u00e1ter consultivo e deliberativo, respons\u00e1vel pelo recebimento, an\u00e1lise e cadastro de projetos desenvolvidos nas \u00e1reas de ensino, pesquisa e extens\u00e3o. Sua atua\u00e7\u00e3o \u00e9 pautada nas diretrizes e normativas estabelecidas pelas respectivas Pr\u00f3-Reitorias do IF Baiano, assegurando que as propostas estejam alinhadas com os objetivos institucionais e com os princ\u00edpios da indissociabilidade entre ensino, pesquisa e extens\u00e3o.<\/p>\n\n\n\n<p>O CACP tem como finalidade garantir a regularidade dos projetos no \u00e2mbito institucional, promovendo maior organiza\u00e7\u00e3o, transpar\u00eancia e acompanhamento das a\u00e7\u00f5es acad\u00eamicas e comunit\u00e1rias realizadas no campus.<\/p>\n\n\n\n<p>Atualmente, o Comit\u00ea \u00e9 composto pelos(as) servidores(as) designados(as) pela <a href=\"https:\/\/www.ifbaiano.edu.br\/unidades\/santaines\/files\/2025\/04\/BSI-MARCO-2025.pdf\">Portaria n\u00ba 22\/2025, publicada no Boletim de Servi\u00e7o Interno(BSI) de mar\u00e7o de 2025<\/a>, p\u00e1gina 15.<\/p>\n\n\n\n<p>Entenda como funciona o processo de avalia\u00e7\u00e3o de projetos pelo Comit\u00ea:<\/p>\n\n\n\n<figure class=\"wp-block-image size-large is-resized\"><a href=\"https:\/\/www.ifbaiano.edu.br\/unidades\/santaines\/files\/2025\/07\/0684-Fluxograma-CACP.webp\"><img decoding=\"async\" loading=\"lazy\" src=\"https:\/\/www.ifbaiano.edu.br\/unidades\/santaines\/files\/2025\/07\/0684-Fluxograma-CACP-1024x382.webp\" alt=\"\" class=\"wp-image-24645\" width=\"946\" height=\"352\" srcset=\"https:\/\/www.ifbaiano.edu.br\/unidades\/santaines\/files\/2025\/07\/0684-Fluxograma-CACP-1024x382.webp 1024w, https:\/\/www.ifbaiano.edu.br\/unidades\/santaines\/files\/2025\/07\/0684-Fluxograma-CACP-300x112.webp 300w, https:\/\/www.ifbaiano.edu.br\/unidades\/santaines\/files\/2025\/07\/0684-Fluxograma-CACP-768x286.webp 768w, https:\/\/www.ifbaiano.edu.br\/unidades\/santaines\/files\/2025\/07\/0684-Fluxograma-CACP-100x37.webp 100w, https:\/\/www.ifbaiano.edu.br\/unidades\/santaines\/files\/2025\/07\/0684-Fluxograma-CACP.webp 1280w\" sizes=\"(max-width: 946px) 100vw, 946px\" \/><\/a><\/figure>\n\n\n\n<hr class=\"wp-block-separator has-alpha-channel-opacity\" \/>\n\n\n\n<h2 class=\"wp-block-heading\">Documentos:<\/h2>\n\n\n\n<ul>\n<li><a href=\"https:\/\/www.ifbaiano.edu.br\/unidades\/santaines\/files\/2025\/07\/Regimento-Interno-do-Comite-de-Cadastro-de-Projetos.pdf\">Regimento Interno do Comit\u00ea de Cadastro de Projetos<\/a> <\/li>\n\n\n\n<li><a href=\"https:\/\/www.ifbaiano.edu.br\/unidades\/santaines\/files\/2025\/07\/Fluxograma-Avaliacao-de-Projetos.pdf\">Fluxo para submiss\u00e3o de Projetos<\/a> (PDF)<\/li>\n\n\n\n<li><a href=\"https:\/\/www.ifbaiano.edu.br\/unidades\/santaines\/files\/2025\/07\/FORMULARIO-DE-CADASTRO-DE-PROJETOS_CSI-.pdf\">Formul\u00e1rio de Cadastro de Projetos<\/a><\/li>\n<\/ul>\n","protected":false},"excerpt":{"rendered":"<p>O Comit\u00ea de Avalia\u00e7\u00e3o e Cadastro de Projetos (CACP) do Instituto Federal Baiano \u2013 Campus Santa In\u00eas \u00e9 um \u00f3rg\u00e3o colegiado de car\u00e1ter consultivo e deliberativo, respons\u00e1vel pelo recebimento, an\u00e1lise e cadastro de projetos desenvolvidos nas \u00e1reas de ensino, pesquisa e extens\u00e3o. Sua atua\u00e7\u00e3o \u00e9 pautada nas diretrizes e normativas estabelecidas pelas respectivas Pr\u00f3-Reitorias do [&hellip;]<\/p>\n","protected":false},"author":86,"featured_media":0,"parent":0,"menu_order":0,"comment_status":"closed","ping_status":"closed","template":"","meta":[],"_links":{"self":[{"href":"https:\/\/www.ifbaiano.edu.br\/unidades\/santaines\/wp-json\/wp\/v2\/pages\/24621"}],"collection":[{"href":"https:\/\/www.ifbaiano.edu.br\/unidades\/santaines\/wp-json\/wp\/v2\/pages"}],"about":[{"href":"https:\/\/www.ifbaiano.edu.br\/unidades\/santaines\/wp-json\/wp\/v2\/types\/page"}],"author":[{"embeddable":true,"href":"https:\/\/www.ifbaiano.edu.br\/unidades\/santaines\/wp-json\/wp\/v2\/users\/86"}],"replies":[{"embeddable":true,"href":"https:\/\/www.ifbaiano.edu.br\/unidades\/santaines\/wp-json\/wp\/v2\/comments?post=24621"}],"version-history":[{"count":8,"href":"https:\/\/www.ifbaiano.edu.br\/unidades\/santaines\/wp-json\/wp\/v2\/pages\/24621\/revisions"}],"predecessor-version":[{"id":24653,"href":"https:\/\/www.ifbaiano.edu.br\/unidades\/santaines\/wp-json\/wp\/v2\/pages\/24621\/revisions\/24653"}],"wp:attachment":[{"href":"https:\/\/www.ifbaiano.edu.br\/unidades\/santaines\/wp-json\/wp\/v2\/media?parent=24621"}],"curies":[{"name":"wp","href":"https:\/\/api.w.org\/{rel}","templated":true}]}}